{"id":7795,"date":"2021-06-08T11:04:23","date_gmt":"2021-06-08T14:04:23","guid":{"rendered":"https:\/\/www.infraestruturameioambiente.sp.gov.br\/pgibt\/?page_id=7795"},"modified":"2021-06-08T11:09:13","modified_gmt":"2021-06-08T14:09:13","slug":"isabela-pedroni-amorim-ms","status":"publish","type":"page","link":"https:\/\/www.infraestruturameioambiente.sp.gov.br\/pgibt\/dissertacoesteses\/isabela-pedroni-amorim-ms\/","title":{"rendered":"Isabela Pedroni Amorim MS"},"content":{"rendered":"<h2 style=\"text-align: center\"><a href=\"https:\/\/www.infraestruturameioambiente.sp.gov.br\/pgibt\/\" target=\"_blank\" rel=\"noopener noreferrer\"><img decoding=\"async\" loading=\"lazy\" class=\"aligncenter wp-image-3777 size-full\" style=\"border: 0px\" src=\"https:\/\/smastr16.blob.core.windows.net\/pgibt\/2015\/02\/faixapos6.jpg\" alt=\"faixapos6\" width=\"950\" height=\"163\" srcset=\"https:\/\/smastr16.blob.core.windows.net\/pgibt\/2015\/02\/faixapos6.jpg 950w, https:\/\/smastr16.blob.core.windows.net\/pgibt\/2015\/02\/faixapos6-768x131.jpg 768w\" sizes=\"(max-width: 950px) 100vw, 950px\" \/><\/a><\/h2>\n<hr align=\"center\" noshade=\"noshade\" size=\"1\" width=\"100%\" \/>\n<h2 style=\"text-align: center\">Isabela Pedroni Amorim<\/h2>\n<hr align=\"center\" noshade=\"noshade\" size=\"1\" width=\"100%\" \/>\n<p style=\"text-align: center\">Em 25 de maio de 2020, Isabela Pedroni Amorim, aluna de mestrado do programa de P\u00f3s-Gradua\u00e7\u00e3o em Biodiversidade Vegetal e Meio Ambiente do Instituto de Bot\u00e2nica,\u00a0bolsista CAPES, defendeu sua tese de mestrado intitulada<\/p>\n<p style=\"text-align: center\">\u201cPotencial das esp\u00e9cies reativas de oxig\u00eanio em induzir ra\u00edzes nas sementes fracionadas de <em>Eugenia<\/em> spp. (Myrtaceae)\u201d<\/p>\n<p style=\"text-align: center\">A banca examinadora foi presidida pelo seu orientador, Dr. Claudio Jos\u00e9 Barbedo (N\u00facleo de Pesquisa em Sementes \u2013 IBt\/SP) e composta pela<\/p>\n<p style=\"text-align: center\">Dra. Talita Silveira Amador (Faculdade de Agronomia e Engenharia Florestal de Gar\u00e7a) e pelo Dr. Edmir Vicente Lamarca (Universidade Ibirapuera).<\/p>\n<p style=\"text-align: center\">Tendo em vista a capacidade regenerativa das sementes do g\u00eanero <em>Eugenia <\/em>L. (Myrtaceae) e a falta de estudos acerca dos mecanismos respons\u00e1veis por induzir e inibir a forma\u00e7\u00e3o de ra\u00edzes nestas sementes quando fracionadas, o projeto desenvolvido teve como objetivo analisar a capacidade regenerativa de sementes de <em>E. involucrata<\/em>,<\/p>\n<ol>\n<li style=\"text-align: center\"><em> uniflora <\/em>e <em>E. brasiliensis<\/em> quando submetidas a incuba\u00e7\u00f5es em metil violog\u00eanio (um composto indutor de esp\u00e9cies reativas de oxig\u00eanio, EROs), e incuba\u00e7\u00f5es em n-acetil-l-ciste\u00edna (um antioxidante), procurando testar a hip\u00f3tese de que as EROs est\u00e3o relacionadas com a indu\u00e7\u00e3o da forma\u00e7\u00e3o de novas ra\u00edzes nestas sementes.<\/li>\n<\/ol>\n<hr align=\"center\" noshade=\"noshade\" size=\"1\" width=\"100%\" \/>\n<h3 style=\"text-align: center\">Potencial das esp\u00e9cies reativas de oxig\u00eanio em induzir ra\u00edzes nas sementes fracionadas de <em>Eugenia<\/em> spp. (Myrtaceae)<\/h3>\n<hr align=\"center\" noshade=\"noshade\" size=\"1\" width=\"100%\" \/>\n<p style=\"text-align: center\"><strong>ABSTRACT<\/strong><\/p>\n<p style=\"text-align: justify\"><em>Eugenia\u2019s<\/em> morphogenic potential to regenerate new seedlings from fractionated seeds is an unusual phenomenon in nature, making the genus interesting not just from the biological viewpoint, but also for technological and conservationist purposes, as a single seed can produce multiple seedlings after its sectioning. However, physical injuries seem to be the primary stimulus behind the projection of a new root from cotyledon tissues, as unfractionated seeds are restricted to a single root projection. After cutting, the air-exposed surface rapidly darkens, indicating that intense oxidative processes are taking place in the lesion area. Although the accumulation of free radicals can be harmful to cells, several studies have shown that in low concentrations these compounds can play a central role in plant cell signaling, even during seed germination. Reactive oxygen species (ROS) are known as process-inducing molecules, and the treatment of seeds with exogenous H<sub>2<\/sub>O<sub>2<\/sub> or with other ROS-generating compounds can induce their germination. On the other hand, the application of antioxidative compounds, which control the formation of free radicals, has an inhibitory effect. In fact, previous studies demonstrated that the application of antioxidants seems to inhibit the germination of <em>Eugenia<\/em> seeds, indicating the existence of physiological mechanisms that control the germination process during the formation of ROS in these seeds. Given that, so far, there is few data on the mechanisms responsible for inducing and inhibiting the formation of roots in fractionated seeds of <em>Eugenia<\/em>, the aim of this study was to analyze the germination and regenerative capacity of <em>E. involucrata<\/em>, <em>E. uniflora<\/em> and <em>E. brasiliensis<\/em> seeds after their exposure to ROS promoter (methyl viologen, MV) and inhibitor (N-acetylcysteine, NAC). The incubation of seeds in MV did not promote any positive effect on their germination and was harmful to the seeds in several treatments, indicating that generation of ROS may have surpassed concentrations tolerated by the cells, leading to oxidative stress. Incubation in NAC had an inhibitory effect on the germination process, as well as on seed regeneration. Even though the complex metabolic pathways of plants, specially of their seeds, make it difficult to achieve a comprehensive knowledge, the present results show that ROS play several roles in <em>Eugenia<\/em> seeds germination, although we are far from understanding the details of this relation.<br \/>\nKeywords:\u00a0free radicals, recalcitrant seeds, regeneration, methyl viologen, n-acetyl-l-cysteine<\/p>\n<p style=\"text-align: center\"><strong>RESUMO<\/strong><\/p>\n<p style=\"text-align: justify\">O potencial morfog\u00eanico de\u00a0<em>Eugenia<\/em>\u00a0para regenerar novas pl\u00e2ntulas a partir de sementes fracionadas \u00e9 uma caracter\u00edstica incomum na natureza, o que torna o g\u00eanero interessante n\u00e3o apenas do ponto de vista biol\u00f3gico, mas tamb\u00e9m tecnol\u00f3gico e conservacionista, uma vez que uma \u00fanica semente, ao ser fracionada, pode dar origem a mais de uma planta. No entanto, o est\u00edmulo provocado pela les\u00e3o parece ser necess\u00e1rio para que tecidos cotiledonares sejam direcionados \u00e0 forma\u00e7\u00e3o de uma nova raiz, uma vez que sementes n\u00e3o fracionadas apresentam uma \u00fanica germina\u00e7\u00e3o. Quando cortadas, as faces expostas ao ar escurecem rapidamente, indicando que intensos processos oxidativos est\u00e3o ocorrendo no local da les\u00e3o. E, ainda que o ac\u00famulo de radicais livres possa ser prejudicial \u00e0s c\u00e9lulas, diversos trabalhos v\u00eam demonstrando que, em baixas concentra\u00e7\u00f5es, estes compostos podem desempenhar um importante papel de sinaliza\u00e7\u00e3o celular, inclusive durante a germina\u00e7\u00e3o de sementes. Especialmente as esp\u00e9cies reativas de oxig\u00eanio (EROs) s\u00e3o apontadas como mol\u00e9culas indutoras de processos em plantas, e o tratamento de sementes com H<sub>2<\/sub>O<sub>2<\/sub>\u00a0ex\u00f3geno ou com compostos geradores de EROs \u00e9 capaz de induzir sua germina\u00e7\u00e3o. Por outro lado, a aplica\u00e7\u00e3o de compostos antioxidativos, que controlam a forma\u00e7\u00e3o de radicais livres, podem inibir este efeito indutor. De fato, alguns trabalhos j\u00e1 demonstraram que a aplica\u00e7\u00e3o de antioxidantes parece inibir a germina\u00e7\u00e3o de sementes de\u00a0<em>Eugenia<\/em>, indicando a exist\u00eancia de mecanismos fisiol\u00f3gicos de controle do processo germinativo em meio \u00e0 forma\u00e7\u00e3o de EROs nestas sementes. Tendo em vista que at\u00e9 o presente momento existe pouca informa\u00e7\u00e3o sobre os mecanismos respos\u00e1veis por induzir e inibir a forma\u00e7\u00e3o de ra\u00edzes em sementes fracionadas de\u00a0<em>Eugenia<\/em>, o objetivo deste estudo foi analisar a germina\u00e7\u00e3o e a capacidade regenerativa de sementes de\u00a0<em>E. involucrata<\/em>,\u00a0<em>E. uniflora<\/em>\u00a0e\u00a0<em>E. brasiliensis<\/em> quando submetidas a um composto promotor (metil violog\u00eanio, MV) e um inibidor (N-acetilcisteina, NAC) de EROs. A incuba\u00e7\u00e3o das sementes em MV n\u00e3o promoveu nenhum efeito positivo sobre sua germina\u00e7\u00e3o e foi prejudicial \u00e0s sementes de v\u00e1rios tratamentos, indicando que a gera\u00e7\u00e3o de EROs pode ter superado concentra\u00e7\u00f5es suport\u00e1veis pelas c\u00e9lulas, levando a um estresse oxidativo. A incuba\u00e7\u00e3o no NAC apresentou efeito inibit\u00f3rio sobre o processo germinativo, assim como na regenera\u00e7\u00e3o das sementes. Ainda que os complexos caminhos metab\u00f3licos das plantas, especialmente das sementes, dificultem a obten\u00e7\u00e3o de um conhecimento mais completo, os resultados apresentados aqui demonstram que as EROs desempenham diversos pap\u00e9is na germina\u00e7\u00e3o de sementes de\u00a0<em>Eugenia<\/em>, mas ainda estamos longe de compreender os detalhes desta rela\u00e7\u00e3o.<br \/>\nPalavras-chave:\u00a0radicais livres, sementes recalcitrantes, regenera\u00e7\u00e3o, metil violog\u00eanio, n-acetil-l-ciste\u00edna.<\/p>\n<hr align=\"center\" noshade=\"noshade\" size=\"1\" width=\"100%\" \/>\n<p style=\"text-align: center\"><a href=\"https:\/\/smastr16.blob.core.windows.net\/pgibt\/sites\/242\/2021\/06\/isabela_pedroni_amorim_ms.pdf\" target=\"_blank\" rel=\"noopener noreferrer\"><img decoding=\"async\" loading=\"lazy\" class=\"aligncenter\" src=\"https:\/\/smastr16.blob.core.windows.net\/pgibt\/2013\/09\/pdf_grande.gif\" alt=\"pdf_grande\" width=\"60\" height=\"60\" \/><\/a><a href=\"https:\/\/smastr16.blob.core.windows.net\/pgibt\/sites\/242\/2021\/06\/isabela_pedroni_amorim_ms.pdf\" target=\"_blank\" rel=\"noopener noreferrer\"><strong>Isabela Pedroni Amorim<\/strong><\/a><br \/>\n<a href=\"https:\/\/smastr16.blob.core.windows.net\/pgibt\/sites\/242\/2021\/06\/isabela_pedroni_amorim_ms.pdf\" target=\"_blank\" rel=\"noopener noreferrer\">Potencial das esp\u00e9cies reativas de oxig\u00eanio em induzir ra\u00edzes nas sementes fracionadas de <em>Eugenia<\/em> spp. (Myrtaceae)<\/a><\/p>\n<hr align=\"center\" noshade=\"noshade\" size=\"1\" width=\"100%\" \/>\n<p style=\"text-align: center\"><strong>\u00a0<a href=\"https:\/\/www.infraestruturameioambiente.sp.gov.br\/pgibt\/dissertacoesteses\/\" target=\"_blank\" rel=\"noopener noreferrer\">VOLTAR AS DISSERTA\u00c7\u00d5ES E TESES<\/a><\/strong><\/p>\n<hr align=\"center\" noshade=\"noshade\" size=\"1\" width=\"100%\" \/>\n","protected":false},"excerpt":{"rendered":"<p>Isabela Pedroni Amorim Em 25 de maio de 2020, Isabela Pedroni Amorim, aluna de mestrado do programa de P\u00f3s-Gradua\u00e7\u00e3o em Biodiversidade Vegetal e Meio Ambiente do Instituto de Bot\u00e2nica,\u00a0bolsista CAPES, defendeu sua tese de mestrado intitulada \u201cPotencial das esp\u00e9cies reativas de oxig\u00eanio em induzir ra\u00edzes nas sementes fracionadas de Eugenia spp. (Myrtaceae)\u201d A banca examinadora [&hellip;]<\/p>\n","protected":false},"author":103,"featured_media":0,"parent":249,"menu_order":0,"comment_status":"closed","ping_status":"closed","template":"","meta":[],"_links":{"self":[{"href":"https:\/\/www.infraestruturameioambiente.sp.gov.br\/pgibt\/wp-json\/wp\/v2\/pages\/7795"}],"collection":[{"href":"https:\/\/www.infraestruturameioambiente.sp.gov.br\/pgibt\/wp-json\/wp\/v2\/pages"}],"about":[{"href":"https:\/\/www.infraestruturameioambiente.sp.gov.br\/pgibt\/wp-json\/wp\/v2\/types\/page"}],"author":[{"embeddable":true,"href":"https:\/\/www.infraestruturameioambiente.sp.gov.br\/pgibt\/wp-json\/wp\/v2\/users\/103"}],"replies":[{"embeddable":true,"href":"https:\/\/www.infraestruturameioambiente.sp.gov.br\/pgibt\/wp-json\/wp\/v2\/comments?post=7795"}],"version-history":[{"count":4,"href":"https:\/\/www.infraestruturameioambiente.sp.gov.br\/pgibt\/wp-json\/wp\/v2\/pages\/7795\/revisions"}],"predecessor-version":[{"id":7801,"href":"https:\/\/www.infraestruturameioambiente.sp.gov.br\/pgibt\/wp-json\/wp\/v2\/pages\/7795\/revisions\/7801"}],"up":[{"embeddable":true,"href":"https:\/\/www.infraestruturameioambiente.sp.gov.br\/pgibt\/wp-json\/wp\/v2\/pages\/249"}],"wp:attachment":[{"href":"https:\/\/www.infraestruturameioambiente.sp.gov.br\/pgibt\/wp-json\/wp\/v2\/media?parent=7795"}],"curies":[{"name":"wp","href":"https:\/\/api.w.org\/{rel}","templated":true}]}}