{"id":7779,"date":"2021-06-04T10:38:29","date_gmt":"2021-06-04T13:38:29","guid":{"rendered":"https:\/\/www.infraestruturameioambiente.sp.gov.br\/pgibt\/?page_id=7779"},"modified":"2024-02-08T14:54:25","modified_gmt":"2024-02-08T17:54:25","slug":"vera-lygia-el-id-dr","status":"publish","type":"page","link":"https:\/\/www.infraestruturameioambiente.sp.gov.br\/pgibt\/dissertacoesteses\/vera-lygia-el-id-dr\/","title":{"rendered":"Vera Lygia El Id DR"},"content":{"rendered":"<h2 style=\"text-align: center\"><a href=\"https:\/\/www.infraestruturameioambiente.sp.gov.br\/pgibt\/\" target=\"_blank\" rel=\"noopener noreferrer\"><img decoding=\"async\" loading=\"lazy\" class=\"aligncenter wp-image-3777 size-full\" style=\"border: 0px\" src=\"https:\/\/smastr16.blob.core.windows.net\/pgibt\/2015\/02\/faixapos6.jpg\" alt=\"faixapos6\" width=\"950\" height=\"163\" srcset=\"https:\/\/smastr16.blob.core.windows.net\/pgibt\/2015\/02\/faixapos6.jpg 950w, https:\/\/smastr16.blob.core.windows.net\/pgibt\/2015\/02\/faixapos6-768x131.jpg 768w\" sizes=\"(max-width: 950px) 100vw, 950px\" \/><\/a><\/h2>\n<hr align=\"center\" noshade=\"noshade\" size=\"1\" width=\"100%\" \/>\n<h2 style=\"text-align: center\">Vera Lygia El Id<\/h2>\n<hr align=\"center\" noshade=\"noshade\" size=\"1\" width=\"100%\" \/>\n<p style=\"text-align: center\"><img decoding=\"async\" loading=\"lazy\" class=\"alignnone wp-image-7780 \" src=\"https:\/\/smastr16.blob.core.windows.net\/pgibt\/sites\/242\/2021\/06\/vera-lygia-el-id_foto-320x180.jpg\" alt=\"\" width=\"475\" height=\"267\" srcset=\"https:\/\/smastr16.blob.core.windows.net\/pgibt\/sites\/242\/2021\/06\/vera-lygia-el-id_foto-320x180.jpg 320w, https:\/\/smastr16.blob.core.windows.net\/pgibt\/sites\/242\/2021\/06\/vera-lygia-el-id_foto-1024x575.jpg 1024w, https:\/\/smastr16.blob.core.windows.net\/pgibt\/sites\/242\/2021\/06\/vera-lygia-el-id_foto-768x431.jpg 768w, https:\/\/smastr16.blob.core.windows.net\/pgibt\/sites\/242\/2021\/06\/vera-lygia-el-id_foto-250x140.jpg 250w, https:\/\/smastr16.blob.core.windows.net\/pgibt\/sites\/242\/2021\/06\/vera-lygia-el-id_foto-550x309.jpg 550w, https:\/\/smastr16.blob.core.windows.net\/pgibt\/sites\/242\/2021\/06\/vera-lygia-el-id_foto-800x449.jpg 800w, https:\/\/smastr16.blob.core.windows.net\/pgibt\/sites\/242\/2021\/06\/vera-lygia-el-id_foto-534x300.jpg 534w, https:\/\/smastr16.blob.core.windows.net\/pgibt\/sites\/242\/2021\/06\/vera-lygia-el-id_foto-890x500.jpg 890w, https:\/\/smastr16.blob.core.windows.net\/pgibt\/sites\/242\/2021\/06\/vera-lygia-el-id_foto.jpg 1280w\" sizes=\"(max-width: 475px) 100vw, 475px\" \/><\/p>\n<p style=\"margin: 0cm;text-align: center;line-height: 150%;vertical-align: baseline\" align=\"center\">A banca examinadora foi presidida pelo seu orientador, PqC. Dr. Nelson Augusto dos Santos J\u00fanior e composta pela Dr\u00aa. Rayana Martins (P\u00f3s-Doc IBt\/SP), pelo Dr. Jos\u00e9 Marcio Rocha Faria (UFLA), pela Dr\u00aa. Marcia Braga (N\u00facleo de Pesquisa em Fisiologia e Bioqu\u00edmica \u2013 IBt\/SP) e pelo PqC. Dr. Claudio Jos\u00e9 Barbedo (N\u00facleo de Pesquisa em Sementes \u2013 IBt\/SP).<\/p>\n<p class=\"Default\" style=\"text-align: center;line-height: 150%\" align=\"center\">O projeto desenvolvido buscou compreender melhor quais estrat\u00e9gias est\u00e3o envolvidas no sucesso de <i>Sesbania virgata <\/i>na conquista de novos ambientes, visto que \u00e9 uma esp\u00e9cie altamente utilizada em projeto de restaura\u00e7\u00e3o de \u00e1reas degradadas. O <span style=\"background: white\">objetivo principal do presente trabalho foi <\/span>verificar se, al\u00e9m das caracter\u00edsticas ecol\u00f3gicas de <i>S. virgata<\/i>, os metab\u00f3litos encontrados em \u00f3rg\u00e3os vegetais da esp\u00e9cie tamb\u00e9m s\u00e3o respons\u00e1veis pelo sucesso na conquista de novos ambientes. Foram realizados ensaios para analisar a influencia do ambiente na produ\u00e7\u00e3o desses metab\u00f3litos, al\u00e9m de estudos para se verificar a presen\u00e7a de fitoqu\u00edmicos no solo, oriundos da decomposi\u00e7\u00e3o de restos vegetais de plantas de <i>S. virgata<\/i>. Tamb\u00e9m foram conduzidos ensaios para se observar como os metab\u00f3litos produzidos por sementes de <i>S. virgata <\/i>s\u00e3o capazes de inibir o crescimento de fungos patog\u00eanicos \u00e0 esp\u00e9cie. Os dados obtidos indicam que os metab\u00f3litos oriundos do material foliar de <i>S. virgata <\/i>perduram no solo e <span style=\"color: windowtext\">podem causar preju\u00edzos a outras esp\u00e9cies vegetais. Al\u00e9m disso, os dados tamb\u00e9m refor\u00e7am a plasticidade de <i>S. virgata <\/i>em se adaptar aos mais distintos e severos ambientes e que os metab\u00f3litos oriundos das sementes de <i>S. virgata <\/i>possuem propriedades antif\u00fangicas, o que tamb\u00e9m representa uma vantagem adaptativa da esp\u00e9cie.<\/span><\/p>\n<hr align=\"center\" noshade=\"noshade\" size=\"1\" width=\"100%\" \/>\n<h3 style=\"text-align: center\">Produ\u00e7\u00e3o de fitotoxinas liberadas por <em>Sesbania virgata<\/em> (Cav.) Pers. e sua rela\u00e7\u00e3o com vantagens adaptativas da esp\u00e9cie em seu habitat<\/h3>\n<hr align=\"center\" noshade=\"noshade\" size=\"1\" width=\"100%\" \/>\n<p style=\"text-align: center\"><strong>ABSTRACT<\/strong><\/p>\n<p style=\"text-align: justify\"><em>Sesbania virgata<\/em> (Cav.) Pers, Fabaceae, is native to South America, occurs in riparian vegetation, mainly in Cerrado and in Atlantic Forest, forming a seed bank with high longevity. It is indicated for the restoration of areas degraded by mining, due to the high growth rates and the capacity of covering soil, in poor conditions. On the other hand, the species produces secondary metabolites with allelopathic potential which, despite being essential for the establishment of <em>S. virgata<\/em> in the conquest of environments, can inhibit the growth of other species in its undergrowth. However, there is little information about how these phytotoxins act when released into the soil, as well as lack of information on how environmental factors can alter their production, which makes it difficult to understand what could justify their aggression on environment. Therefore, the objective of this study was to understand whether, in addition to the ecological characteristics of <em>S. virgata<\/em>, metabolites found in plant organs of the species are also responsible for the success in conquering new environments. For this, seeds of <em>S. virgata<\/em> were collected in different populations, previously marked by the production capacity of (+) &#8211; catechin, in the municipality of Lavras, MG. Such seeds were separated into two batches, according to the presence or absence of this metabolite. From there, they were taken to \u2018Nucleo de Pesquisa em Sementes\u2019 of the Institute of Botany to install the tests. In the first one, carried out in the field, the seeds of <em>S. virgata<\/em> from both lots were sown in pots arranged under two conditions of light (full sun and shade). In these pots, after the beginning of the leaf fall of S. virgata, seeds of two native tree species were planted, <em>Mimosa bimucronata <\/em>(DC.) Kuntze and <em>Peltophorum dubium <\/em>(Spreng.) Taub., to test the phytotoxicity of the plant material of<em> S. virgata<\/em>. The germination and development of <em>S. virgata<\/em> and the two forest species were evaluated until the end of the experiment. In the second bioassay, conducted in a greenhouse, the seeds of <em>S. virgata<\/em> were placed separately in pots containing three types of soil, which were irrigated with four irrigations, established according to the field capacity of these soils. At the end of the tests, data were collected regarding the germination process and biometric data of <em>S. virgata<\/em> plants. In the last experiment, carried out in the laboratory, fungi present in the seed coat of <em>S. virgata<\/em> seeds were identified. Of the six genera found, three were selected according to their degree of incidence and severity: <em>Phoma<\/em> sp., <em>Alternaria<\/em> sp. and <em>Cladopsorium<\/em> sp. These were used to test the effect of aqueous extracts of <em>S. virgata<\/em> on radial growth and to verify the effect of inoculation of these fungi on the germinative process of <em>S.virgata<\/em> seeds. In the first trial it was found that the seedlings of <em>S. virgata<\/em> allocated in full sun had better development and that the tree species planted in the pots that contained these individuals were negatively affected, according to their sensitivity to the material deposited from <em>S. virgata<\/em>. In the second test it was verified that the plants of <em>S. virgata<\/em> had high germination rates in the soils used and that the development was proportional to the irrigation treatment used, that is, the higher the percentage of irrigation used, the greater the development of seedlings. However, it was also found that at the lowest irrigation rates, although reduced, the development of seedlings was shown to be continuous. In the third trial, it was found that the origin of the seeds of <em>S. virgata<\/em> influenced the behavior of the fungi found, with some of the genera found with greater incidence and severity in a certain origin of the seeds of <em>S. virgata<\/em>. On the growth of the radial of the three fungi used, it was found that <em>Phoma<\/em> sp. its mycelium increased with contact with the aqueous extracts of <em>S. virgata<\/em>, while <em>Cladosporium<\/em> sp. was indifferent and <em>Alternaria<\/em> sp. had my mycelium decreased. Of the three fungi, <em>Phoma<\/em> sp. was the one that caused the highest mortality of <em>S. virgata<\/em> seeds. The data obtained indicate that the metabolites from the leaf material of <em>S. virgata<\/em> last in the soil and can cause damage to other plant species. In addition, the data also reinforce the plasticity of <em>S. virgata<\/em> in adapting to the most distinct and severe environments and that the metabolites from the seeds of <em>S. virgata<\/em> have antifungal properties, which also represents an adaptive advantage of the species, since it can control the growth of certain potentially lethal fungi for the existence of its seed bank in the soil.<br \/>\nKeywords:\u00a0allelopathy, catechin, super-dominant species, antifungal potential<\/p>\n<p style=\"text-align: justify\"><strong>RESUMO<\/strong><\/p>\n<p style=\"text-align: justify\"><em>Sesbania virgata <\/em>(Cav.) Pers, Fabaceae, \u00e9 nativa da Am\u00e9rica do Sul, que ocorre em vegeta\u00e7\u00f5es ciliares, principalmente no Cerrado e na Mata Atl\u00e2ntica, formando banco de sementes com alta longevidade. \u00c9 indicada para restaura\u00e7\u00e3o de \u00e1reas degradadas pela minera\u00e7\u00e3o, devido aos altos \u00edndices de crescimento e de capacidade de cobertura do solo quando este encontra-se bastante pobre. Por outro lado, a esp\u00e9cie produz metab\u00f3litos secund\u00e1rios com potencial alelop\u00e1tico que, apesar de serem essenciais para o estabelecimento da <em>S. virgata <\/em>na conquista de ambientes, podem vir a inibir o crescimento de outras esp\u00e9cies em seu sub-bosque. Por\u00e9m, pouco se sabe sobre como essas fitotoxinas agem quando liberadas no solo, al\u00e9m da escassez de informa\u00e7\u00f5es sobre como fatores ambientais podem alterar a produ\u00e7\u00e3o dessas, o que dificulta a compreens\u00e3o sobre o que pode justificar sua efici\u00eancia no meio ambiente. Diante disso, o objetivo desse estudo foi compreender se, al\u00e9m das caracter\u00edsticas ecol\u00f3gicas de <em>S. virgata<\/em>, os metab\u00f3litos encontrados em \u00f3rg\u00e3os vegetais da esp\u00e9cie tamb\u00e9m s\u00e3o respons\u00e1veis pelo sucesso na conquista de novos ambientes. Para isso, sementes de <em>S. virgata <\/em>foram coletadas em diferentes popula\u00e7\u00f5es, previamente conhecidas pela capacidade de produ\u00e7\u00e3o de (+)- catequina, no munic\u00edpio de Lavras, MG. Tais sementes foram separadas em dois lotes, de acordo com a presen\u00e7a ou n\u00e3o desse metab\u00f3lito. A partir da\u00ed, foram levadas para o N\u00facleo de Pesquisa em Sementes do Instituto de Bot\u00e2nica para a instala\u00e7\u00e3o dos ensaios. No primeiro deles, realizado em condi\u00e7\u00f5es n\u00e3o controladas, as sementes de <em>S. virgata <\/em>de ambos os lotes foram semeadas em vasos dispostos em duas condi\u00e7\u00f5es de luminosidade (pleno sol e sombreamento). Nesses vasos, ap\u00f3s o in\u00edcio da queda foliar de <em>S. virgata <\/em>foram inseridas sementes de duas esp\u00e9cies arb\u00f3reas nativas, <em>Mimosa bimucronata <\/em>(DC.) Kuntze e <em>Peltophorum dubium <\/em>(Spreng.) Taub., para se testar a fitotoxicidade do material vegetal de <em>S. virgata<\/em>. Tamb\u00e9m foram analisadas amostras dos solos dos vasos, para quantifica\u00e7\u00e3o de catequina. Foram avaliados a germina\u00e7\u00e3o e o desenvolvimento de <em>S virgata <\/em>e das duas esp\u00e9cies florestais at\u00e9 o encerramento do experimento. No segundo bioensaio, conduzido em casa de vegeta\u00e7\u00e3o, as sementes de <em>S. virgata <\/em>foram acondicionadas separadamente em vasos contendo tr\u00eas tipos de solo, os quais foram irrigados com quatro tratamentos, estabelecidos de acordo com a capacidade de campo desses solos. Ao final do ensaio foram coletados dados referentes ao processo germinativo e aos dados biom\u00e9tricos das plantas de <em>S. virgata. <\/em>No \u00faltimo experimento, realizado em laborat\u00f3rio, foram identificados fungos presentes no tegumento das sementes de <em>S. virgata. <\/em>Dos seis g\u00eaneros encontrados, tr\u00eas foram selecionados, de acordo com seu grau de incid\u00eancia e de severidade: <em>Phoma <\/em>sp., <em>Alternaria <\/em>sp. e <em>Cladopsorium <\/em>sp. Estes foram utilizados para se testar o efeito de extratos aquosos de <em>S. virgata <\/em>no crescimento radial dos mesmos e para se verificar o efeito da inocula\u00e7\u00e3o desses fungos no processo germinativo de sementes de <em>S. virgata. <\/em>No primeiro ensaio constatou-se que as mudas de <em>S. virgata <\/em>alocadas a pleno sol tiveram melhor desenvolvimento e que as esp\u00e9cies arb\u00f3reas plantadas nos vasos que continham esses indiv\u00edduos foram afetadas negativamente, conforme sua sensibilidade ao material deposto de <em>S. virgata. <\/em>No segundo ensaio foi verificado que as plantas de <em>S. virgata <\/em>apresentaram altas taxas de germina\u00e7\u00e3o nos solos utilizados e que o desenvolvimento foi proporcional ao tratamento de irriga\u00e7\u00e3o utilizado, isto \u00e9, quanto maior a porcentagem de irriga\u00e7\u00e3o utilizada, maior o desenvolvimento das mudas. Por\u00e9m, foi constatado tamb\u00e9m que nas menores taxas de irriga\u00e7\u00e3o, apesar de reduzido, o desenvolvimento das mudas se mostrou cont\u00ednuo. No terceiro ensaio, foi verificado que a proced\u00eancia das sementes de <em>S. virgata <\/em>influenciou no comportamento dos fungos encontrados, sendo alguns dos g\u00eaneros encontrados com maior incid\u00eancia e severidade em determinada proced\u00eancia das sementes de <em>S. virgata. <\/em>Sobre o crescimento micelar radial dos tr\u00eas fungos utilizados, foi constatado que <em>Phoma <\/em>sp. teve seu mic\u00e9lio aumentado em contato com os extratos aquosos de <em>S. virgata, <\/em>enquanto <em>Cladosporium <\/em>sp. se mostrou indiferente e <em>Alternaria <\/em>sp. teve seu mic\u00e9lio diminu\u00eddo. Dos tr\u00eas fungos, <em>Phoma <\/em>sp. foi aquele que causou maior mortalidade das sementes de <em>S. virgata. <\/em>Os dados obtidos indicam que os metab\u00f3litos oriundos do material foliar de <em>S. virgata <\/em>perduram no solo e podem causar preju\u00edzos a outras esp\u00e9cies vegetais. Al\u00e9m disso, os dados tamb\u00e9m refor\u00e7am a plasticidade de <em>S. virgata <\/em>em se adaptar aos mais distintos e severos ambientes e que os metab\u00f3litos oriundos das sementes de <em>S. virgata <\/em>possuem propriedades antif\u00fangicas, o que tamb\u00e9m representa uma vantagem adaptativa da esp\u00e9cie, j\u00e1 que pode controlar o crescimento de determinados fungos potencialmente letais para a exist\u00eancia do seu banco de sementes no solo.<br \/>\nPalavras-chave:\u00a0alelopatia, catequina, esp\u00e9cie superdominante, potencial antif\u00fangico.<\/p>\n<hr align=\"center\" noshade=\"noshade\" size=\"1\" width=\"100%\" \/>\n<p style=\"text-align: center\"><a href=\"https:\/\/smastr16.blob.core.windows.net\/pgibt\/sites\/242\/2021\/06\/vera_lygia_el_id_dr-1-1.pdf\" target=\"_blank\" rel=\"noopener noreferrer\"><img decoding=\"async\" loading=\"lazy\" class=\"aligncenter\" src=\"https:\/\/smastr16.blob.core.windows.net\/pgibt\/2013\/09\/pdf_grande.gif\" alt=\"pdf_grande\" width=\"60\" height=\"60\" \/><\/a><a href=\"https:\/\/smastr16.blob.core.windows.net\/pgibt\/sites\/242\/2021\/06\/vera_lygia_el_id_dr-1-1.pdf\" target=\"_blank\" rel=\"noopener noreferrer\"><strong>Vera Lygia El Id<\/strong><\/a><br \/>\n<a href=\"https:\/\/smastr16.blob.core.windows.net\/pgibt\/sites\/242\/2021\/06\/vera_lygia_el_id_dr-1-1.pdf\" target=\"_blank\" rel=\"noopener noreferrer\">Produ\u00e7\u00e3o de fitotoxinas liberadas por <em>Sesbania virgata<\/em> (Cav.) Pers. e sua rela\u00e7\u00e3o com vantagens adaptativas da esp\u00e9cie em seu habitat<\/a><\/p>\n<hr align=\"center\" noshade=\"noshade\" size=\"1\" width=\"100%\" \/>\n<p style=\"text-align: center\"><strong>\u00a0<a href=\"www.infraestruturameioambiente.sp.gov.br\/pgibt\/dissertacoesteses\/\">VOLTAR AS DISSERTA\u00c7\u00d5ES E TESES<\/a><\/strong><\/p>\n","protected":false},"excerpt":{"rendered":"<p>Vera Lygia El Id A banca examinadora foi presidida pelo seu orientador, PqC. Dr. Nelson Augusto dos Santos J\u00fanior e composta pela Dr\u00aa. Rayana Martins (P\u00f3s-Doc IBt\/SP), pelo Dr. Jos\u00e9 Marcio Rocha Faria (UFLA), pela Dr\u00aa. Marcia Braga (N\u00facleo de Pesquisa em Fisiologia e Bioqu\u00edmica \u2013 IBt\/SP) e pelo PqC. Dr. Claudio Jos\u00e9 Barbedo (N\u00facleo [&hellip;]<\/p>\n","protected":false},"author":103,"featured_media":0,"parent":249,"menu_order":0,"comment_status":"closed","ping_status":"closed","template":"","meta":[],"_links":{"self":[{"href":"https:\/\/www.infraestruturameioambiente.sp.gov.br\/pgibt\/wp-json\/wp\/v2\/pages\/7779"}],"collection":[{"href":"https:\/\/www.infraestruturameioambiente.sp.gov.br\/pgibt\/wp-json\/wp\/v2\/pages"}],"about":[{"href":"https:\/\/www.infraestruturameioambiente.sp.gov.br\/pgibt\/wp-json\/wp\/v2\/types\/page"}],"author":[{"embeddable":true,"href":"https:\/\/www.infraestruturameioambiente.sp.gov.br\/pgibt\/wp-json\/wp\/v2\/users\/103"}],"replies":[{"embeddable":true,"href":"https:\/\/www.infraestruturameioambiente.sp.gov.br\/pgibt\/wp-json\/wp\/v2\/comments?post=7779"}],"version-history":[{"count":4,"href":"https:\/\/www.infraestruturameioambiente.sp.gov.br\/pgibt\/wp-json\/wp\/v2\/pages\/7779\/revisions"}],"predecessor-version":[{"id":7785,"href":"https:\/\/www.infraestruturameioambiente.sp.gov.br\/pgibt\/wp-json\/wp\/v2\/pages\/7779\/revisions\/7785"}],"up":[{"embeddable":true,"href":"https:\/\/www.infraestruturameioambiente.sp.gov.br\/pgibt\/wp-json\/wp\/v2\/pages\/249"}],"wp:attachment":[{"href":"https:\/\/www.infraestruturameioambiente.sp.gov.br\/pgibt\/wp-json\/wp\/v2\/media?parent=7779"}],"curies":[{"name":"wp","href":"https:\/\/api.w.org\/{rel}","templated":true}]}}