{"id":7710,"date":"2021-04-05T14:31:16","date_gmt":"2021-04-05T17:31:16","guid":{"rendered":"https:\/\/www.infraestruturameioambiente.sp.gov.br\/pgibt\/?page_id=7710"},"modified":"2025-06-17T07:54:29","modified_gmt":"2025-06-17T10:54:29","slug":"verba-proap","status":"publish","type":"page","link":"https:\/\/www.infraestruturameioambiente.sp.gov.br\/pgibt\/menu-2\/verba-proap\/","title":{"rendered":"Verba Proap"},"content":{"rendered":"<p style=\"text-align: center\"><strong>ORIENTA\u00c7\u00d5ES E REGRAS PARA UTILIZA\u00c7\u00c3O DA VERBA PROAP<\/strong><\/p>\n<p><strong>OBJETIVO DA PROAP<\/strong><\/p>\n<p>O Programa de Apoio \u00e0 P\u00f3s-Gradua\u00e7\u00e3o \u2013 PROAP destina-se a proporcionar melhores condi\u00e7\u00f5es para a forma\u00e7\u00e3o de recursos humanos, a produ\u00e7\u00e3o e o aprofundamento do conhecimento nos cursos de p\u00f3s-gradua\u00e7\u00e3o <em>stricto sensu<\/em>, ministrados pelas Institui\u00e7\u00f5es P\u00fablicas de Ensino Superior.<\/p>\n<p>A utiliza\u00e7\u00e3o dos recursos do PROAP segue, dentre outras normativas pertinentes, as orienta\u00e7\u00f5es dispostas na Portaria n\u00b0156\/2014, da Capes, que regulamente o referido programa (<a href=\"https:\/\/www.gov.br\/capes\/pt-br\/acesso-a-informacao\/acoes-e-programas\/bolsas\/bolsas-no-pais\/proap\">https:\/\/www.gov.br\/capes\/pt-br\/acesso-a-informacao\/acoes-e-programas\/bolsas\/bolsas-no-pais\/proap<\/a>).<\/p>\n<p>A verba PROAP atende docentes e discentes, mas prioriza os bolsistas Capes e outras categorias de estudantes do PPG\/IPA que n\u00e3o possuem taxas de bancadas atreladas \u00e0s bolsas. Considerando a disponibilidade de verba e o atendimento a um n\u00famero significativo de demandas anualmente, \u00e9 definido um valor m\u00e1ximo a ser concedido para cada discente e\/ou docente a cada ano.<\/p>\n<p>Para o atendimento das solicita\u00e7\u00f5es, <em>ser\u00e1 analisada a exist\u00eancia de pend\u00eancia dos docentes\/discentes junto \u00e0 Coordena\u00e7\u00e3o<\/em>. A presen\u00e7a de pend\u00eancia inviabiliza o uso da verba PROAP.<\/p>\n<p><strong>REGRAS PARA UTILIZA\u00c7\u00c3O DOS RECURSOS PROAP<\/strong><\/p>\n<ul>\n<li>A solicita\u00e7\u00e3o deve ser encaminhada para o gestor do PROAP vigente (<a href=\"mailto:dperalta@sp.gov.br\"><span data-olk-copy-source=\"MessageBody\">dperalta@sp.gov.br<\/span><\/a>)<\/li>\n<li>\u00c9 obrigat\u00f3rio o preenchimento e envio do Formul\u00e1rio de Solicita\u00e7\u00e3o PROAP dispon\u00edvel no site da PG. Ap\u00f3s a assinatura, o arquivo deve ser enviado para o gestor no formato PDF.<\/li>\n<li>O solicitante deve ser aluno regularmente matriculado ou docente com orienta\u00e7\u00e3o em andamento.<\/li>\n<li>Se a solicita\u00e7\u00e3o for aprovada pela Coordena\u00e7\u00e3o do Programa de P\u00f3s-Gradua\u00e7\u00e3o, o solicitante dever\u00e1 executar a solicita\u00e7\u00e3o e enviar documentos comprobat\u00f3rios e\/ou nota fiscal de servi\u00e7o executado para o gestor da PROAP \u00e0 \u00e9poca.<\/li>\n<li>Se as demandas (ex. relat\u00f3rio cient\u00edfico, relat\u00f3rio para o Coleta Capes, curr\u00edculo lattes atualizado) da P\u00f3s-Gradua\u00e7\u00e3o n\u00e3o tiverem sido atendidas, a verba solicitada n\u00e3o ser\u00e1 liberada.<\/li>\n<\/ul>\n<p><strong>TIPOS DE SOLICITA\u00c7\u00d5ES PERMITIDAS<\/strong><\/p>\n<p>De acordo com o Plano de Atividades s\u00e3o permitidos os seguintes tipos de solicita\u00e7\u00f5es:<\/p>\n<ul>\n<li>Manuten\u00e7\u00e3o de equipamentos.<\/li>\n<li>Funcionamento de laborat\u00f3rios de ensino e pesquisa.<\/li>\n<li>Produ\u00e7\u00e3o de material did\u00e1tico-instrucional e publica\u00e7\u00e3o de artigos cient\u00edficos;<\/li>\n<li>Aquisi\u00e7\u00e3o de novas tecnologias de inform\u00e1tica.<\/li>\n<li>Realiza\u00e7\u00e3o de eventos t\u00e9cnico-cient\u00edficos promovidos pelo programa de p\u00f3s-gradua\u00e7\u00e3o.<\/li>\n<li>Participa\u00e7\u00e3o de professores convidados em bancas examinadoras de disserta\u00e7\u00f5es, teses e exame de Qualifica\u00e7\u00e3o;<\/li>\n<li>Participa\u00e7\u00e3o de Coordenadores de Programas de P\u00f3s-Gradua\u00e7\u00e3o em Eventos no Pa\u00eds.<\/li>\n<li>Participa\u00e7\u00e3o de professores em eventos cient\u00edficos no pa\u00eds e no exterior;<\/li>\n<li>Participa\u00e7\u00e3o de alunos em eventos cient\u00edficos no pa\u00eds ou no exterior desde que estejam relacionados \u00e0s suas disserta\u00e7\u00f5es e teses. No caso de participa\u00e7\u00f5es em congressos, o aluno deve enviar o resumo e os certificados de participa\u00e7\u00e3o e apresenta\u00e7\u00e3o de trabalho para o ressarcimento dos gastos.<\/li>\n<li>Participa\u00e7\u00e3o de professores visitantes nos programas;<\/li>\n<li>Participa\u00e7\u00e3o de professores e alunos em trabalhos de campo e coleta de dados no pa\u00eds.<\/li>\n<\/ul>\n<p>Para quaisquer d\u00favidas relacionadas a procedimentos e\/ou documentos, basta enviar e-mail para o gestor vigente da verba PROAP.<\/p>\n<p style=\"text-align: right\"><strong>Coordena\u00e7\u00e3o do Programa de P\u00f3s-Gradua\u00e7\u00e3o<\/strong><\/p>\n<hr \/>\n<h3 style=\"text-align: center\"><a href=\"https:\/\/smastr16.blob.core.windows.net\/pgibt\/sites\/242\/2024\/06\/regras-para-solicitacao-de-verba-proap-atualizada-junho2024.pdf\" target=\"_blank\" rel=\"noopener noreferrer\"><img decoding=\"async\" loading=\"lazy\" class=\"aligncenter\" src=\"https:\/\/smastr16.blob.core.windows.net\/pgibt\/2013\/09\/pdf_grande.gif\" alt=\"pdf_grande\" width=\"60\" height=\"60\" \/><\/a><a href=\"https:\/\/smastr16.blob.core.windows.net\/pgibt\/sites\/242\/2024\/06\/regras-para-solicitacao-de-verba-proap-atualizada-junho2024.pdf\">Regras para solicita\u00e7\u00e3o de VERBA PROAP<\/a><\/h3>\n<hr \/>\n<h3 style=\"text-align: center\"><a href=\"https:\/\/smastr16.blob.core.windows.net\/pgibt\/2013\/04\/formulario_solic_PROAP_2014.docx\"><img decoding=\"async\" loading=\"lazy\" class=\"aligncenter wp-image-3300 size-full\" src=\"https:\/\/smastr16.blob.core.windows.net\/pgibt\/2013\/04\/doc_grande.gif\" alt=\"doc_grande\" width=\"60\" height=\"60\" \/><\/a><strong>\u00a0<\/strong><a href=\"https:\/\/smastr16.blob.core.windows.net\/pgibt\/2013\/04\/formulario_solic_PROAP_2014.docx\" target=\"_blank\" rel=\"noopener noreferrer\">Formul\u00e1rio solicita\u00e7\u00e3o PROAP\u00a0<\/a><\/h3>\n<hr \/>\n<p>&nbsp;<\/p>\n","protected":false},"excerpt":{"rendered":"<p>ORIENTA\u00c7\u00d5ES E REGRAS PARA UTILIZA\u00c7\u00c3O DA VERBA PROAP OBJETIVO DA PROAP O Programa de Apoio \u00e0 P\u00f3s-Gradua\u00e7\u00e3o \u2013 PROAP destina-se a proporcionar melhores condi\u00e7\u00f5es para a forma\u00e7\u00e3o de recursos humanos, a produ\u00e7\u00e3o e o aprofundamento do conhecimento nos cursos de p\u00f3s-gradua\u00e7\u00e3o stricto sensu, ministrados pelas Institui\u00e7\u00f5es P\u00fablicas de Ensino Superior. A utiliza\u00e7\u00e3o dos recursos do [&hellip;]<\/p>\n","protected":false},"author":95,"featured_media":0,"parent":185,"menu_order":13,"comment_status":"closed","ping_status":"closed","template":"","meta":[],"_links":{"self":[{"href":"https:\/\/www.infraestruturameioambiente.sp.gov.br\/pgibt\/wp-json\/wp\/v2\/pages\/7710"}],"collection":[{"href":"https:\/\/www.infraestruturameioambiente.sp.gov.br\/pgibt\/wp-json\/wp\/v2\/pages"}],"about":[{"href":"https:\/\/www.infraestruturameioambiente.sp.gov.br\/pgibt\/wp-json\/wp\/v2\/types\/page"}],"author":[{"embeddable":true,"href":"https:\/\/www.infraestruturameioambiente.sp.gov.br\/pgibt\/wp-json\/wp\/v2\/users\/95"}],"replies":[{"embeddable":true,"href":"https:\/\/www.infraestruturameioambiente.sp.gov.br\/pgibt\/wp-json\/wp\/v2\/comments?post=7710"}],"version-history":[{"count":8,"href":"https:\/\/www.infraestruturameioambiente.sp.gov.br\/pgibt\/wp-json\/wp\/v2\/pages\/7710\/revisions"}],"predecessor-version":[{"id":9667,"href":"https:\/\/www.infraestruturameioambiente.sp.gov.br\/pgibt\/wp-json\/wp\/v2\/pages\/7710\/revisions\/9667"}],"up":[{"embeddable":true,"href":"https:\/\/www.infraestruturameioambiente.sp.gov.br\/pgibt\/wp-json\/wp\/v2\/pages\/185"}],"wp:attachment":[{"href":"https:\/\/www.infraestruturameioambiente.sp.gov.br\/pgibt\/wp-json\/wp\/v2\/media?parent=7710"}],"curies":[{"name":"wp","href":"https:\/\/api.w.org\/{rel}","templated":true}]}}