{"id":767,"date":"2013-09-17T12:11:08","date_gmt":"2013-09-17T15:11:08","guid":{"rendered":"https:\/\/www.infraestruturameioambiente.sp.gov.br\/pgibt\/?page_id=767"},"modified":"2013-09-17T12:11:08","modified_gmt":"2013-09-17T15:11:08","slug":"2012-priscila-da-silva","status":"publish","type":"page","link":"https:\/\/www.infraestruturameioambiente.sp.gov.br\/pgibt\/dissertacoesteses\/2012-priscila-da-silva\/","title":{"rendered":"Priscila da Silva DR"},"content":{"rendered":"<h2 style=\"text-align: center\"><a href=\"https:\/\/smastr16.blob.core.windows.net\/pgibt\/2015\/02\/faixapos6.jpg\"><img decoding=\"async\" loading=\"lazy\" class=\"aligncenter size-full wp-image-3777\" style=\"border: 0px\" alt=\"faixapos6\" src=\"https:\/\/smastr16.blob.core.windows.net\/pgibt\/2015\/02\/faixapos6.jpg\" width=\"950\" height=\"163\" srcset=\"https:\/\/smastr16.blob.core.windows.net\/pgibt\/2015\/02\/faixapos6.jpg 950w, https:\/\/smastr16.blob.core.windows.net\/pgibt\/2015\/02\/faixapos6-768x131.jpg 768w\" sizes=\"(max-width: 950px) 100vw, 950px\" \/><\/a><\/h2>\n<hr align=\"center\" noshade=\"noshade\" size=\"1\" width=\"100%\" \/>\n<h2 style=\"text-align: center\">Priscila da Silva<\/h2>\n<hr align=\"center\" noshade=\"noshade\" size=\"1\" width=\"100%\" \/>\n<p style=\"text-align: center\">Em 27 de fevereiro de 2012, a aluna Priscila da Silva do Programa de P\u00f3s-Gradua\u00e7\u00e3o em Biodiversidade Vegetal e Meio Ambiente (\u00e1rea de concentra\u00e7\u00e3o: Planta Avasculares e Fungos em An\u00e1lise Ambientais), do Instituto de Bot\u00e2nica (IBt), S\u00e3o Paulo, SP,defendeu seu doutorado intitulado:<br \/>\n\u201cRevis\u00e3o do g\u00eanero\u00a0<em>Thozetella<\/em>\u00a0Kuntze (anamorfo de\u00a0<em>Chaetosphaeriaceae<\/em>, Ascomycota).<br \/>\nEste trabalho contou com o apoio financeiro da Funda\u00e7\u00e3o de Amparo a Pesquisa do Estado de S\u00e3o Paulo (FAPESP &#8211; n\u00b0 07\/59743-1).<\/p>\n<p style=\"text-align: center\"><a href=\"https:\/\/smastr16.blob.core.windows.net\/pgibt\/2013\/09\/priscila_da_silva1.jpg\"><img decoding=\"async\" loading=\"lazy\" alt=\"\" src=\"https:\/\/smastr16.blob.core.windows.net\/pgibt\/2013\/09\/priscila_da_silva1-300x221.jpg\" width=\"300\" height=\"221\" \/><\/a><\/p>\n<p style=\"text-align: center\">A banca examinadora foi composta por sua orientadora Dra. Rosely Ana Piccolo Grandi (Instituto de Bot\u00e2nica, S\u00e3o Paulo) e pelos professores doutores: Antonio Hern\u00e1ndez-Guti\u00e9rrez (Universidade Federal do Par\u00e1), Jos\u00e9 Carmine Dianese (Universidade de Bras\u00edlia), Luis Fernando Pascholati Gusm\u00e3o (Universidade Estadual de Feira de Santana) e Marina Capelari (Instituto de Bot\u00e2nica, S\u00e3o Paulo).<\/p>\n<p>&nbsp;<\/p>\n<hr align=\"center\" noshade=\"noshade\" size=\"1\" width=\"100%\" \/>\n<h3 style=\"text-align: center\"><strong>Revis\u00e3o do g\u00eanero\u00a0<em>Thozetella\u00a0<\/em>Kuntze<\/strong>\u00a0<strong>(anamorfo de\u00a0<em>Chaetosphaeriaceae<\/em>, Ascomycota)<\/strong><\/h3>\n<hr align=\"center\" noshade=\"noshade\" size=\"1\" width=\"100%\" \/>\n<h4 style=\"text-align: center\"><strong>RESUMO<\/strong><\/h4>\n<p style=\"text-align: justify\">Este trabalho apresentou um estudo taxon\u00f4mico das esp\u00e9cies em\u00a0<em>Thozetella<\/em>. O g\u00eanero pertence ao grupo dos hifomicetos (fungos anam\u00f3rficos), classifica\u00e7\u00e3o n\u00e3o natural. Atualmente, dados moleculares de algumas esp\u00e9cies sugeriram sua correla\u00e7\u00e3o com\u00a0<em>Chaetosphaeriaceae<\/em>, Ascomycota. Estudos registram a ocorr\u00eancia das esp\u00e9cies como decompositoras de materiais vegetais diversos, em regi\u00f5es temperadas e tropicais nos diferentes tipos de forma\u00e7\u00f5es vegetais, sugerindo a n\u00e3o especificidade desses t\u00e1xons. Dezoito nomes foram publicados, por\u00e9m apenas dezessete esp\u00e9cies s\u00e3o v\u00e1lidas para ci\u00eancia. Ap\u00f3s a an\u00e1lise de quinze esp\u00e9cies-tipo, de esp\u00e9cimes depositados em herb\u00e1rios brasileiros e levantamento realizado em v\u00e1rias forma\u00e7\u00f5es vegetais do estado de S\u00e3o Paulo, sete t\u00e1xons foram registrados pela primeira vez para o estado:\u00a0<em>T. buxifolia<\/em>,\u00a0<em>T. gigantea<\/em>,\u00a0<em>T. falcata<\/em>,\u00a0<em>T. havanensis<\/em>,\u00a0<em>T. queenslandica<\/em>,<em>\u00a0T. submersa<\/em>\u00a0e\u00a0<em>T. tocklaiensis<\/em>; destes, tr\u00eas s\u00e3o novos para o Brasil (<em>T. buxifolia<\/em>,\u00a0<em>T. falcata\u00a0<\/em>e\u00a0<em>T. havanensis<\/em>). Os registros para\u00a0<em>T. boonjiensis<\/em>e\u00a0<em>T. havanensis\u00a0<\/em>foram invalidados e\u00a0<em>T. aculeata\u00a0<\/em>e\u00a0<em>T. capitata\u00a0<\/em>foram propostas como novas esp\u00e9cies. Foram inclu\u00eddos vinte esp\u00e9cimes na Cole\u00e7\u00e3o de Culturas CCIBt, pelos m\u00e9todos de Castellani e \u00f3leo mineral; o teste de viabilidade no m\u00e9todo de Castellani mostrou-se adequado, bem como o cultivo em\u00a0<em>malt extract\u00a0<\/em>agar (MEA). O estudo morfol\u00f3gico das estruturas, at\u00e9 ent\u00e3o importantes como caracteres taxon\u00f4micos, demonstrou que os conidiomas, conidi\u00f3foros, c\u00e9lulas conidiog\u00eanicas e con\u00eddios n\u00e3o s\u00e3o bons caracteres para delimitar as esp\u00e9cies. As microaristas s\u00e3o as \u00fanicas estruturas que auxiliaram na separa\u00e7\u00e3o de alguns t\u00e1xons, mas n\u00e3o foram suficientes para separar outros, dificultando a elabora\u00e7\u00e3o de uma chave de identifica\u00e7\u00e3o. Considerando esta an\u00e1lise, o presente estudo sugere a utiliza\u00e7\u00e3o de outras t\u00e9cnicas, como moleculares, que poder\u00e3o fornecer um melhor conceito das esp\u00e9cies em\u00a0<em>Thozetella<\/em>.<\/p>\n<p style=\"text-align: justify\"><strong>Palavras-chave:<\/strong>\u00a0diversidade, folhedo, fungo\u00a0<em>in vitro<\/em>, hifomicetos brasileiros, taxonomia<\/p>\n<div class=\"wc-gallery\"><div id='gallery-1' data-gutter-width='5' data-columns='3' class='gallery wc-gallery-captions-onhover gallery-link-file gallery-masonry galleryid-767 gallery-columns-3 gallery-size-thumbnail wc-gallery-bottomspace-default wc-gallery-clear'><div class='gallery-item gallery-item-position-1 gallery-item-attachment-773'>\n\t\t\t\t<div class='gallery-icon landscape'>\n\t\t\t\t\t<a href='https:\/\/smastr16.blob.core.windows.net\/pgibt\/2013\/09\/priscila_da_silva2-1024x720.jpg' title='' target='_self'><img width=\"235\" height=\"164\" src=\"https:\/\/smastr16.blob.core.windows.net\/pgibt\/2013\/09\/priscila_da_silva2-235x164.jpg\" class=\"attachment-thumbnail size-thumbnail\" alt=\"\" decoding=\"async\" loading=\"lazy\" srcset=\"https:\/\/smastr16.blob.core.windows.net\/pgibt\/2013\/09\/priscila_da_silva2-235x164.jpg 235w, https:\/\/smastr16.blob.core.windows.net\/pgibt\/2013\/09\/priscila_da_silva2-1024x720.jpg 1024w\" sizes=\"(max-width: 235px) 100vw, 235px\" \/><\/a>\n\t\t\t\t<\/div>\n\t\t\t\t\t<div class='wp-caption-text gallery-caption'>\n\t\t\t\t\t\t<p>\n\t\t\t\t\t\tColeta \n\t\t\t\t\t\t<\/p>\n\t\t\t\t\t<\/div><\/div><div class='gallery-item gallery-item-position-2 gallery-item-attachment-777'>\n\t\t\t\t<div class='gallery-icon portrait'>\n\t\t\t\t\t<a href='https:\/\/smastr16.blob.core.windows.net\/pgibt\/2013\/09\/thavanensis-1024x720.jpg' title='' target='_self'><img width=\"235\" height=\"164\" src=\"https:\/\/smastr16.blob.core.windows.net\/pgibt\/2013\/09\/thavanensis-235x164.jpg\" class=\"attachment-thumbnail size-thumbnail\" alt=\"\" decoding=\"async\" loading=\"lazy\" srcset=\"https:\/\/smastr16.blob.core.windows.net\/pgibt\/2013\/09\/thavanensis-235x164.jpg 235w, https:\/\/smastr16.blob.core.windows.net\/pgibt\/2013\/09\/thavanensis-1024x720.jpg 1024w\" sizes=\"(max-width: 235px) 100vw, 235px\" \/><\/a>\n\t\t\t\t<\/div>\n\t\t\t\t\t<div class='wp-caption-text gallery-caption'>\n\t\t\t\t\t\t<p>\n\t\t\t\t\t\tT. havanensis\n\t\t\t\t\t\t<\/p>\n\t\t\t\t\t<\/div><\/div><\/div>\n<\/div>\n<hr align=\"center\" noshade=\"noshade\" size=\"1\" width=\"100%\" \/>\n<p style=\"text-align: center\"><a href=\"https:\/\/smastr16.blob.core.windows.net\/pgibt\/2013\/09\/pdf_grande.gif\"><img decoding=\"async\" loading=\"lazy\" class=\"aligncenter size-full wp-image-2313\" style=\"border: 0px\" alt=\"pdf_grande\" src=\"https:\/\/smastr16.blob.core.windows.net\/pgibt\/2013\/09\/pdf_grande.gif\" width=\"60\" height=\"60\" \/><\/a><a href=\"https:\/\/smastr16.blob.core.windows.net\/pgibt\/2013\/09\/Priscila_da_Silva_DR.pdf\" target=\"_blank\">Priscila da Silva<br \/>\nRevis\u00e3o do g\u00eanero <em>Thozetella<\/em> Kuntze (anamorfo de<em> Chaetosphaeriaceae<\/em>, Ascomycota)<\/a><\/p>\n<hr align=\"center\" noshade=\"noshade\" size=\"1\" width=\"100%\" \/>\n<p style=\"text-align: center\"><strong>\u00a0<a href=\"https:\/\/www.infraestruturameioambiente.sp.gov.br\/pgibt\/dissertacoesteses\/\">VOLTAR AS DISSERTA\u00c7\u00d5ES E TESES<\/a><\/strong><\/p>\n<hr align=\"center\" noshade=\"noshade\" size=\"1\" width=\"100%\" \/>\n","protected":false},"excerpt":{"rendered":"<p>Priscila da Silva Em 27 de fevereiro de 2012, a aluna Priscila da Silva do Programa de P\u00f3s-Gradua\u00e7\u00e3o em Biodiversidade Vegetal e Meio Ambiente (\u00e1rea de concentra\u00e7\u00e3o: Planta Avasculares e Fungos em An\u00e1lise Ambientais), do Instituto de Bot\u00e2nica (IBt), S\u00e3o Paulo, SP,defendeu seu doutorado intitulado: \u201cRevis\u00e3o do g\u00eanero\u00a0Thozetella\u00a0Kuntze (anamorfo de\u00a0Chaetosphaeriaceae, Ascomycota). Este trabalho contou com [&hellip;]<\/p>\n","protected":false},"author":1,"featured_media":0,"parent":249,"menu_order":0,"comment_status":"closed","ping_status":"closed","template":"fullpage.php","meta":[],"_links":{"self":[{"href":"https:\/\/www.infraestruturameioambiente.sp.gov.br\/pgibt\/wp-json\/wp\/v2\/pages\/767"}],"collection":[{"href":"https:\/\/www.infraestruturameioambiente.sp.gov.br\/pgibt\/wp-json\/wp\/v2\/pages"}],"about":[{"href":"https:\/\/www.infraestruturameioambiente.sp.gov.br\/pgibt\/wp-json\/wp\/v2\/types\/page"}],"author":[{"embeddable":true,"href":"https:\/\/www.infraestruturameioambiente.sp.gov.br\/pgibt\/wp-json\/wp\/v2\/users\/1"}],"replies":[{"embeddable":true,"href":"https:\/\/www.infraestruturameioambiente.sp.gov.br\/pgibt\/wp-json\/wp\/v2\/comments?post=767"}],"version-history":[{"count":0,"href":"https:\/\/www.infraestruturameioambiente.sp.gov.br\/pgibt\/wp-json\/wp\/v2\/pages\/767\/revisions"}],"up":[{"embeddable":true,"href":"https:\/\/www.infraestruturameioambiente.sp.gov.br\/pgibt\/wp-json\/wp\/v2\/pages\/249"}],"wp:attachment":[{"href":"https:\/\/www.infraestruturameioambiente.sp.gov.br\/pgibt\/wp-json\/wp\/v2\/media?parent=767"}],"curies":[{"name":"wp","href":"https:\/\/api.w.org\/{rel}","templated":true}]}}