{"id":753,"date":"2013-09-17T11:18:41","date_gmt":"2013-09-17T14:18:41","guid":{"rendered":"https:\/\/www.infraestruturameioambiente.sp.gov.br\/pgibt\/?page_id=753"},"modified":"2013-09-17T11:18:41","modified_gmt":"2013-09-17T14:18:41","slug":"2012-paula-guimaraes-carvalho","status":"publish","type":"page","link":"https:\/\/www.infraestruturameioambiente.sp.gov.br\/pgibt\/dissertacoesteses\/2012-paula-guimaraes-carvalho\/","title":{"rendered":"Paula Guimar\u00e3es Carvalho MS"},"content":{"rendered":"<h2 style=\"text-align: center\"><a href=\"https:\/\/smastr16.blob.core.windows.net\/pgibt\/2015\/02\/faixapos6.jpg\"><img decoding=\"async\" loading=\"lazy\" class=\"aligncenter size-full wp-image-3777\" style=\"border: 0px\" alt=\"faixapos6\" src=\"https:\/\/smastr16.blob.core.windows.net\/pgibt\/2015\/02\/faixapos6.jpg\" width=\"950\" height=\"163\" srcset=\"https:\/\/smastr16.blob.core.windows.net\/pgibt\/2015\/02\/faixapos6.jpg 950w, https:\/\/smastr16.blob.core.windows.net\/pgibt\/2015\/02\/faixapos6-768x131.jpg 768w\" sizes=\"(max-width: 950px) 100vw, 950px\" \/><\/a><\/h2>\n<hr align=\"center\" noshade=\"noshade\" size=\"1\" width=\"100%\" \/>\n<h2 style=\"text-align: center\">Paula Guimar\u00e3es Carvalho<\/h2>\n<hr align=\"center\" noshade=\"noshade\" size=\"1\" width=\"100%\" \/>\n<p style=\"text-align: center\">No dia 24 de setembro de 2012, a aluna Paula Guimar\u00e3es Carvalho, bolsista CNPq do\u00a0Programa de P\u00f3s Gradua\u00e7\u00e3o em Biodiversidade Vegetal e Meio Ambiente defendeu sua disserta\u00e7\u00e3o de mestrado intitulada:<br \/>\n\u201cEstimativas de biomassa, abund\u00e2ncia e riqueza de lianas em um fragmento de cerrado\u00a0<em>sensu stricto\u00a0<\/em>em Itirapina, S\u00e3o Paulo&#8221;,<br \/>\nsob orienta\u00e7\u00e3o da Dra. Maria Tereza Grombone-Guaratini, do N\u00facleo de Pesquisa em Ecologia do Instituto de Bot\u00e2nica de S\u00e3o Paulo (IBt).<br \/>\nA banca examinadora foi composta pela orientadora, Dra. Maria Tereza Grombone-Guaratini e pelos professores:<br \/>\nDra. Silvana Aparecida Pires de Godoy (Universidade de S\u00e3o Paulo \/ EACH) e\u00a0Dra. Dalva Maria da Silva Matos (Departamento de Bot\u00e2nica \/ UFSCar).<\/p>\n<hr align=\"center\" noshade=\"noshade\" size=\"1\" width=\"100%\" \/>\n<h3 style=\"text-align: center\"><strong>Estimativas de biomassa, abund\u00e2ncia e riqueza de lianas em um fragmento de cerrado<em><br \/>\n<\/em><\/strong><strong><em>sensu stricto<\/em> em Itirapina, S\u00e3o Paulo\u00a0<strong><br \/>\n<\/strong><\/strong><\/h3>\n<hr align=\"center\" noshade=\"noshade\" size=\"1\" width=\"100%\" \/>\n<h4 style=\"text-align: center\"><strong>RESUMO<\/strong><\/h4>\n<p style=\"text-align: justify\">O Cerrado brasileiro \u00e9 um ecossistema tropical que cobre aproximadamente 20% do territ\u00f3rio brasileiro. Apesar de ser um hotspot para a conserva\u00e7\u00e3o da biodiversidade, mais da metade do Cerrado foi convertida em \u00e1rea de pastagens, agricultura e, mais recentemente, em \u00e1rea de cultivo de cana-de-a\u00e7\u00facar. Embora este ecossistema desempenhe um papel importante no balan\u00e7o de carbono global, poucos estudos t\u00eam estimado a biomassa de seus diferentes estratos e nenhum estimou a biomassa de liana (trepadeiras lenhosas). Lianas s\u00e3o um componente chave para muitos ecossistemas em todo o mundo, contribuindo para a diversidade, abund\u00e2ncia e estrutura. M\u00e9todos para realizar o censo de lianas e estimar sua biomassa t\u00eam sido usados principalmente em florestas tropicais. Estudos sobre a ecologia de lianas e seu papel no cerrado s\u00e3o ainda escassos. O objetivo deste estudo foi estimar a biomassa de lianas, abund\u00e2ncia e riqueza em cerrado neotropical. O estudo foi realizado em um fragmento em Itirapina (ca. 260 ha), localizado no estado de S\u00e3o Paulo, Sudeste do Brasil. Foram medidos todos os ramets de lianas usando diferentes crit\u00e9rios de inclus\u00e3o: \u2265 0,5 e \u22651,0 cm de di\u00e2metro a 30 cm do solo (D_30), e a130 cm do solo (DAP), enraizados dentro de 36 transectos (2 x 25 m). Uma equa\u00e7\u00e3o alom\u00e9trica foi utilizada para estimar a biomassa viva de lianas acima do solo. Foram comparadas a biomassa e abund\u00e2ncia entre \u00e1reas de borda e interior. Foram avaliadas as rela\u00e7\u00f5es entre abund\u00e2ncia e biomassa de lianas e os par\u00e2metros estruturais e microambientais da \u00e1rea. A abund\u00e2ncia e biomassa de lianas n\u00e3o diferiram significativamente entre os diferentes crit\u00e9rios de inclus\u00e3o (1200, 928, 1156, 983 ind ha -1 e 5,94 \u00b1 0,36; 6,74 \u00b1 0,39; 9,46 \u00b1 0, 51 e 9,44 \u00b1 0,51 Mg.ha1), respectivamente, para lianas\u2265 0,5 e \u2265 1,0 cm DAP e lianas \u2265 0,5 e \u2265 1,0 cm D_30. Os resultados da CCA indicam que o conte\u00fado de mangan\u00eas influenciou a biomassa de lianas. Em compara\u00e7\u00e3o com outros locais no Neotr\u00f3pico, lianas s\u00e3o menos abundante no Cerrado, no entanto, sua biomassa total est\u00e1 dentro da gama de valores estimados para outras \u00e1reas. A riqueza de esp\u00e9cies de lianas no cerrado avaliado foi menor do que em floresta estacional semidecidual, mas semelhante a outras \u00e1reas de cerrado. Nossos resultados sugerem que o protocolo para censo de lianas em florestas tropicais pode ser implementado no cerrado.<\/p>\n<p style=\"text-align: justify\"><strong>Palavras-chave<\/strong>: biomassa acima do solo, equa\u00e7\u00e3o alom\u00e9trica, t\u00e9cnicas de censo ecol\u00f3gico, trepadeiras.<\/p>\n<hr align=\"center\" noshade=\"noshade\" size=\"1\" width=\"100%\" \/>\n<p style=\"text-align: center\"><a href=\"https:\/\/smastr16.blob.core.windows.net\/pgibt\/2013\/09\/pdf_grande.gif\"><img decoding=\"async\" loading=\"lazy\" class=\"aligncenter size-full wp-image-2313\" style=\"border: 0px\" alt=\"pdf_grande\" src=\"https:\/\/smastr16.blob.core.windows.net\/pgibt\/2013\/09\/pdf_grande.gif\" width=\"60\" height=\"60\" \/><\/a><a href=\"https:\/\/smastr16.blob.core.windows.net\/pgibt\/2013\/09\/Paula_Guimaraes_Carvalho_MS.pdf\" target=\"_blank\">Paula Guimar\u00e3es Carvalho<br \/>\nEstimativas de biomassa, abund\u00e2ncia e riqueza de lianas em um fragmento de cerrado sensu stricto em Itirapina, S\u00e3o Paulo<\/a><\/p>\n<hr align=\"center\" noshade=\"noshade\" size=\"1\" width=\"100%\" \/>\n<p style=\"text-align: center\"><strong>\u00a0<a href=\"https:\/\/www.infraestruturameioambiente.sp.gov.br\/pgibt\/dissertacoesteses\/\">VOLTAR AS DISSERTA\u00c7\u00d5ES E TESES<\/a><\/strong><\/p>\n<hr align=\"center\" noshade=\"noshade\" size=\"1\" width=\"100%\" \/>\n","protected":false},"excerpt":{"rendered":"<p>Paula Guimar\u00e3es Carvalho No dia 24 de setembro de 2012, a aluna Paula Guimar\u00e3es Carvalho, bolsista CNPq do\u00a0Programa de P\u00f3s Gradua\u00e7\u00e3o em Biodiversidade Vegetal e Meio Ambiente defendeu sua disserta\u00e7\u00e3o de mestrado intitulada: \u201cEstimativas de biomassa, abund\u00e2ncia e riqueza de lianas em um fragmento de cerrado\u00a0sensu stricto\u00a0em Itirapina, S\u00e3o Paulo&#8221;, sob orienta\u00e7\u00e3o da Dra. Maria [&hellip;]<\/p>\n","protected":false},"author":1,"featured_media":0,"parent":249,"menu_order":0,"comment_status":"closed","ping_status":"closed","template":"fullpage.php","meta":[],"_links":{"self":[{"href":"https:\/\/www.infraestruturameioambiente.sp.gov.br\/pgibt\/wp-json\/wp\/v2\/pages\/753"}],"collection":[{"href":"https:\/\/www.infraestruturameioambiente.sp.gov.br\/pgibt\/wp-json\/wp\/v2\/pages"}],"about":[{"href":"https:\/\/www.infraestruturameioambiente.sp.gov.br\/pgibt\/wp-json\/wp\/v2\/types\/page"}],"author":[{"embeddable":true,"href":"https:\/\/www.infraestruturameioambiente.sp.gov.br\/pgibt\/wp-json\/wp\/v2\/users\/1"}],"replies":[{"embeddable":true,"href":"https:\/\/www.infraestruturameioambiente.sp.gov.br\/pgibt\/wp-json\/wp\/v2\/comments?post=753"}],"version-history":[{"count":0,"href":"https:\/\/www.infraestruturameioambiente.sp.gov.br\/pgibt\/wp-json\/wp\/v2\/pages\/753\/revisions"}],"up":[{"embeddable":true,"href":"https:\/\/www.infraestruturameioambiente.sp.gov.br\/pgibt\/wp-json\/wp\/v2\/pages\/249"}],"wp:attachment":[{"href":"https:\/\/www.infraestruturameioambiente.sp.gov.br\/pgibt\/wp-json\/wp\/v2\/media?parent=753"}],"curies":[{"name":"wp","href":"https:\/\/api.w.org\/{rel}","templated":true}]}}