{"id":7323,"date":"2019-12-06T13:23:27","date_gmt":"2019-12-06T15:23:27","guid":{"rendered":"https:\/\/www.infraestruturameioambiente.sp.gov.br\/pgibt\/?page_id=7323"},"modified":"2019-12-06T13:28:43","modified_gmt":"2019-12-06T15:28:43","slug":"francine-faia-fernandes-ms","status":"publish","type":"page","link":"https:\/\/www.infraestruturameioambiente.sp.gov.br\/pgibt\/dissertacoesteses\/francine-faia-fernandes-ms\/","title":{"rendered":"Francine Faia Fernandes DR"},"content":{"rendered":"<h2 style=\"text-align: center\"><a href=\"arquivos.ambiente.sp.gov.br\/pgibt\/2015\/02\/faixapos6.jpg\"><img decoding=\"async\" loading=\"lazy\" class=\"aligncenter wp-image-3777 size-full\" style=\"border: 0px\" src=\"https:\/\/smastr16.blob.core.windows.net\/pgibt\/2015\/02\/faixapos6.jpg\" alt=\"faixapos6\" width=\"950\" height=\"163\" srcset=\"https:\/\/smastr16.blob.core.windows.net\/pgibt\/2015\/02\/faixapos6.jpg 950w, https:\/\/smastr16.blob.core.windows.net\/pgibt\/2015\/02\/faixapos6-768x131.jpg 768w\" sizes=\"(max-width: 950px) 100vw, 950px\" \/><\/a><\/h2>\n<hr align=\"center\" noshade=\"noshade\" size=\"1\" width=\"100%\" \/>\n<h2 style=\"text-align: center\">Francine Faia Fernandes<\/h2>\n<hr align=\"center\" noshade=\"noshade\" size=\"1\" width=\"100%\" \/>\n<p style=\"text-align: center\"><a href=\"https:\/\/smastr16.blob.core.windows.net\/pgibt\/2019\/12\/imagem-1.jpg\" target=\"_blank\" rel=\"noopener noreferrer\"><img decoding=\"async\" loading=\"lazy\" class=\"alignnone wp-image-7324 \" src=\"https:\/\/smastr16.blob.core.windows.net\/pgibt\/2019\/12\/imagem-1.jpg\" alt=\"\" width=\"586\" height=\"254\" srcset=\"https:\/\/smastr16.blob.core.windows.net\/pgibt\/2019\/12\/imagem-1.jpg 1080w, https:\/\/smastr16.blob.core.windows.net\/pgibt\/2019\/12\/imagem-1-320x139.jpg 320w, https:\/\/smastr16.blob.core.windows.net\/pgibt\/2019\/12\/imagem-1-768x333.jpg 768w, https:\/\/smastr16.blob.core.windows.net\/pgibt\/2019\/12\/imagem-1-1024x444.jpg 1024w, https:\/\/smastr16.blob.core.windows.net\/pgibt\/2019\/12\/imagem-1-250x108.jpg 250w, https:\/\/smastr16.blob.core.windows.net\/pgibt\/2019\/12\/imagem-1-550x238.jpg 550w, https:\/\/smastr16.blob.core.windows.net\/pgibt\/2019\/12\/imagem-1-800x347.jpg 800w, https:\/\/smastr16.blob.core.windows.net\/pgibt\/2019\/12\/imagem-1-415x180.jpg 415w, https:\/\/smastr16.blob.core.windows.net\/pgibt\/2019\/12\/imagem-1-692x300.jpg 692w\" sizes=\"(max-width: 586px) 100vw, 586px\" \/><\/a><\/p>\n<p style=\"text-align: center\">Nesta Tese, buscou-se levantar a morfologia externa e a anatomia de l\u00e2minas foliares (referidas como caracter\u00edsticas morfo-anat\u00f4micas) e os padr\u00f5es de respostas no mesofilo (referidas como marcadores microsc\u00f3picos), para indicar o n\u00edvel potencial de aclimata\u00e7\u00e3o (toler\u00e2ncia) e suscetibilidade (sensibilidade) de tr\u00eas grupos funcionais (esp\u00e9cies arb\u00f3reas pioneiras, arb\u00f3reas n\u00e3o pioneiras e lianas) a m\u00faltiplos fatores de estresse ambiental (clim\u00e1ticos e\/ou polui\u00e7\u00e3o atmosf\u00e9rica).<\/p>\n<p style=\"text-align: center\">Para tanto, efetuamos as an\u00e1lises em l\u00e2minas foliares com t\u00e9cnicas simples (\u00e1rea foliar, peso seco, peso fresco e conte\u00fado de \u00e1gua) e microscopia de luz de vinte e duas esp\u00e9cies arb\u00f3reas nativas (pioneiras <em>vs<\/em> n\u00e3o pioneiras) de ocorr\u00eancia em diferentes remanescentes florestais localizados no sudeste do Brasil (S\u00e3o Paulo e Minas Gerais), que diferem entre si pela fisionomia florestal e composi\u00e7\u00e3o das esp\u00e9cies vegetais devido \u00e0s suas condi\u00e7\u00f5es clim\u00e1ticas naturais e \u00e0 proximidade de fontes de polui\u00e7\u00e3o poluentes. Al\u00e9m disso, a microscopia de luz e microscopia confocal foram utilizadas para avaliar as repostas de indiv\u00edduos jovens de uma esp\u00e9cie de liana, ap\u00f3s um experimento controlado com oz\u00f4nio (O<sub>3<\/sub>), realizado na It\u00e1lia, sob a supervis\u00e3o do Dra Elena Paoletti do Institute for Sustainable Plant Protection\/National Research Council of Italy.<\/p>\n<p style=\"text-align: center\">As an\u00e1lises permitiram distinguir o n\u00edvel de toler\u00e2ncia dos tr\u00eas grupos funcionais estudados e as estrat\u00e9gias usadas pelas plantas para lidar com o estresse ambiental, colocando a anatomia como pe\u00e7a fundamental em estudos que buscam modelos de respostas em biomas com alta biodiversidade, como o caso da Floresta Atl\u00e2ntica.<\/p>\n<hr align=\"center\" noshade=\"noshade\" size=\"1\" width=\"100%\" \/>\n<h3 style=\"text-align: center\">Caracter\u00edsticas morfo-anat\u00f4micas foliares funcionais e respostas estruturais de diferentes grupos funcionais da Floresta Atl\u00e2ntica a dist\u00farbios ambientais<\/h3>\n<hr align=\"center\" noshade=\"noshade\" size=\"1\" width=\"100%\" \/>\n<p style=\"text-align: center\"><strong>ABSTRACT<\/strong><\/p>\n<p style=\"text-align: justify\">The Atlantic Rain Forest has been affected by air pollutants and climatic abnormalities. The interaction among different stressors under natural conditions might promote synergistic effects or cross-resistance in plants, which determined the ability or inability of a given species to tolerate the oxidative stress. However, the stablishment of ecosystemic patterns in this Brazilian biome based on the potential acclimation (tolerance) and susceptibility (intolerance) to oxidative stress of its native plant species is hampered by its high biodiversity. Therefore, this thesis applies an ecosystemic approach, in which the morpho-anatomical leaf traits and structural responses (here referred as microscopic markers) of species belonging to three functional groups of the Atlantic Forest (pioneer and non-pioneer tree species and lianas) were studied. In this regard, two experimental steps were performed: (1) tree species were selected and studied in forest remnants located in southeast Brazil. These forest remnants are adapted to different climatic and edaphic conditions and have also been affected by atmospheric pollutants emitted by different anthropic sources; (2) <em>Passiflora edulis<\/em> (Passifloreaceae), a liana species, was submitted to ozone in a FACE (<em>Free-Air Controlled Exposure<\/em>) system.We concluded that pioneer tree species have compact mesophyll and high trichome density, which restrict or avoid the effects of oxidative stress posed by natural (e.g. high solar radiation and vapor pressure deficit) and anthropic (e.g. gaseous and particulate pollutants and climatic changes) stressors. Therefore, pioneer species are more tolerant than non-pioneer species. In addiction, the representative species of each funtional group (pioneer <em>vs<\/em> non-pioneer tree species) were clustered with basis on their morpho-anatomical leaf traits, emerging groups of species with distinct potenctial tolerance levels to oxidative stress (results included in Chapter 1). Further, the tolerance level to oxidative stress was validated in the mentioned grups of tree species (tolerant, intermidiate and sensitive species) by using microscopic markers. Species lower potential of tolerance to environmental stress showed greater variety of microscopic markers in mesophyll, such as wart-like protrusion, plasmolysis of cells, plasma membrane changes and fragmentation of the central vacuole in numerous small vesicles. The tolerant species showed microscopic markers that are indicators of increased resistance against oxidative stress, such as hypertrophy of mesophyll cells and accumulation of phenolic glycosides in the apoplast (results included in Chapter 2). Finally, <em>P. edulis<\/em> showed also to be tolerant to oxidative stress because, in the presence of ozone, plants responded with accelerated senescence to avoid the propagation of damage, structural responses and increase of constitutive defense compounds. These responses show a higher ability of plants to acclimate to oxidative stress (results included in Chapter 3). This thesis highlights the importance of plant anatomy to describe patterns of plant responses and new insights about the plasticity of different plant species to environmental oxidative pressure.<br \/>\nKeywords: environmental filters, foliar anatomy<strong>, <\/strong>foliar morphology, microscopic markers, oxidative burst<\/p>\n<p style=\"text-align: center\"><strong>RESUMO<\/strong><\/p>\n<p style=\"text-align: justify\">A Floresta Atl\u00e2ntica vem sendo alvo de perturba\u00e7\u00f5es causadas por poluentes atmosf\u00e9ricos e anormalidades clim\u00e1ticas. A intera\u00e7\u00e3o entre diferentes estressores sob condi\u00e7\u00f5es naturais pode promover efeitos sin\u00e9rgicos nas plantas, respostas estas associadas \u00e0 capacidade de dada esp\u00e9cie tolerar o estresse oxidativo. Entretanto, a defini\u00e7\u00e3o de padr\u00f5es de respostas ecossist\u00eamicas nesse bioma brasileiro com base no potencial de aclimata\u00e7\u00e3o (toler\u00e2ncia) e suscetibilidade (sensibilidade) ao estresse oxidativo de suas esp\u00e9cies nativas \u00e9 dificultada devido \u00e0 sua alta biodiversidade. Assim, a presente tese utiliza como alternativa uma abordagem ecossist\u00eamica, na qual as caracter\u00edsticas morfo-anat\u00f4micas e as respostas estruturais (referidas como marcadores microsc\u00f3picos) foliares de esp\u00e9cies representativas de tr\u00eas grupos funcionais da Floresta Atl\u00e2ntica (esp\u00e9cies arb\u00f3reas pioneiras, arb\u00f3reas n\u00e3o pioneiras e lianas) foram estudadas.\u00a0 Para tanto, duas etapas experimentais foram realizadas: (1) esp\u00e9cies arb\u00f3reas foram selecionadas e estudadas em remanescentes florestais localizados no sudeste do Brasil. Esses remanescentes florestais est\u00e3o adaptados a diferentes condi\u00e7\u00f5es clim\u00e1ticas e ed\u00e1ficas e tamb\u00e9m t\u00eam sido afetados por poluentes atmosf\u00e9ricos emitidos por diferentes fontes antr\u00f3picas; (2) <em>Passiflora edulis<\/em> (Passifloreaceae), esp\u00e9cie de liana, foi submetida ao oz\u00f4nio em sistema FACE (<em>Free-Air Controlled Exposure<\/em>). Notou-se que, esp\u00e9cies arb\u00f3reas pioneiras possuem mesofilo mais compacto e maior densidade de tricomas, o que restringe ou evita os efeitos do estresse oxidativo causados por fatores de estresse naturais (por exemplo, alta radia\u00e7\u00e3o solar e d\u00e9ficit de press\u00e3o de vapor) e antr\u00f3picos (por exemplo, poluentes gasosos e particulados e mudan\u00e7as clim\u00e1ticas), e, portanto, s\u00e3o potencialmente mais tolerantes que as esp\u00e9cies arb\u00f3reas n\u00e3o pioneiras. Ainda, as esp\u00e9cies representativas de cada grupo funcional (pioneira <em>vs<\/em> esp\u00e9cies arb\u00f3reas n\u00e3o pioneiras) foram agrupadas com base nas caracteristicas morfo-anat\u00f4micas funcionais foliares, as quais indicaram os n\u00edveis de potencial toler\u00e2ncia das esp\u00e9cies ao estresse oxidative (resultados apresentados no cap\u00edtulo 1). Posteriomente, o n\u00edvel de toler\u00e2ncia ao estresse oxidativo das esp\u00e9cies (esp\u00e9cies tolerantes, intermedi\u00e1rias e sens\u00edveis) foi validado com base nos marcadores microsc\u00f3picos encontrados. Esp\u00e9cies com menor potencial de toler\u00e2ncia apresentaram maior variedade desses marcadores no mesofilo, tais como: protrus\u00f5es de parede, celulas parenquim\u00e1ticas plasmolisadas, altera\u00e7\u00f5es na membrana celular e fragmenta\u00e7\u00e3o do vac\u00faolo em pequenas ves\u00edculas. As esp\u00e9cies potencialmente tolerantes, por sua vez, mostraram marcadores microsc\u00f3picos indicadores de aumento de resist\u00eancia ao estresse oxidativo, como hipertrofia de c\u00e9lulas do mesofilo e ac\u00famulo de fen\u00f3licos glicosilados no apoplasto (resultados apresentados no cap\u00edtulo 2). Por fim, <em>P. edulis<\/em> mostrou-se tamb\u00e9m tolerante ao estresse oxidativo, uma vez que, na presen\u00e7a do oz\u00f4nio, respondeu com senesc\u00eancia acelerada para evitar a propaga\u00e7\u00e3o de danos, respostas estruturais e aumento dos compostos de defesa constitutiva. Tais respostas permitiram a aclimata\u00e7\u00e3o das plantas ao estresse oxidativo (resultados apresentados no cap\u00edtulo 3). Esta tese enfatiza a impot\u00e2ncia da anatomia para encontrar padr\u00f5es de respostas das plantas e permitiu novos <em>insights<\/em> quanto a plasticidade de respostas das plantas \u00e0 press\u00e3o oxidativa ambiental.<br \/>\nPalavras-chave: anatomia foliar<strong>, <\/strong>estresse oxidativo<em>, <\/em>filtros ambientais, marcadores miscosc\u00f3picos, morfologia foliar<\/p>\n<hr align=\"center\" noshade=\"noshade\" size=\"1\" width=\"100%\" \/>\n<p style=\"text-align: center\"><a href=\"https:\/\/smastr16.blob.core.windows.net\/pgibt\/2019\/12\/francine_faia_fernandes_dr.pdf\" target=\"_blank\" rel=\"noopener noreferrer\"><img decoding=\"async\" loading=\"lazy\" class=\"aligncenter\" src=\"https:\/\/smastr16.blob.core.windows.net\/pgibt\/2013\/09\/pdf_grande.gif\" alt=\"pdf_grande\" width=\"60\" height=\"60\" \/><\/a><a href=\"https:\/\/smastr16.blob.core.windows.net\/pgibt\/2019\/12\/francine_faia_fernandes_dr.pdf\" target=\"_blank\" rel=\"noopener noreferrer\"><strong>Francine Faia Fernandes<\/strong><\/a><br \/>\n<a href=\"https:\/\/smastr16.blob.core.windows.net\/pgibt\/2019\/12\/francine_faia_fernandes_dr.pdf\" target=\"_blank\" rel=\"noopener noreferrer\">Caracter\u00edsticas morfo-anat\u00f4micas foliares funcionais e respostas estruturais de diferentes grupos funcionais da Floresta Atl\u00e2ntica a dist\u00farbios ambientais<\/a><\/p>\n<hr align=\"center\" noshade=\"noshade\" size=\"1\" width=\"100%\" \/>\n<p style=\"text-align: center\"><strong>\u00a0<a href=\"www.infraestruturameioambiente.sp.gov.br\/pgibt\/dissertacoesteses\/\">VOLTAR AS DISSERTA\u00c7\u00d5ES E TESES<\/a><\/strong><\/p>\n<hr align=\"center\" noshade=\"noshade\" size=\"1\" width=\"100%\" \/>\n","protected":false},"excerpt":{"rendered":"<p>Francine Faia Fernandes Nesta Tese, buscou-se levantar a morfologia externa e a anatomia de l\u00e2minas foliares (referidas como caracter\u00edsticas morfo-anat\u00f4micas) e os padr\u00f5es de respostas no mesofilo (referidas como marcadores microsc\u00f3picos), para indicar o n\u00edvel potencial de aclimata\u00e7\u00e3o (toler\u00e2ncia) e suscetibilidade (sensibilidade) de tr\u00eas grupos funcionais (esp\u00e9cies arb\u00f3reas pioneiras, arb\u00f3reas n\u00e3o pioneiras e lianas) a [&hellip;]<\/p>\n","protected":false},"author":103,"featured_media":0,"parent":249,"menu_order":0,"comment_status":"closed","ping_status":"closed","template":"","meta":[],"_links":{"self":[{"href":"https:\/\/www.infraestruturameioambiente.sp.gov.br\/pgibt\/wp-json\/wp\/v2\/pages\/7323"}],"collection":[{"href":"https:\/\/www.infraestruturameioambiente.sp.gov.br\/pgibt\/wp-json\/wp\/v2\/pages"}],"about":[{"href":"https:\/\/www.infraestruturameioambiente.sp.gov.br\/pgibt\/wp-json\/wp\/v2\/types\/page"}],"author":[{"embeddable":true,"href":"https:\/\/www.infraestruturameioambiente.sp.gov.br\/pgibt\/wp-json\/wp\/v2\/users\/103"}],"replies":[{"embeddable":true,"href":"https:\/\/www.infraestruturameioambiente.sp.gov.br\/pgibt\/wp-json\/wp\/v2\/comments?post=7323"}],"version-history":[{"count":2,"href":"https:\/\/www.infraestruturameioambiente.sp.gov.br\/pgibt\/wp-json\/wp\/v2\/pages\/7323\/revisions"}],"predecessor-version":[{"id":7327,"href":"https:\/\/www.infraestruturameioambiente.sp.gov.br\/pgibt\/wp-json\/wp\/v2\/pages\/7323\/revisions\/7327"}],"up":[{"embeddable":true,"href":"https:\/\/www.infraestruturameioambiente.sp.gov.br\/pgibt\/wp-json\/wp\/v2\/pages\/249"}],"wp:attachment":[{"href":"https:\/\/www.infraestruturameioambiente.sp.gov.br\/pgibt\/wp-json\/wp\/v2\/media?parent=7323"}],"curies":[{"name":"wp","href":"https:\/\/api.w.org\/{rel}","templated":true}]}}