{"id":7162,"date":"2019-09-30T11:17:54","date_gmt":"2019-09-30T14:17:54","guid":{"rendered":"https:\/\/www.infraestruturameioambiente.sp.gov.br\/pgibt\/?page_id=7162"},"modified":"2019-10-10T15:26:13","modified_gmt":"2019-10-10T18:26:13","slug":"marcela-inacio-da-silva-ms","status":"publish","type":"page","link":"https:\/\/www.infraestruturameioambiente.sp.gov.br\/pgibt\/dissertacoesteses\/marcela-inacio-da-silva-ms\/","title":{"rendered":"Marcela In\u00e1cio da Silva MS"},"content":{"rendered":"<h2 style=\"text-align: center\"><a href=\"arquivos.ambiente.sp.gov.br\/pgibt\/2015\/02\/faixapos6.jpg\"><img decoding=\"async\" loading=\"lazy\" class=\"aligncenter wp-image-3777 size-full\" style=\"border: 0px\" src=\"https:\/\/smastr16.blob.core.windows.net\/pgibt\/2015\/02\/faixapos6.jpg\" alt=\"faixapos6\" width=\"950\" height=\"163\" srcset=\"https:\/\/smastr16.blob.core.windows.net\/pgibt\/2015\/02\/faixapos6.jpg 950w, https:\/\/smastr16.blob.core.windows.net\/pgibt\/2015\/02\/faixapos6-768x131.jpg 768w\" sizes=\"(max-width: 950px) 100vw, 950px\" \/><\/a><\/h2>\n<hr align=\"center\" noshade=\"noshade\" size=\"1\" width=\"100%\" \/>\n<h2 style=\"text-align: center\">Marcela In\u00e1cio da Silva<\/h2>\n<hr align=\"center\" noshade=\"noshade\" size=\"1\" width=\"100%\" \/>\n<p style=\"text-align: center\">As mudan\u00e7as clim\u00e1ticas\u00a0ao longo do s\u00e9culo 21 s\u00e3o uma amea\u00e7a \u00e0 biodiversidade, colocando em risco muitas esp\u00e9cies da fauna e flora do planeta.<\/p>\n<p style=\"text-align: center\">A percep\u00e7\u00e3o de que a distribui\u00e7\u00e3o geogr\u00e1fica dos organismos \u00e9 determinada pela ocorr\u00eancia de condi\u00e7\u00f5es ambientais adequadas \u00e9 antiga. Contudo, recentemente o aumento no interesse sobre a modelagem da distribui\u00e7\u00e3o de esp\u00e9cies foi motivado pela disponibiliza\u00e7\u00e3o de uma grande quantidade de dados ambientais e da ocorr\u00eancia das esp\u00e9cies, facilitando a produ\u00e7\u00e3o de mapas com base na extrapola\u00e7\u00e3o das rela\u00e7\u00f5es entre estas.<\/p>\n<p style=\"text-align: center\">No territ\u00f3rio paulista existem cerca de um milh\u00e3o de hectares de matas ciliares, que apresentam um ambiente bastante distinto e elevado n\u00famero de esp\u00e9cies. Apesar das matas ciliares serem protegidas pelo Novo C\u00f3digo Florestal Brasileiro esta lei tem sido mal aplicada. V\u00e1rias das mudan\u00e7as propostas como &#8211; 1. a redu\u00e7\u00e3o das faixas de prote\u00e7\u00e3o ao longo dos rios, 2. exclus\u00e3o de v\u00e1rias categorias de \u00c1reas de Preserva\u00e7\u00e3o Permanente (APPs), 3. redu\u00e7\u00e3o da Reserva Legal, anistiar desmatadores ilegais incentivando mais desmatamento &#8211;\u00a0 causam, na verdade, grande degrada\u00e7\u00e3o ambiental nesses ambientes. \u00c9 poss\u00edvel que muitos dos que est\u00e3o apoiando essas propostas acreditam, ingenuamente, que reduzir ainda mais as \u00e1reas de habitat remanescente n\u00e3o ter\u00e1 um efeito dr\u00e1stico sobre a biodiversidade.<\/p>\n<p style=\"text-align: center\">Este projeto levou em considera\u00e7\u00e3o um modelo de computador que usou as informa\u00e7\u00f5es para estabelecer cen\u00e1rios, baseados em proje\u00e7\u00f5es do IPCC (Painel Intergovernamental de Mudan\u00e7a Clim\u00e1tica) tanto para hoje quanto para 2050 para distribui\u00e7\u00e3o de tr\u00eas grupos ecol\u00f3gicos de bri\u00f3fitas terr\u00edcolas em matas ciliares no Estado de S\u00e3o Paulo. Por\u00e9m, quando s\u00e3o considerados os cen\u00e1rios com as mudan\u00e7as clim\u00e1ticas previstas para 2050, as \u00e1reas de distribui\u00e7\u00e3o potencial das bri\u00f3fitas encolhem \u2013 algumas sensivelmente. \u00c9 o caso do grupo ecol\u00f3gico denominado Associadas (esp\u00e9cies de v\u00e1rzeas de rios) e Dependentes (esp\u00e9cies encontradas em barrancos de rios), com uma perda de h\u00e1bitat de 9% e de 14% respectivamente.<\/p>\n<p style=\"text-align: center\">As \u00e1reas potenciais para os grupos ecol\u00f3gicos estudados, a grosso modo, sobrep\u00f5em-se. Com isso, e diante do cen\u00e1rio de mudan\u00e7as clim\u00e1ticas, \u00e9 de se esperar que as esp\u00e9cies com maior distribui\u00e7\u00e3o ser\u00e3o aquelas com maior perda de \u00e1rea climaticamente favor\u00e1vel. E no caso, nesses locais, as temperaturas continuem subindo como os modelos indicam, h\u00e1 chances reais de as esp\u00e9cies n\u00e3o terem adapta\u00e7\u00f5es necess\u00e1rias para lidar com um ambiente mais quente, e reduzir os percentuais de larguras de matas ciliares levaria inevitavelmente \u00e0 extin\u00e7\u00e3o de milhares de esp\u00e9cies de animais e plantas. Nesse cen\u00e1rio, as propostas do Novo C\u00f3digo Florestal est\u00e3o na contram\u00e3o.<\/p>\n<hr align=\"center\" noshade=\"noshade\" size=\"1\" width=\"100%\" \/>\n<h3 style=\"text-align: center\">Distribui\u00e7\u00e3o potencial de bri\u00f3fitas como ferramenta para conserva\u00e7\u00e3o de matas ciliares diante de cen\u00e1rios de mudan\u00e7as clim\u00e1ticas no Estado de S\u00e3o Paulo, Brasil<\/h3>\n<hr align=\"center\" noshade=\"noshade\" size=\"1\" width=\"100%\" \/>\n<h4 style=\"text-align: center\"><strong>ABSTRACT<\/strong><\/h4>\n<p style=\"text-align: justify\">The Brazilian Forest Code of 2012 determines the destination of Brazilian riparian forests and defines the minimum range of permanent preservation areas (PPAs) along the watercourses. Climate change is expected to cause changes in the distribution of species around the world, threatening its existence due to the reduction of range potentially altering its occurrence in protected areas. In this study, we evaluated how climate change and habitat loss can restrict the distribution of three groups (Associated, Dependent and Exclusive) of terrestrial bryophyte species occurring in riparian forests, using different modeling algorithms. The models were generated by two sets of different predictors: a) climate only, and b) climate and forest remnants. All data were analyzed in the statistical programming environment R, using the biomod2 package. The performance of the algorithm was evaluated by the TSS values, so that the consensus models considered only those with TSS&gt; 0.4. For future predictions, less optimistic scenarios of climate change (RCP8.5) were considered in the year 2050, using the Community Climate System Model (CCSM4). The inclusion of the remaining forest variable affected the size and shape of the appropriate areas provided, especially in future models in the State of S\u00e3o Paulo. With the results obtained it was possible to observe: 1) the behavior of ecological groups in the worst climate change scenario and reductions of remaining climatic areas for different groups of bryophytes. 2) The behavior of the groups in relation to habitat loss showed, for the Exclusives group, unlike the other two groups, they responded differently, with an estimate of expansion with the inclusion of the remaining forest variable. Finally, our results highlight the importance of going beyond climatic scenarios in the modeling of biological responses to climate change, since the restriction to climatic variables in the models may overestimate the future suitability of bryophyte species. This combined analysis can be a useful tool to identify conservation areas and strengthen the protection of PPAs, which are, in principle, protected by the Forest Code.<br \/>\n<strong>Keywords<\/strong>: Bryophytes, Riparian Forests, Ecological Niche Models, Forest Code<\/p>\n<h4 style=\"text-align: center\"><strong>RESUMO<\/strong><\/h4>\n<p style=\"text-align: justify\">O C\u00f3digo Florestal Brasileiro de 2012 determina o destino das matas ciliares brasileiras e define o alcance m\u00ednimo das \u00e1reas de preserva\u00e7\u00e3o permanente (APPs) ao longo dos cursos de \u00e1gua. Espera-se que as mudan\u00e7as clim\u00e1ticas causem altera\u00e7\u00f5es na distribui\u00e7\u00e3o das esp\u00e9cies em todo o mundo, amea\u00e7ando sua exist\u00eancia devido \u00e0 redu\u00e7\u00e3o de faixa potencialmente alterando sua ocorr\u00eancia em \u00e1reas protegidas. Neste estudo, avaliamos como as mudan\u00e7as clim\u00e1ticas e a perda de habitat podem restringir a distribui\u00e7\u00e3o de tr\u00eas grupos (Associadas, Dependentes e Exclusivas) de esp\u00e9cies de bri\u00f3fitas terrestres ocorrentes em matas ciliares, usando diferentes algoritmos de modelagem. Os modelos foram gerados por dois conjuntos de diferentes preditores: a) somente clima, e b) clima e remanescentes florestais. Todos os dados foram analisados no ambiente de programa\u00e7\u00e3o estat\u00edstica R, empregando a pacote biomod2. O desempenho do algoritmo foi avaliado pelos valores de TSS, de modo que os modelos de consenso consideraram apenas aqueles com TSS&gt; 0,4. Para previs\u00f5es futuras, foram considerados cen\u00e1rios menos otimistas de mudan\u00e7a clim\u00e1tica (RCP8.5) no ano 2050, empregando o Modelo de Sistema Clim\u00e1tico Comunit\u00e1rio (CCSM4). A inclus\u00e3o da vari\u00e1vel remanescentes florestais afetou o tamanho e a forma das \u00e1reas adequadas fornecidas, especialmente em modelos futuros no Estado de S\u00e3o Paulo. Com os resultados obtidos foi poss\u00edvel observar: 1) o comportamento dos grupos ecol\u00f3gicos no pior cen\u00e1rio de mudan\u00e7as clim\u00e1ticas e redu\u00e7\u00f5es de \u00e1reas clim\u00e1ticas remanescentes para diferentes grupos de bri\u00f3fitas. 2) O comportamento dos grupos em rela\u00e7\u00e3o a perda de habitat mostrou para o grupo das Exclusivas, diferentemente dos outros dois grupos, responderam de forma diferente, com uma estimativa de expans\u00e3o com a inclus\u00e3o da vari\u00e1vel remanescentes florestais. Finalmente, nossos resultados destacam a import\u00e2ncia de ir al\u00e9m dos cen\u00e1rios clim\u00e1ticos na modelagem de respostas biol\u00f3gicas \u00e0s mudan\u00e7as clim\u00e1ticas, pois a restri\u00e7\u00e3o a vari\u00e1veis clim\u00e1ticas nos modelos pode superestimar a adequa\u00e7\u00e3o futura das esp\u00e9cies de bri\u00f3fitas. Essa an\u00e1lise combinada pode ser uma ferramenta \u00fatil para identificar \u00e1reas de conserva\u00e7\u00e3o e fortalecer a prote\u00e7\u00e3o de APPs, que s\u00e3o, em princ\u00edpio, protegidos pelo C\u00f3digo Florestal.<br \/>\n<strong>Palavras-chave<\/strong>: Bri\u00f3fitas, Mata Ciliar, Modelos de Nicho, C\u00f3digo Florestal<\/p>\n<h4 style=\"text-align: center\"><\/h4>\n<hr align=\"center\" noshade=\"noshade\" size=\"1\" width=\"100%\" \/>\n<p style=\"text-align: center\"><a href=\"https:\/\/smastr16.blob.core.windows.net\/pgibt\/2019\/09\/marcela_inacio_da-_silva_ms.pdf\" target=\"_blank\" rel=\"noopener noreferrer\"><img decoding=\"async\" loading=\"lazy\" class=\"aligncenter\" src=\"https:\/\/smastr16.blob.core.windows.net\/pgibt\/2013\/09\/pdf_grande.gif\" alt=\"pdf_grande\" width=\"60\" height=\"60\" \/><\/a><span style=\"color: #000000\"><a style=\"color: #000000\" href=\"https:\/\/smastr16.blob.core.windows.net\/pgibt\/2019\/09\/marcela_inacio_da-_silva_ms.pdf\" target=\"_blank\" rel=\"noopener noreferrer\">Marcela In\u00e1cio da Silva<\/a><\/span><a href=\"https:\/\/smastr16.blob.core.windows.net\/pgibt\/2019\/09\/marcela_inacio_da-_silva_ms.pdf\" target=\"_blank\" rel=\"noopener noreferrer\"><br \/>\nDistribui\u00e7\u00e3o potencial de bri\u00f3fitas como ferramenta para conserva\u00e7\u00e3o de matas ciliares diante de cen\u00e1rios de mudan\u00e7as clim\u00e1ticas no Estado de S\u00e3o Paulo, Brasil<br \/>\n<\/a><\/p>\n<hr align=\"center\" noshade=\"noshade\" size=\"1\" width=\"100%\" \/>\n<p style=\"text-align: center\"><strong>\u00a0<a href=\"www.infraestruturameioambiente.sp.gov.br\/pgibt\/dissertacoesteses\/\">VOLTAR AS DISSERTA\u00c7\u00d5ES E TESES<\/a><\/strong><\/p>\n<hr align=\"center\" noshade=\"noshade\" size=\"1\" width=\"100%\" \/>\n","protected":false},"excerpt":{"rendered":"<p>Marcela In\u00e1cio da Silva As mudan\u00e7as clim\u00e1ticas\u00a0ao longo do s\u00e9culo 21 s\u00e3o uma amea\u00e7a \u00e0 biodiversidade, colocando em risco muitas esp\u00e9cies da fauna e flora do planeta. A percep\u00e7\u00e3o de que a distribui\u00e7\u00e3o geogr\u00e1fica dos organismos \u00e9 determinada pela ocorr\u00eancia de condi\u00e7\u00f5es ambientais adequadas \u00e9 antiga. Contudo, recentemente o aumento no interesse sobre a modelagem [&hellip;]<\/p>\n","protected":false},"author":103,"featured_media":0,"parent":249,"menu_order":0,"comment_status":"closed","ping_status":"closed","template":"","meta":[],"_links":{"self":[{"href":"https:\/\/www.infraestruturameioambiente.sp.gov.br\/pgibt\/wp-json\/wp\/v2\/pages\/7162"}],"collection":[{"href":"https:\/\/www.infraestruturameioambiente.sp.gov.br\/pgibt\/wp-json\/wp\/v2\/pages"}],"about":[{"href":"https:\/\/www.infraestruturameioambiente.sp.gov.br\/pgibt\/wp-json\/wp\/v2\/types\/page"}],"author":[{"embeddable":true,"href":"https:\/\/www.infraestruturameioambiente.sp.gov.br\/pgibt\/wp-json\/wp\/v2\/users\/103"}],"replies":[{"embeddable":true,"href":"https:\/\/www.infraestruturameioambiente.sp.gov.br\/pgibt\/wp-json\/wp\/v2\/comments?post=7162"}],"version-history":[{"count":3,"href":"https:\/\/www.infraestruturameioambiente.sp.gov.br\/pgibt\/wp-json\/wp\/v2\/pages\/7162\/revisions"}],"predecessor-version":[{"id":7220,"href":"https:\/\/www.infraestruturameioambiente.sp.gov.br\/pgibt\/wp-json\/wp\/v2\/pages\/7162\/revisions\/7220"}],"up":[{"embeddable":true,"href":"https:\/\/www.infraestruturameioambiente.sp.gov.br\/pgibt\/wp-json\/wp\/v2\/pages\/249"}],"wp:attachment":[{"href":"https:\/\/www.infraestruturameioambiente.sp.gov.br\/pgibt\/wp-json\/wp\/v2\/media?parent=7162"}],"curies":[{"name":"wp","href":"https:\/\/api.w.org\/{rel}","templated":true}]}}