{"id":7156,"date":"2019-09-27T11:00:54","date_gmt":"2019-09-27T14:00:54","guid":{"rendered":"https:\/\/www.infraestruturameioambiente.sp.gov.br\/pgibt\/?page_id=7156"},"modified":"2019-09-27T11:00:54","modified_gmt":"2019-09-27T14:00:54","slug":"celso-markowitsch-jose-ms","status":"publish","type":"page","link":"https:\/\/www.infraestruturameioambiente.sp.gov.br\/pgibt\/dissertacoesteses\/celso-markowitsch-jose-ms\/","title":{"rendered":"Celso Markowitsch Jose MS"},"content":{"rendered":"<h2 style=\"text-align: center\"><a href=\"arquivos.ambiente.sp.gov.br\/pgibt\/2015\/02\/faixapos6.jpg\"><img decoding=\"async\" loading=\"lazy\" class=\"aligncenter wp-image-3777 size-full\" style=\"border: 0px\" src=\"https:\/\/smastr16.blob.core.windows.net\/pgibt\/2015\/02\/faixapos6.jpg\" alt=\"faixapos6\" width=\"950\" height=\"163\" srcset=\"https:\/\/smastr16.blob.core.windows.net\/pgibt\/2015\/02\/faixapos6.jpg 950w, https:\/\/smastr16.blob.core.windows.net\/pgibt\/2015\/02\/faixapos6-768x131.jpg 768w\" sizes=\"(max-width: 950px) 100vw, 950px\" \/><\/a><\/h2>\n<hr align=\"center\" noshade=\"noshade\" size=\"1\" width=\"100%\" \/>\n<h2 style=\"text-align: center\">Celso Markowitsch Jose<\/h2>\n<hr align=\"center\" noshade=\"noshade\" size=\"1\" width=\"100%\" \/>\n<p style=\"text-align: center\">Embora o Brasil apresente a maior diversidade de bambu do Novo Mundo suas propriedades qu\u00edmicas e bioqu\u00edmicas de bambus brasileiros ainda s\u00e3o poucas exploradas. Este estudo foi realizado para avaliar a atividade antioxidante e fotoprotetora, <em>in vitro<\/em>, dos extratos aquosos e etan\u00f3licos de folhas e colmos <em>de Apoclada simplex<\/em> e <em>Merostachys<\/em> <em>riedeliana<\/em>. Por conseguinte, os fen\u00f3licos e flavon\u00f3ides totais, bem como o perfil qu\u00edmico dos extratos e fra\u00e7\u00f5es s\u00e3o analisados. As propriedades antioxidantes foram examinadas usando m\u00e9todo estavel sequestrador de radicais livres 2,2-difenil-1-picrilhidrazila (DPPH). As atividades fotoprotetoras foram descritas utilizando a t\u00e9cnica de transmiss\u00e3o difusa para determinar o fator de fotoprote\u00e7\u00e3o solar e o n\u00edvel de prote\u00e7\u00e3o contra a radia\u00e7\u00e3o UV. Os fen\u00f3licos e flavon\u00f3ides totais foram analisados utilizando m\u00e9todos de Folin-Ciocalteu e cloreto de alum\u00ednio (AICI<sub>3<\/sub>). As an\u00e1lises em CCD, UHPLC e CG-MS foram utilizadas para caracterizar os fitoconstituintes. As fra\u00e7\u00f5es diclorometano e acetato de etila de <em>M. riedelina <\/em>e <em>A.simplex<\/em> apresentaram uma efic\u00e1cia anti-UVB superior quando comparadas aos com os filtros. A atividade antioxidante pode estar relacionada com os flavon\u00f3ides glicos\u00edlados encontrados em folhas de bambu. Estes resultados demonstram que folhas de bambu apresentam propriedades antioxidantes e fotoprotetoras, podendo considerar <em>A. simplex<\/em> <em>e M. riedeliana<\/em> candidatas \u00fateis para promover o uso de antioxidantes naturais e fotoprotetores na ind\u00fastria de cosm\u00e9ticos.<\/p>\n<hr align=\"center\" noshade=\"noshade\" size=\"1\" width=\"100%\" \/>\n<h3 style=\"text-align: center\">Estudo das atividades biol\u00f3gicas e caracteriza\u00e7\u00e3o qu\u00edmica de dois bambus nativos: <em>Apoclada simplex<\/em> McClure &amp; Smith e <em>Merostachys riedeliana<\/em> Rupr.<\/h3>\n<hr align=\"center\" noshade=\"noshade\" size=\"1\" width=\"100%\" \/>\n<h4 style=\"text-align: center\"><strong>ABSTRACT<\/strong><\/h4>\n<p style=\"text-align: justify\">Although Brazil has the largest bamboo diversity of the New World the chemical and biochemical properties of Brazilian bamboos are still underexploited. This study was undertaken to evaluate the antioxidant and and photoprotective properties, <em>in vitro, <\/em>of the aqueous and ethanolic extracts of <em>Apoclada simplex<\/em> and <em>Merostachys riedeliana <\/em>leaves and culms<em>. <\/em>Therefore the total phenolic and flavonoid contents as well as the chemical profile of the extracts and fractions are described. The antioxidant properties were examined using stable 2,2-diphenyl-1-picrylhydrazyl (DPPH) free radical scavenging. The photoprotective activities were described using the diffuse transmittance technique to determine the solar photoprotection factor and the level of protection against UV radiation. Total phenolics and flavonoids were examined using Folin-Ciocalteu and aluminum chloride (AlCl<sub>3<\/sub>) methods. CCD, UHPLC and CG-MS analysis were used to characterize the phytoconstituents. The ethyl acetate and dichloromethane fractions of <em>M. riedeliana <\/em>leaves had a higher free radical scavenging with an IC<sub>50 <\/sub>concentration with values of 33,96\u00b10,16 \u00b5g\/mL and 36,07\u00b10,18\u00b5g\/mL respectively. The ethyl acetate showed high levels of total flavonoid in the content. Analysis of the ethyl acetate fractions showed the presence of \u03c1-hidroxibenzoic acid, vanilic acid, caffeic acid, siringic acid and quercitin in both <em>A. simplex<\/em> and 4-hidroxibenzoic acid, vanilic acid, trans-ferulic acid, siringic acid and isovitexin, orientin and isoorientin in <em>M. riedeliana. <\/em>Dichloromethane and ethyl acetate fractions of <em>M. riedelina <\/em>and <em>A.simplex <\/em>showed superior anti-UVB efficacy when compared to filters. Antioxidant activity may be related to the flavonoid glycosides found in bamboo leaves. These results showed that bamboo leaves have photoprotective and antioxidant properties, <em>A. simplex<\/em> and <em>M. riedeliana<\/em> may be useful candidates for furthering the use of natural antioxidants and photoprotectors in the cosmetic industry.<br \/>\n<strong>Keywords<\/strong>: antioxidant potential, bamboo leaves, phenolic compounds, photoprotection<\/p>\n<h4 style=\"text-align: center\"><strong>RESUMO<\/strong><\/h4>\n<p style=\"text-align: justify\">Embora o Brasil apresente a maior diversidade de bambu do Novo Mundo suas propriedades qu\u00edmicas e bioqu\u00edmicas de bambus brasileiros ainda s\u00e3o poucas exploradas. Este estudo foi realizado para avaliar a atividade antioxidante e fotoprotetora, <em>in vitro<\/em>, dos extratos aquosos e etan\u00f3licos de folhas e colmos <em>de Apoclada simplex<\/em> e <em>Merostachys<\/em> <em>riedeliana<\/em>. Por conseguinte, os fen\u00f3licos e flavon\u00f3ides totais, bem como o perfil qu\u00edmico dos extratos e fra\u00e7\u00f5es s\u00e3o analisados. As propriedades antioxidantes foram examinadas usando m\u00e9todo estavel sequestrador de radicais livres 2,2-difenil-1-picrilhidrazila (DPPH). As atividades fotoprotetoras foram descritas utilizando a t\u00e9cnica de transmiss\u00e3o difusa para determinar o fator de fotoprote\u00e7\u00e3o solar e o n\u00edvel de prote\u00e7\u00e3o contra a radia\u00e7\u00e3o UV. Os fen\u00f3licos e flavon\u00f3ides totais foram analisados utilizando m\u00e9todos de Folin-Ciocalteu e cloreto de alum\u00ednio (AICI<sub>3<\/sub>). As an\u00e1lises em CCD, UHPLC e CG-MS foram utilizadas para caracterizar os fitoconstituintes. A fra\u00e7\u00e3o acetato de etila e diclorometano de folhas de <em>M. Riedeliana <\/em>apresentaram um sequestro de radicais livres mais elevados em compara\u00e7\u00e3o a concentra\u00e7\u00e3o IC<sub>50<\/sub>, com valores de 33,96 \u00b1 0,16\u03bcg \/ mL e 36,07 \u00b1 0,18\u03bcg \/ mL, respectivamente. A fra\u00e7\u00e3o acetato de etila mostrou altos valores de flavon\u00f3ides totais. A an\u00e1lise das fra\u00e7\u00f5es de acetato de etila mostrou a presen\u00e7a de \u00e1cido \u03c1-hidroxibenzoico, \u00e1cido vanilico, \u00e1cido cafeico, \u00e1cido siringico e quercetina na em <em>A. simplex<\/em> e \u00e1cido 4-hidroxibenzoico, \u00e1cido vanilico, \u00e1cido trans-fer\u00falico, \u00e1cido siringico, isovitexina, orientina e isoorientina em <em>M. riedeliana<\/em>. As fra\u00e7\u00f5es diclorometano e acetato de etila de <em>M. riedelina <\/em>e <em>A.simplex<\/em> apresentaram uma efic\u00e1cia anti-UVB superior quando comparadas aos com os filtros. A atividade antioxidante pode estar relacionada com os flavon\u00f3ides glicos\u00edlados encontrados em folhas de bambu. Estes resultados demonstram que folhas de bambu apresentam propriedades antioxidantes e fotoprotetoras, podendo considerar <em>A. simplex<\/em> <em>e M. riedeliana<\/em> candidatas \u00fateis para promover o uso de antioxidantes naturais e fotoprotetores na ind\u00fastria de cosm\u00e9ticos.<br \/>\n<strong>Palavras-chave<\/strong>: potencial antioxidante, folhas de bambu, compostos fen\u00f3licos, fotoprote\u00e7\u00e3o<\/p>\n<h4 style=\"text-align: center\"><\/h4>\n<hr align=\"center\" noshade=\"noshade\" size=\"1\" width=\"100%\" \/>\n<p style=\"text-align: center\"><a href=\"https:\/\/smastr16.blob.core.windows.net\/pgibt\/2019\/09\/jose_celso_markowitsch_ms.pdf\"><img decoding=\"async\" loading=\"lazy\" class=\"aligncenter\" src=\"https:\/\/smastr16.blob.core.windows.net\/pgibt\/2013\/09\/pdf_grande.gif\" alt=\"pdf_grande\" width=\"60\" height=\"60\" \/><\/a><span style=\"color: #000000\"><a style=\"color: #000000\" href=\"https:\/\/smastr16.blob.core.windows.net\/pgibt\/2019\/09\/jose_celso_markowitsch_ms.pdf\">Celso Markowitsch Jose<\/a><\/span><a href=\"https:\/\/smastr16.blob.core.windows.net\/pgibt\/2019\/09\/jose_celso_markowitsch_ms.pdf\" target=\"_blank\" rel=\"noopener noreferrer\"><br \/>\nEstudo das atividades biol\u00f3gicas e caracteriza\u00e7\u00e3o qu\u00edmica de dois bambus nativos: <em>Apoclada simplex<\/em> McClure &amp; Smith e <em>Merostachys riedeliana<\/em> Rupr.<br \/>\n<\/a><\/p>\n<hr align=\"center\" noshade=\"noshade\" size=\"1\" width=\"100%\" \/>\n<p style=\"text-align: center\"><strong>\u00a0<a href=\"www.infraestruturameioambiente.sp.gov.br\/pgibt\/dissertacoesteses\/\">VOLTAR AS DISSERTA\u00c7\u00d5ES E TESES<\/a><\/strong><\/p>\n<hr align=\"center\" noshade=\"noshade\" size=\"1\" width=\"100%\" \/>\n","protected":false},"excerpt":{"rendered":"<p>Celso Markowitsch Jose Embora o Brasil apresente a maior diversidade de bambu do Novo Mundo suas propriedades qu\u00edmicas e bioqu\u00edmicas de bambus brasileiros ainda s\u00e3o poucas exploradas. Este estudo foi realizado para avaliar a atividade antioxidante e fotoprotetora, in vitro, dos extratos aquosos e etan\u00f3licos de folhas e colmos de Apoclada simplex e Merostachys riedeliana. [&hellip;]<\/p>\n","protected":false},"author":103,"featured_media":0,"parent":249,"menu_order":0,"comment_status":"closed","ping_status":"closed","template":"","meta":[],"_links":{"self":[{"href":"https:\/\/www.infraestruturameioambiente.sp.gov.br\/pgibt\/wp-json\/wp\/v2\/pages\/7156"}],"collection":[{"href":"https:\/\/www.infraestruturameioambiente.sp.gov.br\/pgibt\/wp-json\/wp\/v2\/pages"}],"about":[{"href":"https:\/\/www.infraestruturameioambiente.sp.gov.br\/pgibt\/wp-json\/wp\/v2\/types\/page"}],"author":[{"embeddable":true,"href":"https:\/\/www.infraestruturameioambiente.sp.gov.br\/pgibt\/wp-json\/wp\/v2\/users\/103"}],"replies":[{"embeddable":true,"href":"https:\/\/www.infraestruturameioambiente.sp.gov.br\/pgibt\/wp-json\/wp\/v2\/comments?post=7156"}],"version-history":[{"count":2,"href":"https:\/\/www.infraestruturameioambiente.sp.gov.br\/pgibt\/wp-json\/wp\/v2\/pages\/7156\/revisions"}],"predecessor-version":[{"id":7161,"href":"https:\/\/www.infraestruturameioambiente.sp.gov.br\/pgibt\/wp-json\/wp\/v2\/pages\/7156\/revisions\/7161"}],"up":[{"embeddable":true,"href":"https:\/\/www.infraestruturameioambiente.sp.gov.br\/pgibt\/wp-json\/wp\/v2\/pages\/249"}],"wp:attachment":[{"href":"https:\/\/www.infraestruturameioambiente.sp.gov.br\/pgibt\/wp-json\/wp\/v2\/media?parent=7156"}],"curies":[{"name":"wp","href":"https:\/\/api.w.org\/{rel}","templated":true}]}}