{"id":7144,"date":"2019-09-26T12:02:08","date_gmt":"2019-09-26T15:02:08","guid":{"rendered":"https:\/\/www.infraestruturameioambiente.sp.gov.br\/pgibt\/?page_id=7144"},"modified":"2019-09-26T12:08:11","modified_gmt":"2019-09-26T15:08:11","slug":"juliana-dos-santos-ms","status":"publish","type":"page","link":"https:\/\/www.infraestruturameioambiente.sp.gov.br\/pgibt\/dissertacoesteses\/juliana-dos-santos-ms\/","title":{"rendered":"Juliana dos Santos Guedes MS"},"content":{"rendered":"<h2 style=\"text-align: center\"><a href=\"arquivos.ambiente.sp.gov.br\/pgibt\/2015\/02\/faixapos6.jpg\"><img decoding=\"async\" loading=\"lazy\" class=\"aligncenter wp-image-3777 size-full\" style=\"border: 0px\" src=\"https:\/\/smastr16.blob.core.windows.net\/pgibt\/2015\/02\/faixapos6.jpg\" alt=\"faixapos6\" width=\"950\" height=\"163\" srcset=\"https:\/\/smastr16.blob.core.windows.net\/pgibt\/2015\/02\/faixapos6.jpg 950w, https:\/\/smastr16.blob.core.windows.net\/pgibt\/2015\/02\/faixapos6-768x131.jpg 768w\" sizes=\"(max-width: 950px) 100vw, 950px\" \/><\/a><\/h2>\n<hr align=\"center\" noshade=\"noshade\" size=\"1\" width=\"100%\" \/>\n<h2 style=\"text-align: center\"><strong>Juliana dos Santos Guedes<\/strong><\/h2>\n<hr align=\"center\" noshade=\"noshade\" size=\"1\" width=\"100%\" \/>\n<h2 style=\"text-align: center\"><a href=\"https:\/\/smastr16.blob.core.windows.net\/pgibt\/2019\/09\/img_4697.jpg\"><img decoding=\"async\" loading=\"lazy\" class=\"alignnone wp-image-7147 \" src=\"https:\/\/smastr16.blob.core.windows.net\/pgibt\/2019\/09\/img_4697.jpg\" alt=\"\" width=\"371\" height=\"278\" srcset=\"https:\/\/smastr16.blob.core.windows.net\/pgibt\/2019\/09\/img_4697.jpg 3194w, https:\/\/smastr16.blob.core.windows.net\/pgibt\/2019\/09\/img_4697-256x192.jpg 256w, https:\/\/smastr16.blob.core.windows.net\/pgibt\/2019\/09\/img_4697-768x576.jpg 768w, https:\/\/smastr16.blob.core.windows.net\/pgibt\/2019\/09\/img_4697-960x720.jpg 960w, https:\/\/smastr16.blob.core.windows.net\/pgibt\/2019\/09\/img_4697-250x188.jpg 250w, https:\/\/smastr16.blob.core.windows.net\/pgibt\/2019\/09\/img_4697-550x413.jpg 550w, https:\/\/smastr16.blob.core.windows.net\/pgibt\/2019\/09\/img_4697-800x600.jpg 800w, https:\/\/smastr16.blob.core.windows.net\/pgibt\/2019\/09\/img_4697-240x180.jpg 240w, https:\/\/smastr16.blob.core.windows.net\/pgibt\/2019\/09\/img_4697-400x300.jpg 400w, https:\/\/smastr16.blob.core.windows.net\/pgibt\/2019\/09\/img_4697-667x500.jpg 667w\" sizes=\"(max-width: 371px) 100vw, 371px\" \/><\/a><\/h2>\n<p style=\"text-align: center\">Juliana dos Santos, aluna do Programa de P\u00f3s-Gradua\u00e7\u00e3o em Biodiversidade Vegetal e Meio Ambiente do Instituto de Bot\u00e2nica de S\u00e3o Paulo, defendeu,No dia 17 de dezembro de 2012, a disserta\u00e7\u00e3o de mestrado intitulada \u201cLevantamento flor\u00edstico das esp\u00e9cies de Xyridaceae ocorrentes na Serra do Cabral, Minas Gerais, Brasil\u201d.<\/p>\n<p style=\"text-align: center\">A banca examinadora foi composta por sua orientadora, Prof<sup>a<\/sup>. Dra. Maria das Gra\u00e7as Lapa Wanderley (N\u00facleo de Pesquisa Curadoria do Herb\u00e1rio S\u00e3o Paulo), o Prof. Dr. Paulo Takeu Sano, (Universidade S\u00e3o Paulo) e Prof. Dr. Rafael Batista Louzada (Universidade Federal do Pernambuco).<\/p>\n<hr align=\"center\" noshade=\"noshade\" size=\"1\" width=\"100%\" \/>\n<h3 style=\"text-align: center\">Levantamento flor\u00edstico das esp\u00e9cies de Xyridaceae ocorrentes na Serra do Cabral, Minas Gerais, Brasil<\/h3>\n<hr align=\"center\" noshade=\"noshade\" size=\"1\" width=\"100%\" \/>\n<h4 style=\"text-align: center\"><strong>ABSTRACT<\/strong><\/h4>\n<p style=\"text-align: justify\">Xyridaceae is composed by five genera and about 400 species. The family occurs through the Tropics, mainly in Neotropics, and only Xyris is widespread through the temperate Americas, Asia and Australia. In Brazil, the main center of diversity of this family is the Espinha\u00e7o Range, with high rates of endemism. This work aims to know the diversity of species of Xyridaceae in Serra do Cabral and contribute for the knowledge of the Brazilian flora. The studied area is in the north-central of the state of Minas Gerais, Brazil, municipalities of Augusto de Lima, Buen\u00f3polis, Joaquim Fel\u00edcio, Francisco Dumont and Lassance. Bibliographic research plus studies in herbaria collections from Serra do Cabral were made, according to the usual methodology. The inventory of the Xyridaceae from Serra do Cabral revealed the occurrence of two genera: Abolboda and Xyris. Abolboda is represented by two species and Xyris is represented by 39 species and two varieties. It is presumably that six taxa, still under analysis, are actually new species. Descriptions, illustrations, and keys for genera and species, as well as maps of the location of the taxa in Serra do Cabral are provided. Taxonomic comments, information on the global distribution and phenology are provided too.<br \/>\n<strong>Keywords<\/strong>: Abolboda, Xyris, Espinha\u00e7o Range, campo rupestre<\/p>\n<p>&nbsp;<\/p>\n<h4 style=\"text-align: center\"><strong>RESUMO<\/strong><\/h4>\n<p style=\"text-align: justify\">Xyridaceae \u00e9 composta por cinco g\u00eaneros e aproximadamente 400 esp\u00e9cies. Possui distribui\u00e7\u00e3o Pantropical, com a maioria dos g\u00eaneros ocorrendo na regi\u00e3o neotropical, apenas o g\u00eanero <em>Xyris<\/em> estendendo-se at\u00e9 \u00e1reas temperadas da Am\u00e9rica, \u00c1sia e Austr\u00e1lia. No Brasil, os principais centros de diversidade da fam\u00edlia est\u00e1 localizado na Cadeia do Espinha\u00e7o, com elevado \u00edndice de esp\u00e9cies end\u00eamicas. Este trabalho teve como objetivos conhecer a diversidade das esp\u00e9cies de Xyridaceae na Serra do Cabral, contribuindo para o conhecimento das esp\u00e9cies da flora brasileira. A \u00e1rea de estudo localiza-se na regi\u00e3o centro-norte do estado de Minas Gerais, Brasil, compreendendo parte dos munic\u00edpios de Augusto de Lima, Buen\u00f3polis, Joaquim Fel\u00edcio, Francisco Dumont e Lassance. Realizou-se levantamento bibliogr\u00e1fico e visitas aos herb\u00e1rios onde se concentram as principais cole\u00e7\u00f5es oriundas da Serra do Cabral, de acordo com a metodologia usual. Na \u00e1rea de estudo a fam\u00edlia est\u00e1 representada por dois g\u00eaneros <em>Abolboda<\/em> com duas esp\u00e9cies e <em>Xyris<\/em> com 39 esp\u00e9cies e duas variedades. Presume-se que seis taxa, ainda em estudo, possam se tratar de esp\u00e9cies novas. Descri\u00e7\u00f5es, ilustra\u00e7\u00f5es e chaves para a identifica\u00e7\u00e3o dos g\u00eaneros e esp\u00e9cies, bem como mapas da localiza\u00e7\u00e3o dos taxa na Serra do Cabral s\u00e3o apresentados. Coment\u00e1rios taxon\u00f4micos, informa\u00e7\u00e3o sobre distribui\u00e7\u00e3o e fenologia das esp\u00e9cies tamb\u00e9m s\u00e3o apresentados.<br \/>\n<strong>Palavras-chave<\/strong>: <em>Abolboda, Xyris, <\/em>Cadeia do Espinha\u00e7o, campo rupestre<\/p>\n<hr align=\"center\" noshade=\"noshade\" size=\"1\" width=\"100%\" \/>\n<p style=\"text-align: center\"><a href=\"https:\/\/smastr16.blob.core.windows.net\/pgibt\/2019\/09\/dissertacao_serra_do_cabral_final.pdf\" target=\"_blank\" rel=\"noopener noreferrer\"><img decoding=\"async\" loading=\"lazy\" class=\"aligncenter\" src=\"https:\/\/smastr16.blob.core.windows.net\/pgibt\/2013\/09\/pdf_grande.gif\" alt=\"pdf_grande\" width=\"60\" height=\"60\" \/><\/a><a href=\"https:\/\/smastr16.blob.core.windows.net\/pgibt\/2019\/09\/dissertacao_serra_do_cabral_final.pdf\"><strong>Juliana dos Santos<\/strong><\/a><br \/>\n<a href=\"https:\/\/smastr16.blob.core.windows.net\/pgibt\/2019\/09\/dissertacao_serra_do_cabral_final.pdf\">Levantamento flor\u00edstico das esp\u00e9cies de Xyridaceae ocorrentes na Serra do Cabral, Minas Gerais, Brasil<\/a><\/p>\n<hr align=\"center\" noshade=\"noshade\" size=\"1\" width=\"100%\" \/>\n<p style=\"text-align: center\"><strong>\u00a0<a href=\"www.infraestruturameioambiente.sp.gov.br\/pgibt\/dissertacoesteses\/\">VOLTAR AS DISSERTA\u00c7\u00d5ES E TESES<\/a><\/strong><\/p>\n<hr align=\"center\" noshade=\"noshade\" size=\"1\" width=\"100%\" \/>\n","protected":false},"excerpt":{"rendered":"<p>Juliana dos Santos Guedes Juliana dos Santos, aluna do Programa de P\u00f3s-Gradua\u00e7\u00e3o em Biodiversidade Vegetal e Meio Ambiente do Instituto de Bot\u00e2nica de S\u00e3o Paulo, defendeu,No dia 17 de dezembro de 2012, a disserta\u00e7\u00e3o de mestrado intitulada \u201cLevantamento flor\u00edstico das esp\u00e9cies de Xyridaceae ocorrentes na Serra do Cabral, Minas Gerais, Brasil\u201d. A banca examinadora foi [&hellip;]<\/p>\n","protected":false},"author":103,"featured_media":0,"parent":249,"menu_order":0,"comment_status":"closed","ping_status":"closed","template":"","meta":[],"_links":{"self":[{"href":"https:\/\/www.infraestruturameioambiente.sp.gov.br\/pgibt\/wp-json\/wp\/v2\/pages\/7144"}],"collection":[{"href":"https:\/\/www.infraestruturameioambiente.sp.gov.br\/pgibt\/wp-json\/wp\/v2\/pages"}],"about":[{"href":"https:\/\/www.infraestruturameioambiente.sp.gov.br\/pgibt\/wp-json\/wp\/v2\/types\/page"}],"author":[{"embeddable":true,"href":"https:\/\/www.infraestruturameioambiente.sp.gov.br\/pgibt\/wp-json\/wp\/v2\/users\/103"}],"replies":[{"embeddable":true,"href":"https:\/\/www.infraestruturameioambiente.sp.gov.br\/pgibt\/wp-json\/wp\/v2\/comments?post=7144"}],"version-history":[{"count":4,"href":"https:\/\/www.infraestruturameioambiente.sp.gov.br\/pgibt\/wp-json\/wp\/v2\/pages\/7144\/revisions"}],"predecessor-version":[{"id":7151,"href":"https:\/\/www.infraestruturameioambiente.sp.gov.br\/pgibt\/wp-json\/wp\/v2\/pages\/7144\/revisions\/7151"}],"up":[{"embeddable":true,"href":"https:\/\/www.infraestruturameioambiente.sp.gov.br\/pgibt\/wp-json\/wp\/v2\/pages\/249"}],"wp:attachment":[{"href":"https:\/\/www.infraestruturameioambiente.sp.gov.br\/pgibt\/wp-json\/wp\/v2\/media?parent=7144"}],"curies":[{"name":"wp","href":"https:\/\/api.w.org\/{rel}","templated":true}]}}