{"id":7129,"date":"2019-09-24T11:49:26","date_gmt":"2019-09-24T14:49:26","guid":{"rendered":"https:\/\/www.infraestruturameioambiente.sp.gov.br\/pgibt\/?page_id=7129"},"modified":"2019-09-24T12:00:43","modified_gmt":"2019-09-24T15:00:43","slug":"ana-livia-negrao-leite-ribeiro-dr","status":"publish","type":"page","link":"https:\/\/www.infraestruturameioambiente.sp.gov.br\/pgibt\/dissertacoesteses\/ana-livia-negrao-leite-ribeiro-dr\/","title":{"rendered":"Ana L\u00edvia Negr\u00e3o Leite Ribeiro DR"},"content":{"rendered":"<h2 style=\"text-align: center\"><a href=\"arquivos.ambiente.sp.gov.br\/pgibt\/2015\/02\/faixapos6.jpg\"><img decoding=\"async\" loading=\"lazy\" class=\"aligncenter wp-image-3777 size-full\" style=\"border: 0px\" src=\"https:\/\/smastr16.blob.core.windows.net\/pgibt\/2015\/02\/faixapos6.jpg\" alt=\"faixapos6\" width=\"950\" height=\"163\" srcset=\"https:\/\/smastr16.blob.core.windows.net\/pgibt\/2015\/02\/faixapos6.jpg 950w, https:\/\/smastr16.blob.core.windows.net\/pgibt\/2015\/02\/faixapos6-768x131.jpg 768w\" sizes=\"(max-width: 950px) 100vw, 950px\" \/><\/a><\/h2>\n<hr align=\"center\" noshade=\"noshade\" size=\"1\" width=\"100%\" \/>\n<h2 style=\"text-align: center\">Ana L\u00edvia Negr\u00e3o Leite Ribeiro<\/h2>\n<hr align=\"center\" noshade=\"noshade\" size=\"1\" width=\"100%\" \/>\n<p style=\"text-align: center\"><a href=\"https:\/\/smastr16.blob.core.windows.net\/pgibt\/2019\/09\/imagem-livia-e1569336369748.jpg\" target=\"_blank\" rel=\"noopener noreferrer\"><img decoding=\"async\" loading=\"lazy\" class=\"alignnone wp-image-7130\" src=\"https:\/\/smastr16.blob.core.windows.net\/pgibt\/2019\/09\/imagem-livia-e1569336369748.jpg\" alt=\"\" width=\"400\" height=\"300\" \/><\/a><\/p>\n<p style=\"text-align: center\">Em 25 de abril de 2016, as 14h, no Instituto de Bot\u00e2nica de S\u00e3o Paulo (IBt), Ana L\u00edvia Negr\u00e3o Leite Ribeiro, aluna do programa de P\u00f3s-Gradua\u00e7\u00e3o em Biodiversidade Vegetal e Meio Ambiente do Instituto de Bot\u00e2nica de S\u00e3o Paulo, bolsista Fapesp (Processo n\u00b0 2012\/19148-5), defendeu sua Tese de Doutorado intitulada: \u201cEfeitos do aumento da temperatura e dos n\u00edveis de CO<sub>2<\/sub> e do nitrog\u00eanio da \u00e1gua do mar no metabolismo de rodof\u00edceas marinhas bent\u00f4nicas \u201d.<\/p>\n<p style=\"text-align: center\">A banca examinadora foi presidida pela orientadora, Dra. Nair Sumie Yokoya, do N\u00facleo de Pesquisa de Ficologia (IBt) e contou com a participa\u00e7\u00e3o do Dr. Guilherme Pereira Filho, do Departamento de Ci\u00eancias do Mar da Universidade Federal de S\u00e3o Paulo \u00a0(UNIFESP), da Dra. Mutue Toyota Fujii , do N\u00facleo de Pesquisa em Ficologia do Instituto de Bot\u00e2nica de S\u00e3o Paulo, da Dra. Aline Paternostro Martins, do Instituto de Qu\u00edmica da Universidade de S\u00e3o Paulo (USP) e da Dra. Estela Maria Plastino, do Instituto de Bioci\u00eancias da Universidade de S\u00e3o Paulo (USP).<\/p>\n<hr align=\"center\" noshade=\"noshade\" size=\"1\" width=\"100%\" \/>\n<h3 style=\"text-align: center\">Efeitos do aumento da temperatura e dos n\u00edveis de CO2 e do nitrog\u00eanio da \u00e1gua do mar no metabolismo de rodof\u00edceas marinhas bent\u00f4nicas<\/h3>\n<hr align=\"center\" noshade=\"noshade\" size=\"1\" width=\"100%\" \/>\n<h4 style=\"text-align: center\"><strong>ABSTRACT<\/strong><\/h4>\n<p style=\"text-align: justify\">The disorderly growth of cities, changes in land use, increased burning of fossil fuels, deforestation and effluent discharge in aquatic environments are some of the causes of the increase in atmospheric CO<sub>2<\/sub>, global warming, and high nutrient availabilities, as nitrogen and phosphorus in aquatic ecosystems, as a result of eutrophication. In the first chapter of this study, the effects of increased nitrogen levels (as nitrate or ammonium) and phosphorus in growth of Hypnea aspera K\u00fctzing (Rhodophyta, Gigartinales) were evaluated as well as\u00a0 its potential to uptake, remove and assimilate these nutrients as photosynthetic pigments, soluble protein content and C, H, N and P in the thallus. This species had an increase in growth with increasing of nitrate availability, however high ammonium concentrations and high availabilities of phosphorus in the culture medium (N\/P of 10: 1) inhibited its growth. H. aspera can be used as a potential biofilter, since this species could incoporate the excess of nutrients available in seawater as pigments, proteins and elements in the thallus. H. aspera also removed nearly 100% of nitrate, ammonium and phosphate available in different treatments. In the second, third and fourth chapters, we evaluated the effects of increased temperature (21, 25 and 30\u00b0C) and CO<sub>2<\/sub> levels (0, 380 and 1000 ppm) under climate projections of the Intergovernmental Panel on Climate Change (IPCC) to the present day and the year 2100, as well as the increase of nitrate concentrations (0, 125 and 500 \u00b5M) or ammonium (0, 50 and 100 \u00b5M) in the seawater on growth, pigment, protein, C, H and N content, in photosynthesis of the red algae H. aspera (chapter 2), Dichotomaria marginata (J. Ellis &amp; Solander) Lamarck (Rhodophyta, Nemaliales) ((chapter 3), a species with calcium carbonate deposition as aragonite), and Amphiroa fragilissima (Linnaeus) J.V. Lamouroux (Rhodophyta, Corallinales ((Chapter 4), a species with calcium carbonate deposition as calcite). For these two coralline species, the percentage of calcification was also evaluated. H. aspera was sensitive to increases in CO<sub>2<\/sub> concentrations to 1000 ppm and temperature up to 30\u00b0C, and these conditions were lethal to the species. High values \u200b\u200bfor all variables were observed in 125 and 500 \u00b5M of nitrate or 50 and 100 \u00b5M of ammonium at 21 and 25\u00b0C and without addition of CO<sub>2<\/sub> and 380 ppm. D. marginata grew in all treatments tested with CO<sub>2<\/sub>, temperature and nitrogen availability, and the optimal values \u200b\u200bwere observed in treatments with 125 and 500 \u00b5M of nitrate or 50 \u00b5M of ammonium, with 0 or 380 ppm CO<sub>2<\/sub> at all temperatures tested. The increase of CO<sub>2<\/sub> and temperature caused negative effects on growth, calcification and photosynthesis of D. marginata. Under these conditions, the species accumulated pigments, C and H on the thallus, which may be related to the increase of polysaccharides synthesis due to stress conditions. The increase of CO<sub>2<\/sub> affected negatively the physiology and metabolism of coralline alga Amphiroa fragilissima, however, in high CO<sub>2<\/sub> (1000 ppm) and with 500 \u00b5M of nitrate at 25\u00b0C and 50 \u00b5M of ammonium at 30\u00b0C, the species showed high percentage of calcification, assimilation of nitrogenous compounds and photosynthesis. Moreover, under these conditions, the pH of seawater, the availability of carbonate and the calcite saturation state did not decrease, as expected. These results suggest that A. fragilissima acclimated to global climate change. The results provide information for future studies to be performed and contribute to the knowledge about the effects of global climate change and high availabilities of nutrients in seawater on Rhodophyta species.<br \/>\n<strong>Keywords<\/strong>: <em>Amphiroa fragilissima<\/em>, aragonite, calcite, CO<sub>2<\/sub>, <em>Dichotomaria marginata<\/em>, <em>Hypnea aspera<\/em>, nitrogen, phosphorus, temperature<\/p>\n<p>&nbsp;<\/p>\n<h4 style=\"text-align: center\"><strong>RESUMO<\/strong><\/h4>\n<p style=\"text-align: justify\">O crescimento desordenado das cidades, mudan\u00e7as no uso da terra, o aumento da queima de combust\u00edveis f\u00f3sseis, desmatamento e descarga de efluentes em ambientes aqu\u00e1ticos s\u00e3o algumas das causas do aumento das emiss\u00f5es de CO<sub>2<\/sub> atmosf\u00e9rico, que causa a eleva\u00e7\u00e3o da temperatura global, e do enriquecimento das \u00e1guas marinhas com nutrientes causadores de eutrofiza\u00e7\u00e3o como o nitrog\u00eanio e o f\u00f3sforo. No primeiro cap\u00edtulo deste trabalho, verificamos os efeitos do aumento da disponibilidade de nitrog\u00eanio (na forma de nitrato ou am\u00f4nio) e f\u00f3sforo no crescimento da rodof\u00edcea <em>Hypnea aspera <\/em>K\u00fctzing (Rhodophyta, Gigartinales) e seu potencial de captar, remover e assimilar esses nutrientes na forma de pigmentos fotossintetizantes, prote\u00ednas sol\u00faveis totais e conte\u00fados de C, H, N e P no talo. A esp\u00e9cie teve um aumento do crescimento com o aumento da disponibilidade de nitrato, entretanto altas concentra\u00e7\u00f5es de am\u00f4nio e o aumento de f\u00f3sforo no meio de cultura (rela\u00e7\u00e3o N:P de 10:1) inibiram o seu crescimento. <em>H. aspera <\/em>pode ser usada como um potencial biofiltro, uma vez que o excesso de nutrientes dispon\u00edveis na \u00e1gua do mar foram acumulados na forma de pigmentos, prote\u00ednas e elementos no talo das algas. <em>H. aspera<\/em> tamb\u00e9m removeu quase 100 % do nitrato, am\u00f4nio e fosfato dispon\u00edveis nos diferentes tratamentos. No segundo, terceiro e quarto cap\u00edtulos, foram avaliados os efeitos do aumento da temperatura (21, 25 e 30\u00b0C) e dos n\u00edveis de CO<sub>2 <\/sub>(0, 380 e 1000 ppm) segundo proje\u00e7\u00f5es clim\u00e1ticas do Intergovernmental Panel on Climate Change (IPCC) para os dias atuais e para o ano de 2100, bem como o aumento das concentra\u00e7\u00f5es de nitrato (0, 125 e 500 \u00b5M) ou am\u00f4nio (0, 50 e 100 \u00b5M) na \u00e1gua do mar no crescimento, conte\u00fado de pigmentos, prote\u00ednas, C, H e N no talo e fotoss\u00edntese das rodof\u00edceas <em>H. aspera <\/em>(cap\u00edtulo 2)<em>, Dichotomaria marginata<\/em> (J. Ellis &amp; Solander) Lamarck (Rhodophyta, Nemaliales) ((cap\u00edtulo 3), uma esp\u00e9cie com deposi\u00e7\u00e3o de carbonato de c\u00e1lcio na forma de aragonita) e <em>Amphiroa fragilissima<\/em> (Linnaeus) J.V. Lamouroux (Rhodophyta, Corallinales ((cap\u00edtulo 4), uma esp\u00e9cie com deposi\u00e7\u00e3o de carbonato de c\u00e1lcio na forma de calcita). Para essas duas \u00faltimas esp\u00e9cies, tamb\u00e9m foi avaliado a porcentagem de calcifica\u00e7\u00e3o. <em>H. aspera <\/em>foi sens\u00edvel aos aumentos das concentra\u00e7\u00f5es de CO<sub>2<\/sub> para 1000 ppm e eleva\u00e7\u00e3o da temperatura para 30\u00b0C e essas condi\u00e7\u00f5es foram letais para a esp\u00e9cie. Altos valores para todas as v\u00e1riaveis analisadas foram observados em 125 e 500 \u00b5m de nitrato ou 50 e 100 \u00b5M de am\u00f4nio, \u00e0 21 e 25\u00b0C e sem adi\u00e7\u00e3o de CO<sub>2 <\/sub>e com 380 ppm. <em>D. marginata\u00a0 <\/em>cresceu em todos os tratamentos testados com CO<sub>2<\/sub>, temperatura e disponibilidade de nitrog\u00eanio, e os valores \u00f3timos foram observados em 125 e 500 \u00b5M de nitrato ou 50 \u00b5M de am\u00f4nio, com 0 ou 380 ppm de CO<sub>2<\/sub> em todas as temperaturas testadas. O aumento do CO<sub>2<\/sub> e da temperatura causaram efeitos negativos no crescimento, calcifica\u00e7\u00e3o e fotoss\u00edntese de <em>D. marginata<\/em>. Nessas condi\u00e7\u00f5es, as algas acumularam pigmentos, C e H no talo, que podem estar relacionados ao aumento da s\u00edntese de polissac\u00e1rideos em situa\u00e7\u00f5es de estresse. O aumento do CO<sub>2<\/sub> afetou negativamente a fisiologia e metabolismo da alga coralin\u00e1cea <em>Amphiroa fragilissima<\/em>, entretanto em alto CO<sub>2<\/sub> (1000 ppm) e com adi\u00e7\u00e3o de 500 \u00b5M de nitrato \u00e0 25\u00b0C e disponibilidade de 50 \u00b5M de am\u00f4nio \u00e0 30\u00b0C, a esp\u00e9cie apresentou alta porcentagem de calcifica\u00e7\u00e3o, assimila\u00e7\u00e3o de compostos nitrogenados e fotoss\u00edntese. Al\u00e9m disso, nessas condi\u00e7\u00f5es, o pH da \u00e1gua do mar, a disponibilidade de carbonato e o estado de satura\u00e7\u00e3o da calcita n\u00e3o diminuiram, como seria esperado. Esses resultados sugerem que <em>A. fragilissima<\/em> pode se aclimatar as mudan\u00e7as clim\u00e1ticas globais. Os resultados obtidos fornecem subs\u00eddios para que estudos futuros possam ser realizados e contribui para ampliar o conhecimento cient\u00edfico sobre os efeitos das mudan\u00e7as clim\u00e1ticas globais e o enriquecimento de nutrientes na \u00e1gua do mar em rodof\u00edceas marinhas bent\u00f4nicas.<br \/>\n<strong>Palavras-chave<\/strong>: <em>Amphiroa fragilissima,<\/em> aragonita, calcita, CO<sub>2<\/sub>, <em>Dichotomaria marginata, <\/em>f\u00f3sforo, <em>Hypnea aspera<\/em>, nitrog\u00eanio, temperatura<\/p>\n<h4 style=\"text-align: center\"><\/h4>\n<hr align=\"center\" noshade=\"noshade\" size=\"1\" width=\"100%\" \/>\n<p style=\"text-align: center\"><a href=\"https:\/\/smastr16.blob.core.windows.net\/pgibt\/2019\/09\/ana_livia_negrao_leite_ribeiro_dr.pdf\" target=\"_blank\" rel=\"noopener noreferrer\"><img decoding=\"async\" loading=\"lazy\" class=\"aligncenter\" src=\"https:\/\/smastr16.blob.core.windows.net\/pgibt\/2013\/09\/pdf_grande.gif\" alt=\"pdf_grande\" width=\"60\" height=\"60\" \/><\/a><a href=\"https:\/\/smastr16.blob.core.windows.net\/pgibt\/2019\/09\/ana_livia_negrao_leite_ribeiro_dr.pdf\" target=\"_blank\" rel=\"noopener noreferrer\"><span style=\"color: #000000\">Ana L\u00edvia Negr\u00e3o Leite Ribeiro<\/span><\/a><br \/>\n<a href=\"https:\/\/smastr16.blob.core.windows.net\/pgibt\/2019\/09\/ana_livia_negrao_leite_ribeiro_dr.pdf\"><span style=\"color: #000000\">Efeitos do aumento da temperatura e dos n\u00edveis de CO2 e do nitrog\u00eanio da \u00e1gua do mar no metabolismo de rodof\u00edceas marinhas bent\u00f4nicas<\/span><\/a><\/p>\n<hr align=\"center\" noshade=\"noshade\" size=\"1\" width=\"100%\" \/>\n<p style=\"text-align: center\"><strong>\u00a0<a href=\"www.infraestruturameioambiente.sp.gov.br\/pgibt\/dissertacoesteses\/\">VOLTAR AS DISSERTA\u00c7\u00d5ES E TESES<\/a><\/strong><\/p>\n<hr align=\"center\" noshade=\"noshade\" size=\"1\" width=\"100%\" \/>\n","protected":false},"excerpt":{"rendered":"<p>Ana L\u00edvia Negr\u00e3o Leite Ribeiro Em 25 de abril de 2016, as 14h, no Instituto de Bot\u00e2nica de S\u00e3o Paulo (IBt), Ana L\u00edvia Negr\u00e3o Leite Ribeiro, aluna do programa de P\u00f3s-Gradua\u00e7\u00e3o em Biodiversidade Vegetal e Meio Ambiente do Instituto de Bot\u00e2nica de S\u00e3o Paulo, bolsista Fapesp (Processo n\u00b0 2012\/19148-5), defendeu sua Tese de Doutorado intitulada: [&hellip;]<\/p>\n","protected":false},"author":103,"featured_media":0,"parent":249,"menu_order":0,"comment_status":"closed","ping_status":"closed","template":"","meta":[],"_links":{"self":[{"href":"https:\/\/www.infraestruturameioambiente.sp.gov.br\/pgibt\/wp-json\/wp\/v2\/pages\/7129"}],"collection":[{"href":"https:\/\/www.infraestruturameioambiente.sp.gov.br\/pgibt\/wp-json\/wp\/v2\/pages"}],"about":[{"href":"https:\/\/www.infraestruturameioambiente.sp.gov.br\/pgibt\/wp-json\/wp\/v2\/types\/page"}],"author":[{"embeddable":true,"href":"https:\/\/www.infraestruturameioambiente.sp.gov.br\/pgibt\/wp-json\/wp\/v2\/users\/103"}],"replies":[{"embeddable":true,"href":"https:\/\/www.infraestruturameioambiente.sp.gov.br\/pgibt\/wp-json\/wp\/v2\/comments?post=7129"}],"version-history":[{"count":4,"href":"https:\/\/www.infraestruturameioambiente.sp.gov.br\/pgibt\/wp-json\/wp\/v2\/pages\/7129\/revisions"}],"predecessor-version":[{"id":7136,"href":"https:\/\/www.infraestruturameioambiente.sp.gov.br\/pgibt\/wp-json\/wp\/v2\/pages\/7129\/revisions\/7136"}],"up":[{"embeddable":true,"href":"https:\/\/www.infraestruturameioambiente.sp.gov.br\/pgibt\/wp-json\/wp\/v2\/pages\/249"}],"wp:attachment":[{"href":"https:\/\/www.infraestruturameioambiente.sp.gov.br\/pgibt\/wp-json\/wp\/v2\/media?parent=7129"}],"curies":[{"name":"wp","href":"https:\/\/api.w.org\/{rel}","templated":true}]}}