{"id":7094,"date":"2019-09-11T11:14:57","date_gmt":"2019-09-11T14:14:57","guid":{"rendered":"https:\/\/www.infraestruturameioambiente.sp.gov.br\/pgibt\/?page_id=7094"},"modified":"2019-10-10T15:25:07","modified_gmt":"2019-10-10T18:25:07","slug":"mayara-ribeiro-casartelli-dr","status":"publish","type":"page","link":"https:\/\/www.infraestruturameioambiente.sp.gov.br\/pgibt\/dissertacoesteses\/mayara-ribeiro-casartelli-dr\/","title":{"rendered":"Mayara Ribeiro Casartelli DR"},"content":{"rendered":"<h2 style=\"text-align: center\"><a href=\"arquivos.ambiente.sp.gov.br\/pgibt\/2015\/02\/faixapos6.jpg\"><img decoding=\"async\" loading=\"lazy\" class=\"aligncenter wp-image-3777 size-full\" style=\"border: 0px\" src=\"https:\/\/smastr16.blob.core.windows.net\/pgibt\/2015\/02\/faixapos6.jpg\" alt=\"faixapos6\" width=\"950\" height=\"163\" srcset=\"https:\/\/smastr16.blob.core.windows.net\/pgibt\/2015\/02\/faixapos6.jpg 950w, https:\/\/smastr16.blob.core.windows.net\/pgibt\/2015\/02\/faixapos6-768x131.jpg 768w\" sizes=\"(max-width: 950px) 100vw, 950px\" \/><\/a><\/h2>\n<hr align=\"center\" noshade=\"noshade\" size=\"1\" width=\"100%\" \/>\n<h2 style=\"text-align: center\">Mayara Ribeiro Casartelli<\/h2>\n<hr align=\"center\" noshade=\"noshade\" size=\"1\" width=\"100%\" \/>\n<p style=\"text-align: center\"><a href=\"https:\/\/smastr16.blob.core.windows.net\/pgibt\/2019\/09\/foto-mayara-e1568211124253.jpg\" target=\"_blank\" rel=\"noopener noreferrer\"><img decoding=\"async\" loading=\"lazy\" class=\"alignnone wp-image-7095\" src=\"https:\/\/smastr16.blob.core.windows.net\/pgibt\/2019\/09\/foto-mayara-e1568211124253.jpg\" alt=\"\" width=\"421\" height=\"366\" \/><\/a><\/p>\n<p style=\"text-align: center\">No dia 27 de fevereiro de 2019, \u00e0s 14 horas, a aluna Mayara Ribeiro Casartelli (bolsista CAPES) do Programa de P\u00f3s Gradua\u00e7\u00e3o em Biodiversidade Vegetal e Meio Ambiente do Instituto de Bot\u00e2nica (IBt), S\u00e3o Paulo, defendeu sua tese de doutorado intitulada: \u201cDin\u00e2mica das comunidades algais (fitopl\u00e2ncton, epip\u00e9lon, epif\u00edton) e suas inter-rela\u00e7\u00f5es em diferentes fases limnol\u00f3gicas em uma lagoa marginal\u201d.<\/p>\n<p style=\"text-align: center\">A banca examinadora foi composta pela Dra. Carla Ferragut (orientadora \u2013 N\u00facleo de Pesquisas em Ecologia\/IBt), Dra. Denise de Campos Bicudo (N\u00facleo de Pesquisas em Ecologia\/IBt), Dr. Jaques Zanon (N\u00facleo de Pesquisas em Ecologia\/IBt)\u00a0 Dr. Raoul Henry (Universidade Estadual Paulista J\u00falio de Mesquita Filho\/UNESP) e Dra. Liliana Rodrigues (Universidade Estadual de Maring\u00e1\/UEM).<\/p>\n<hr align=\"center\" noshade=\"noshade\" size=\"1\" width=\"100%\" \/>\n<h3 style=\"text-align: center\">Din\u00e2mica das comunidades algais (fitopl\u00e2ncton, epip\u00e9lon, epif\u00edton) e suas inter-rela\u00e7\u00f5es em diferentes fases limnol\u00f3gicas em uma lagoa marginal<\/h3>\n<hr align=\"center\" noshade=\"noshade\" size=\"1\" width=\"100%\" \/>\n<h4 style=\"text-align: center\"><strong>ABSTRACT<\/strong><\/h4>\n<p style=\"text-align: justify\">Marginal lagoons are suitable environments to the development of periphytic and planktonic algal communities because of their shallow and lentic features during most of the hydrological cycle. Considering that the physical, chemical and biological interactions among pelagic, benthic and littoral habitats are potentially larger in shallow systems, this study intended to understand the structure and the dynamics of the phytoplankton, epiphytic and epipelic communities in a marginal lagoon. The described approach allowed the identification of the main environmental drivers that influenced the dynamics of the Barbosa Lagoon (Paranapanema River, Brazil) communities. The samples of the physical and chemical variables of the water and algal communities (i.e., phytoplankton, epiphyton and epipelon) in the pelagic zone, the deepest part and the shallowest part of the littoral zone (3 samples each, 9 samples in total at each campaign) were performed monthly and bi-monthly. The variables analyzed in phytoplankton and periphyton were the chlorophyll <em>a<\/em>, the density, the life forms, the descriptor species, and the species richness, diversity, and similarity. Two different limnological phases were found because of the constant water volume fluctuation in the pond throughout the year as a response to the extreme drought. The greatest photosynthetic biomass of the phytoplankton, the epipelon, and the epiphyton was diagnosed during Phase 1 of the deep pelagic and littoral zones with higher availability of nitrogen and higher abundance of <em>Myriophyllum aquaticum <\/em>when both favored the algal communities. Two species of <em>Chromulina<\/em> were the most important ones during the Phase 1 to all zones, while <em>Staurodesmus mamillatus<\/em> was a species descriptor of the two algal communities in Phase 2 restricted to the shallow coastal zone. The diversity, the richness and the similarity between the phytoplankton and the epiphyton increased with a decreasing water volume and depth of the lagoon, mainly in the shallow littoral zone. So, the water volume and, consequently, the depth reduction of the lagoon were considered the main drivers of the dynamics of the biomass, the taxonomic structure and the similarity of the algal communities. The lagoon zonation seems to have caused a greater association among the algal communities of the different habitats. The decrease in water volume may have led to habitat loss to algae species in Phase 2 of the pond.<br \/>\n<strong>Keywords<\/strong>: limnological phases, photosynthetic biomass, richness, diversity, zonation<\/p>\n<p>&nbsp;<\/p>\n<h4 style=\"text-align: center\"><strong>RESUMO<\/strong><\/h4>\n<p style=\"text-align: justify\">Lagoas marginais s\u00e3o ambientes favor\u00e1veis para o desenvolvimento das comunidades algais perif\u00edticas e planct\u00f4nicas, pois s\u00e3o ambientes rasos e l\u00eanticos durante a maior parte do ciclo hidrol\u00f3gico. Considerando que as intera\u00e7\u00f5es f\u00edsicas, qu\u00edmicas e biol\u00f3gicas entre habitat pel\u00e1gico, bent\u00f4nico e litor\u00e2neo s\u00e3o potencialmente maiores em sistemas rasos, o presente estudo pretende compreender a estrutura e din\u00e2mica das comunidades fitoplanct\u00f4nicas, epif\u00edticas, epip\u00e9licas em lagoa marginal, visando identificar os principais fatores ambientais que influenciam a din\u00e2mica destas comunidades. O trabalho foi realizado na Lagoa do Barbosa (Rio Paranapanema, S\u00e3o Paulo). Amostragens mensais e bimensais para a determina\u00e7\u00e3o das vari\u00e1veis f\u00edsicas e qu\u00edmicas da \u00e1gua e das comunidades algais (fitopl\u00e2ncton, epif\u00edton e epip\u00e9lon) foram realizadas em tr\u00eas pontos da zona pel\u00e1gica, da parte mais profunda e da parte mais rasa da zona litor\u00e2nea, totalizando 9 pontos de amostragem. Clorofila <em>a<\/em>, densidade, formas de vida, esp\u00e9cies descritoras, riqueza, diversidade e similaridade de esp\u00e9cies foram as vari\u00e1veis analisadas no fitopl\u00e2ncton e perif\u00edton. Foram encontradas duas fases limnol\u00f3gicas diferentes, as quais foram relacionadas \u00e0 redu\u00e7\u00e3o de volume na lagoa. Constatou-se que a maior biomassa fotossint\u00e9tica do fitopl\u00e2ncton, epipelon e epif\u00edton ocorreu durante a Fase 1 na zona pel\u00e1gica e litor\u00e2nea funda, quando houve maior disponibilidade de nitrog\u00eanio e a elevada abund\u00e2ncia de <em>Myriophyllum aquaticum<\/em> que favoreceram as comunidades algais. Duas esp\u00e9cies de <em>Chromulina<\/em> foram as esp\u00e9cies mais importantes durante a fase 1 em todas as zonas e <em>Staurodesmus mamillatus<\/em> foi descritora do fitopl\u00e2ncton e epif\u00edton na fase 2, apenas na zona litor\u00e2nea rasa. A diversidade, riqueza e similaridade entre fitopl\u00e2ncton e epif\u00edton, aumentaram com a diminui\u00e7\u00e3o do volume e da profundidade da lagoa, principalmente na zona litor\u00e2nea rasa.\u00a0 Conclui-se que, a diminui\u00e7\u00e3o do volume e da profundidade da lagoa foram os principais direcionadores da din\u00e2mica da biomassa, estrutura taxon\u00f4mica e similaridade das comunidades algais. A zona\u00e7\u00e3o horizontal da lagoa parece ter causado uma maior associa\u00e7\u00e3o entre as comunidades algais de habitats distintos.<br \/>\n<strong>Palavras-chave<\/strong>: fases limnol\u00f3gicas, biomassa fotossint\u00e9tica, riqueza, diversidade, zona\u00e7\u00e3o<\/p>\n<hr align=\"center\" noshade=\"noshade\" size=\"1\" width=\"100%\" \/>\n<p style=\"text-align: center\"><a href=\"https:\/\/smastr16.blob.core.windows.net\/pgibt\/2019\/09\/mayara_casartelli_dr.pdf\" target=\"_blank\" rel=\"noopener noreferrer\"><img decoding=\"async\" loading=\"lazy\" class=\"aligncenter\" src=\"https:\/\/smastr16.blob.core.windows.net\/pgibt\/2013\/09\/pdf_grande.gif\" alt=\"pdf_grande\" width=\"60\" height=\"60\" \/><\/a><a href=\"https:\/\/smastr16.blob.core.windows.net\/pgibt\/2019\/09\/mayara_casartelli_dr.pdf\" target=\"_blank\" rel=\"noopener noreferrer\"><strong>Mayara Ribeiro Casartelli<\/strong><\/a><br \/>\n<a href=\"https:\/\/smastr16.blob.core.windows.net\/pgibt\/2019\/09\/mayara_casartelli_dr.pdf\" target=\"_blank\" rel=\"noopener noreferrer\">Din\u00e2mica das comunidades algais (fitopl\u00e2ncton, epip\u00e9lon, epif\u00edton) e suas inter-rela\u00e7\u00f5es em diferentes fases limnol\u00f3gicas em uma lagoa marginal<\/a><\/p>\n<hr align=\"center\" noshade=\"noshade\" size=\"1\" width=\"100%\" \/>\n<p style=\"text-align: center\"><strong>\u00a0<a href=\"www.infraestruturameioambiente.sp.gov.br\/pgibt\/dissertacoesteses\/\">VOLTAR AS DISSERTA\u00c7\u00d5ES E TESES<\/a><\/strong><\/p>\n<hr align=\"center\" noshade=\"noshade\" size=\"1\" width=\"100%\" \/>\n","protected":false},"excerpt":{"rendered":"<p>Mayara Ribeiro Casartelli No dia 27 de fevereiro de 2019, \u00e0s 14 horas, a aluna Mayara Ribeiro Casartelli (bolsista CAPES) do Programa de P\u00f3s Gradua\u00e7\u00e3o em Biodiversidade Vegetal e Meio Ambiente do Instituto de Bot\u00e2nica (IBt), S\u00e3o Paulo, defendeu sua tese de doutorado intitulada: \u201cDin\u00e2mica das comunidades algais (fitopl\u00e2ncton, epip\u00e9lon, epif\u00edton) e suas inter-rela\u00e7\u00f5es em [&hellip;]<\/p>\n","protected":false},"author":103,"featured_media":0,"parent":249,"menu_order":0,"comment_status":"closed","ping_status":"closed","template":"","meta":[],"_links":{"self":[{"href":"https:\/\/www.infraestruturameioambiente.sp.gov.br\/pgibt\/wp-json\/wp\/v2\/pages\/7094"}],"collection":[{"href":"https:\/\/www.infraestruturameioambiente.sp.gov.br\/pgibt\/wp-json\/wp\/v2\/pages"}],"about":[{"href":"https:\/\/www.infraestruturameioambiente.sp.gov.br\/pgibt\/wp-json\/wp\/v2\/types\/page"}],"author":[{"embeddable":true,"href":"https:\/\/www.infraestruturameioambiente.sp.gov.br\/pgibt\/wp-json\/wp\/v2\/users\/103"}],"replies":[{"embeddable":true,"href":"https:\/\/www.infraestruturameioambiente.sp.gov.br\/pgibt\/wp-json\/wp\/v2\/comments?post=7094"}],"version-history":[{"count":5,"href":"https:\/\/www.infraestruturameioambiente.sp.gov.br\/pgibt\/wp-json\/wp\/v2\/pages\/7094\/revisions"}],"predecessor-version":[{"id":7219,"href":"https:\/\/www.infraestruturameioambiente.sp.gov.br\/pgibt\/wp-json\/wp\/v2\/pages\/7094\/revisions\/7219"}],"up":[{"embeddable":true,"href":"https:\/\/www.infraestruturameioambiente.sp.gov.br\/pgibt\/wp-json\/wp\/v2\/pages\/249"}],"wp:attachment":[{"href":"https:\/\/www.infraestruturameioambiente.sp.gov.br\/pgibt\/wp-json\/wp\/v2\/media?parent=7094"}],"curies":[{"name":"wp","href":"https:\/\/api.w.org\/{rel}","templated":true}]}}