{"id":7046,"date":"2019-07-24T10:35:30","date_gmt":"2019-07-24T13:35:30","guid":{"rendered":"https:\/\/www.infraestruturameioambiente.sp.gov.br\/pgibt\/?page_id=7046"},"modified":"2022-09-09T12:12:01","modified_gmt":"2022-09-09T15:12:01","slug":"gabriela-cristina-sakugawa-ms","status":"publish","type":"page","link":"https:\/\/www.infraestruturameioambiente.sp.gov.br\/pgibt\/dissertacoesteses\/gabriela-cristina-sakugawa-ms\/","title":{"rendered":"Gabriela Cristina Sakugawa MS"},"content":{"rendered":"<h2 style=\"text-align: center\"><a href=\"arquivos.ambiente.sp.gov.br\/pgibt\/2015\/02\/faixapos6.jpg\"><img decoding=\"async\" loading=\"lazy\" class=\"aligncenter wp-image-3777 size-full\" style=\"border: 0px\" src=\"https:\/\/smastr16.blob.core.windows.net\/pgibt\/2015\/02\/faixapos6.jpg\" alt=\"faixapos6\" width=\"950\" height=\"163\" srcset=\"https:\/\/smastr16.blob.core.windows.net\/pgibt\/2015\/02\/faixapos6.jpg 950w, https:\/\/smastr16.blob.core.windows.net\/pgibt\/2015\/02\/faixapos6-768x131.jpg 768w\" sizes=\"(max-width: 950px) 100vw, 950px\" \/><\/a><\/h2>\n<hr align=\"center\" noshade=\"noshade\" size=\"1\" width=\"100%\" \/>\n<h2 style=\"text-align: center\">Gabriela Cristina Sakugawa<\/h2>\n<hr align=\"center\" noshade=\"noshade\" size=\"1\" width=\"100%\" \/>\n<p>Em 03 de abril de 2019, Gabriela Cristina Sakugawa, aluna de mestrado do programa de P\u00f3s-Gradua\u00e7\u00e3o em Biodiversidade Vegetal e Meio Ambiente do Instituto de Bot\u00e2nica\u2013 SP., bolsista Capes, defendeu sua Disserta\u00e7\u00e3o de Mestrado intitulada, \u201cPalinotaxonomia da Tribo Hippomaneae (Euphorbiaceae).\u201d<\/p>\n<p style=\"text-align: center\">A banca examinadora foi presidida pela sua orientadora, PqC. Dra. Cynthia Fernandes Pinto da Luz e composta pela Prof.\u00aa Dra. Maria Beatriz Rossi Caruso (Unifesp- Campus Diadema) e pelo Prof. Dr. Eduardo Cust\u00f3dio Gasparino (Unesp- Jaboticabal).<\/p>\n<hr align=\"center\" noshade=\"noshade\" size=\"1\" width=\"100%\" \/>\n<h3 style=\"text-align: center\">Palinotaxonomia da Tribo Hippomaneae (Euphorbiaceae)<\/h3>\n<hr align=\"center\" noshade=\"noshade\" size=\"1\" width=\"100%\" \/>\n<h4 style=\"text-align: center\"><strong>ABSTRACT<\/strong><\/h4>\n<p style=\"text-align: justify\">The tribe Hippomaneae, classified in the subfamily Euphorbioideae (Euphorbiaceae <em>s.s.<\/em>), comprises 34 genera and is one of the less studied tribes and one of those that exhibit major taxonomic problems. Its representatives present complex delimitation and circumscription, with some nomenclatural problems, that has undergone changes continuously. In addition, molecular analyzes have demonstrated that Euphorbiaceae <em>s.s.<\/em> is paraphyletic due to controversial relationship between the tribes Hippomaneae, Hureae and Pachystromateae. The objective of this study was to recognize the patterns of pollen morphology and ultraesculture of 28 species of 12 genera belonging to the Hippomaneae Tribe, three species of two genera of the Hureae Tribe and the single species of the Pachystromateae Tribe, represented by 82 specimens. The aim was to provide additional data for the phylogeny of Euphorbiaceae and to contribute to the resolution of taxonomic problems among the three tribes. The pollen grains were acetolysed, measured, described, photographed under light microscopy and electromicrographed. The quantitative data were submitted to statistical treatments to evaluate the significance of the pollen similarities among the studied specimens. It was observed that the pollinic characteristics were efficient in the distinction of some groups of genera of Hippomaneae tribe. However, there was a high similarity among several genera of this tribe with others of the other two tribes studied. In the PCA, <em>Colliguaja brasiliensis<\/em> and <em>Sebastiania brevifolia<\/em> were very similar to <em>Microstachys<\/em> because they had the largest margines widths of the c\u00f3lporos, sometimes differing in their amb, in the ornamentation of the exine and the margines (psilate or rugulate only in <em>Colliguaja brasiliensis<\/em>), or because of the absence or presence of <em>cavea <\/em>(<em>Microstachys<\/em> only). <em>Hura crepitans<\/em>, <em>Mabea fistulifera<\/em>, <em>M. piriri<\/em>, <em>Sapium haematospermum<\/em>, <em>S. obovatum<\/em>, <em>Stillingia argutedentata<\/em>, <em>S. uleana<\/em> and <em>Triadica sebifera<\/em> were grouped by having the largest pollen grains. <em>Algernonia brasiliensis, A. leandrii<\/em>, <em>Gymnanthes multiramea<\/em>, <em>G. schottiana<\/em>, <em>Maprounea brasiliensis<\/em>, <em>M. guianensis<\/em> and <em>Pleradenophora membranifolia<\/em> were grouped due to the narrower endoapertures. <em>Actinostemon klotzchii<\/em>, <em>A. verticillatus<\/em>, <em>Pachystroma longifolium<\/em>, <em>Sebastiania brasiliensis<\/em> and <em>Senefeldera verticillata<\/em> were grouped by the narrower margines of the colporus. In relation to the highest percentages of pollen similarity based on the metric variables, in the UPGMA <em>Mabea fistulifera<\/em> and <em>M. piriri<\/em> (Hippomaneae) closely resembled <em>Hura crepitans<\/em> (Hureae) and one of the specimens of <em>Pachystroma longifolium<\/em> (Pachystromateae). A specimen of <em>Actinostemon verticillatus<\/em>, all of <em>Actinostemon klotzschii<\/em> and one of <em>Senefeldera verticillata<\/em> (Hippomaneae) were more similar to <em>Algernonia brasiliensis<\/em> and <em>A. leandrii<\/em> (Hureae) and the other two specimens of <em>Pachystroma longifolium<\/em> (Pachystromateae). It is concluded that the Hippomaneae tribe was not well circumscribed in the palynology, since several pollinic characteristics overlapped with those of the analyzed genus of the other Hureae and Pachystromateae tribes. However, some taxa exhibited significant pollen characteristics that differentiated them from the rest. It is recommended to include the pollen data obtained here in the phylogeny of the tribes.<br \/>\n<strong>Keywords<\/strong>: Pollen morphology, Euphorbiaceae <em>s.s.<\/em>, Hippomaneae, Hureae, Pachystromateae<\/p>\n<p>&nbsp;<\/p>\n<h4 style=\"text-align: center\"><strong>RESUMO<\/strong><\/h4>\n<p style=\"text-align: justify\">A tribo Hippomaneae, classificada na subfam\u00edlia Euphorbioideae (Euphorbiaceae <em>s.s<\/em>.), compreende 34 g\u00eaneros e \u00e9 uma das tribos menos estudadas e uma das que exibem maiores problemas taxon\u00f4micos. Seus representantes apresentam delimita\u00e7\u00e3o e circunscri\u00e7\u00e3o complexas, com alguns problemas nomenclaturais, que vem sofrendo mudan\u00e7as continuamente. Al\u00e9m disso, an\u00e1lises moleculares demonstraram o parafiletismo de Euphorbiaceae <em>s.s.<\/em> devido a controversa rela\u00e7\u00e3o entre as tribos Hippomaneae, Hureae e Pachystromateae. O objetivo deste estudo foi reconhecer os padr\u00f5es da morfologia e ultraescultura pol\u00ednica de 28 esp\u00e9cies de 12 g\u00eaneros pertencentes a Tribo Hippomaneae, tr\u00eas esp\u00e9cies de dois g\u00eaneros da Tribo Hureae e da \u00fanica esp\u00e9cie da Tribo Pachystromateae, representadas por 82 esp\u00e9cimes. O intuito foi fornecer dados adicionais para a filogenia de Euphorbiaceae e contribuir na resolu\u00e7\u00e3o de problemas taxon\u00f4micos entre as tr\u00eas tribos. Os gr\u00e3os de p\u00f3len foram acetolisados, medidos, descritos, fotografados em microscopia \u00f3ptica e eletromicrografados. Os dados quantitativos foram submetidos a tratamentos estat\u00edsticos para avaliar a signific\u00e2ncia das semelhan\u00e7as pol\u00ednicas entre os esp\u00e9cimes estudados. Observou-se que as caracter\u00edsticas pol\u00ednicas foram eficientes na distin\u00e7\u00e3o de alguns grupos de g\u00eaneros da tribo Hippomaneae. No entanto, ocorreu alta similaridade entre v\u00e1rios g\u00eaneros dessa tribo com outros das outras duas tribos estudadas. Na ACP <em>Colliguaja brasiliensis<\/em> e <em>Sebastiania brevifolia<\/em> foram muito similares a <em>Microstachys<\/em> por possu\u00edrem as maiores larguras de margens dos c\u00f3lporos, ora diferindo no \u00e2mbito, na ornamenta\u00e7\u00e3o da exina e das margens (psilada ou rugulada, essa \u00faltima apenas em <em>Colliguaja brasiliensis<\/em>), ora pela aus\u00eancia ou presen\u00e7a de <em>cavea <\/em>(somente em <em>Microstachys<\/em>). <em>Hura crepitans<\/em>, <em>Mabea fistulifera<\/em>, <em>M. piriri<\/em>, <em>Sapium haematospermum<\/em>, <em>S. obovatum<\/em>, <em>Stillingia argutedentata<\/em>, <em>S. uleana<\/em> e <em>Triadica sebifera <\/em>agruparam-se por possu\u00edrem os maiores gr\u00e3os de p\u00f3len. <em>Algernonia brasiliensis<\/em>, <em>A. leandrii<\/em>, <em>Gymnanthes multiramea<\/em>, <em>G. schottiana<\/em>, <em>Maprounea brasiliensis<\/em>, <em>M. guianensis<\/em> e <em>Pleradenophora membranifolia<\/em> agruparam-se devido \u00e0s endoaberturas mais estreitas. <em>Actinostemon klotzchii<\/em>, <em>A. verticillatus<\/em>, <em>Pachystroma longifolium<\/em>, <em>Sebastiania brasiliensis<\/em> e <em>Senefeldera verticillata<\/em> agruparam-se pelas margens mais estreitas dos c\u00f3lporos. Com rela\u00e7\u00e3o aos maiores percentuais de similaridade pol\u00ednica com base nas vari\u00e1veis m\u00e9tricas, na UPGMA <em>Mabea fistulifera <\/em>e<em> M. piriri <\/em>(Hippomaneae) se assemelharam muito a <em>Hura crepitans <\/em>(Hureae) e a um dos esp\u00e9cimes de <em>Pachystroma longifolium <\/em>(Pachystromateae). J\u00e1 um esp\u00e9cime de <em>Actinostemon<\/em><em> verticillatus<\/em>, todos de <em>Actinostemon klotzschii<\/em> e um de <em>Senefeldera verticillata<\/em> (Hippomaneae) foram mais semelhantes \u00e0 <em>Algernonia brasiliensis <\/em>e<em> A.<\/em> <em>leandrii <\/em>(Hureae) e aos outros dois esp\u00e9cimes de <em>Pachystroma longifolium <\/em>(Pachystromateae). Conclui-se que a tribo Hippomaneae n\u00e3o foi bem circunscrita palinologicamente, j\u00e1 que v\u00e1rias caracter\u00edsticas pol\u00ednicas se sobrepuseram com as dos g\u00eaneros analisados das outras tribos Hureae e Pachystromateae. No entanto, alguns t\u00e1xons exibiram particularidades pol\u00ednicas significativas que os diferenciaram do restante. Recomenda-se a inclus\u00e3o dos dados pol\u00ednicos aqui obtidos na filogenia das tribos.<br \/>\n<strong>Palavras-chave<\/strong>: Morfologia pol\u00ednica, Euphorbiaceae <em>s.s<\/em>., Hippomaneae, Hureae, Pachystromateae<\/p>\n<hr align=\"center\" noshade=\"noshade\" size=\"1\" width=\"100%\" \/>\n<p style=\"text-align: center\"><a href=\"https:\/\/smastr16.blob.core.windows.net\/pgibt\/2019\/07\/gabriela_cristina_sakugawa_ms.pdf\" target=\"_blank\" rel=\"noopener noreferrer\"><img decoding=\"async\" loading=\"lazy\" class=\"aligncenter\" src=\"https:\/\/smastr16.blob.core.windows.net\/pgibt\/2013\/09\/pdf_grande.gif\" alt=\"pdf_grande\" width=\"60\" height=\"60\" \/><\/a><a href=\"https:\/\/smastr16.blob.core.windows.net\/pgibt\/2019\/07\/gabriela_cristina_sakugawa_ms.pdf\">Gabriela Cristina Sakugawa<\/a><br \/>\n<a href=\"https:\/\/smastr16.blob.core.windows.net\/pgibt\/2019\/07\/gabriela_cristina_sakugawa_ms.pdf\">Palinotaxonomia da Tribo Hippomaneae (Euphorbiaceae)<\/a><\/p>\n<hr align=\"center\" noshade=\"noshade\" size=\"1\" width=\"100%\" \/>\n<p style=\"text-align: center\"><strong>\u00a0<a href=\"www.infraestruturameioambiente.sp.gov.br\/pgibt\/dissertacoesteses\/\">VOLTAR AS DISSERTA\u00c7\u00d5ES E TESES<\/a><\/strong><\/p>\n<hr align=\"center\" noshade=\"noshade\" size=\"1\" width=\"100%\" \/>\n","protected":false},"excerpt":{"rendered":"<p>Gabriela Cristina Sakugawa Em 03 de abril de 2019, Gabriela Cristina Sakugawa, aluna de mestrado do programa de P\u00f3s-Gradua\u00e7\u00e3o em Biodiversidade Vegetal e Meio Ambiente do Instituto de Bot\u00e2nica\u2013 SP., bolsista Capes, defendeu sua Disserta\u00e7\u00e3o de Mestrado intitulada, \u201cPalinotaxonomia da Tribo Hippomaneae (Euphorbiaceae).\u201d A banca examinadora foi presidida pela sua orientadora, PqC. Dra. Cynthia Fernandes [&hellip;]<\/p>\n","protected":false},"author":103,"featured_media":0,"parent":249,"menu_order":0,"comment_status":"closed","ping_status":"closed","template":"","meta":[],"_links":{"self":[{"href":"https:\/\/www.infraestruturameioambiente.sp.gov.br\/pgibt\/wp-json\/wp\/v2\/pages\/7046"}],"collection":[{"href":"https:\/\/www.infraestruturameioambiente.sp.gov.br\/pgibt\/wp-json\/wp\/v2\/pages"}],"about":[{"href":"https:\/\/www.infraestruturameioambiente.sp.gov.br\/pgibt\/wp-json\/wp\/v2\/types\/page"}],"author":[{"embeddable":true,"href":"https:\/\/www.infraestruturameioambiente.sp.gov.br\/pgibt\/wp-json\/wp\/v2\/users\/103"}],"replies":[{"embeddable":true,"href":"https:\/\/www.infraestruturameioambiente.sp.gov.br\/pgibt\/wp-json\/wp\/v2\/comments?post=7046"}],"version-history":[{"count":1,"href":"https:\/\/www.infraestruturameioambiente.sp.gov.br\/pgibt\/wp-json\/wp\/v2\/pages\/7046\/revisions"}],"predecessor-version":[{"id":7048,"href":"https:\/\/www.infraestruturameioambiente.sp.gov.br\/pgibt\/wp-json\/wp\/v2\/pages\/7046\/revisions\/7048"}],"up":[{"embeddable":true,"href":"https:\/\/www.infraestruturameioambiente.sp.gov.br\/pgibt\/wp-json\/wp\/v2\/pages\/249"}],"wp:attachment":[{"href":"https:\/\/www.infraestruturameioambiente.sp.gov.br\/pgibt\/wp-json\/wp\/v2\/media?parent=7046"}],"curies":[{"name":"wp","href":"https:\/\/api.w.org\/{rel}","templated":true}]}}