{"id":694,"date":"2013-09-17T09:59:08","date_gmt":"2013-09-17T12:59:08","guid":{"rendered":"https:\/\/www.infraestruturameioambiente.sp.gov.br\/pgibt\/?page_id=694"},"modified":"2013-09-17T09:59:08","modified_gmt":"2013-09-17T12:59:08","slug":"2012-majoi-de-novaes-nascimento","status":"publish","type":"page","link":"https:\/\/www.infraestruturameioambiente.sp.gov.br\/pgibt\/dissertacoesteses\/2012-majoi-de-novaes-nascimento\/","title":{"rendered":"Majoi de Novaes Nascimento MS"},"content":{"rendered":"<h2 style=\"text-align: center\"><a href=\"https:\/\/smastr16.blob.core.windows.net\/pgibt\/2015\/02\/faixapos6.jpg\"><img decoding=\"async\" loading=\"lazy\" class=\"aligncenter size-full wp-image-3777\" style=\"border: 0px\" alt=\"faixapos6\" src=\"https:\/\/smastr16.blob.core.windows.net\/pgibt\/2015\/02\/faixapos6.jpg\" width=\"950\" height=\"163\" srcset=\"https:\/\/smastr16.blob.core.windows.net\/pgibt\/2015\/02\/faixapos6.jpg 950w, https:\/\/smastr16.blob.core.windows.net\/pgibt\/2015\/02\/faixapos6-768x131.jpg 768w\" sizes=\"(max-width: 950px) 100vw, 950px\" \/><\/a><\/h2>\n<hr align=\"center\" noshade=\"noshade\" size=\"1\" width=\"100%\" \/>\n<h2 style=\"text-align: center\">Majoi de Novaes Nascimento<\/h2>\n<hr align=\"center\" noshade=\"noshade\" size=\"1\" width=\"100%\" \/>\n<p style=\"text-align: center\">A disserta\u00e7\u00e3o intitulada<br \/>\n<strong>Biodiversidade e distribui\u00e7\u00e3o das diatom\u00e1ceas planct\u00f4nicas e de sedimento\u00a0superficial<br \/>\nem represa profunda oligotr\u00f3fica (Sistema Cantareira, Represa Jaguari-Jacare\u00ed)<br \/>\n<\/strong>foi defendida \u00e0s 14:00 do dia 20 de abril de 2012. A banca examinadora foi composta pela\u00a0Prof\u00aa Dr\u00aa Denise C. Bicudo (orientadora\/IBt),<br \/>\nProf\u00aa Dr\u00aa Fernanda Ferrari (UTFPR)\u00a0e Prof. Dr. D\u00e9cio Lu\u00eds Semensatto Junior (UNIFESP).<\/p>\n<div id=\"attachment_697\" style=\"width: 512px\" class=\"wp-caption aligncenter\"><a href=\"https:\/\/smastr16.blob.core.windows.net\/pgibt\/2013\/09\/majoi.jpg\"><img aria-describedby=\"caption-attachment-697\" decoding=\"async\" loading=\"lazy\" class=\" wp-image-697 \" alt=\"Prof. Dr. D\u00e9cio Luis Semensatto Junior, Prof\u00aa Dr\u00aa Denise C. Bicudo, MSc. Majoi de Novaes Nascimento, Prof\u00aa Dr\u00aa Fernanda Ferrari.\" src=\"https:\/\/smastr16.blob.core.windows.net\/pgibt\/2013\/09\/majoi.jpg\" width=\"502\" height=\"370\" srcset=\"https:\/\/smastr16.blob.core.windows.net\/pgibt\/2013\/09\/majoi.jpg 628w, https:\/\/smastr16.blob.core.windows.net\/pgibt\/2013\/09\/majoi-768x564.jpg 768w\" sizes=\"(max-width: 502px) 100vw, 502px\" \/><\/a><p id=\"caption-attachment-697\" class=\"wp-caption-text\">Prof. Dr. D\u00e9cio Luis Semensatto Junior, Prof\u00aa Dr\u00aa Denise C. Bicudo, MSc. Majoi de Novaes Nascimento, Prof\u00aa Dr\u00aa Fernanda Ferrari.<\/p><\/div>\n<p>&nbsp;<\/p>\n<p style=\"text-align: center\">O trabalho visou avaliar a biodiversidade e distribui\u00e7\u00e3o das diatom\u00e1ceas planct\u00f4nicas e presentes nos sedimentos superficiais da represa Jaguari-Jacare\u00ed (Sistema Cantareira), bem como contribuir para a caracteriza\u00e7\u00e3o da qualidade ecol\u00f3gica do maior manancial abastecedor da RMSP. Os representantes de diatom\u00e1ceas que apresentaram ampla distribui\u00e7\u00e3o na represa s\u00e3o esp\u00e9cies com estrat\u00e9gias adaptativas que facilitam a flotabilidade e<br \/>\nque v\u00eam sendo reportadas em ambientes acid\u00f3filos e oligotr\u00f3ficos.<br \/>\nFoi poss\u00edvel constatar que a referida represa mant\u00e9m as caracter\u00edsticas de um ecossistema conservado, sendo classificada<br \/>\ncomo ultra-oligotr\u00f3fica a oligotr\u00f3fica. Todavia, os locais que recebem influ\u00eancia de seus principais tribut\u00e1rios, os rios Jaguari (eutr\u00f3fico)<br \/>\ne Jacare\u00ed (hipereutr\u00f3fico), foram classificados como mesotr\u00f3ficos. O trabalho salienta a necessidade de a\u00e7\u00f5es urgentes para controlar o aporte de nutrientes oriundos das cidades que fazem parte das bacias dos rios Jaguari e Jacare\u00ed (principalmente deste \u00faltimo),<br \/>\nque podem colocar em risco o maior manancial abastecedor da RMSP, que j\u00e1 prenuncia o processo de eutrofiza\u00e7\u00e3o. Este trabalho contribui pioneiramente para o conhecimento da estrutura da comunidade de diatom\u00e1ceas na Represa Jaguari-Jacare\u00ed e para o conhecimento das condi\u00e7\u00f5es limnol\u00f3gicas da represa, contribuindo para o maior conhecimento da<br \/>\necologia de esp\u00e9cies de diatom\u00e1ceas tropicais e de seu uso na bioindica\u00e7\u00e3o, principalmente em represas profundas e oligotr\u00f3ficas no pa\u00eds. Finalmente, demonstrou a import\u00e2ncia dos sedimentos superficiais como ferramenta complementar ao monitoramento da \u00e1gua,<br \/>\numa vez que este compartimento fornece informa\u00e7\u00f5es ecol\u00f3gicas integradas no tempo e no espa\u00e7o.<\/p>\n<hr align=\"center\" noshade=\"noshade\" size=\"1\" width=\"100%\" \/>\n<h3 style=\"text-align: center\"><strong>Biodiversidade e distribui\u00e7\u00e3o das diatom\u00e1ceas planct\u00f4nicas e de sedimento superficial em represa profunda oligotr\u00f3fica (Sistema Cantareira, Represa Jaguari-Jacare\u00ed)\u00a0<\/strong><\/h3>\n<hr align=\"center\" noshade=\"noshade\" size=\"1\" width=\"100%\" \/>\n<h4 style=\"text-align: center\"><strong>RESUMO<\/strong><\/h4>\n<p style=\"text-align: justify\">O dom\u00ednio Mata Atl\u00e2ntica \u00e9 formado por diversas fisionomias vegetais entre elas a Floresta Ombr\u00f3fila Densa.\u00a0Em uma mesma fisionomia vegetal \u00e9 poss\u00edvel identificar \u00e1reas com diferentes grupos de esp\u00e9cies formando um mosaico de vegeta\u00e7\u00e3o, que apresentam varia\u00e7\u00f5es nos padr\u00f5es de regenera\u00e7\u00e3o, estrutura e dispers\u00e3o. Essas esp\u00e9cies podem ser agrupadas em grupos funcionais ou guildas de acordo com as estrat\u00e9gias de regenera\u00e7\u00e3o, sendo enquadradas em tr\u00eas grupos: esp\u00e9cies pioneiras, secund\u00e1rias iniciais ou tardias.\u00a0Essa classifica\u00e7\u00e3o das esp\u00e9cies em tipos funcionais \u00e9 essencial para a compreens\u00e3o da sucess\u00e3o ecol\u00f3gica e as caracter\u00edsticas do metabolismo de nitrog\u00eanio (N) das arb\u00f3reas tropicais podem ser essa uma ferramenta adicional ao diagn\u00f3stico e \u00e0 classifica\u00e7\u00e3o em grupos ecol\u00f3gicos de sucess\u00e3o. O presente trabalho tem como objetivo central caracterizar a ecofisiologia da utiliza\u00e7\u00e3o de nitrog\u00eanio das esp\u00e9cies arb\u00f3reas dominantes na Floresta Ombr\u00f3fila Densa Submontana em Caraguatatuba e relacionar as estrat\u00e9gias de utiliza\u00e7\u00e3o de nitrog\u00eanio com as classes sucessionais das esp\u00e9cies arb\u00f3reas selecionadas para o estudo, obtendo assim bases para o estudo sobre potenciais altera\u00e7\u00f5es no uso de\u00a0nitrog\u00eanio\u00a0induzidas pela\u00a0instala\u00e7\u00e3o\u00a0da\u00a0Usina\u00a0de Tratamento de G\u00e1s (UTGCA \u2013 Monteiro Lobato) na regi\u00e3o de estudo. Foram realizadas an\u00e1lises da atividade da nitrato redutase (NR), conte\u00fado de nitrog\u00eanio total e nitrato, rela\u00e7\u00e3o C:N e \u03b415N foliares, conte\u00fado de nitrato e amino\u00e1cidos na seiva do xilema nas esp\u00e9cies arb\u00f3reas selecionadas para o estudo. As coletas foram realizadas durante as esta\u00e7\u00f5es seca e \u00famida (2011). Tamb\u00e9m foram avaliadas a disponibilidade de nitrato e am\u00f4nio do solo e a coloniza\u00e7\u00e3o radicular por micorriza arbuscular. Foram selecionadas 36 esp\u00e9cies para o estudo, sendo pertencentes a 10 fam\u00edlias. Essas esp\u00e9cies foram classificadas com bases na sua estrat\u00e9gia de regenera\u00e7\u00e3o, sendo classificadas duas esp\u00e9cies como pioneiras, 13 como secund\u00e1rias iniciais, 14 como secund\u00e1rias tardias e 7\u00a0n\u00e3o foram categorizadas.\u00a0Os dados, no geral, mostraram que as esp\u00e9cies apresentam diferentes estrat\u00e9gias de uso de nitrog\u00eanio relacionadas com o grupo ecol\u00f3gico e a fam\u00edlia a que pertencem.\u00a0As esp\u00e9cies pioneiras s\u00e3o caracterizadas pela maior assimila\u00e7\u00e3o de nitrato na folha, relacionada \u00e0 elevada atividade da NR foliar, elevado nitrog\u00eanio\u00a0total\u00a0foliar, baixa rela\u00e7\u00e3o C:N e conte\u00fado\u00a0de\u00a0nitrato e asparagina elevados na\u00a0seiva,\u00a0enquanto\u00a0as\u00a0esp\u00e9cies\u00a0tardias apresentam um baixo conte\u00fado de atividade da NR foliar, um menor conte\u00fado de nitrog\u00eanio total, elevada rela\u00e7\u00e3o C:N,\u00a0menor\u00a0conte\u00fado\u00a0de\u00a0nitrato no\u00a0xilema e asparagina como principal composto na seiva do xilema,\u00a0evidenciando\u00a0uma\u00a0forma\u00a0de\u00a0assimila\u00e7\u00e3o\u00a0de\u00a0nitrog\u00eanio distinta do grupo anterior. As secund\u00e1rias iniciais n\u00e3o leguminosas apresentam baixa atividade da NR, reduzido conte\u00fado de nitrato no xilema e alta rela\u00e7\u00e3o C:N, GLN \u00e9 o principal amino\u00e1cido translocado no xilema e as secund\u00e1rias iniciais leguminosas, um elevado conte\u00fado de nitrato no xilema e de nitrog\u00eanio foliar, uma reduzida raz\u00e3o C:N e ASN como principal forma de amino\u00e1cido transportado. Como esperado, esp\u00e9cies de uma mesma fam\u00edlia bot\u00e2nica apresentaram caracter\u00edsticas semelhantes no uso de nitrog\u00eanio. O conte\u00fado de nitrato foliar n\u00e3o se mostrou um bom indicador entre grupos, mas apresenta rela\u00e7\u00e3o com o conte\u00fado de nitrog\u00eanio no solo e com a sazonalidade, assim como a atividade da enzima nitrato redutase.\u00a0A taxa de coloniza\u00e7\u00e3o de micorriza arbuscular apresentou uma elevada variabilidade de resultados e os valores n\u00e3o apresentaram, no geral, diferen\u00e7as entre as esta\u00e7\u00f5es. Os dados corroboram o modelo de uso de nitrog\u00eanio para esp\u00e9cies arb\u00f3reas proposto por Aidar et. al. (2003), e este talvez possa ser utilizado como uma ferramenta para a avalia\u00e7\u00e3o de potenciais impactos no uso de nitrog\u00eanio causados pela deposi\u00e7\u00e3o atmosf\u00e9rica de N provocada pelas emiss\u00f5es da UTGCA \u2013 Petrobras.<\/p>\n<p style=\"text-align: justify\">Palavras-chave: nitrato redutase, sucess\u00e3o ecol\u00f3gica, nitrato, amino\u00e1cidos<\/p>\n<div id=\"attachment_701\" style=\"width: 350px\" class=\"wp-caption aligncenter\"><a href=\"https:\/\/smastr16.blob.core.windows.net\/pgibt\/2013\/09\/majoi1.jpg\"><img aria-describedby=\"caption-attachment-701\" decoding=\"async\" loading=\"lazy\" class=\"size-full wp-image-701\" alt=\"Represa Jaguari-Jacare\u00ed, Sistema Produtor Cantareira\" src=\"https:\/\/smastr16.blob.core.windows.net\/pgibt\/2013\/09\/majoi1.jpg\" width=\"340\" height=\"255\" srcset=\"https:\/\/smastr16.blob.core.windows.net\/pgibt\/2013\/09\/majoi1.jpg 340w, https:\/\/smastr16.blob.core.windows.net\/pgibt\/2013\/09\/majoi1-768x576.jpg 768w\" sizes=\"(max-width: 340px) 100vw, 340px\" \/><\/a><p id=\"caption-attachment-701\" class=\"wp-caption-text\">Represa Jaguari-Jacare\u00ed, Sistema Produtor Cantareira<\/p><\/div>\n<hr align=\"center\" noshade=\"noshade\" size=\"1\" width=\"100%\" \/>\n<p style=\"text-align: center\"><a href=\"https:\/\/smastr16.blob.core.windows.net\/pgibt\/2013\/09\/pdf_grande.gif\"><img decoding=\"async\" loading=\"lazy\" class=\"aligncenter size-full wp-image-2313\" style=\"border: 0px\" alt=\"pdf_grande\" src=\"https:\/\/smastr16.blob.core.windows.net\/pgibt\/2013\/09\/pdf_grande.gif\" width=\"60\" height=\"60\" \/><\/a><a href=\"https:\/\/smastr16.blob.core.windows.net\/pgibt\/2013\/09\/Majoi_de_Novaes_Nascimento_MS.pdf\" target=\"_blank\">Majoi de Novaes Nascimento<br \/>\nBiodiversidade e distribui\u00e7\u00e3o das diatom\u00e1ceas planct\u00f4nicas e de sedimento superficial em represa profunda oligotr\u00f3fica (Sistema Cantareira, Represa Jaguari-Jacare\u00ed)<\/a><\/p>\n<hr align=\"center\" noshade=\"noshade\" size=\"1\" width=\"100%\" \/>\n<p style=\"text-align: center\"><strong>\u00a0<a href=\"https:\/\/www.infraestruturameioambiente.sp.gov.br\/pgibt\/dissertacoesteses\/\">VOLTAR AS DISSERTA\u00c7\u00d5ES E TESES<\/a><\/strong><\/p>\n<hr align=\"center\" noshade=\"noshade\" size=\"1\" width=\"100%\" \/>\n","protected":false},"excerpt":{"rendered":"<p>Majoi de Novaes Nascimento A disserta\u00e7\u00e3o intitulada Biodiversidade e distribui\u00e7\u00e3o das diatom\u00e1ceas planct\u00f4nicas e de sedimento\u00a0superficial em represa profunda oligotr\u00f3fica (Sistema Cantareira, Represa Jaguari-Jacare\u00ed) foi defendida \u00e0s 14:00 do dia 20 de abril de 2012. A banca examinadora foi composta pela\u00a0Prof\u00aa Dr\u00aa Denise C. Bicudo (orientadora\/IBt), Prof\u00aa Dr\u00aa Fernanda Ferrari (UTFPR)\u00a0e Prof. Dr. D\u00e9cio Lu\u00eds [&hellip;]<\/p>\n","protected":false},"author":1,"featured_media":0,"parent":249,"menu_order":0,"comment_status":"closed","ping_status":"closed","template":"fullpage.php","meta":[],"_links":{"self":[{"href":"https:\/\/www.infraestruturameioambiente.sp.gov.br\/pgibt\/wp-json\/wp\/v2\/pages\/694"}],"collection":[{"href":"https:\/\/www.infraestruturameioambiente.sp.gov.br\/pgibt\/wp-json\/wp\/v2\/pages"}],"about":[{"href":"https:\/\/www.infraestruturameioambiente.sp.gov.br\/pgibt\/wp-json\/wp\/v2\/types\/page"}],"author":[{"embeddable":true,"href":"https:\/\/www.infraestruturameioambiente.sp.gov.br\/pgibt\/wp-json\/wp\/v2\/users\/1"}],"replies":[{"embeddable":true,"href":"https:\/\/www.infraestruturameioambiente.sp.gov.br\/pgibt\/wp-json\/wp\/v2\/comments?post=694"}],"version-history":[{"count":0,"href":"https:\/\/www.infraestruturameioambiente.sp.gov.br\/pgibt\/wp-json\/wp\/v2\/pages\/694\/revisions"}],"up":[{"embeddable":true,"href":"https:\/\/www.infraestruturameioambiente.sp.gov.br\/pgibt\/wp-json\/wp\/v2\/pages\/249"}],"wp:attachment":[{"href":"https:\/\/www.infraestruturameioambiente.sp.gov.br\/pgibt\/wp-json\/wp\/v2\/media?parent=694"}],"curies":[{"name":"wp","href":"https:\/\/api.w.org\/{rel}","templated":true}]}}