{"id":691,"date":"2013-09-17T09:53:52","date_gmt":"2013-09-17T12:53:52","guid":{"rendered":"https:\/\/www.infraestruturameioambiente.sp.gov.br\/pgibt\/?page_id=691"},"modified":"2013-09-17T09:53:52","modified_gmt":"2013-09-17T12:53:52","slug":"2007-aline-paternostro-martins","status":"publish","type":"page","link":"https:\/\/www.infraestruturameioambiente.sp.gov.br\/pgibt\/dissertacoesteses\/2007-aline-paternostro-martins\/","title":{"rendered":"Aline Paternostro Martins MS"},"content":{"rendered":"<h2 style=\"text-align: center\"><a href=\"https:\/\/smastr16.blob.core.windows.net\/pgibt\/2015\/02\/faixapos6.jpg\"><img decoding=\"async\" loading=\"lazy\" class=\"aligncenter size-full wp-image-3777\" style=\"border: 0px\" alt=\"faixapos6\" src=\"https:\/\/smastr16.blob.core.windows.net\/pgibt\/2015\/02\/faixapos6.jpg\" width=\"950\" height=\"163\" srcset=\"https:\/\/smastr16.blob.core.windows.net\/pgibt\/2015\/02\/faixapos6.jpg 950w, https:\/\/smastr16.blob.core.windows.net\/pgibt\/2015\/02\/faixapos6-768x131.jpg 768w\" sizes=\"(max-width: 950px) 100vw, 950px\" \/><\/a><\/h2>\n<hr align=\"center\" noshade=\"noshade\" size=\"1\" width=\"100%\" \/>\n<h2 style=\"text-align: center\">Aline Paternostro Martins<\/h2>\n<hr align=\"center\" noshade=\"noshade\" size=\"1\" width=\"100%\" \/>\n<p style=\"text-align: center\">No dia 12 de julho de 2007, a aluna do curso de P\u00f3s-Gradua\u00e7\u00e3o em Biodiversidade e Meio Ambiente do Instituto de Bot\u00e2nica (IBt), Aline Paternostro Martins (bolsista FAPESP), defendeu sua disserta\u00e7\u00e3o de mestrado intitulada:<br \/>\n&#8220;Efeitos da disponibilidade do nitrato no metabolismo do nitrog\u00eanio em variantes pigmentares de<br \/>\n<em>Hypnea musciformis <\/em>(Wulfen in Jacqu.) J. V. Lamour. (Gigartinales, Rhodophyta).<\/p>\n<p style=\"text-align: center\">A banca examinadora foi composta pela Dra. Nair Sumie Yokoya (Se\u00e7\u00e3o de Ficologia, IBt), pela Dra. Silvia M. Pita B. Guimar\u00e3es (Se\u00e7\u00e3o de Ficologia, IBt)<br \/>\ne pelo Dr. Pio Colepicolo (Departamento de Bioqu\u00edmica, IQ-USP).<\/p>\n<h2><a href=\"https:\/\/smastr16.blob.core.windows.net\/pgibt\/2013\/09\/aline2.jpg\"><img decoding=\"async\" loading=\"lazy\" class=\"aligncenter\" alt=\"Aline\" src=\"https:\/\/smastr16.blob.core.windows.net\/pgibt\/2013\/09\/aline2.jpg\" width=\"254\" height=\"191\" \/><\/a><\/h2>\n<hr align=\"center\" noshade=\"noshade\" size=\"1\" width=\"100%\" \/>\n<h3 style=\"text-align: center\"><strong>Efeitos da disponibilidade do nitrato no metabolismo do nitrog\u00eanio em variantes pigmentares de<br \/>\n<em>Hypnea musciformis <\/em>(Wulfen in Jacqu.) J. V. Lamour. (Gigartinales, Rhodophyta)<\/strong><\/h3>\n<hr align=\"center\" noshade=\"noshade\" size=\"1\" width=\"100%\" \/>\n<h4 style=\"text-align: center\"><strong>RESUMO<\/strong><\/h4>\n<p style=\"text-align: justify\">No ambiente marinho, o nitrog\u00eanio \u00e9 encontrado nas formas de am\u00f4nio, nitrato e nitrito e \u00e9 considerado o principal nutriente limitante para o crescimento das algas marinhas bent\u00f4nicas. No Brasil,\u00a0<em>Hypnea musciformis <\/em>(Wulfen in Jacquin) J.V. Lamour (Gigartinales, Rhodophyta)\u00a0\u00e9 a principal mat\u00e9ria-prima para a produ\u00e7\u00e3o de carragenana e o conhecimento do metabolismo do nitrog\u00eanio \u00e9 muito importante para o sucesso de seu cultivo, assim como a disponibilidade de f\u00f3sforo, que pode limitar a produtividade das algas marinhas. O principal objetivo do presente estudo foi avaliar os efeitos da disponibilidade de nitrato e fosfato no crescimento, na fotoss\u00edntese e nas etapas do metabolismo do nitrog\u00eanio (capta\u00e7\u00e3o, assimila\u00e7\u00e3o, armazenamento interno e &#8220;turnover&#8221;) nas linhagens verde-clara (VC) e marrom (MA) de<em>\u00a0H. musciformis<\/em>.<br \/>\nAs plantas utilizadas em todos os experimentos foram originadas das culturas unialg\u00e1ceas cultivadas em temperatura de 23 \u00b1 2\u00b0C, fotoper\u00edodo de 14h, irradi\u00e2ncia de 60-90 mmol f\u00f3tons.m-2.s-1, e meio composto por \u00e1gua do mar esterilizada (30 ups) enriquecida com a solu\u00e7\u00e3o de von Stosch na concentra\u00e7\u00e3o de 50% (VSES\/2).<br \/>\nOs experimentos foram realizados utilizando algas com limita\u00e7\u00e3o interna de nutrientes (cultivadas somente em \u00e1gua do mar durante 2 semanas antes do in\u00edcio dos experimentos) e sem limita\u00e7\u00e3o de nutrientes (cultivadas em meio VSES\/2). As condi\u00e7\u00f5es experimentais foram as mesmas descritas para as culturas unialg\u00e1ceas, exceto pelo meio composto por \u00e1gua do mar com adi\u00e7\u00e3o de nitrato (zero a 100 mM), e com adi\u00e7\u00e3o de nitrato e fosfato (zero a 25 mM), mantendo a rela\u00e7\u00e3o N:P de 4:1. Foram analisados a atividade da enzima nitrato redutase (NR), o conte\u00fado de pigmentos fotossintetizantes (AFC _ Aloficocianina, FC _ Ficocianina, FE _ Ficoeritrina e Cla _ Clorofila a) e de prote\u00ednas, as taxas fotossint\u00e9ticas (FB _ Fotoss\u00edntese bruta e FL _ Fotoss\u00edntese l\u00edquida), respirat\u00f3rias (RE) e de crescimento (TC). A capta\u00e7\u00e3o e remo\u00e7\u00e3o de nitrog\u00eanio e f\u00f3sforo e a libera\u00e7\u00e3o de nitrog\u00eanio org\u00e2nico dissolvido (NOD) pelas linhagens de cor (em plantas com limita\u00e7\u00e3o interna de nutrientes) tamb\u00e9m foram avaliadas.<br \/>\nOs experimentos para avaliar os efeitos da disponibilidade de nitrato mostraram que, para os esp\u00e9cimes com limita\u00e7\u00e3o interna de nutrientes, houve correla\u00e7\u00e3o positiva entre as concentra\u00e7\u00f5es de nitrato e a TC, o conte\u00fado de prote\u00ednas e a respira\u00e7\u00e3o para a linhagem VC, e correla\u00e7\u00e3o positiva entre as concentra\u00e7\u00f5es de nitrato e a TC, o conte\u00fado de prote\u00ednas e pigmentos (FC e FE), a FL e a FB para a linhagem MA. Com a adi\u00e7\u00e3o de N:P no meio, tamb\u00e9m houve correla\u00e7\u00e3o positiva entre a concentra\u00e7\u00e3o de nitrato e fosfato e o conte\u00fado de AFC, FC, Cla eFB para a linhagem VC e AFC e Cla para a linhagem MA. Esses resultados mostram as diferen\u00e7as metab\u00f3licas entre as linhagens de cor de<em> H. musciformis<\/em> quanto ao metabolismo do nitrog\u00eanio: com a adi\u00e7\u00e3o de nitrato, a linhagem VC armazenou nitrog\u00eanio principalmente na forma de prote\u00ednas e a linhagem MA na forma de prote\u00ednas e de pigmentos (FC e FE); com adi\u00e7\u00e3o de N:P, a linhagem VC tamb\u00e9m armazenou nitrog\u00eanio na forma de pigmentos (AFC, FC e Cla) e a linhagem MA na forma de Cla. Al\u00e9m disso, a respira\u00e7\u00e3o da linhagem VC aumentou com o incremento de nitrato no meio enquanto que a linhagem MA apresentou aumento na fotoss\u00edntese.<br \/>\nEm ambas as linhagens, a capta\u00e7\u00e3o de nitrato aumentou linearmente com o incremento nas concentra\u00e7\u00f5es de nitrato, enquanto que a capta\u00e7\u00e3o de fosfato apresentou uma cin\u00e9tica de satura\u00e7\u00e3o. As porcentagens de remo\u00e7\u00e3o de nitrato de ambas as linhagens foram muito altas (95%) em todos os tratamentos testados, n\u00e3o atingindo a satura\u00e7\u00e3o. Com a adi\u00e7\u00e3o de N:P na \u00e1gua do mar, a maior porcentagem de remo\u00e7\u00e3o de fosfato ocorreu no tratamento com 20:5 mM (nitrato:fosfato) para a linhagem VC, e em 20:5 e 40:10 mM (nitrato:fosfato) para a linhagem MA. As linhagens VC e MA liberaram maiores quantidades de NOD para o meio nas concentra\u00e7\u00f5es de 80 mM e 100 mM de nitrato, respectivamente. A adi\u00e7\u00e3o de fosfato na \u00e1gua do mar ocasionou maior libera\u00e7\u00e3o de NOD pela linhagem MA. Estes resultados mostram que as linhagens VC e MA de <em>H. musciformis<\/em> s\u00e3o eficientes na remo\u00e7\u00e3o do nitrog\u00eanio e do f\u00f3sforo da \u00e1gua do mar em concentra\u00e7\u00f5es de at\u00e9 60 mM, uma vez que, a partir dessa concentra\u00e7\u00e3o, grande parte do nitrato removido \u00e9 liberado \u00e0 \u00e1gua do mar como NOD.<\/p>\n<hr align=\"center\" noshade=\"noshade\" size=\"1\" width=\"100%\" \/>\n<p style=\"text-align: center\"><a href=\"https:\/\/smastr16.blob.core.windows.net\/pgibt\/2013\/09\/pdf_grande.gif\"><img decoding=\"async\" loading=\"lazy\" class=\"aligncenter size-full wp-image-2313\" style=\"border: 0px\" alt=\"pdf_grande\" src=\"https:\/\/smastr16.blob.core.windows.net\/pgibt\/2013\/09\/pdf_grande.gif\" width=\"60\" height=\"60\" \/><\/a><a href=\"https:\/\/smastr16.blob.core.windows.net\/pgibt\/2013\/09\/Aline_Paternostro_Martins_MS.pdf\" target=\"_blank\">Aline Paternostro Martins<br \/>\nEfeitos da disponibilidade do nitrato no metabolismo do nitrog\u00eanio em variantes pigmentares de<br \/>\n<em>Hypnea musciformis <\/em>(Wulfen in Jacqu.) J. V. Lamour. (Gigartinales, Rhodophyta)<\/a><\/p>\n<hr align=\"center\" noshade=\"noshade\" size=\"1\" width=\"100%\" \/>\n<p style=\"text-align: center\"><strong>\u00a0<a href=\"https:\/\/www.infraestruturameioambiente.sp.gov.br\/pgibt\/dissertacoesteses\/\">VOLTAR AS DISSERTA\u00c7\u00d5ES E TESES<\/a><\/strong><\/p>\n<hr align=\"center\" noshade=\"noshade\" size=\"1\" width=\"100%\" \/>\n","protected":false},"excerpt":{"rendered":"<p>Aline Paternostro Martins No dia 12 de julho de 2007, a aluna do curso de P\u00f3s-Gradua\u00e7\u00e3o em Biodiversidade e Meio Ambiente do Instituto de Bot\u00e2nica (IBt), Aline Paternostro Martins (bolsista FAPESP), defendeu sua disserta\u00e7\u00e3o de mestrado intitulada: &#8220;Efeitos da disponibilidade do nitrato no metabolismo do nitrog\u00eanio em variantes pigmentares de Hypnea musciformis (Wulfen in Jacqu.) [&hellip;]<\/p>\n","protected":false},"author":1,"featured_media":0,"parent":249,"menu_order":0,"comment_status":"closed","ping_status":"open","template":"fullpage.php","meta":[],"_links":{"self":[{"href":"https:\/\/www.infraestruturameioambiente.sp.gov.br\/pgibt\/wp-json\/wp\/v2\/pages\/691"}],"collection":[{"href":"https:\/\/www.infraestruturameioambiente.sp.gov.br\/pgibt\/wp-json\/wp\/v2\/pages"}],"about":[{"href":"https:\/\/www.infraestruturameioambiente.sp.gov.br\/pgibt\/wp-json\/wp\/v2\/types\/page"}],"author":[{"embeddable":true,"href":"https:\/\/www.infraestruturameioambiente.sp.gov.br\/pgibt\/wp-json\/wp\/v2\/users\/1"}],"replies":[{"embeddable":true,"href":"https:\/\/www.infraestruturameioambiente.sp.gov.br\/pgibt\/wp-json\/wp\/v2\/comments?post=691"}],"version-history":[{"count":0,"href":"https:\/\/www.infraestruturameioambiente.sp.gov.br\/pgibt\/wp-json\/wp\/v2\/pages\/691\/revisions"}],"up":[{"embeddable":true,"href":"https:\/\/www.infraestruturameioambiente.sp.gov.br\/pgibt\/wp-json\/wp\/v2\/pages\/249"}],"wp:attachment":[{"href":"https:\/\/www.infraestruturameioambiente.sp.gov.br\/pgibt\/wp-json\/wp\/v2\/media?parent=691"}],"curies":[{"name":"wp","href":"https:\/\/api.w.org\/{rel}","templated":true}]}}