{"id":690,"date":"2013-09-17T09:35:20","date_gmt":"2013-09-17T12:35:20","guid":{"rendered":"https:\/\/www.infraestruturameioambiente.sp.gov.br\/pgibt\/?page_id=690"},"modified":"2013-09-17T09:35:20","modified_gmt":"2013-09-17T12:35:20","slug":"2012-maira-cortellini-abrahao","status":"publish","type":"page","link":"https:\/\/www.infraestruturameioambiente.sp.gov.br\/pgibt\/dissertacoesteses\/2012-maira-cortellini-abrahao\/","title":{"rendered":"Maira Cortellini Abrah\u00e3o DR"},"content":{"rendered":"<h2 style=\"text-align: center\"><a href=\"https:\/\/smastr16.blob.core.windows.net\/pgibt\/2015\/02\/faixapos6.jpg\"><img decoding=\"async\" loading=\"lazy\" class=\"aligncenter size-full wp-image-3777\" style=\"border: 0px\" alt=\"faixapos6\" src=\"https:\/\/smastr16.blob.core.windows.net\/pgibt\/2015\/02\/faixapos6.jpg\" width=\"950\" height=\"163\" srcset=\"https:\/\/smastr16.blob.core.windows.net\/pgibt\/2015\/02\/faixapos6.jpg 950w, https:\/\/smastr16.blob.core.windows.net\/pgibt\/2015\/02\/faixapos6-768x131.jpg 768w\" sizes=\"(max-width: 950px) 100vw, 950px\" \/><\/a><\/h2>\n<hr align=\"center\" noshade=\"noshade\" size=\"1\" width=\"100%\" \/>\n<h2 style=\"text-align: center\">Maira Cortellini Abrah\u00e3o<\/h2>\n<hr align=\"center\" noshade=\"noshade\" size=\"1\" width=\"100%\" \/>\n<p style=\"text-align: center\">Em 28 de junho de 2012 a aluna Maira Cortellini Abrah\u00e3o, do Programa de P\u00f3s-Gradua\u00e7\u00e3o em\u00a0Biodiversidade Vegetal e Meio Ambiente (\u00e1rea de concentra\u00e7\u00e3o: Plantas Avasculares e Fungos em An\u00e1lises Ambientais),\u00a0do Instituto de Bot\u00e2nica (IBt), S\u00e3o Paulo, SP, defendeu seu doutorado intitulado:<br \/>\n\u201cDiversidade e ecologia de Agaricomycetes lignol\u00edticos do Cerrado da Reserva Biol\u00f3gica de Mogi-Gua\u00e7u,\u00a0estado de S\u00e3o Paulo, Brasil (exceto Agaricales e Corticiales)\u201d.<\/p>\n<p style=\"text-align: center\">Este trabalho contou com o apoio financeiro da\u00a0Funda\u00e7\u00e3o de Amparo \u00e0 Pesquisa do Estado de S\u00e3o Paulo (FAPESP \u2013 n\u00ba 09\/01403-6).<br \/>\nA banca examinadora foi composta por sua orientadora, Dra. Vera L\u00facia Ramos Bononi (Instituto de Bot\u00e2nica, S\u00e3o Paulo) e pelos professores doutores:<br \/>\nElisandro Ricardo Drechsler dos Santos (Universidade Federal de Santa Catarina, Santa Catarina),<br \/>\nMargarida Pereira Fonseca (Universidade de Guarulhos, S\u00e3o Paulo), Marina Capelari (Instituto de Bot\u00e2nica, S\u00e3o Paulo) e<br \/>\nSandra Farto Botelho Trufem (Universidade S\u00e3o Marcos, S\u00e3o Paulo).<\/p>\n<hr align=\"center\" noshade=\"noshade\" size=\"1\" width=\"100%\" \/>\n<h3 style=\"text-align: center\"><strong>Diversidade e ecologia de Agaricomycetes lignol\u00edticos do Cerrado da Reserva Biol\u00f3gica de\u00a0Mogi-Gua\u00e7u, estado de S\u00e3o Paulo, Brasil (exceto Agaricales e Corticiales)<\/strong><\/h3>\n<hr align=\"center\" noshade=\"noshade\" size=\"1\" width=\"100%\" \/>\n<h4 style=\"text-align: center\"><strong>RESUMO<\/strong><\/h4>\n<p style=\"text-align: justify\">Agaricomycetes lignol\u00edticos s\u00e3o encontrados em diversos ecossistemas terrestres, no entanto, o conhecimento a respeito da ecologia de suas esp\u00e9cies ainda \u00e9 incipiente, principalmente em \u00e1reas do Cerrado brasileiro. No presente estudo, a diversidade e ocorr\u00eancia por di\u00e2metro de substrato dos Agaricomycetes lignol\u00edticos (exceto Agaricales e Corticiales) foram investigados em um remanescente de Cerrado do estado de S\u00e3o Paulo, a Reserva Biol\u00f3gica de Mogi-Gua\u00e7u. A amostragem consistiu em coletas bimestrais de basidiomas (agosto de 2009 a junho de 2011), em quatro conjuntos de amostragem, dois em Cerrado\u00a0<em>sensu stricto<\/em>e dois em Mata Ciliar, demarcados em duas \u00e1reas da Reserva, uma mais preservada do que a outra. A partir de 796 esp\u00e9cimes coletados, 92 esp\u00e9cies e\/ou morfoesp\u00e9cies, pertencentes a sete ordens e 14 fam\u00edlias, foram identificados em laborat\u00f3rio com base nas macro e microestruturas dos basidiomas. Todo o material citado anteriormente para o Cerrado e depositado em herb\u00e1rio foi revisado, somando 118 esp\u00e9cies do grupo estudado, pertencentes a 16 fam\u00edlias e sete ordens (Atheliales, Auriculariales, Gloeophyllales, Hymenochaetales, Polyporales, Russulales e Thelephorales), das quais 11 esp\u00e9cies s\u00e3o mencionadas pela primeira vez para o Brasil e 45 consistem novas cita\u00e7\u00f5es para o Dom\u00ednio Cerrado. As comunidades de Agaricomycetes nos conjuntos de amostragem mostraram-se bastante semelhantes, exceto um (Mata Ciliar da \u00e1rea mais preservada). A an\u00e1lise realizada com 23 esp\u00e9cies que apresentaram mais de dez ocorr\u00eancias mostrou diferen\u00e7a significativa entre a distribui\u00e7\u00e3o das mesmas nas diferentes classes de di\u00e2metro do substrato. A \u00e1rea mais preservada apresentou maior riqueza (71 esp\u00e9cies) e abund\u00e2ncia (503 esp\u00e9cimes) do que a \u00e1rea menos preservada (54 esp\u00e9cies, 293 esp\u00e9cimes).<\/p>\n<p style=\"text-align: justify\"><strong>Palavras-chave:<\/strong>\u00a0Agaricomycetes, comunidades f\u00fangicas, unidade de conserva\u00e7\u00e3o, fungos lignocelulol\u00edticos.<\/p>\n<hr align=\"center\" noshade=\"noshade\" size=\"1\" width=\"100%\" \/>\n<p style=\"text-align: center\"><a href=\"https:\/\/smastr16.blob.core.windows.net\/pgibt\/2013\/09\/pdf_grande.gif\"><img decoding=\"async\" loading=\"lazy\" class=\"aligncenter size-full wp-image-2313\" style=\"border: 0px\" alt=\"pdf_grande\" src=\"https:\/\/smastr16.blob.core.windows.net\/pgibt\/2013\/09\/pdf_grande.gif\" width=\"60\" height=\"60\" \/><\/a><a href=\"https:\/\/smastr16.blob.core.windows.net\/pgibt\/2013\/09\/Maira_Cortellini_Abrahao_DR.pdf\" target=\"_blank\">Maira Cortellini Abrah\u00e3o<br \/>\nDiversidade e ecologia de Agaricomycetes lignol\u00edticos do Cerrado da Reserva Biol\u00f3gica de Mogi-Gua\u00e7u,<br \/>\nestado de S\u00e3o Paulo, Brasil (exceto Agaricales e Corticiales)<\/a><\/p>\n<hr align=\"center\" noshade=\"noshade\" size=\"1\" width=\"100%\" \/>\n<p style=\"text-align: center\"><strong>\u00a0<a href=\"https:\/\/www.infraestruturameioambiente.sp.gov.br\/pgibt\/dissertacoesteses\/\">VOLTAR AS DISSERTA\u00c7\u00d5ES E TESES<\/a><\/strong><\/p>\n<hr align=\"center\" noshade=\"noshade\" size=\"1\" width=\"100%\" \/>\n","protected":false},"excerpt":{"rendered":"<p>Maira Cortellini Abrah\u00e3o Em 28 de junho de 2012 a aluna Maira Cortellini Abrah\u00e3o, do Programa de P\u00f3s-Gradua\u00e7\u00e3o em\u00a0Biodiversidade Vegetal e Meio Ambiente (\u00e1rea de concentra\u00e7\u00e3o: Plantas Avasculares e Fungos em An\u00e1lises Ambientais),\u00a0do Instituto de Bot\u00e2nica (IBt), S\u00e3o Paulo, SP, defendeu seu doutorado intitulado: \u201cDiversidade e ecologia de Agaricomycetes lignol\u00edticos do Cerrado da Reserva Biol\u00f3gica [&hellip;]<\/p>\n","protected":false},"author":1,"featured_media":0,"parent":249,"menu_order":0,"comment_status":"closed","ping_status":"closed","template":"fullpage.php","meta":[],"_links":{"self":[{"href":"https:\/\/www.infraestruturameioambiente.sp.gov.br\/pgibt\/wp-json\/wp\/v2\/pages\/690"}],"collection":[{"href":"https:\/\/www.infraestruturameioambiente.sp.gov.br\/pgibt\/wp-json\/wp\/v2\/pages"}],"about":[{"href":"https:\/\/www.infraestruturameioambiente.sp.gov.br\/pgibt\/wp-json\/wp\/v2\/types\/page"}],"author":[{"embeddable":true,"href":"https:\/\/www.infraestruturameioambiente.sp.gov.br\/pgibt\/wp-json\/wp\/v2\/users\/1"}],"replies":[{"embeddable":true,"href":"https:\/\/www.infraestruturameioambiente.sp.gov.br\/pgibt\/wp-json\/wp\/v2\/comments?post=690"}],"version-history":[{"count":0,"href":"https:\/\/www.infraestruturameioambiente.sp.gov.br\/pgibt\/wp-json\/wp\/v2\/pages\/690\/revisions"}],"up":[{"embeddable":true,"href":"https:\/\/www.infraestruturameioambiente.sp.gov.br\/pgibt\/wp-json\/wp\/v2\/pages\/249"}],"wp:attachment":[{"href":"https:\/\/www.infraestruturameioambiente.sp.gov.br\/pgibt\/wp-json\/wp\/v2\/media?parent=690"}],"curies":[{"name":"wp","href":"https:\/\/api.w.org\/{rel}","templated":true}]}}