{"id":682,"date":"2013-09-16T17:20:37","date_gmt":"2013-09-16T20:20:37","guid":{"rendered":"https:\/\/www.infraestruturameioambiente.sp.gov.br\/pgibt\/?page_id=682"},"modified":"2013-09-16T17:20:37","modified_gmt":"2013-09-16T20:20:37","slug":"2006-cristina-rita-radics-koszo","status":"publish","type":"page","link":"https:\/\/www.infraestruturameioambiente.sp.gov.br\/pgibt\/dissertacoesteses\/2006-cristina-rita-radics-koszo\/","title":{"rendered":"Cristina Rita Radics Koszo MS"},"content":{"rendered":"<h2 style=\"text-align: center\"><a href=\"https:\/\/smastr16.blob.core.windows.net\/pgibt\/2015\/02\/faixapos6.jpg\"><img decoding=\"async\" loading=\"lazy\" class=\"aligncenter size-full wp-image-3777\" style=\"border: 0px\" alt=\"faixapos6\" src=\"https:\/\/smastr16.blob.core.windows.net\/pgibt\/2015\/02\/faixapos6.jpg\" width=\"950\" height=\"163\" srcset=\"https:\/\/smastr16.blob.core.windows.net\/pgibt\/2015\/02\/faixapos6.jpg 950w, https:\/\/smastr16.blob.core.windows.net\/pgibt\/2015\/02\/faixapos6-768x131.jpg 768w\" sizes=\"(max-width: 950px) 100vw, 950px\" \/><\/a><\/h2>\n<hr align=\"center\" noshade=\"noshade\" size=\"1\" width=\"100%\" \/>\n<h2 style=\"text-align: center\">Cristina Rita Radics Koszo<\/h2>\n<hr align=\"center\" noshade=\"noshade\" size=\"1\" width=\"100%\" \/>\n<p style=\"text-align: center\">Aos 28 de julho de 2006, no anfiteatro do Instituto de Bot\u00e2nica, Cristina Rita Radics Koszo, aluna do programa de P\u00f3s-Gradua\u00e7\u00e3o em Biodiversidade Vegetal e Meio Ambiente do Instituto de Bot\u00e2nica de S\u00e3o Paulo, defendeu sua Disserta\u00e7\u00e3o de Mestrado intitulada<br \/>\n<span style=\"line-height: 1.5em\">&#8220;Germina\u00e7\u00e3o de sementes de <em>Erythrina speciosa<\/em> Andr. e <em>Eugenia brasiliensis<\/em> Lam. em meio \u00e1cido&#8221;.<\/span><\/p>\n<p style=\"text-align: center\">A banca examinadora foi presidida pelo orientador, Prof. Dr. Claudio Jos\u00e9 Barbedo, da Se\u00e7\u00e3o de Sementes e Melhoramento Vegetal (Instituto de Bot\u00e2nica)<br \/>\ne contou com a participa\u00e7\u00e3o da Profa. Dra. Ana Dionisia da Luz Coelho Novembre (USP\/Piracicaba) e da<br \/>\nProfa. Dra. Lilian Beatriz Penteado Zaidan (Se\u00e7\u00e3o de Fisiologia e Bioqu\u00edmica de Plantas, Instituto de Bot\u00e2nica).<\/p>\n<h2><a href=\"https:\/\/smastr16.blob.core.windows.net\/pgibt\/2013\/09\/cris_koszo1.jpg\"><img decoding=\"async\" loading=\"lazy\" class=\"aligncenter\" alt=\"\" src=\"https:\/\/smastr16.blob.core.windows.net\/pgibt\/2013\/09\/cris_koszo1.jpg\" width=\"250\" height=\"153\" \/><\/a><\/h2>\n<hr align=\"center\" noshade=\"noshade\" size=\"1\" width=\"100%\" \/>\n<h3 style=\"text-align: center\"><strong>Germina\u00e7\u00e3o de sementes de\u00a0<em>Erythrina speciosa<\/em> Andr.\u00a0e\u00a0<em>Eugenia brasiliensis <\/em>Lam.\u00a0em meio \u00e1cido<\/strong><\/h3>\n<hr align=\"center\" noshade=\"noshade\" size=\"1\" width=\"100%\" \/>\n<h4 style=\"text-align: center\"><strong>RESUMO<\/strong><\/h4>\n<p style=\"text-align: justify\">A disserta\u00e7\u00e3o assume grande import\u00e2ncia no contexto da conserva\u00e7\u00e3o da biodiversidade por analisar poss\u00edveis efeitos da acidez sobre a germina\u00e7\u00e3o das sementes. Essa acidez pode ser compar\u00e1vel \u00e0 que ocorre em chuvas \u00e1cidas oriundas de poluentes a\u00e9reos ou \u00e0 encontrada em solos intensamente adubados com fertilizantes nitrogenados ou que recebem freq\u00fcente pulveriza\u00e7\u00e3o de defensivos agr\u00edcolas.<br \/>\nNa disserta\u00e7\u00e3o tamb\u00e9m foi estudado o efeito do alum\u00ednio sobre a germina\u00e7\u00e3o de sementes, cujos resultados apresentam grande relev\u00e2ncia pois muitos solos brasileiros apresentam elevada concentra\u00e7\u00e3o desse elemento. Como esp\u00e9cie padr\u00e3o, para efeitos comparativos, o pepino (<em>Cucumis sativus<\/em>) teve suas sementes inclu\u00eddas no estudo, mas o enfoque central foi dado \u00e0s duas esp\u00e9cies nativas do Brasil, sendo uma de sementes ortodoxas (<em>E. speciosa<\/em>) e outra de recalcitrantes.<\/p>\n<div id=\"attachment_685\" style=\"width: 211px\" class=\"wp-caption aligncenter\"><a href=\"https:\/\/smastr16.blob.core.windows.net\/pgibt\/2013\/09\/cris_koszo2.jpg\"><img aria-describedby=\"caption-attachment-685\" decoding=\"async\" loading=\"lazy\" class=\"size-full wp-image-685\" alt=\"Efeito do alum\u00ednio sobre a germina\u00e7\u00e3o de sementes de C. sativus \" src=\"https:\/\/smastr16.blob.core.windows.net\/pgibt\/2013\/09\/cris_koszo2.jpg\" width=\"201\" height=\"250\" srcset=\"https:\/\/smastr16.blob.core.windows.net\/pgibt\/2013\/09\/cris_koszo2.jpg 201w, https:\/\/smastr16.blob.core.windows.net\/pgibt\/2013\/09\/cris_koszo2-768x955.jpg 768w\" sizes=\"(max-width: 201px) 100vw, 201px\" \/><\/a><p id=\"caption-attachment-685\" class=\"wp-caption-text\">Efeito do alum\u00ednio sobre a germina\u00e7\u00e3o de sementes de C. sativus<\/p><\/div>\n<p style=\"text-align: center\"><a href=\"https:\/\/smastr16.blob.core.windows.net\/pgibt\/2013\/09\/cris_koszo3a.jpg\"><img decoding=\"async\" loading=\"lazy\" class=\"size-full wp-image-686 aligncenter\" alt=\"cris_koszo3a\" src=\"https:\/\/smastr16.blob.core.windows.net\/pgibt\/2013\/09\/cris_koszo3a.jpg\" width=\"300\" height=\"155\" srcset=\"https:\/\/smastr16.blob.core.windows.net\/pgibt\/2013\/09\/cris_koszo3a.jpg 300w, https:\/\/smastr16.blob.core.windows.net\/pgibt\/2013\/09\/cris_koszo3a-768x396.jpg 768w\" sizes=\"(max-width: 300px) 100vw, 300px\" \/><\/a><a href=\"https:\/\/smastr16.blob.core.windows.net\/pgibt\/2013\/09\/cris_koszo5a.jpg\"><img decoding=\"async\" loading=\"lazy\" class=\"alignnone size-medium wp-image-687\" alt=\"cris_koszo5a\" src=\"https:\/\/smastr16.blob.core.windows.net\/pgibt\/2013\/09\/cris_koszo5a-300x125.jpg\" width=\"300\" height=\"125\" \/><\/a><\/p>\n<hr align=\"center\" noshade=\"noshade\" size=\"1\" width=\"100%\" \/>\n<p style=\"text-align: center\"><a href=\"https:\/\/smastr16.blob.core.windows.net\/pgibt\/2013\/09\/pdf_grande.gif\"><img decoding=\"async\" loading=\"lazy\" class=\"aligncenter size-full wp-image-2313\" style=\"border: 0px\" alt=\"pdf_grande\" src=\"https:\/\/smastr16.blob.core.windows.net\/pgibt\/2013\/09\/pdf_grande.gif\" width=\"60\" height=\"60\" \/><\/a><a href=\"https:\/\/smastr16.blob.core.windows.net\/pgibt\/2013\/09\/Cristina_Rita_Radics_Koszo_MS.pdf\" target=\"_blank\">Cristina Rita Radics Koszo<br \/>\nGermina\u00e7\u00e3o de sementes de\u00a0<em>Erythrina speciosa <\/em>Andr.\u00a0e\u00a0<em>Eugenia brasiliensis <\/em>Lam\u00a0em meio \u00e1cido<\/a><\/p>\n<hr align=\"center\" noshade=\"noshade\" size=\"1\" width=\"100%\" \/>\n<p style=\"text-align: center\"><strong>\u00a0<a href=\"https:\/\/www.infraestruturameioambiente.sp.gov.br\/pgibt\/dissertacoesteses\/\">VOLTAR AS DISSERTA\u00c7\u00d5ES E TESES<\/a><\/strong><\/p>\n<hr align=\"center\" noshade=\"noshade\" size=\"1\" width=\"100%\" \/>\n<h1 style=\"text-align: center\"><\/h1>\n<h2 style=\"text-align: center\"><\/h2>\n<h2><a href=\"https:\/\/smastr16.blob.core.windows.net\/pgibt\/2013\/09\/cris_koszo1.jpg\"><br \/>\n<\/a><\/h2>\n","protected":false},"excerpt":{"rendered":"<p>Cristina Rita Radics Koszo Aos 28 de julho de 2006, no anfiteatro do Instituto de Bot\u00e2nica, Cristina Rita Radics Koszo, aluna do programa de P\u00f3s-Gradua\u00e7\u00e3o em Biodiversidade Vegetal e Meio Ambiente do Instituto de Bot\u00e2nica de S\u00e3o Paulo, defendeu sua Disserta\u00e7\u00e3o de Mestrado intitulada &#8220;Germina\u00e7\u00e3o de sementes de Erythrina speciosa Andr. e Eugenia brasiliensis Lam. [&hellip;]<\/p>\n","protected":false},"author":1,"featured_media":0,"parent":249,"menu_order":0,"comment_status":"closed","ping_status":"open","template":"fullpage.php","meta":[],"_links":{"self":[{"href":"https:\/\/www.infraestruturameioambiente.sp.gov.br\/pgibt\/wp-json\/wp\/v2\/pages\/682"}],"collection":[{"href":"https:\/\/www.infraestruturameioambiente.sp.gov.br\/pgibt\/wp-json\/wp\/v2\/pages"}],"about":[{"href":"https:\/\/www.infraestruturameioambiente.sp.gov.br\/pgibt\/wp-json\/wp\/v2\/types\/page"}],"author":[{"embeddable":true,"href":"https:\/\/www.infraestruturameioambiente.sp.gov.br\/pgibt\/wp-json\/wp\/v2\/users\/1"}],"replies":[{"embeddable":true,"href":"https:\/\/www.infraestruturameioambiente.sp.gov.br\/pgibt\/wp-json\/wp\/v2\/comments?post=682"}],"version-history":[{"count":0,"href":"https:\/\/www.infraestruturameioambiente.sp.gov.br\/pgibt\/wp-json\/wp\/v2\/pages\/682\/revisions"}],"up":[{"embeddable":true,"href":"https:\/\/www.infraestruturameioambiente.sp.gov.br\/pgibt\/wp-json\/wp\/v2\/pages\/249"}],"wp:attachment":[{"href":"https:\/\/www.infraestruturameioambiente.sp.gov.br\/pgibt\/wp-json\/wp\/v2\/media?parent=682"}],"curies":[{"name":"wp","href":"https:\/\/api.w.org\/{rel}","templated":true}]}}