{"id":6754,"date":"2018-12-28T11:32:30","date_gmt":"2018-12-28T13:32:30","guid":{"rendered":"https:\/\/www.infraestruturameioambiente.sp.gov.br\/pgibt\/?page_id=6754"},"modified":"2018-12-28T11:32:30","modified_gmt":"2018-12-28T13:32:30","slug":"richard-wilander-lambrecht-ms","status":"publish","type":"page","link":"https:\/\/www.infraestruturameioambiente.sp.gov.br\/pgibt\/dissertacoesteses\/richard-wilander-lambrecht-ms\/","title":{"rendered":"Richard Wilander Lambrecht MS"},"content":{"rendered":"<h2 style=\"text-align: center\"><a href=\"arquivos.ambiente.sp.gov.br\/pgibt\/2015\/02\/faixapos6.jpg\"><img decoding=\"async\" loading=\"lazy\" class=\"aligncenter wp-image-3777 size-full\" style=\"border: 0px\" src=\"https:\/\/smastr16.blob.core.windows.net\/pgibt\/2015\/02\/faixapos6.jpg\" alt=\"faixapos6\" width=\"950\" height=\"163\" srcset=\"https:\/\/smastr16.blob.core.windows.net\/pgibt\/2015\/02\/faixapos6.jpg 950w, https:\/\/smastr16.blob.core.windows.net\/pgibt\/2015\/02\/faixapos6-768x131.jpg 768w\" sizes=\"(max-width: 950px) 100vw, 950px\" \/><\/a><\/h2>\n<hr align=\"center\" noshade=\"noshade\" size=\"1\" width=\"100%\" \/>\n<h2 style=\"text-align: center\">Richard Wilander Lambrecht<\/h2>\n<hr align=\"center\" noshade=\"noshade\" size=\"1\" width=\"100%\" \/>\n<p style=\"text-align: center\"><a href=\"https:\/\/smastr16.blob.core.windows.net\/pgibt\/2018\/12\/materia-para-o-site-richard-wilander-lambrecht-documentos-google.jpg\"><img decoding=\"async\" loading=\"lazy\" class=\"alignnone wp-image-6757 \" src=\"https:\/\/smastr16.blob.core.windows.net\/pgibt\/2018\/12\/materia-para-o-site-richard-wilander-lambrecht-documentos-google.jpg\" alt=\"\" width=\"525\" height=\"394\" srcset=\"https:\/\/smastr16.blob.core.windows.net\/pgibt\/2018\/12\/materia-para-o-site-richard-wilander-lambrecht-documentos-google.jpg 1281w, https:\/\/smastr16.blob.core.windows.net\/pgibt\/2018\/12\/materia-para-o-site-richard-wilander-lambrecht-documentos-google-768x576.jpg 768w\" sizes=\"(max-width: 525px) 100vw, 525px\" \/><\/a><\/p>\n<p style=\"text-align: center\">No dia 24 de abril de 2018, o aluno do Programa de P\u00f3s-Gradua\u00e7\u00e3o em Biodiversidade Vegetal e Meio Ambiente do Instituto de Bot\u00e2nica (IBt), Richard Wilander Lambrecht (Bolsista CAPES), defendeu sua disserta\u00e7\u00e3o intitulada:<br \/>\n\u201cEfeitos do enriquecimento por N e P e da raz\u00e3o luz:nutriente sobre a estrutura da comunidade de algas perif\u00edticas em reservat\u00f3rio mesotr\u00f3fico raso\u201d.<\/p>\n<p>O trabalho foi orientado pela Dra. Carla Ferragut,\u00a0do N\u00facleo de Pesquisas em Ecologia do Instituto de Bot\u00e2nica.<\/p>\n<hr align=\"center\" noshade=\"noshade\" size=\"1\" width=\"100%\" \/>\n<h3 style=\"text-align: center\">Efeitos do enriquecimento por N e P e da raz\u00e3o luz:nutriente sobre a estrutura da comunidade de algas perif\u00edticas em reservat\u00f3rio mesotr\u00f3fico raso<\/h3>\n<hr align=\"center\" noshade=\"noshade\" size=\"1\" width=\"100%\" \/>\n<h4 style=\"text-align: center\"><strong>ABSTRACT<\/strong><\/h4>\n<p style=\"text-align: justify\"><span style=\"font-weight: 400\">The objective of the present study was evaluated the effects of the two main driver factors for the periphytic community: nutrients and light. In order to reach this objective, two experiments were carried out, in open-bottom mesocosms, which allowed the obtaining of responses closer to natural conditions, with the inclusion of the plankton and epipelon communities. The experiments were developed in Ninfeias Lake that is located in S\u00e3o Paulo, Brazil. This reservoir has mesotrophic characteristics and an extensive littoral region with high abundance of aquatic macrophytes, site of the experiments. In the first experiment, we evaluate the effects of combined and isolated enrichment by N and P and its interruption on the increment of the biomass and N and P stoichiometry in the periphyton throughout the colonization process (28 days). Samples were taken weekly, and monitoring samples were carried out every two days. Chlorophyll a, MSLC and N and P content of the periphyton were analyzed. The results showed that the combined N and P enrichment favored the increase of biomass, making the community predominantly autotrophic. The high loss of biomass and increase of the heterotrophic components after interruption of the enrichment evidenced the importance of the nutrients and their stoichiometry for the periphytic algal growth. The periphyton N:P molar ratio indicated that was primarily limited by P, being quite indicative of the algal limiting potential. The positive and significant response of the periphyton in an environment Light:PT ratio of less than 10 showed that this ratio may aid in the understanding and predictions of community development. It was concluded that the periphyton was sensitive to enrichment and its interruption, being responses of the periphyton associated with the Light:PT ratio of water. The second experimental study had the objective of evaluate the effect of the variation in light availability on the biomass and taxonomic structure of the algal community in the periphyton in condition of high nutrient availability. Fifteen mesocosms were installed, where artificial substrates were inserted for colonization of the periphyton. The colonization time of the periphyton was 21 days, and weekly samplings were performed, interspersed with monitoring every two days. The mesocosms were enriched with nitrogen (N) and phosphorus (P) to guarantee absence of water limitation, based on the N:P molar ratio equal to or close to 16:1. The manipulation of light availability was achieved by overlapping meshes with different light retention capacities, until we achieved 25%, 50% and 75% shading. This combination of meshes was installed at the top of each mesocosm. In addition to the physical and chemical variables of the water and the calculation of the ratios between light and nutrients, biomass (Chlorophyll a and ash-free dry mass &#8211; MSLC), species composition, density, algal biovolume and diversity of species were measured. Our results showed the effects of the variation of the luminous incidence on periphyton, even if associated to the enrichment. The results of chlorophyll a, MSLC and total periphyton density reinforce the important role of nutrients as well as indicate that light plays an important role in community development. This result also shows that in the treatments in which the nutrients were added the community developed better, and that in situations where the light incidence is reduced to 25% or less light becomes a limiting factor for community development. Finally, the results showed that the enrichment (combined with N and P) favored the increase of biomass, density, species richness and diversity, and that in general the attributes of the community were negatively affected by high reductions in incidence luminous.<\/span><br \/>\n<strong>Keywords<\/strong>:\u00a0 <span style=\"font-weight: 400\">chlorophyll <\/span><i><span style=\"font-weight: 400\">a<\/span><\/i><span style=\"font-weight: 400\">, mesocosms, periphytic N:P molar ratio, Light:Nutrients ratio<\/span><\/p>\n<p>&nbsp;<\/p>\n<h4 style=\"text-align: center\"><strong>RESUMO<\/strong><\/h4>\n<p><span style=\"font-weight: 400\">O objetivo do presente estudo foi avaliar os efeitos dos dois principais fatores determinantes para a comunidade perif\u00edtica: os nutrientes e a luz. Para atingir esse objetivo foram realizados dois experimentos, em mesocosmos de fundo aberto, o que permitiu a obten\u00e7\u00e3o de respostas mais pr\u00f3ximas das condi\u00e7\u00f5es naturais, com a inclus\u00e3o das comunidades do pl\u00e2ncton e do epip\u00e9lon. Os experimentos foram desenvolvidos no Lago das Ninfeias que est\u00e1 situado em S\u00e3o Paulo, Brasil. Este reservat\u00f3rio tem caracter\u00edsticas mesotr\u00f3ficas e possui uma extensa regi\u00e3o litor\u00e2nea com elevada abund\u00e2ncia de macr\u00f3fitas aqu\u00e1ticas, local onde foram instalados os experimentos. No primeiro experimento foram avaliados os efeitos do enriquecimento combinado e isolado por nitrog\u00eanio (N) e f\u00f3sforo (P) e de sua interrup\u00e7\u00e3o sobre o incremento da biomassa e estequiometria N e P do perif\u00edton ao longo do processo de coloniza\u00e7\u00e3o (28 dias). Foram instalados doze mesocosmos, nos quais foram inseridos substratos artificiais inertes e padronizados, tanto em tamanho quanto em complexidade estrutural, para a coloniza\u00e7\u00e3o. O experimento consistiu de quatro tratamentos em tr\u00e9plica, em um n\u00e3o houve enriquecimento (controle) e os demais foram enriquecidos de forma isolada ou combinada com nitrog\u00eanio e\/ou f\u00f3sforo. As medidas das vari\u00e1veis f\u00edsicas, qu\u00edmicas e do perif\u00edton foram realizadas no per\u00edodo com enriquecimento (7\u00ba e 14\u00ba dia) e no per\u00edodo sem enriquecimento (28\u00ba dia). As amostragens foram semanais, com monitoramentos das condi\u00e7\u00f5es da \u00e1gua dos mesocosmos a cada dois dias. Foram analisados a clorofila <\/span><i><span style=\"font-weight: 400\">a<\/span><\/i><span style=\"font-weight: 400\">, a massa seca livre de cinzas (MSLC) e conte\u00fado de N e P do perif\u00edton. Os resultados mostraram que o enriquecimento combinado por N e P favoreceu o incremento de biomassa, tornando a comunidade predominantemente autotr\u00f3fica. A elevada perda de biomassa e aumento dos componentes heter\u00f3trofos ap\u00f3s a interrup\u00e7\u00e3o do enriquecimento evidenciou a import\u00e2ncia dos nutrientes e de sua estequiometria para o crescimento algal perif\u00edtico. A raz\u00e3o molar N:P do perif\u00edton indicou que o perif\u00edton foi primariamente limitado por P, sendo bastante indicativa do potencial de limita\u00e7\u00e3o algal. A resposta positiva e significativa do perif\u00edton em uma raz\u00e3o luz e f\u00f3sforo total do ambiente (Luz:PT) menor do que 10 mostrou que esta raz\u00e3o pode auxiliar no entendimento e nas predi\u00e7\u00f5es do desenvolvimento da comunidade. Concluiu-se que o perif\u00edton foi sens\u00edvel ao enriquecimento e a sua interrup\u00e7\u00e3o, sendo respostas do perif\u00edton associada \u00e0 raz\u00e3o luz:PT da \u00e1gua. O segundo estudo experimental teve objetivo de avaliar o efeito da varia\u00e7\u00e3o na disponibilidade de luz sobre a biomassa e estrutura taxon\u00f4mica da comunidade de algas perif\u00edticas, em condi\u00e7\u00e3o de elevada disponibilidade de nutrientes. Foram instalados 15 mesocosmos, onde foram inseridos substratos artificiais para coloniza\u00e7\u00e3o do perif\u00edton. O tempo de coloniza\u00e7\u00e3o do perif\u00edton foi 21 dias, sendo realizadas amostragens semanais, intercaladas com monitoramentos a cada dois dias. A \u00e1gua dos mesocosmos foi enriquecida com N e P para garantir aus\u00eancia de limita\u00e7\u00e3o na \u00e1gua, tendo como base a raz\u00e3o molar N:P igual ou pr\u00f3xima a 16:1. A manipula\u00e7\u00e3o da disponibilidade luminosa foi realizada por meio da sobreposi\u00e7\u00e3o de malhas com diferentes capacidades de reten\u00e7\u00e3o luminosa, at\u00e9 atingirmos 25%, 50% e 75% de sombreamento. Esta combina\u00e7\u00e3o de malhas foi instalada na parte superior de cada mesocosmo. Al\u00e9m das vari\u00e1veis f\u00edsicas e qu\u00edmicas da \u00e1gua e do c\u00e1lculo das raz\u00f5es entre luz e nutrientes, foram avaliadas a biomassa (clorofila <\/span><i><span style=\"font-weight: 400\">a<\/span><\/i><span style=\"font-weight: 400\"> e massa seca livre de cinzas &#8211; MSLC), a composi\u00e7\u00e3o de esp\u00e9cies, a densidade, o biovolume algal, a riqueza e a diversidade de esp\u00e9cies. Os nossos resultados mostraram que a comunidade sofreu os efeitos da varia\u00e7\u00e3o da disponibilidade luminosa, mesmo que associada ao enriquecimento. Os resultados da clorofila <\/span><i><span style=\"font-weight: 400\">a<\/span><\/i><span style=\"font-weight: 400\">, da MSLC e da densidade total do perif\u00edton refor\u00e7am o importante papel dos nutrientes, bem como indicam que a luz tem um importante papel para o desenvolvimento da comunidade. Esse resultado mostra ainda que nos tratamentos em que houve a adi\u00e7\u00e3o de nutrientes a comunidade se desenvolveu melhor, e que em situa\u00e7\u00f5es em que a incid\u00eancia luminosa \u00e9 reduzida a 25% ou menos a luz passa a ser um fator limitante para o desenvolvimento da comunidade. Por fim, os resultados mostraram que o enriquecimento (combinado por N e P) favoreceu o incremento de biomassa, da densidade, da riqueza e da diversidade de esp\u00e9cies, e que de maneira geral os atributos da comunidade foram influenciados negativamente por elevadas redu\u00e7\u00f5es na disponibilidade luminosa.<\/span><br \/>\n<strong>Palavras-chave<\/strong>:\u00a0<span style=\"font-weight: 400\">Clorofila <\/span><i><span style=\"font-weight: 400\">a<\/span><\/i><span style=\"font-weight: 400\">, mesocosmos, raz\u00e3o molar N:P do perif\u00edton, raz\u00e3o Luz:Nutrientes<\/span><\/p>\n<h4 style=\"text-align: center\"><\/h4>\n<hr align=\"center\" noshade=\"noshade\" size=\"1\" width=\"100%\" \/>\n<p style=\"text-align: center\"><a href=\"https:\/\/smastr16.blob.core.windows.net\/pgibt\/2018\/12\/richard_wilander_lambrecht_ms.pdf\" target=\"_blank\" rel=\"noopener\"><img decoding=\"async\" loading=\"lazy\" class=\"aligncenter\" src=\"https:\/\/smastr16.blob.core.windows.net\/pgibt\/2013\/09\/pdf_grande.gif\" alt=\"pdf_grande\" width=\"60\" height=\"60\" \/><\/a><a href=\"https:\/\/smastr16.blob.core.windows.net\/pgibt\/2018\/12\/richard_wilander_lambrecht_ms.pdf\" target=\"_blank\" rel=\"noopener\"><span style=\"color: #000000\">Richard Wilander Lambrecht<\/span><\/a><br \/>\n<a href=\"https:\/\/smastr16.blob.core.windows.net\/pgibt\/2018\/12\/richard_wilander_lambrecht_ms.pdf\" target=\"_blank\" rel=\"noopener\"><span style=\"color: #000000\">Efeitos do enriquecimento por N e P e da raz\u00e3o luz:nutriente sobre a estrutura da comunidade de algas perif\u00edticas em reservat\u00f3rio mesotr\u00f3fico raso<\/span><\/a><\/p>\n<hr align=\"center\" noshade=\"noshade\" size=\"1\" width=\"100%\" \/>\n<p style=\"text-align: center\"><strong>\u00a0<a href=\"www.infraestruturameioambiente.sp.gov.br\/pgibt\/dissertacoesteses\/\">VOLTAR AS DISSERTA\u00c7\u00d5ES E TESES<\/a><\/strong><\/p>\n<hr align=\"center\" noshade=\"noshade\" size=\"1\" width=\"100%\" \/>\n","protected":false},"excerpt":{"rendered":"<p>Richard Wilander Lambrecht No dia 24 de abril de 2018, o aluno do Programa de P\u00f3s-Gradua\u00e7\u00e3o em Biodiversidade Vegetal e Meio Ambiente do Instituto de Bot\u00e2nica (IBt), Richard Wilander Lambrecht (Bolsista CAPES), defendeu sua disserta\u00e7\u00e3o intitulada: \u201cEfeitos do enriquecimento por N e P e da raz\u00e3o luz:nutriente sobre a estrutura da comunidade de algas perif\u00edticas [&hellip;]<\/p>\n","protected":false},"author":63,"featured_media":0,"parent":249,"menu_order":0,"comment_status":"closed","ping_status":"closed","template":"","meta":[],"_links":{"self":[{"href":"https:\/\/www.infraestruturameioambiente.sp.gov.br\/pgibt\/wp-json\/wp\/v2\/pages\/6754"}],"collection":[{"href":"https:\/\/www.infraestruturameioambiente.sp.gov.br\/pgibt\/wp-json\/wp\/v2\/pages"}],"about":[{"href":"https:\/\/www.infraestruturameioambiente.sp.gov.br\/pgibt\/wp-json\/wp\/v2\/types\/page"}],"author":[{"embeddable":true,"href":"https:\/\/www.infraestruturameioambiente.sp.gov.br\/pgibt\/wp-json\/wp\/v2\/users\/63"}],"replies":[{"embeddable":true,"href":"https:\/\/www.infraestruturameioambiente.sp.gov.br\/pgibt\/wp-json\/wp\/v2\/comments?post=6754"}],"version-history":[{"count":1,"href":"https:\/\/www.infraestruturameioambiente.sp.gov.br\/pgibt\/wp-json\/wp\/v2\/pages\/6754\/revisions"}],"predecessor-version":[{"id":6759,"href":"https:\/\/www.infraestruturameioambiente.sp.gov.br\/pgibt\/wp-json\/wp\/v2\/pages\/6754\/revisions\/6759"}],"up":[{"embeddable":true,"href":"https:\/\/www.infraestruturameioambiente.sp.gov.br\/pgibt\/wp-json\/wp\/v2\/pages\/249"}],"wp:attachment":[{"href":"https:\/\/www.infraestruturameioambiente.sp.gov.br\/pgibt\/wp-json\/wp\/v2\/media?parent=6754"}],"curies":[{"name":"wp","href":"https:\/\/api.w.org\/{rel}","templated":true}]}}