{"id":6752,"date":"2022-09-02T10:55:11","date_gmt":"2022-09-02T13:55:11","guid":{"rendered":"https:\/\/www.infraestruturameioambiente.sp.gov.br\/pgibt\/?page_id=6752"},"modified":"2022-09-09T12:06:32","modified_gmt":"2022-09-09T15:06:32","slug":"kaue-fonseca-ms","status":"publish","type":"page","link":"https:\/\/www.infraestruturameioambiente.sp.gov.br\/pgibt\/kaue-fonseca-ms\/","title":{"rendered":"Kau\u00ea Fonseca &#8211; MS"},"content":{"rendered":"<h2 style=\"text-align: center\"><a href=\"arquivos.ambiente.sp.gov.br\/pgibt\/2015\/02\/faixapos6.jpg\"><img decoding=\"async\" loading=\"lazy\" class=\"aligncenter wp-image-3777 size-full\" style=\"border: 0px\" src=\"https:\/\/smastr16.blob.core.windows.net\/pgibt\/2015\/02\/faixapos6.jpg\" alt=\"faixapos6\" width=\"950\" height=\"163\" srcset=\"https:\/\/smastr16.blob.core.windows.net\/pgibt\/2015\/02\/faixapos6.jpg 950w, https:\/\/smastr16.blob.core.windows.net\/pgibt\/2015\/02\/faixapos6-768x131.jpg 768w\" sizes=\"(max-width: 950px) 100vw, 950px\" \/><\/a><\/h2>\n<hr align=\"center\" noshade=\"noshade\" size=\"1\" width=\"100%\" \/>\n<h2 style=\"text-align: center\">Kau\u00ea Fonseca<\/h2>\n<hr align=\"center\" noshade=\"noshade\" size=\"1\" width=\"100%\" \/>\n<p style=\"text-align: justify\">Em 29 de maio de 2020, Kau\u00ea Fonseca, aluno de mestrado do programa de P\u00f3s-Gradua\u00e7\u00e3o em Biodiversidade Vegetal e Meio Ambiente do Instituto de Bot\u00e2nica\u2013 SP., por meio de videoconfer\u00eancia devido ao isolamento social causado pela pandemia do COVID-19, defendeu sua Disserta\u00e7\u00e3o de Mestrado intitulada, \u201cReconstitui\u00e7\u00e3o paleoambiental da turfeira Sempre-Viva, Serra do Espinha\u00e7o Meridional (Diamantina, Minas Gerais, Brasil), durante o Pleistoceno Tardio e Holoceno.\u201d<\/p>\n<p style=\"text-align: justify\">A banca examinadora foi presidida pela sua orientadora, PqC. Dra. Cynthia Fernandes Pinto da Luz e composta pelo Prof.\u00aa Dr. Paulo Eduardo De Oliveira (USP) e pelo Dr. Fl\u00e1vio Lima Lorente (CENA\/USP- Piracicaba).<\/p>\n<p style=\"text-align: justify\">A Serra do Espinha\u00e7o Meridional \u00e9 uma das poucas regi\u00f5es montanhosas do Brasil onde turfeiras t\u00eam sido formadas entre 1.200 e 2.000 m de altitude. As turfeiras s\u00e3o ecossistemas \u00famidos, onde a satura\u00e7\u00e3o de \u00e1gua quase permanente ocasiona a anoxidade nesses ambientes transicionais, preservando a mat\u00e9ria org\u00e2nica ao longo do tempo.<\/p>\n<p style=\"text-align: justify\">A vegeta\u00e7\u00e3o do local \u00e9 t\u00edpica do bioma Cerrado, com \u201cilhas\u201d de esp\u00e9cies arb\u00f3reas (Floresta Estacional Semidecidual e Floresta Montana) denominadas &#8220;Forma\u00e7\u00f5es em Cap\u00f5es&#8221;, formando um extenso mosaico, que aparece como manchas dispersas entre as forma\u00e7\u00f5es campestres \u00famidas.<\/p>\n<p style=\"text-align: justify\">Alguns Palinomorfos, revestidos de esporopolenina, s\u00e3o capazes de resistir aos processos de fossiliza\u00e7\u00e3o e, portanto, s\u00e3o capazes de fornecer informa\u00e7\u00f5es ecol\u00f3gicas do passado. Pelo entendimento de que a mat\u00e9ria org\u00e2nica se acumula ao longo do tempo em camadas horizontais e que a vegeta\u00e7\u00e3o no Quatern\u00e1rio n\u00e3o sofreu processos de extin\u00e7\u00e3o em massa, \u00e9 poss\u00edvel a correla\u00e7\u00e3o da vegeta\u00e7\u00e3o e a forma como ela se organiza no presente com o registro de como ela se preservou no passado.<\/p>\n<p style=\"text-align: justify\">Atrav\u00e9s da an\u00e1lise dos palinomorfos pol\u00ednicos preservados, portanto, \u00e9 poss\u00edvel reconstituir a vegeta\u00e7\u00e3o do passado quando somada a outros dados correlacion\u00e1veis, como por exemplo, os is\u00f3topos e a data\u00e7\u00e3o radiocarbono, dentre outros.<\/p>\n<p style=\"text-align: justify\">A partir da interpreta\u00e7\u00e3o dos resultados, foi poss\u00edvel discutir e comparar com outros trabalhos realizados na regi\u00e3o e, em linhas gerais, conclu\u00edmos que o clima e a vegeta\u00e7\u00e3o regional e local na turfeira Sempre-Viva sofreram mudan\u00e7as ao longo do tempo, onde o Pleistoceno se caracterizou por um clima frio e \u00famido com uma vegeta\u00e7\u00e3o montana mais presente que durante o Holoceno, que em sua transi\u00e7\u00e3o apresentou uma tend\u00eancia de diminui\u00e7\u00e3o da umidade local e uma vegeta\u00e7\u00e3o t\u00edpica de forma\u00e7\u00f5es sav\u00e2nicas e campestres. O entendimento destas mudan\u00e7as poder\u00e1 servir como refer\u00eancia para futuros trabalhos acerca das turfeiras, do clima e da vegeta\u00e7\u00e3o regional.<\/p>\n<hr align=\"center\" noshade=\"noshade\" size=\"1\" width=\"100%\" \/>\n<h3 style=\"text-align: center\">Reconstitui\u00e7\u00e3o paleoambiental da turfeira Sempre-Viva, Serra do Espinha\u00e7o Meridional (Diamantina, Minas Gerais, Brasil), durante o Pleistoceno Tardio e Holoceno<\/h3>\n<hr align=\"center\" noshade=\"noshade\" size=\"1\" width=\"100%\" \/>\n<h4 style=\"text-align: center\"><strong>ABSTRACT<\/strong><\/h4>\n<p style=\"text-align: justify\">The Serra do Espinha\u00e7o Meridional is one of the few mountainous regions in Brazil where mires have been formed between 1,200 and 2,000 m in altitude. Mires are humid ecosystems, where almost permanent water saturation causes anoxicity in these transitional environments, preserving organic matter over time. Some Palinomorphs, coated with sporopolenin, are able to withstand fossilization processes, and therefore are able to provide ecological information from the past. By understanding that organic matter accumulates over time in horizontal layers and that the vegetation in the Quaternary did not undergo mass extinction processes, it is possible to correlate the vegetation and the way it is organized in the present with the record of how it has preserved itself in the past. From the analysis of pollen preserved, therefore, it is possible to reconstruct the vegetation of the past when added to other correlated data, such as isotopes and radiocarbon dating, among others. The present work had as objective the reconstruction of the changes occurred in the vegetation, in the environment and in the past climate of a core in the Sempre-Viva mire, Serra do Espinha\u00e7o Meridional, Minas Gerais. For the core data, a vibrocore was used and from it the morphological analysis of the soil, the isotopic analysis of carbon and nitrogen, 14C dated by accelerator mass spectrometry (AMS) and the manufacture of palynological slides were performed. Palynomorphs were analyzed using an Olympus BX50 optical microscope using 60x and 100x objectives under immersion in anisol for identification. The identification was made based on the observable morphological characters, using methodologies of comparison with the reference collection of the N\u00facleo de Pesquisa em Palinologia that contains pollen and plant spores that were collected by the collaborating team in the study area, in addition to using photographic atlases and palynological bibliographic collections. Were identified 116 pollen types representing 68 families of Gymnosperms and Angiosperms and 48 non-pollen types representing 4 families of algae, 1 family of dinoflagellates, 3 orders of fungi and 12 families of monilophytes. The regional and local pollen assemblies and the non-pollen palynomorphs (NPP) were presented in the form of diagrams of percentage and concentration of palynomorphs in cm3 of sediment according to the habit of the plants and their phytophysiognomies together with 14C dating and stratigraphy, using the TILIA and CONISS softwares. The chronology of the mire, based on 3 dated samples, made it possible to establish ages calibrated at 95% probability that affect the Late Pleistocene and Holocene from 32.8 k years cal AP. Four palinozones were established, defined from the stratigraphically constrained cluster analysis by the method of incremental sum of squares. Based on the interpretation of the results, it was possible to discuss and compare it with other works carried out in the region and, in general, we concluded that the climate and the regional and local vegetation in the Sempre-Viva mire, underwent changes over time, where the Pleistocene was characterized by a cold and humid climate with mountainous vegetation more present than during the Holocene, which in its transition showed a tendency to decrease local humidity and a typical vegetation of an open savanna formation. Understanding these changes may serve as a reference for future work on peat bogs, the climate and regional vegetation.<\/p>\n<p style=\"text-align: justify\"><strong>Key-Words: <\/strong>Cerrado, palynomorphs, pollen, Quaternary, paleoclimate.<\/p>\n<h4 style=\"text-align: center\"><strong>RESUMO<\/strong><\/h4>\n<p style=\"text-align: justify\">A Serra do Espinha\u00e7o Meridional \u00e9 uma das poucas regi\u00f5es montanhosas do Brasil onde turfeiras t\u00eam sido formadas entre 1.200 e 2.000 m de altitude. As turfeiras s\u00e3o ecossistemas \u00famidos, onde a satura\u00e7\u00e3o de \u00e1gua quase permanente ocasiona a anoxidade nesses ambientes transicionais, preservando a mat\u00e9ria org\u00e2nica ao longo do tempo. Alguns Palinomorfos, revestidos de esporopolenina, s\u00e3o capazes de resistir aos processos de fossiliza\u00e7\u00e3o e, portanto, s\u00e3o capazes de fornecer informa\u00e7\u00f5es ecol\u00f3gicas do passado. Pelo entendimento de que a mat\u00e9ria org\u00e2nica se acumula ao longo do tempo em camadas horizontais e que a vegeta\u00e7\u00e3o no Quatern\u00e1rio n\u00e3o sofreu processos de extin\u00e7\u00e3o em massa, \u00e9 poss\u00edvel a correla\u00e7\u00e3o da vegeta\u00e7\u00e3o e a forma como ela se organiza no presente com o registro de como ela se preservou no passado. A partir da an\u00e1lise dos palinomorfos pol\u00ednicos preservados, portanto, \u00e9 poss\u00edvel reconstituir a vegeta\u00e7\u00e3o do passado quando somada a outros dados correlacion\u00e1veis, como por exemplo, os is\u00f3topos e a data\u00e7\u00e3o radiocarbono, dentre outros. O presente trabalho teve como objetivo a reconstitui\u00e7\u00e3o das mudan\u00e7as ocorridas na vegeta\u00e7\u00e3o e, consequentemente, no ambiente e no clima pret\u00e9rito de um testemunho da turfeira Sempre-Viva, na Serra do Espinha\u00e7o Meridional, Minas Gerais. Para a coleta do testemunho, foi utilizado um vibrotestemunhador e a partir dela foi realizada a an\u00e1lise morfol\u00f3gica do solo, a an\u00e1lise isot\u00f3pica de carbono e nitrog\u00eanio, data\u00e7\u00e3o do 14C por Espectrometria de Massas com Aceleradores (EMA) e a confec\u00e7\u00e3o de l\u00e2minas palinol\u00f3gicas. Os palinomorfos foram analisados em microsc\u00f3pio \u00f3ptico Olympus BX50 utilizando-se objetivas de 60x e 100x sob imers\u00e3o em anisol, para a identifica\u00e7\u00e3o. A identifica\u00e7\u00e3o foi feita com base nos caracteres morfol\u00f3gicos observ\u00e1veis, utilizando-se metodologias de compara\u00e7\u00e3o com o lamin\u00e1rio da Palinoteca do N\u00facleo de Pesquisa em Palinologia que cont\u00e9m p\u00f3len e esporos de plantas que foram coletadas pela equipe colaboradora na \u00e1rea de estudo, al\u00e9m da utiliza\u00e7\u00e3o de atlas fotogr\u00e1ficos e acervos bibliogr\u00e1ficos palinol\u00f3gicos. Foram identificados 116 tipos pol\u00ednicos representando 68 fam\u00edlias de Gimnospermas e Angiospermas e 48 tipos n\u00e3o-pol\u00ednicos representando 4 fam\u00edlias de algas, 1 familia de dinoflagelados, 3 ordens de fungos e 12 fam\u00edlias de monil\u00f3fitas. As assembleias -pol\u00ednicas regionais e locais e dos palinomorfos n\u00e3o pol\u00ednicos (PNP) foram apresentadas sob a forma de diagramas de percentagem e de concentra\u00e7\u00e3o dos palinomorfos por cm3 de sedimento de acordo com o h\u00e1bito das plantas e suas fitofisionomias em conjunto com as data\u00e7\u00f5es por 14C e a estratigrafia, utilizando-se os softwares TILIA e CONISS. \u00a0A cronologia da turfeira, com base em 3 data\u00e7\u00f5es, permitiu estabelecer idades calibradas a 95% de probabilidade que abrageram o Pleistoceno Tardio e o Holoceno a partir de 32,8 k anos cal AP. Foram estabelecidas quatro palinozonas, definidas a partir da an\u00e1lise de agrupamento restrito estratigraficamente pelo m\u00e9todo da soma dos quadrados. A partir da interpreta\u00e7\u00e3o dos resultados, foi poss\u00edvel discutir e comparar com outros trabalhos realizados na regi\u00e3o e, em linhas gerais, conclu\u00edmos que o clima e a vegeta\u00e7\u00e3o regional e local na turfeira Sempre-Viva sofreram mudan\u00e7as ao longo do tempo, onde Pleistoceno se caracterizou por um clima frio e \u00famido com uma vegeta\u00e7\u00e3o montana mais presente que durante o Holoceno, que em sua transi\u00e7\u00e3o apresentou uma tend\u00eancia de diminui\u00e7\u00e3o da umidade local e uma vegeta\u00e7\u00e3o t\u00edpica de forma\u00e7\u00f5es sav\u00e2nicas e campestres. O entendimento destas mudan\u00e7as poder\u00e1 servir como refer\u00eancia para futuros trabalhos acerca das turfeiras, do clima e da vegeta\u00e7\u00e3o regional.<\/p>\n<p style=\"text-align: justify\"><strong>Palavras-Chave:<\/strong> Cerrado, palinomorfos, polen, Quatern\u00e1rio, paleoclima.<\/p>\n<hr align=\"center\" noshade=\"noshade\" size=\"1\" width=\"100%\" \/>\n<p style=\"text-align: center\"><a href=\"https:\/\/smastr16.blob.core.windows.net\/pgibt\/sites\/242\/2022\/09\/kaue_fonseca_ms.pdf\" target=\"_blank\" rel=\"noopener\"><img decoding=\"async\" loading=\"lazy\" class=\"aligncenter\" src=\"https:\/\/smastr16.blob.core.windows.net\/pgibt\/2013\/09\/pdf_grande.gif\" alt=\"pdf_grande\" width=\"60\" height=\"60\" \/><\/a>Kau\u00ea Fonseca<br \/>\n<a href=\"https:\/\/smastr16.blob.core.windows.net\/pgibt\/sites\/242\/2022\/09\/kaue_fonseca_ms.pdf\">Reconstitui\u00e7\u00e3o paleoambiental da turfeira Sempre-Viva, Serra do Espinha\u00e7o Meridional (Diamantina, Minas Gerais, Brasil), durante o Pleistoceno Tardio e Holoceno<\/a><\/p>\n<hr align=\"center\" noshade=\"noshade\" size=\"1\" width=\"100%\" \/>\n<p style=\"text-align: center\"><strong>\u00a0<a href=\"www.infraestruturameioambiente.sp.gov.br\/pgibt\/dissertacoesteses\/\">VOLTAR AS DISSERTA\u00c7\u00d5ES E TESES<\/a><\/strong><\/p>\n<hr align=\"center\" noshade=\"noshade\" size=\"1\" width=\"100%\" \/>\n","protected":false},"excerpt":{"rendered":"<p>Kau\u00ea Fonseca Em 29 de maio de 2020, Kau\u00ea Fonseca, aluno de mestrado do programa de P\u00f3s-Gradua\u00e7\u00e3o em Biodiversidade Vegetal e Meio Ambiente do Instituto de Bot\u00e2nica\u2013 SP., por meio de videoconfer\u00eancia devido ao isolamento social causado pela pandemia do COVID-19, defendeu sua Disserta\u00e7\u00e3o de Mestrado intitulada, \u201cReconstitui\u00e7\u00e3o paleoambiental da turfeira Sempre-Viva, Serra do Espinha\u00e7o [&hellip;]<\/p>\n","protected":false},"author":95,"featured_media":0,"parent":0,"menu_order":0,"comment_status":"closed","ping_status":"closed","template":"","meta":[],"_links":{"self":[{"href":"https:\/\/www.infraestruturameioambiente.sp.gov.br\/pgibt\/wp-json\/wp\/v2\/pages\/6752"}],"collection":[{"href":"https:\/\/www.infraestruturameioambiente.sp.gov.br\/pgibt\/wp-json\/wp\/v2\/pages"}],"about":[{"href":"https:\/\/www.infraestruturameioambiente.sp.gov.br\/pgibt\/wp-json\/wp\/v2\/types\/page"}],"author":[{"embeddable":true,"href":"https:\/\/www.infraestruturameioambiente.sp.gov.br\/pgibt\/wp-json\/wp\/v2\/users\/95"}],"replies":[{"embeddable":true,"href":"https:\/\/www.infraestruturameioambiente.sp.gov.br\/pgibt\/wp-json\/wp\/v2\/comments?post=6752"}],"version-history":[{"count":3,"href":"https:\/\/www.infraestruturameioambiente.sp.gov.br\/pgibt\/wp-json\/wp\/v2\/pages\/6752\/revisions"}],"predecessor-version":[{"id":8237,"href":"https:\/\/www.infraestruturameioambiente.sp.gov.br\/pgibt\/wp-json\/wp\/v2\/pages\/6752\/revisions\/8237"}],"wp:attachment":[{"href":"https:\/\/www.infraestruturameioambiente.sp.gov.br\/pgibt\/wp-json\/wp\/v2\/media?parent=6752"}],"curies":[{"name":"wp","href":"https:\/\/api.w.org\/{rel}","templated":true}]}}