{"id":6731,"date":"2022-09-02T09:44:44","date_gmt":"2022-09-02T12:44:44","guid":{"rendered":"https:\/\/www.infraestruturameioambiente.sp.gov.br\/pgibt\/?page_id=6731"},"modified":"2022-09-15T11:21:10","modified_gmt":"2022-09-15T14:21:10","slug":"ricardo-marcondes-bulgarelli-ms","status":"publish","type":"page","link":"https:\/\/www.infraestruturameioambiente.sp.gov.br\/pgibt\/ricardo-marcondes-bulgarelli-ms\/","title":{"rendered":"Ricardo Marcondes Bulgarelli &#8211; MS"},"content":{"rendered":"<h2 style=\"text-align: center\"><a href=\"arquivos.ambiente.sp.gov.br\/pgibt\/2015\/02\/faixapos6.jpg\"><img decoding=\"async\" loading=\"lazy\" class=\"aligncenter wp-image-3777 size-full\" style=\"border: 0px\" src=\"https:\/\/smastr16.blob.core.windows.net\/pgibt\/2015\/02\/faixapos6.jpg\" alt=\"faixapos6\" width=\"950\" height=\"163\" srcset=\"https:\/\/smastr16.blob.core.windows.net\/pgibt\/2015\/02\/faixapos6.jpg 950w, https:\/\/smastr16.blob.core.windows.net\/pgibt\/2015\/02\/faixapos6-768x131.jpg 768w\" sizes=\"(max-width: 950px) 100vw, 950px\" \/><\/a><\/h2>\n<hr align=\"center\" noshade=\"noshade\" size=\"1\" width=\"100%\" \/>\n<h2 style=\"text-align: center\">Ricardo Marcondes Bulgarelli<\/h2>\n<hr align=\"center\" noshade=\"noshade\" size=\"1\" width=\"100%\" \/>\n<p style=\"text-align: center\"><strong>Os \u201cespirros\u201d da floresta e a <\/strong><strong>complexidade do ar que respiramos<\/strong><\/p>\n<p style=\"text-align: justify\">Entre as subst\u00e2ncias emitidas pela vegeta\u00e7\u00e3o \u00e0 atmosfera est\u00e3o os compostos org\u00e2nicos vol\u00e1teis biog\u00eanicos (COVB). Tais compostos participam da comunica\u00e7\u00e3o entre as plantas e entre elas e o meio, como tamb\u00e9m oferecem defesas contra o agentes estressores. Na atmosfera, principalmente na troposfera (camada mais baixa da nossa atmosfera, literalmente o ar que respiramos), estes compostos possuem um papel importante, pois s\u00e3o capazes de entrar em rea\u00e7\u00f5es qu\u00edmicas que participam da forma\u00e7\u00e3o de part\u00edculas secund\u00e1rias, interferindo na forma\u00e7\u00e3o de nuvens e at\u00e9 no clima da superf\u00edcie terrestre, e produ\u00e7\u00e3o fotoqu\u00edmica de O3, um g\u00e1s que pode ser considerado t\u00f3xico (um poluente) tanto para as plantas como diretamente aos seres humanos.<\/p>\n<p style=\"text-align: justify\">No dia 22 de abril de 2019, o aluno do programa de P\u00f3s-gradua\u00e7\u00e3o em Biodiversidade Vegetal e Meio Ambiente do Instituto de Bot\u00e2nica de S\u00e3o Paulo (IBt), Ricardo Marcondes Bulgarelli (bolsista CAPES), defendeu sua disserta\u00e7\u00e3o de mestrado intitulada: \u201cCaracteriza\u00e7\u00e3o de Compostos Org\u00e2nicos Vol\u00e1teis Biog\u00eanicos em Florestas Ombr\u00f3filas Densas Sob Influ\u00eancias Antr\u00f3picas\u201d. A caracteriza\u00e7\u00e3o dos COVB pode fomentar consideravelmente as estimativas dos padr\u00f5es regionais de emiss\u00e3o e auxiliar em estrat\u00e9gias para reduzir os n\u00edveis de O3 troposf\u00e9rico, tornando a implementa\u00e7\u00e3o de pol\u00edticas p\u00fablicas de qualidade do ar mais bem-sucedida.<\/p>\n<p style=\"text-align: justify\"><img decoding=\"async\" loading=\"lazy\" class=\"aligncenter wp-image-8193 size-full\" src=\"https:\/\/smastr16.blob.core.windows.net\/pgibt\/sites\/242\/2022\/09\/resumo-ricardo_m_bulgarelli_ms.jpg\" alt=\"\" width=\"800\" height=\"600\" srcset=\"https:\/\/smastr16.blob.core.windows.net\/pgibt\/sites\/242\/2022\/09\/resumo-ricardo_m_bulgarelli_ms.jpg 800w, https:\/\/smastr16.blob.core.windows.net\/pgibt\/sites\/242\/2022\/09\/resumo-ricardo_m_bulgarelli_ms-256x192.jpg 256w, https:\/\/smastr16.blob.core.windows.net\/pgibt\/sites\/242\/2022\/09\/resumo-ricardo_m_bulgarelli_ms-768x576.jpg 768w, https:\/\/smastr16.blob.core.windows.net\/pgibt\/sites\/242\/2022\/09\/resumo-ricardo_m_bulgarelli_ms-250x188.jpg 250w, https:\/\/smastr16.blob.core.windows.net\/pgibt\/sites\/242\/2022\/09\/resumo-ricardo_m_bulgarelli_ms-550x413.jpg 550w, https:\/\/smastr16.blob.core.windows.net\/pgibt\/sites\/242\/2022\/09\/resumo-ricardo_m_bulgarelli_ms-240x180.jpg 240w, https:\/\/smastr16.blob.core.windows.net\/pgibt\/sites\/242\/2022\/09\/resumo-ricardo_m_bulgarelli_ms-400x300.jpg 400w, https:\/\/smastr16.blob.core.windows.net\/pgibt\/sites\/242\/2022\/09\/resumo-ricardo_m_bulgarelli_ms-667x500.jpg 667w\" sizes=\"(max-width: 800px) 100vw, 800px\" \/><\/p>\n<p style=\"text-align: justify\">Da direita \u00e0 esquerda, a banca examinadora foi composta pelas pesquisadoras Dr.\u00aa Claudia Boian (UFABC), Dr.\u00aa Silvia Ribeiro de Souza (orientadora\/IBt) e Dr.\u00aa Christine Bourotte (USP).<\/p>\n<hr align=\"center\" noshade=\"noshade\" size=\"1\" width=\"100%\" \/>\n<h3 style=\"text-align: center\">Caracteriza\u00e7\u00e3o de Compostos Org\u00e2nicos Vol\u00e1teis Biog\u00eanicos em Florestas Ombr\u00f3filas Densas Sob Influ\u00eancias Antr\u00f3picas<\/h3>\n<hr align=\"center\" noshade=\"noshade\" size=\"1\" width=\"100%\" \/>\n<h4 style=\"text-align: center\"><strong>ABSTRACT<\/strong><\/h4>\n<p style=\"text-align: justify\">Regional inventories of biogenic volatile organic compound (BVOC) emissions are essential for estimating their impacts on the troposphere, such as the formation of secondary organic aerosols and tropospheric ozone. Forests in urban environments, such as the Metropolitan Region of S\u00e3o Paulo (MRSP), can be stressful to plants and contribute to changes in the emissions of BVOC to the troposphere. This study is characterized in different seasons (dry and wet): i) atmospheric concentrations of volatile organic compounds (VOC),\u00a0 mainly emitted by plants (COVB), in two fragments of urban forests, Parque\u00a0 Estadual das Fontes do Ipiranga (PEFI) and the Cidade Universit\u00e1ria complex (USP), and relates the emissions signature with the meteorological variations;<br \/>\nii) the leaf blades emissions of young individuals of Croton floribundus Spreng. (Euphorbiaceae) planted in the ecological restoration area of \u200b\u200bthe PEFI, with the purpose of analyzing its field performance and its contribution of volatiles to the local atmosphere. The samplings of the atmosphere (TA) were made in four periods during the day, with height of approximately 11 m. The leaf blade samplings (AF) have been done in the morning and during 1 h. The samplings of VOC (AT and AF) were subjected to gas chromatography coupled to the mass spectrometer (GC-MS) and were organized by chemical classes. Altogether, 67 chemical species of VOCs were detected in the AT, with predominance of Green Leaf Volatiles (GLV) and OTHERS. The similarity in VOC concentrations and diversity, even with large differences in the size of forested areas, can represent distinct levels of anthropic impact over the fragments. Furthermore, the lower concentrations detected at dusk can characterize different sources of VOC, in addition to biogenic sources. Among the meteorological variations, the main significant relationship found is between the irradiance and air relative humidity and the total Sesquiterpenes (SESQUI) sampled. In AF, 56 different compounds were detected, ordered according to the predominance of chemical class emissions: Green Leaf Volatiles (VFV)&gt; Methyl Salicylate (MeSA) &gt; Sesquiterpenes (SESQUI) &gt; Monoterpenes (MONO). In the wet season, the different relationships of C. floribundus with the environment could have influenced the emissions of MeSA and VFV, in this class, with predominance of 3-Hexen-1-ol, acetate, (Z)-, 3-Hexen-1- ol, cis-3-Hexenyl butyrate and 1-Hexanol, 2-ethyl-. Decanal (OTHERS) has presented a significant relationship with irradiance and temperature. The individuals sampled had had the lowest emission average in the station with less possibility of water stress, 2017 dry. Emissions of MONO, concentrated in \u03b2-cis-Ocimene, \u03b1-Pinene, M-Cymene, and Sabinene compounds, are opposed to the mean values of relative air humidity. Variations in VOC concentrations and emission rates at different seasons demonstrate the importance of the VOC balance in the regional troposphere and the emission performance of C. floribundus in loco.<\/p>\n<p style=\"text-align: justify\"><strong>Key words:<\/strong> organic volatiles compounds, troposphere, Metropolitan Region of S\u00e3o Paulo, urban forests, native species<\/p>\n<h4 style=\"text-align: center\"><strong>RESUMO<\/strong><\/h4>\n<p style=\"text-align: justify\">Invent\u00e1rios regionais de emiss\u00f5es de compostos org\u00e2nicos vol\u00e1teis biog\u00eanicos (COVB) s\u00e3o fundamentais para estimar seus impactos na troposfera, tais como a forma\u00e7\u00e3o de aeross\u00f3is org\u00e2nicos secund\u00e1rios e oz\u00f4nio troposf\u00e9rico. Florestas de ambientes urbanos, como da Regi\u00e3o Metropolitana de S\u00e3o Paulo (RMSP), podem ser estressantes aos vegetais e contribuir para altera\u00e7\u00f5es nas emiss\u00f5es de COVB \u00e0 troposfera. Este estudo caracteriza, em diferentes esta\u00e7\u00f5es (seca e \u00famida): i) as concentra\u00e7\u00f5es atmosf\u00e9ricas dos compostos org\u00e2nicos vol\u00e1teis (COV), emitidos principalmente por plantas (COVB), em dois fragmentos de florestas urbanas, o Parque Estadual das Fontes do Ipiranga (PEFI) e o complexo da Cidade Universit\u00e1ria (USP), e relaciona a assinatura de emiss\u00f5es com as varia\u00e7\u00f5es meteorol\u00f3gicas; ii) as emiss\u00f5es de l\u00e2minas foliares de indiv\u00edduos jovens de Croton floribundus Spreng. (Euphorbiaceae) plantados em \u00e1rea de restaura\u00e7\u00e3o ecol\u00f3gica do PEFI, com intuito de analisar seu comportamento de emiss\u00f5es em campo e sua contribui\u00e7\u00e3o de vol\u00e1teis na atmosfera local. As amostragens da atmosfera (AT) foram realizadas em quatro per\u00edodos ao longo do dia, com altura de aproximadamente 11 m. J\u00e1 as amostragens da l\u00e2mina foliar (AF) foram realizadas no per\u00edodo da manh\u00e3 e com dura\u00e7\u00e3o de 1 h. Os COV das amostragens (AT e AF) foram dessorvidos termicamente em nitrog\u00eanio gasoso, automaticamente analisados em cromatografia gasosa acoplada ao espectr\u00f4metro de massas (CG-EM) e ordenados por classes qu\u00edmicas. Ao todo, 67 esp\u00e9cies qu\u00edmicas de COV foram detectados nas AT dos s\u00edtios amostrais, com predomin\u00e2ncia de Vol\u00e1teis de Folhas Verdes (VFV) e OUTROS. A semelhan\u00e7a nas concentra\u00e7\u00f5es e diversidade de COV amostrados nos fragmentos, mesmo com grande diferen\u00e7a no tamanho das \u00e1reas florestadas, pode representar diferentes n\u00edveis de impactos antr\u00f3picos sobre os fragmentos. Al\u00e9m disso, as menores concentra\u00e7\u00f5es detectadas ao entardecer podem caracterizar fontes diversas de COV, al\u00e9m das fontes biog\u00eanicas. Dentre as varia\u00e7\u00f5es meteorol\u00f3gicas, a principal rela\u00e7\u00e3o significativa encontrada est\u00e1 entre a irradi\u00e2ncia e umidade relativa do ar com o total de Sesquiterpenos (SESQUI) amostrados. Em AF, foram detectados 56 compostos diferentes, ordenados conforme a predomin\u00e2ncia nas emiss\u00f5es por classe qu\u00edmica: Vol\u00e1teis de Folhas Verdes (VFV) &gt; Metil Salicilato (MeSA) &gt; Sesquiterpenos (SESQUI) &gt; Monoterpenos (MONO). Na esta\u00e7\u00e3o \u00famida, as diferentes rela\u00e7\u00f5es do C. floribundus com o ambiente podem ter influenciado nas emiss\u00f5es de MeSA e VFV, esta \u00faltima classe teve predomin\u00e2ncia de Acetato de (Z)-3-Hexen-1-ol, 3-Hexen-1-ol, cis-3-Hexenil butirato e 1-Hexanol, 2-etil-. O Decanal (OUTROS) apresentou rela\u00e7\u00e3o significativa com a irradi\u00e2ncia e a temperatura. Os indiv\u00edduos amostrados apresentaram a menor m\u00e9dia de emiss\u00e3o na esta\u00e7\u00e3o com menor possibilidade de estresse h\u00eddrico, seca de 2017. As emiss\u00f5es de MONO, concentrados nos compostos \u03b2-cis-Ocimeno, \u03b1-Pineno, M-Cimeno, e Sabineno, s\u00e3o opostas aos valores m\u00e9dios de umidade relativa do ar. As varia\u00e7\u00f5es nas concentra\u00e7\u00f5es de COV e nas taxas de emiss\u00f5es em diferentes esta\u00e7\u00f5es demonstram a import\u00e2ncia do balan\u00e7o dos COV na troposfera regional e do comportamento de emiss\u00f5es do C. floribundus in loco.<\/p>\n<p style=\"text-align: justify\"><strong>Palavras-chave:<\/strong> compostos org\u00e2nicos vol\u00e1teis, troposfera, Regi\u00e3o Metropolitana de S\u00e3o Paulo, florestas urbanas, esp\u00e9cie nativa<span style=\"font-weight: 400\"><br \/>\n<\/span><\/p>\n<hr align=\"center\" noshade=\"noshade\" size=\"1\" width=\"100%\" \/>\n<p style=\"text-align: center\"><a href=\"https:\/\/smastr16.blob.core.windows.net\/pgibt\/sites\/242\/2022\/09\/ricardo_m_bulgarelli_ms.pdf\" target=\"_blank\" rel=\"noopener\"><img decoding=\"async\" loading=\"lazy\" class=\"aligncenter\" src=\"https:\/\/smastr16.blob.core.windows.net\/pgibt\/2013\/09\/pdf_grande.gif\" alt=\"pdf_grande\" width=\"60\" height=\"60\" \/><\/a>Ricardo Marcondes Bulgarelli<br \/>\n<a href=\"https:\/\/smastr16.blob.core.windows.net\/pgibt\/sites\/242\/2022\/09\/ricardo_m_bulgarelli_ms.pdf\">Caracteriza\u00e7\u00e3o de Compostos Org\u00e2nicos Vol\u00e1teis Biog\u00eanicos em Florestas Ombr\u00f3filas Densas Sob Influ\u00eancias Antr\u00f3picas<\/a><\/p>\n<hr align=\"center\" noshade=\"noshade\" size=\"1\" width=\"100%\" \/>\n<p style=\"text-align: center\"><strong>\u00a0<a href=\"www.infraestruturameioambiente.sp.gov.br\/pgibt\/dissertacoesteses\/\">VOLTAR AS DISSERTA\u00c7\u00d5ES E TESES<\/a><\/strong><\/p>\n<hr align=\"center\" noshade=\"noshade\" size=\"1\" width=\"100%\" \/>\n","protected":false},"excerpt":{"rendered":"<p>Ricardo Marcondes Bulgarelli Os \u201cespirros\u201d da floresta e a complexidade do ar que respiramos Entre as subst\u00e2ncias emitidas pela vegeta\u00e7\u00e3o \u00e0 atmosfera est\u00e3o os compostos org\u00e2nicos vol\u00e1teis biog\u00eanicos (COVB). Tais compostos participam da comunica\u00e7\u00e3o entre as plantas e entre elas e o meio, como tamb\u00e9m oferecem defesas contra o agentes estressores. Na atmosfera, principalmente na [&hellip;]<\/p>\n","protected":false},"author":95,"featured_media":0,"parent":0,"menu_order":0,"comment_status":"closed","ping_status":"closed","template":"","meta":[],"_links":{"self":[{"href":"https:\/\/www.infraestruturameioambiente.sp.gov.br\/pgibt\/wp-json\/wp\/v2\/pages\/6731"}],"collection":[{"href":"https:\/\/www.infraestruturameioambiente.sp.gov.br\/pgibt\/wp-json\/wp\/v2\/pages"}],"about":[{"href":"https:\/\/www.infraestruturameioambiente.sp.gov.br\/pgibt\/wp-json\/wp\/v2\/types\/page"}],"author":[{"embeddable":true,"href":"https:\/\/www.infraestruturameioambiente.sp.gov.br\/pgibt\/wp-json\/wp\/v2\/users\/95"}],"replies":[{"embeddable":true,"href":"https:\/\/www.infraestruturameioambiente.sp.gov.br\/pgibt\/wp-json\/wp\/v2\/comments?post=6731"}],"version-history":[{"count":5,"href":"https:\/\/www.infraestruturameioambiente.sp.gov.br\/pgibt\/wp-json\/wp\/v2\/pages\/6731\/revisions"}],"predecessor-version":[{"id":8268,"href":"https:\/\/www.infraestruturameioambiente.sp.gov.br\/pgibt\/wp-json\/wp\/v2\/pages\/6731\/revisions\/8268"}],"wp:attachment":[{"href":"https:\/\/www.infraestruturameioambiente.sp.gov.br\/pgibt\/wp-json\/wp\/v2\/media?parent=6731"}],"curies":[{"name":"wp","href":"https:\/\/api.w.org\/{rel}","templated":true}]}}