{"id":671,"date":"2013-09-16T16:55:20","date_gmt":"2013-09-16T19:55:20","guid":{"rendered":"https:\/\/www.infraestruturameioambiente.sp.gov.br\/pgibt\/?page_id=671"},"modified":"2013-09-16T16:55:20","modified_gmt":"2013-09-16T19:55:20","slug":"2006-carolina-gasch-moreira","status":"publish","type":"page","link":"https:\/\/www.infraestruturameioambiente.sp.gov.br\/pgibt\/dissertacoesteses\/2006-carolina-gasch-moreira\/","title":{"rendered":"Carolina Gasch Moreira MS"},"content":{"rendered":"<h2 style=\"text-align: center\"><a href=\"https:\/\/smastr16.blob.core.windows.net\/pgibt\/2015\/02\/faixapos6.jpg\"><img decoding=\"async\" loading=\"lazy\" class=\"aligncenter size-full wp-image-3777\" style=\"border: 0px\" alt=\"faixapos6\" src=\"https:\/\/smastr16.blob.core.windows.net\/pgibt\/2015\/02\/faixapos6.jpg\" width=\"950\" height=\"163\" srcset=\"https:\/\/smastr16.blob.core.windows.net\/pgibt\/2015\/02\/faixapos6.jpg 950w, https:\/\/smastr16.blob.core.windows.net\/pgibt\/2015\/02\/faixapos6-768x131.jpg 768w\" sizes=\"(max-width: 950px) 100vw, 950px\" \/><\/a><\/h2>\n<hr align=\"center\" noshade=\"noshade\" size=\"1\" width=\"100%\" \/>\n<h2 style=\"text-align: center\"><span style=\"color: #003300\">Carolina Gasch Moreira<\/span><\/h2>\n<hr align=\"center\" noshade=\"noshade\" size=\"1\" width=\"100%\" \/>\n<p style=\"text-align: center\">Carolina Gasch Moreira, aluna do Programa de P\u00f3s-Gradua\u00e7\u00e3o em Biodiversidade Vegetal e Meio Ambiente do Instituto de Bot\u00e2nica\u00a0de S\u00e3o Paulo (IBt) e bolsista CAPES, defendeu, no dia 01 de agosto de 2006, sua disserta\u00e7\u00e3o de mestrado intitulada:<\/p>\n<p style=\"text-align: center\">&#8220;Avalia\u00e7\u00e3o da diversidade e biomassa de fungos associados a folhas em decomposi\u00e7\u00e3o de\u00a0<em>Tibouchina pulchra <\/em>Cogn.<br \/>\nsubmersas em reservat\u00f3rios do Parque Estadual das Fontes do Ipiranga (PEFI), S\u00e3o Paulo, SP&#8221;.<\/p>\n<p style=\"text-align: center\">A banca examinadora foi composta pela sua orientadora Dra. Iracema H. Schoenlein-Crusius (Instituto de Bot\u00e2nica),<br \/>\npela Dra. Denise de Campos Bicudo (Instituto de Bot\u00e2nica) e pelo Dr. Andr\u00e9 Cordeiro Alves dos Santos (Universidade Federal de S\u00e3o Carlos).<\/p>\n<p style=\"text-align: center\"><a href=\"https:\/\/smastr16.blob.core.windows.net\/pgibt\/2013\/09\/carolina1.jpg\"><img decoding=\"async\" loading=\"lazy\" alt=\"\" src=\"https:\/\/smastr16.blob.core.windows.net\/pgibt\/2013\/09\/carolina1.jpg\" width=\"246\" height=\"185\" \/><\/a><\/p>\n<p style=\"text-align: center\">Dr. Andr\u00e9 Cordeiro Alves dos Santos, Carolina Gasch Moreira,\u00a0Dra. Iracema H. Schoenlein-Crusius e Dra. Denise de Campos Bicudo<\/p>\n<hr align=\"center\" noshade=\"noshade\" size=\"1\" width=\"100%\" \/>\n<h3 style=\"text-align: center\"><strong>Avalia\u00e7\u00e3o da diversidade e biomassa de fungos associados a folhas em decomposi\u00e7\u00e3o de\u00a0<em>Tibouchina pulchra <\/em>Cogn<em>.<\/em>\u00a0submersas em reservat\u00f3rios do Parque Estadual das Fontes do Ipiranga (PEFI), S\u00e3o Paulo, SP<\/strong><\/h3>\n<hr align=\"center\" noshade=\"noshade\" size=\"1\" width=\"100%\" \/>\n<h4 style=\"text-align: center\"><strong>RESUMO<\/strong><\/h4>\n<p style=\"text-align: justify\">O trabalho teve por objetivo comparar a sucess\u00e3o f\u00fangica, concentra\u00e7\u00e3o de ergosterol e a velocidade de decomposi\u00e7\u00e3o, em folhas submersas em dois lagos situados dentro do Parque Estadual das Fontes do Ipiranga (PEFI), caracterizados por possu\u00edrem diferentes graus tr\u00f3ficos, hipereutr\u00f3fico e mesotr\u00f3fico. Para isto, sacos de tela de n\u00e1ilon com malha de 1 mm contendo folhas secas de<em>\u00a0Tibouchina pulchra <\/em>Cogn\u00a0foram submersas concomitantemente \u00e0s margens dos dois lagos, e coletados regularmente de quinze em quinze dias durante 77 dias. Os fungos foram isolados atrav\u00e9s da t\u00e9cnica de lavagens sucessivas de fragmentos de folhas, seguidas de inocula\u00e7\u00e3o destas em meio batata-dextrose-\u00e1gar, incuba\u00e7\u00e3o em c\u00e2maras \u00famidas e incuba\u00e7\u00e3o em \u00e1gua destilada est\u00e9ril com adi\u00e7\u00e3o de substratos celul\u00f3sicos, queratinosos e quitinosos. A velocidade de decomposi\u00e7\u00e3o das folhas foi atrav\u00e9s do coeficiente k de Olson e determina\u00e7\u00e3o da mat\u00e9ria org\u00e2nica remanescente das folhas. A determina\u00e7\u00e3o do teor de ergosterol baseou-se em extra\u00e7\u00e3o alco\u00f3lica e a an\u00e1lise atrav\u00e9s de leitura em cromatografia l\u00edquida de alta performance (HPLC).<\/p>\n<p style=\"text-align: justify\">A sucess\u00e3o f\u00fangica se demonstrou diferenciada, quando comparados os dois lagos e o maior n\u00famero de t\u00e1xons de fungos foi observado nas folhas submersas no lago mesotr\u00f3fico, incluindo duas novas cita\u00e7\u00f5es para o Estado de S\u00e3o Paulo\u00a0<em>Hyphochytrium catenoides Karling<\/em>\u00a0e\u00a0<em>Septochytrium macrosporum Karling<\/em>. As folhas submersas no lago hipereutr\u00f3fico apresentaram r\u00e1pida taxa de decomposi\u00e7\u00e3o bem como maiores concentra\u00e7\u00f5es de ergosterol que o lago mesotr\u00f3fico. A An\u00e1lise de Componentes Principais (ACP) demonstrou que as amostras de folhas coletadas foram separadas de acordo com o n\u00edvel tr\u00f3fico dos reservat\u00f3rios e tamb\u00e9m pelo espa\u00e7o temporal, tempo de decaimento da material org\u00e2nica. Assim, foi verificado, que o estado tr\u00f3fico dos lagos influenciou n\u00e3o apenas quantitativamente, mas tamb\u00e9m qualitativamente os padr\u00f5es de distribui\u00e7\u00e3o da sucess\u00e3o f\u00fangica, concentra\u00e7\u00e3o de ergosterol e taxa de decomposi\u00e7\u00e3o das folhas submersas.<\/p>\n<div id=\"attachment_673\" style=\"width: 256px\" class=\"wp-caption aligncenter\"><a href=\"https:\/\/smastr16.blob.core.windows.net\/pgibt\/2013\/09\/carolina2.jpg\"><img aria-describedby=\"caption-attachment-673\" decoding=\"async\" loading=\"lazy\" class=\"size-full wp-image-673\" alt=\"\" src=\"https:\/\/smastr16.blob.core.windows.net\/pgibt\/2013\/09\/carolina2.jpg\" width=\"246\" height=\"185\" srcset=\"https:\/\/smastr16.blob.core.windows.net\/pgibt\/2013\/09\/carolina2.jpg 246w, https:\/\/smastr16.blob.core.windows.net\/pgibt\/2013\/09\/carolina2-768x577.jpg 768w\" sizes=\"(max-width: 246px) 100vw, 246px\" \/><\/a><p id=\"caption-attachment-673\" class=\"wp-caption-text\">Lago das Ninf\u00e9ias Caracterizado como mesotr\u00f3fico<\/p><\/div>\n<div id=\"attachment_674\" style=\"width: 256px\" class=\"wp-caption aligncenter\"><a href=\"https:\/\/smastr16.blob.core.windows.net\/pgibt\/2013\/09\/carolina3.jpg\"><img aria-describedby=\"caption-attachment-674\" decoding=\"async\" loading=\"lazy\" class=\"size-full wp-image-674\" alt=\"\" src=\"https:\/\/smastr16.blob.core.windows.net\/pgibt\/2013\/09\/carolina3.jpg\" width=\"246\" height=\"185\" srcset=\"https:\/\/smastr16.blob.core.windows.net\/pgibt\/2013\/09\/carolina3.jpg 246w, https:\/\/smastr16.blob.core.windows.net\/pgibt\/2013\/09\/carolina3-768x577.jpg 768w\" sizes=\"(max-width: 246px) 100vw, 246px\" \/><\/a><p id=\"caption-attachment-674\" class=\"wp-caption-text\">Lago das Gar\u00e7as Caracterizado como hipereutr\u00f3fico<\/p><\/div>\n<hr align=\"center\" noshade=\"noshade\" size=\"1\" width=\"100%\" \/>\n<p style=\"text-align: center\"><a href=\"https:\/\/smastr16.blob.core.windows.net\/pgibt\/2013\/09\/pdf_grande.gif\"><img decoding=\"async\" loading=\"lazy\" class=\"aligncenter size-full wp-image-2313\" style=\"border: 0px\" alt=\"pdf_grande\" src=\"https:\/\/smastr16.blob.core.windows.net\/pgibt\/2013\/09\/pdf_grande.gif\" width=\"60\" height=\"60\" \/><\/a><a href=\"https:\/\/smastr16.blob.core.windows.net\/pgibt\/2013\/09\/Carolina_Gasch_Moreira_MS.pdf\" target=\"_blank\">Carolina Gasch Moreira<br \/>\nAvalia\u00e7\u00e3o da diversidade e biomassa de fungos associados a folhas em decomposi\u00e7\u00e3o de\u00a0<em>Tibouchina pulchra<\/em> Cogn.<br \/>\nsubmersas em reservat\u00f3rios do Parque Estadual das Fontes do Ipiranga (PEFI), S\u00e3o Paulo, SP<\/a><\/p>\n<hr align=\"center\" noshade=\"noshade\" size=\"1\" width=\"100%\" \/>\n<p style=\"text-align: center\"><strong>\u00a0<a href=\"https:\/\/www.infraestruturameioambiente.sp.gov.br\/pgibt\/dissertacoesteses\/\">VOLTAR AS DISSERTA\u00c7\u00d5ES E TESES<\/a><\/strong><\/p>\n<hr align=\"center\" noshade=\"noshade\" size=\"1\" width=\"100%\" \/>\n","protected":false},"excerpt":{"rendered":"<p>Carolina Gasch Moreira Carolina Gasch Moreira, aluna do Programa de P\u00f3s-Gradua\u00e7\u00e3o em Biodiversidade Vegetal e Meio Ambiente do Instituto de Bot\u00e2nica\u00a0de S\u00e3o Paulo (IBt) e bolsista CAPES, defendeu, no dia 01 de agosto de 2006, sua disserta\u00e7\u00e3o de mestrado intitulada: &#8220;Avalia\u00e7\u00e3o da diversidade e biomassa de fungos associados a folhas em decomposi\u00e7\u00e3o de\u00a0Tibouchina pulchra Cogn. [&hellip;]<\/p>\n","protected":false},"author":1,"featured_media":0,"parent":249,"menu_order":0,"comment_status":"closed","ping_status":"open","template":"fullpage.php","meta":[],"_links":{"self":[{"href":"https:\/\/www.infraestruturameioambiente.sp.gov.br\/pgibt\/wp-json\/wp\/v2\/pages\/671"}],"collection":[{"href":"https:\/\/www.infraestruturameioambiente.sp.gov.br\/pgibt\/wp-json\/wp\/v2\/pages"}],"about":[{"href":"https:\/\/www.infraestruturameioambiente.sp.gov.br\/pgibt\/wp-json\/wp\/v2\/types\/page"}],"author":[{"embeddable":true,"href":"https:\/\/www.infraestruturameioambiente.sp.gov.br\/pgibt\/wp-json\/wp\/v2\/users\/1"}],"replies":[{"embeddable":true,"href":"https:\/\/www.infraestruturameioambiente.sp.gov.br\/pgibt\/wp-json\/wp\/v2\/comments?post=671"}],"version-history":[{"count":0,"href":"https:\/\/www.infraestruturameioambiente.sp.gov.br\/pgibt\/wp-json\/wp\/v2\/pages\/671\/revisions"}],"up":[{"embeddable":true,"href":"https:\/\/www.infraestruturameioambiente.sp.gov.br\/pgibt\/wp-json\/wp\/v2\/pages\/249"}],"wp:attachment":[{"href":"https:\/\/www.infraestruturameioambiente.sp.gov.br\/pgibt\/wp-json\/wp\/v2\/media?parent=671"}],"curies":[{"name":"wp","href":"https:\/\/api.w.org\/{rel}","templated":true}]}}