{"id":6707,"date":"2018-12-27T14:52:38","date_gmt":"2018-12-27T16:52:38","guid":{"rendered":"https:\/\/www.infraestruturameioambiente.sp.gov.br\/pgibt\/?page_id=6707"},"modified":"2018-12-27T14:52:38","modified_gmt":"2018-12-27T16:52:38","slug":"heloisa-bortolin-bruno-ms","status":"publish","type":"page","link":"https:\/\/www.infraestruturameioambiente.sp.gov.br\/pgibt\/dissertacoesteses\/heloisa-bortolin-bruno-ms\/","title":{"rendered":"Heloisa Bortolin Bruno MS"},"content":{"rendered":"<h2 style=\"text-align: center\"><a href=\"arquivos.ambiente.sp.gov.br\/pgibt\/2015\/02\/faixapos6.jpg\"><img decoding=\"async\" loading=\"lazy\" class=\"aligncenter wp-image-3777 size-full\" style=\"border: 0px\" src=\"https:\/\/smastr16.blob.core.windows.net\/pgibt\/2015\/02\/faixapos6.jpg\" alt=\"faixapos6\" width=\"950\" height=\"163\" srcset=\"https:\/\/smastr16.blob.core.windows.net\/pgibt\/2015\/02\/faixapos6.jpg 950w, https:\/\/smastr16.blob.core.windows.net\/pgibt\/2015\/02\/faixapos6-768x131.jpg 768w\" sizes=\"(max-width: 950px) 100vw, 950px\" \/><\/a><\/h2>\n<hr align=\"center\" noshade=\"noshade\" size=\"1\" width=\"100%\" \/>\n<h2 style=\"text-align: center\">Heloisa Bortolin Bruno<\/h2>\n<hr align=\"center\" noshade=\"noshade\" size=\"1\" width=\"100%\" \/>\n<p style=\"text-align: center\"><span style=\"font-weight: 400\">O uso de caracter\u00edsticas funcionais ao longo de gradientes ambientais, por exemplo, de impacto antr\u00f3pico, tem sido uma abordagem amplamente utilizada recentemente. Caracter\u00edsticas funcionais s\u00e3o indicadores de estrat\u00e9gias ecol\u00f3gicas que se relacionam no \u00e2mbito de espectros econ\u00f4micos multivariados (Wright et al., 2004). Mais espec\u00edfico para o meu trabalho, utilizo o espectro econ\u00f4mico foliar (EEF), sendo ele um gradiente de estrat\u00e9gias mais conservativas (Slow) ou mais aquisitivas (Fast) e o custo de constru\u00e7\u00e3o da folha \u00e9 um aspecto central dessa abordagem. <\/span><\/p>\n<p style=\"text-align: center\"><span style=\"font-weight: 400\">Pensando nesse aspecto central, podemos falar sobre a \u00e1rea foliar espec\u00edfica (AFE; unidade de \u00e1rea foliar por massa seca) e sobre o conte\u00fado de mat\u00e9ria seca foliar (CMSF; massa seca por massa t\u00fargida), importantes caracter\u00edsticas foliares, pois s\u00e3o par\u00e2metros para observar qual o foi investimento em estrutura da planta, sendo esses pap\u00e9is chave na determina\u00e7\u00e3o da posi\u00e7\u00e3o das esp\u00e9cies ao longo LES. Outra caracter\u00edstica foliar tamb\u00e9m importante \u00e9 o conte\u00fado de lignina, um pol\u00edmero de polifen\u00f3is que fortalece e impermeabiliza a parede celular de c\u00e9lulas especializadas na planta, tal como c\u00e9lulas do xilema e vena\u00e7\u00e3o foliar (Poorter et al., 2009). <\/span><\/p>\n<p style=\"text-align: center\"><span style=\"font-weight: 400\">Meu trabalho tem como objetivo analisar o conte\u00fado de lignina nas folhas das esp\u00e9cies arb\u00f3reas dominantes ao longo do gradiente de perturba\u00e7\u00e3o antr\u00f3pica na Mata Atl\u00e2ntica do Estado de S\u00e3o Paulo buscando integrar aspectos da estrutura foliar com o EEF. Minha \u00e1rea de estudo \u00e9 uma transec\u00e7\u00e3o da Serra do Mar (parcelas dentro do Parque Estadual Serra do Mar\/N\u00facleo de Santa Virg\u00ednia (PESM\/NSV) &#8211; florestas avan\u00e7adas e secund\u00e1rias) at\u00e9 o vale do Para\u00edba (fragmentos com diferentes graus de interfer\u00eancia humana- florestas perturbadas). <\/span><\/p>\n<p style=\"text-align: center\"><span style=\"font-weight: 400\">A funcionalidade de um ecossistema pode ser avaliada atrav\u00e9s da an\u00e1lise de caracter\u00edsticas foliares, uma vez que os processos que modulam o grau de resposta de uma planta em escala foliar podem ser extrapolados para n\u00edveis ecol\u00f3gicos mais elevados e como consequ\u00eancia, maior poder de previs\u00e3o sobre os efeitos das altera\u00e7\u00f5es bi\u00f3ticas e abi\u00f3ticas sobre as comunidades vegetais.<\/span><\/p>\n<p style=\"text-align: center\"><span style=\"font-weight: 400\">Em cada \u00e1rea de estudo s\u00e3o coletados durante o per\u00edodo de ver\u00e3o, tr\u00eas indiv\u00edduos das esp\u00e9cies que comp\u00f5e 70% da \u00e1rea basal total (PAP&gt; 30 cm), utilizando-se poda alta ou escalador. <\/span><\/p>\n<p style=\"text-align: center\"><span style=\"font-weight: 400\">Tr\u00eas folhas de cada ramo dos indiv\u00edduos e esp\u00e9cie selecionadas s\u00e3o avaliadas quanto a \u00e1rea foliar (AF) atrav\u00e9s de medidor de \u00e1rea foliar LiCor-3000. <\/span><\/p>\n<p style=\"text-align: center\"><span style=\"font-weight: 400\">Posteriormente, essas folhas s\u00e3o colocas dentro de um saco com \u00e1gua e deixadas por 24hrs submersas. Ap\u00f3s esse per\u00edodo elas s\u00e3o pesadas em balan\u00e7a anal\u00edtica para assim obter a massa foliar t\u00fargida (MFT).<\/span><\/p>\n<p style=\"text-align: center\"><span style=\"font-weight: 400\">Em seguida essas folhas s\u00e3o secas a 60\u00baC at\u00e9 peso constante para obten\u00e7\u00e3o da massa foliar seca (MFS). <\/span><\/p>\n<p style=\"text-align: center\"><span style=\"font-weight: 400\">A partir desses dados \u00e9 poss\u00edvel calcular o conte\u00fado de mat\u00e9ria seca foliar (MFS(g)\/MFT(g)) e \u00c1rea foliar espec\u00edfica (AFm\u00b2\/MFS(g)). <\/span><\/p>\n<p style=\"text-align: center\"><span style=\"font-weight: 400\">Um conjunto de folhas dos mesmos indiv\u00edduos utilizados nos par\u00e2metros acima, s\u00e3o mo\u00eddas em moinho de bola Retch MM400 e a seguir submetidas a an\u00e1lise de conte\u00fado de lignina atrav\u00e9s da metodologia descrita em Van Acker et al., (2013). A metodologia consiste em extra\u00e7\u00e3o e descarte do material sol\u00favel em agua, \u00e1lcool e solventes org\u00e2nicos da amostra, e, em seguida, a parede celular purificada \u00e9 quantificada atrav\u00e9s do m\u00e9todo otimizado para pequenas amostras atrav\u00e9s da digest\u00e3o por acetil-bromide e com leitura em espectrofot\u00f4metro.<\/span><\/p>\n<p style=\"text-align: center\"><span style=\"font-weight: 400\">Pude concluir que o uso da Lignina como caracter\u00edstica funcional no eixo da economia foliar mostrou-se de grande import\u00e2ncia para a melhor delimita\u00e7\u00e3o quanto ao investimento em estrutura em esp\u00e9cies com estrat\u00e9gias conservativas. O trabalho como um todo, representa um levantamento raro feito em florestas tropicais, ligando aspectos funcionais a aspectos estruturais foliares espec\u00edficos, como a Lignina, na compreens\u00e3o do funcionamento ecofisiol\u00f3gico de florestas da Mata Atl\u00e2ntica. <\/span><\/p>\n<p style=\"text-align: center\"><span style=\"font-weight: 400\">Para finalizar, al\u00e9m de indicar o est\u00e1gio sucessional das plantas, as an\u00e1lises feitas em meu mestrado poder\u00e3o ajudar na escolha das plantas mais adapt\u00e1veis em caso de manejo e restaura\u00e7\u00e3o de florestas. Sendo assim, se observarmos os n\u00edveis de desmatamento, percebemos a import\u00e2ncia de estudos como este, que acabam por auxiliar em melhores op\u00e7\u00f5es quando se pretende restaurar uma \u00e1rea degradada.<\/span><\/p>\n<hr align=\"center\" noshade=\"noshade\" size=\"1\" width=\"100%\" \/>\n<h3 style=\"text-align: center\">Aspectos funcionais do conte\u00fado de lignina foliar em \u00e1rvores da Mata Atl\u00e2ntica-SP<\/h3>\n<hr align=\"center\" noshade=\"noshade\" size=\"1\" width=\"100%\" \/>\n<h4 style=\"text-align: center\"><strong>ABSTRACT<\/strong><\/h4>\n<p><span style=\"font-weight: 400\">The process of fragmentation has promoted great degradation of the Atlantic Forest biome, considered extremely threatened. Forests are intensely converted into areas for anthropic use, leading to intense fragmentation that, among other effects, changes their species composition and ecosystem functioning. Understanding forest conditions at multiple ecological scales and their successional stages is a basic condition for successful conservation and management policies to be implemented and prioritized. Resource use strategies, which favor the survival and perpetuation of the species, are fundamental components in the establishment of forests at different levels of disturbance. In this context, a functional traits approach &#8211; which relates the role of leaf structure, such as lignin, to photosynthesis and nutrient content &#8211; may help to understand the strategies of species linked to different levels of disturbance. In order to characterize the functional strategies presented by the Atlantic Forest tree species, we sampled 70% of the basal area of continuous forests (mature, FM and secondary, FS) in the Parque Estadual Serra do Mar region, and fragments of forests distributed along the S\u00e3o Luis do Paraitinga-Taubat\u00e9 cities transect. Each species selected was sampled through three individuals, with two leaves each, for the following parameters: Lignin content, Specific leaf area (AFE), Leaf dry matter content (CMSF), Carbon assimilation with saturating light (Asat) and Foliar C and N content. Thus, it was tested if (1) the structural-functional characteristics as foliar lignin, AFE, CSMF-Asat and nutrient content vary in the two forest areas studied; (2) if the observed correlations between the parameters characterize the acquisitive and conservative extremes along a leaf economical axis, and (3) how forests (continuous and fragmented) are characterized in these functional strategies within the EEF (Leaf economic spectrum). The differences between FM and FS were confirmed, with FM presenting higher values of Lignin, CMSF and C foliar, due to the presence of later species. In fragmented areas, partial variation of CF was observed, but no ecological explanation, as there was any difference between the border and the interior of the same. Correlations in both areas were positive between Asat, N and AFE and between lignin content, CMSF and C and negative when associated with each other, indicating opposite strategies regarding the use of available resources. In the species scale it was possible to observe FM in the conservative axis and FS in the acquisition axis along the EEF. In the fragments it was only possible to note the difference in the strategies of the species when analyzed in groups of ecological succession, and as expected, most of the late secondary species remained along conservative strategies, with high LIG and CMSF values. Finally, studies that characterize ecophysiological responses, especially from the standpoint of leaf structure and its determinants, in different types of environmental areas are essential for the development of tools for the conservation of tropical forests, such as the Atlantic Forest.<\/span><br \/>\n<strong>Keywords<\/strong>:\u00a0 <span style=\"font-weight: 400\">Lignin; functional traits; leaf economic spectrum; Atlantic Forest<\/span><\/p>\n<p>&nbsp;<\/p>\n<h4 style=\"text-align: center\"><strong>RESUMO<\/strong><\/h4>\n<p style=\"text-align: justify\"><span style=\"font-weight: 400\">O processo de fragmenta\u00e7\u00e3o de florestas vem promovendo grande degrada\u00e7\u00e3o do bioma Mata Atl\u00e2ntica, considerado extremamente amea\u00e7ado. Florestas s\u00e3o intensamente convertidas em \u00e1reas voltadas para uso antr\u00f3pico, levando a intensa fragmenta\u00e7\u00e3o que, entre outros efeitos, altera sua composi\u00e7\u00e3o de esp\u00e9cies e funcionamento dos ecossistemas. A compreens\u00e3o das condi\u00e7\u00f5es das florestas em m\u00faltiplas escalas ecol\u00f3gicas e do est\u00e1gio sucessional das mesmas \u00e9 uma condi\u00e7\u00e3o b\u00e1sica para que pol\u00edticas de conserva\u00e7\u00e3o e manejo sejam executadas e priorizadas com sucesso. As estrat\u00e9gias de uso de recursos, que favorecem a sobreviv\u00eancia e perpetua\u00e7\u00e3o da esp\u00e9cie, s\u00e3o componentes fundamentais no estabelecimento das florestas em diferentes n\u00edveis de perturba\u00e7\u00e3o. Nesse contexto, uma abordagem de caracter\u00edsticas funcionais- que relacione o papel da estrutura foliar, como da lignina, com a fotoss\u00edntese e o teor de nutrientes- pode ajudar a compreender sobre as estrat\u00e9gias das esp\u00e9cies ligadas a diferentes n\u00edveis de perturba\u00e7\u00e3o. Com o objetivo de caracterizar as estrat\u00e9gias funcionais apresentadas pelas esp\u00e9cies arb\u00f3reas da Mata Atl\u00e2ntica, foram amostradas esp\u00e9cies que comp\u00f5em 70% da \u00e1rea basal de florestas cont\u00ednuas (maduras, FM e secund\u00e1rias, FS), na regi\u00e3o do Parque Estadual Serra do Mar, e fragmentos de florestas distribu\u00eddos ao longo do transecto S\u00e3o Luis do Paraitinga-Taubat\u00e9. Cada esp\u00e9cie selecionada foi amostrada atrav\u00e9s de tr\u00eas indiv\u00edduos, com duas folhas cada, para os seguintes par\u00e2metros: Conte\u00fado de lignina (LIG), \u00c1rea foliar espec\u00edfica (AFE), Conte\u00fado de mat\u00e9ria seca foliar (CMSF), Assimila\u00e7\u00e3o de carbono com luz saturante (Asat) e Conte\u00fado de C foliar (C) e N foliar (N). Dessa forma, foi testado se (1) as caracter\u00edsticas funcionais estruturais- LIG, AFE, CSMF- Asat e conte\u00fado de nutrientes variam nas duas \u00e1reas florestais estudadas; (2) se as correla\u00e7\u00f5es observadas entre os par\u00e2metros caracterizam os extremos aquisitivo e conservativo ao longo de um eixo econ\u00f4mico foliar e (3) como as florestas (cont\u00ednuas e fragmentadas) se caracterizam nessas estrat\u00e9gias funcionais no \u00e2mbito do Espectro Econ\u00f4mico Foliar (EEF). As diferen\u00e7as entre FM e FS foram confirmadas, com FM apresentando maiores valores de LIG, CMSF e C foliar, devido \u00e0 presen\u00e7a de esp\u00e9cies mais tardias. Nas \u00e1reas fragmentadas, foi observada varia\u00e7\u00e3o parcial das caracter\u00edsticas funcionais, n\u00e3o havendo um padr\u00e3o nessas mudan\u00e7as, assim como n\u00e3o houve diferen\u00e7a entre a borda e interior dos mesmos. As correla\u00e7\u00f5es em ambas as \u00e1reas foram positivas entre Asat, N e AFE e entre LIG, CMSF e C e negativas quando associadas entre si, indicando estrat\u00e9gias opostas em rela\u00e7\u00e3o ao uso de recursos dispon\u00edveis. Na escala das esp\u00e9cies foi poss\u00edvel observar a FM no eixo conservativo e a FS no eixo aquisitivo ao longo do EEF. Nos fragmentos s\u00f3 foi poss\u00edvel notar a diferen\u00e7a de estrat\u00e9gias das esp\u00e9cies quando analisadas em grupos de sucess\u00e3o ecol\u00f3gica, e como o esperado, a maioria das esp\u00e9cies secund\u00e1rias tardias permaneceram ao longo das estrat\u00e9gias conservativas, com altos valores de LIG e CMSF. Por fim, estudos que caracterizam respostas ecofisiol\u00f3gicas, em especial sob a \u00f3tica da estrutura foliar e seus determinantes, em diferentes tipos de \u00e1reas ambientais s\u00e3o essenciais para o desenvolvimento de ferramentas para conserva\u00e7\u00e3o das florestas tropicais, como a Mata Atl\u00e2ntica.<\/span><br \/>\n<strong>Palavras-chave<\/strong>: <span style=\"font-weight: 400\">Lignina; Caracter\u00edsticas foliares; Espectro econ\u00f4mico foliar; Mata Atl\u00e2ntica<\/span><\/p>\n<h4 style=\"text-align: center\"><\/h4>\n<hr align=\"center\" noshade=\"noshade\" size=\"1\" width=\"100%\" \/>\n<p style=\"text-align: center\"><a href=\"https:\/\/smastr16.blob.core.windows.net\/pgibt\/2018\/12\/heloisa_bortolin_bruno_ms.pdf\" target=\"_blank\" rel=\"noopener\"><img decoding=\"async\" loading=\"lazy\" class=\"aligncenter\" src=\"https:\/\/smastr16.blob.core.windows.net\/pgibt\/2013\/09\/pdf_grande.gif\" alt=\"pdf_grande\" width=\"60\" height=\"60\" \/><\/a><a href=\"https:\/\/smastr16.blob.core.windows.net\/pgibt\/2018\/12\/heloisa_bortolin_bruno_ms.pdf\" target=\"_blank\" rel=\"noopener\"><span style=\"color: #000000\">Heloisa Bortolin Bruno<\/span><\/a><br \/>\n<a href=\"https:\/\/smastr16.blob.core.windows.net\/pgibt\/2018\/12\/heloisa_bortolin_bruno_ms.pdf\" target=\"_blank\" rel=\"noopener\"><span style=\"color: #000000\">Aspectos funcionais do conte\u00fado de lignina foliar em \u00e1rvores da Mata Atl\u00e2ntica-SP<\/span><\/a><\/p>\n<hr align=\"center\" noshade=\"noshade\" size=\"1\" width=\"100%\" \/>\n<p style=\"text-align: center\"><strong>\u00a0<a href=\"www.infraestruturameioambiente.sp.gov.br\/pgibt\/dissertacoesteses\/\">VOLTAR AS DISSERTA\u00c7\u00d5ES E TESES<\/a><\/strong><\/p>\n<hr align=\"center\" noshade=\"noshade\" size=\"1\" width=\"100%\" \/>\n","protected":false},"excerpt":{"rendered":"<p>Heloisa Bortolin Bruno O uso de caracter\u00edsticas funcionais ao longo de gradientes ambientais, por exemplo, de impacto antr\u00f3pico, tem sido uma abordagem amplamente utilizada recentemente. Caracter\u00edsticas funcionais s\u00e3o indicadores de estrat\u00e9gias ecol\u00f3gicas que se relacionam no \u00e2mbito de espectros econ\u00f4micos multivariados (Wright et al., 2004). Mais espec\u00edfico para o meu trabalho, utilizo o espectro econ\u00f4mico [&hellip;]<\/p>\n","protected":false},"author":63,"featured_media":0,"parent":249,"menu_order":0,"comment_status":"closed","ping_status":"closed","template":"","meta":[],"_links":{"self":[{"href":"https:\/\/www.infraestruturameioambiente.sp.gov.br\/pgibt\/wp-json\/wp\/v2\/pages\/6707"}],"collection":[{"href":"https:\/\/www.infraestruturameioambiente.sp.gov.br\/pgibt\/wp-json\/wp\/v2\/pages"}],"about":[{"href":"https:\/\/www.infraestruturameioambiente.sp.gov.br\/pgibt\/wp-json\/wp\/v2\/types\/page"}],"author":[{"embeddable":true,"href":"https:\/\/www.infraestruturameioambiente.sp.gov.br\/pgibt\/wp-json\/wp\/v2\/users\/63"}],"replies":[{"embeddable":true,"href":"https:\/\/www.infraestruturameioambiente.sp.gov.br\/pgibt\/wp-json\/wp\/v2\/comments?post=6707"}],"version-history":[{"count":3,"href":"https:\/\/www.infraestruturameioambiente.sp.gov.br\/pgibt\/wp-json\/wp\/v2\/pages\/6707\/revisions"}],"predecessor-version":[{"id":6715,"href":"https:\/\/www.infraestruturameioambiente.sp.gov.br\/pgibt\/wp-json\/wp\/v2\/pages\/6707\/revisions\/6715"}],"up":[{"embeddable":true,"href":"https:\/\/www.infraestruturameioambiente.sp.gov.br\/pgibt\/wp-json\/wp\/v2\/pages\/249"}],"wp:attachment":[{"href":"https:\/\/www.infraestruturameioambiente.sp.gov.br\/pgibt\/wp-json\/wp\/v2\/media?parent=6707"}],"curies":[{"name":"wp","href":"https:\/\/api.w.org\/{rel}","templated":true}]}}