{"id":668,"date":"2013-09-16T16:19:45","date_gmt":"2013-09-16T19:19:45","guid":{"rendered":"https:\/\/www.infraestruturameioambiente.sp.gov.br\/pgibt\/?page_id=668"},"modified":"2013-09-16T16:19:45","modified_gmt":"2013-09-16T19:19:45","slug":"2006-carlos-rodrigues-da-silva","status":"publish","type":"page","link":"https:\/\/www.infraestruturameioambiente.sp.gov.br\/pgibt\/dissertacoesteses\/2006-carlos-rodrigues-da-silva\/","title":{"rendered":"Carlos Rodrigues da Silva MS"},"content":{"rendered":"<h2 style=\"text-align: center\"><a href=\"https:\/\/smastr16.blob.core.windows.net\/pgibt\/2015\/02\/faixapos6.jpg\"><img decoding=\"async\" loading=\"lazy\" class=\"aligncenter size-full wp-image-3777\" style=\"border: 0px\" alt=\"faixapos6\" src=\"https:\/\/smastr16.blob.core.windows.net\/pgibt\/2015\/02\/faixapos6.jpg\" width=\"950\" height=\"163\" srcset=\"https:\/\/smastr16.blob.core.windows.net\/pgibt\/2015\/02\/faixapos6.jpg 950w, https:\/\/smastr16.blob.core.windows.net\/pgibt\/2015\/02\/faixapos6-768x131.jpg 768w\" sizes=\"(max-width: 950px) 100vw, 950px\" \/><\/a><\/h2>\n<hr align=\"center\" noshade=\"noshade\" size=\"1\" width=\"100%\" \/>\n<h2 style=\"text-align: center\">Carlos Rodrigues da Silva<\/h2>\n<hr align=\"center\" noshade=\"noshade\" size=\"1\" width=\"100%\" \/>\n<p style=\"text-align: center\">Aos dezoito dias do m\u00eas de abril do ano de dois mil e seis, Carlos Rodrigues da Silva<br \/>\ndefendeu sua disserta\u00e7\u00e3o de mestrado no Instituto de Bot\u00e2nica de S\u00e3o Paulo com t\u00edtulo<br \/>\n&#8220;FITOSSOCIOLOGIA E AVALIA\u00c7\u00c3O DA CHUVA DE SEMENTES EM UMA \u00c1REA DE FLORESTA ALTA DE RESTINGA, EM ILHA COMPRIDA &#8211; SP.&#8221;,<\/p>\n<p style=\"text-align: center\">tendo como orientador o Prof. Dr. Jos\u00e9 Marcos Barbosa e como Banca examinadora o Prof. Dr. Pablo Garcia Carrasco (USJT)<br \/>\ne o Prof. Dr. Cl\u00e1udio Jos\u00e9 Barbedo (IBt).<\/p>\n<p style=\"text-align: center\">A disserta\u00e7\u00e3o tem como linha de pesquisa a caracteriza\u00e7\u00e3o da estrutura de vegeta\u00e7\u00e3o de um trecho de floresta alta de restinga\u00a0em Ilha Comprida (SP), com \u00eanfase na identifica\u00e7\u00e3o de esp\u00e9cies arb\u00f3reas com potencial de uso em projetos de recupera\u00e7\u00e3o\u00a0de \u00e1reas degradadas, e avalia\u00e7\u00e3o da contribui\u00e7\u00e3o da chuva de sementes na renova\u00e7\u00e3o do banco de sementes no solo.<\/p>\n<hr align=\"center\" noshade=\"noshade\" size=\"1\" width=\"100%\" \/>\n<h2 style=\"text-align: center\"><strong>Fitossociologia e avalia\u00e7\u00e3o da chuva de sementes em uma \u00e1rea\u00a0de floresta alta de restinga,<br \/>\nem Ilha Comprida &#8211; S\u00e3o Paulo<\/strong><\/h2>\n<hr align=\"center\" noshade=\"noshade\" size=\"1\" width=\"100%\" \/>\n<h4 style=\"text-align: center\"><strong>RESUMO<\/strong><\/h4>\n<p style=\"text-align: justify\">No primeiro cap\u00edtulo foi feito um levantamento fitossociol\u00f3gico em um trecho de floresta alta de restinga. O estudo foi feito no Munic\u00edpio de Ilha Comprida, S\u00e3o Paulo. Em uma \u00e1rea demarcada de 5000m\u00b2 foram identificados e medidos a altura e o di\u00e2metro do caule de todos os indiv\u00edduos maiores que 1,5m de altura, sendo encontradas 41 esp\u00e9cies pertencentes a 23 fam\u00edlias. Entre essas fam\u00edlias,\u00a0<em>Myrtaceae<\/em>, foi a de maior import\u00e2ncia, seguida de\u00a0<em>Theaceae<\/em>\u00a0e<em>\u00a0Clusiaceae<\/em>, com o maior n\u00famero de indiv\u00edduos amostrados. Embora as distribui\u00e7\u00f5es diam\u00e9tricas e de alturas evidenciarem poucos indiv\u00edduos de grande porte, devido sua estrutura, o trecho de floresta estudado encontra-se em est\u00e1gio avan\u00e7ado de sucess\u00e3o secund\u00e1ria e \u00e9 caracterizado por poucas esp\u00e9cies representadas por muitos indiv\u00edduos.<\/p>\n<p style=\"text-align: justify\">Para o segundo cap\u00edtulo que tratou da avalia\u00e7\u00e3o da chuva de sementes, foram distribu\u00eddos coletores confeccionados em madeira com fundo telado com sombrite ao longo da \u00e1rea utilizada na fitossociologia, totalizando 12m\u00b2 de \u00e1rea amostrada. Foram amostradas 50 esp\u00e9cies (29 identificadas) pertencentes a 19 fam\u00edlias, sendo 72,67% zooc\u00f3ricas e 27,33% anemoc\u00f3ricas. A alta concentra\u00e7\u00e3o de sementes zooc\u00f3ricas permite inferir que esta floresta est\u00e1 em bom estado de conserva\u00e7\u00e3o e devido ao grande n\u00famero de sementes al\u00f3ctones (47,06%) poderia se inferir que est\u00e1 havendo um aumento na similaridade flor\u00edstica entre os mosaicos vegetacionais, por\u00e9m, isto s\u00f3 seria prov\u00e1vel se as condi\u00e7\u00f5es do solo fossem semelhantes.<\/p>\n<hr align=\"center\" noshade=\"noshade\" size=\"1\" width=\"100%\" \/>\n<p style=\"text-align: center\"><a href=\"https:\/\/smastr16.blob.core.windows.net\/pgibt\/2013\/09\/pdf_grande.gif\"><img decoding=\"async\" loading=\"lazy\" class=\"aligncenter size-full wp-image-2313\" style=\"border: 0px\" alt=\"pdf_grande\" src=\"https:\/\/smastr16.blob.core.windows.net\/pgibt\/2013\/09\/pdf_grande.gif\" width=\"60\" height=\"60\" \/><\/a><a href=\"https:\/\/smastr16.blob.core.windows.net\/pgibt\/2013\/09\/Carlos_Rodrigues_da_Silva_MS.pdf\">Carlos Rodrigues da Silva<br \/>\nFitossociologia e avalia\u00e7\u00e3o da chuva de sementes em uma \u00e1erea de floresta alta de restinga, em Ilha Comprida &#8211; S\u00e3o Paulo<\/a><\/p>\n<hr align=\"center\" noshade=\"noshade\" size=\"1\" width=\"100%\" \/>\n<p style=\"text-align: center\"><strong>\u00a0<a href=\"https:\/\/www.infraestruturameioambiente.sp.gov.br\/pgibt\/dissertacoesteses\/\">VOLTAR AS DISSERTA\u00c7\u00d5ES E TESES<\/a><\/strong><\/p>\n<hr align=\"center\" noshade=\"noshade\" size=\"1\" width=\"100%\" \/>\n<h1 style=\"text-align: center\"><\/h1>\n","protected":false},"excerpt":{"rendered":"<p>Carlos Rodrigues da Silva Aos dezoito dias do m\u00eas de abril do ano de dois mil e seis, Carlos Rodrigues da Silva defendeu sua disserta\u00e7\u00e3o de mestrado no Instituto de Bot\u00e2nica de S\u00e3o Paulo com t\u00edtulo &#8220;FITOSSOCIOLOGIA E AVALIA\u00c7\u00c3O DA CHUVA DE SEMENTES EM UMA \u00c1REA DE FLORESTA ALTA DE RESTINGA, EM ILHA COMPRIDA &#8211; [&hellip;]<\/p>\n","protected":false},"author":1,"featured_media":0,"parent":249,"menu_order":0,"comment_status":"closed","ping_status":"open","template":"fullpage.php","meta":[],"_links":{"self":[{"href":"https:\/\/www.infraestruturameioambiente.sp.gov.br\/pgibt\/wp-json\/wp\/v2\/pages\/668"}],"collection":[{"href":"https:\/\/www.infraestruturameioambiente.sp.gov.br\/pgibt\/wp-json\/wp\/v2\/pages"}],"about":[{"href":"https:\/\/www.infraestruturameioambiente.sp.gov.br\/pgibt\/wp-json\/wp\/v2\/types\/page"}],"author":[{"embeddable":true,"href":"https:\/\/www.infraestruturameioambiente.sp.gov.br\/pgibt\/wp-json\/wp\/v2\/users\/1"}],"replies":[{"embeddable":true,"href":"https:\/\/www.infraestruturameioambiente.sp.gov.br\/pgibt\/wp-json\/wp\/v2\/comments?post=668"}],"version-history":[{"count":0,"href":"https:\/\/www.infraestruturameioambiente.sp.gov.br\/pgibt\/wp-json\/wp\/v2\/pages\/668\/revisions"}],"up":[{"embeddable":true,"href":"https:\/\/www.infraestruturameioambiente.sp.gov.br\/pgibt\/wp-json\/wp\/v2\/pages\/249"}],"wp:attachment":[{"href":"https:\/\/www.infraestruturameioambiente.sp.gov.br\/pgibt\/wp-json\/wp\/v2\/media?parent=668"}],"curies":[{"name":"wp","href":"https:\/\/api.w.org\/{rel}","templated":true}]}}