{"id":646,"date":"2013-09-16T15:46:50","date_gmt":"2013-09-16T18:46:50","guid":{"rendered":"https:\/\/www.infraestruturameioambiente.sp.gov.br\/pgibt\/?page_id=646"},"modified":"2013-09-16T15:46:50","modified_gmt":"2013-09-16T18:46:50","slug":"2005-ricardo-yukio","status":"publish","type":"page","link":"https:\/\/www.infraestruturameioambiente.sp.gov.br\/pgibt\/dissertacoesteses\/2005-ricardo-yukio\/","title":{"rendered":"Ricardo Yukio Honda MS"},"content":{"rendered":"<h2 style=\"text-align: center\"><a href=\"https:\/\/smastr16.blob.core.windows.net\/pgibt\/2015\/02\/faixapos6.jpg\"><img decoding=\"async\" loading=\"lazy\" class=\"aligncenter size-full wp-image-3777\" style=\"border: 0px\" alt=\"faixapos6\" src=\"https:\/\/smastr16.blob.core.windows.net\/pgibt\/2015\/02\/faixapos6.jpg\" width=\"950\" height=\"163\" srcset=\"https:\/\/smastr16.blob.core.windows.net\/pgibt\/2015\/02\/faixapos6.jpg 950w, https:\/\/smastr16.blob.core.windows.net\/pgibt\/2015\/02\/faixapos6-768x131.jpg 768w\" sizes=\"(max-width: 950px) 100vw, 950px\" \/><\/a><\/h2>\n<hr align=\"center\" noshade=\"noshade\" size=\"1\" width=\"100%\" \/>\n<h2 style=\"text-align: center\">Ricardo Yukio Honda<\/h2>\n<hr align=\"center\" noshade=\"noshade\" size=\"1\" width=\"100%\" \/>\n<p style=\"text-align: center\">No dia 25 de abril de 2005, Ricardo Yukio Honda, aluno de P\u00f3s-gradua\u00e7\u00e3o em Biodiversidade Vegetal e Meio Ambiente do Instituto de Bot\u00e2nica de S\u00e3o Paulo e bolsista do CNPQ, defendeu sua Disserta\u00e7\u00e3o de mestrado:<br \/>\n&#8220;Estudos taxon\u00f4micos e de desenvolvimento\u00a0<em>in vitro de Microcystis spp.<br \/>\n(Cyanobacteria\/Cyanophyceae)<\/em>\u00a0isoladas de corpos d&#8217;\u00e1gua do Estado de S\u00e3o Paulo &#8220;,<br \/>\nsob a orienta\u00e7\u00e3o da Dra. Maria Teresa de Paiva Azevedo.<\/p>\n<p style=\"text-align: center\">A avalia\u00e7\u00e3o foi realizada por banca composta pela Dra. Marli de F\u00e1tima Fiore (Centro de Energia Nuclear na Agricultura-USP) e pela<br \/>\nDra. C\u00e9lia Leite Sant&#8217;Anna (Instituto de Bot\u00e2nica, S\u00e3o Paulo).<\/p>\n<hr align=\"center\" noshade=\"noshade\" size=\"1\" width=\"100%\" \/>\n<h3 style=\"text-align: center\"><strong>Estudos taxon\u00f4micos e de desenvolvimento\u00a0<em>in vitro de Microcystis spp.<br \/>\n(Cyanobacteria\/Cyanophyceae)<\/em>\u00a0isoladas de corpos d&#8217;\u00e1gua do Estado de S\u00e3o Paulo<\/strong><\/h3>\n<hr align=\"center\" noshade=\"noshade\" size=\"1\" width=\"100%\" \/>\n<h4 style=\"text-align: center\"><strong>RESUMO<\/strong><\/h4>\n<p>Os objetivos foram verificar a variabilidade e estabilidade morfol\u00f3gica de\u00a0<i>\u00a0<\/i>. em cultura e natureza, assim como comparar as morfoesp\u00e9cies. Dez cepas pertencentes \u00e0 tr\u00eas<em>\u00a0morfoesp\u00e9cies (Microcystis aeruginosa, M. panniformis\u00a0<\/em>e<em>\u00a0M. wesenbergii)<\/em>\u00a0foram submetidas \u00e0 an\u00e1lise morfol\u00f3gica em condi\u00e7\u00f5es controladas de cultivo (meio ASM-1, 23 \u00b1 1 \u00b0C, 20 \u2013 25 \u03bcmol f\u00f3ton.m-2.s-1, 14 h claro: 10 h escuro). Para o gradiente-cruzado de irradi\u00e2ncia e temperatura (meio ASM-1, 15\/20\/25\/30 \u00b0C, 2,6\/13,9\/27,6\/43,2\/55,5 \u03bcmol f\u00f3ton.m-2.s-1, 14 h claro: 10 h escuro) foram utilizadas tr\u00eas cepas:\u00a0<em>M. aeruginosa SPC522, M. panniformis SPC702\u00a0<\/em>e<em>\u00a0M. wesenbergii SPC771<\/em>.\u00a0<em>M. panniformis<\/em>\u00a0foi sens\u00edvel \u00e0 temperatura de 15 \u00b0C, enquanto que o mesmo n\u00e3o ocorreu para\u00a0<em>M. aeruginosa\u00a0<\/em>e<em>\u00a0M. wesenbergii<\/em>. Quanto aos caracteres analisados (forma da col\u00f4nia, distribui\u00e7\u00e3o\/densidade das c\u00e9lulas, espessura\/textura do envelope mucilaginoso e di\u00e2metro celular), de modo geral, n\u00e3o houve diferen\u00e7as entre material em cultura e natureza. Al\u00e9m das fases caracter\u00edsticas, fases at\u00edpicas ou senescentes foram verificadas para as tr\u00eas morfoesp\u00e9cies. As fases senescentes com aglomera\u00e7\u00f5es celulares e envelope mucilaginoso amplo foram verificadas em<em>\u00a0M. panniformis<\/em>\u00a0e\u00a0<em>M. wesenbergii<\/em>\u00a0\u00e0 15 \u00b0C (gradiente-cruzado). A an\u00e1lise conjunta das caracter\u00edsticas diacr\u00edticas possibilitou a identifica\u00e7\u00e3o das morfoesp\u00e9cies, confirmando a validade dessas morfoesp\u00e9cies.<\/p>\n<p>Palavras chave: cianobact\u00e9ria,\u00a0<em>Microcystis<\/em>, taxonomia, cultura, irradi\u00e2ncia e temperatura.<\/p>\n<p style=\"text-align: center\">\u00a0<a href=\"https:\/\/smastr16.blob.core.windows.net\/pgibt\/2013\/09\/Ricardo-1.jpg\"><img decoding=\"async\" loading=\"lazy\" class=\"alignnone  wp-image-649\" alt=\"Fig1. Microcystis aeruginosa \" src=\"https:\/\/smastr16.blob.core.windows.net\/pgibt\/2013\/09\/Ricardo-1.jpg\" width=\"133\" height=\"200\" \/><\/a>\u00a0<a href=\"https:\/\/smastr16.blob.core.windows.net\/pgibt\/2013\/09\/Ricardo-2.jpg\"><img decoding=\"async\" loading=\"lazy\" class=\"alignnone  wp-image-650\" alt=\"Fig2. Microcystis panniformis\" src=\"https:\/\/smastr16.blob.core.windows.net\/pgibt\/2013\/09\/Ricardo-2.jpg\" width=\"133\" height=\"200\" \/><\/a>\u00a0<a href=\"https:\/\/smastr16.blob.core.windows.net\/pgibt\/2013\/09\/Ricardo-3.jpg\"><img decoding=\"async\" loading=\"lazy\" class=\"alignnone  wp-image-651\" alt=\"Fig3. Microcystis wesenbergii \" src=\"https:\/\/smastr16.blob.core.windows.net\/pgibt\/2013\/09\/Ricardo-3.jpg\" width=\"202\" height=\"200\" \/><\/a><\/p>\n<hr align=\"center\" noshade=\"noshade\" size=\"1\" width=\"100%\" \/>\n<p style=\"text-align: center\"><a href=\"https:\/\/smastr16.blob.core.windows.net\/pgibt\/2013\/09\/pdf_grande.gif\"><img decoding=\"async\" loading=\"lazy\" class=\"aligncenter size-full wp-image-2313\" style=\"border: 0px\" alt=\"pdf_grande\" src=\"https:\/\/smastr16.blob.core.windows.net\/pgibt\/2013\/09\/pdf_grande.gif\" width=\"60\" height=\"60\" \/><\/a><a href=\"https:\/\/smastr16.blob.core.windows.net\/pgibt\/2013\/09\/Ricardo_Yukio_Honda_MS.pdf\">Ricardo Yukio Honda<br \/>\nEstudos taxon\u00f4micos e de desenvolvimento\u00a0<em>in vitro de Microcystis spp. (Cyanobacteria\/Cyanophyceae)<\/em><br \/>\nisoladas de corpos d&#8217;\u00e1gua do Estado de S\u00e3o Paulo<\/a><\/p>\n<hr align=\"center\" noshade=\"noshade\" size=\"1\" width=\"100%\" \/>\n<p style=\"text-align: center\"><strong>\u00a0<a href=\"https:\/\/www.infraestruturameioambiente.sp.gov.br\/pgibt\/dissertacoesteses\/\">VOLTAR AS DISSERTA\u00c7\u00d5ES E TESES<\/a><\/strong><\/p>\n<hr align=\"center\" noshade=\"noshade\" size=\"1\" width=\"100%\" \/>\n<h1 style=\"text-align: center\"><\/h1>\n","protected":false},"excerpt":{"rendered":"<p>Ricardo Yukio Honda No dia 25 de abril de 2005, Ricardo Yukio Honda, aluno de P\u00f3s-gradua\u00e7\u00e3o em Biodiversidade Vegetal e Meio Ambiente do Instituto de Bot\u00e2nica de S\u00e3o Paulo e bolsista do CNPQ, defendeu sua Disserta\u00e7\u00e3o de mestrado: &#8220;Estudos taxon\u00f4micos e de desenvolvimento\u00a0in vitro de Microcystis spp. (Cyanobacteria\/Cyanophyceae)\u00a0isoladas de corpos d&#8217;\u00e1gua do Estado de S\u00e3o [&hellip;]<\/p>\n","protected":false},"author":1,"featured_media":0,"parent":249,"menu_order":0,"comment_status":"closed","ping_status":"closed","template":"fullpage.php","meta":[],"_links":{"self":[{"href":"https:\/\/www.infraestruturameioambiente.sp.gov.br\/pgibt\/wp-json\/wp\/v2\/pages\/646"}],"collection":[{"href":"https:\/\/www.infraestruturameioambiente.sp.gov.br\/pgibt\/wp-json\/wp\/v2\/pages"}],"about":[{"href":"https:\/\/www.infraestruturameioambiente.sp.gov.br\/pgibt\/wp-json\/wp\/v2\/types\/page"}],"author":[{"embeddable":true,"href":"https:\/\/www.infraestruturameioambiente.sp.gov.br\/pgibt\/wp-json\/wp\/v2\/users\/1"}],"replies":[{"embeddable":true,"href":"https:\/\/www.infraestruturameioambiente.sp.gov.br\/pgibt\/wp-json\/wp\/v2\/comments?post=646"}],"version-history":[{"count":0,"href":"https:\/\/www.infraestruturameioambiente.sp.gov.br\/pgibt\/wp-json\/wp\/v2\/pages\/646\/revisions"}],"up":[{"embeddable":true,"href":"https:\/\/www.infraestruturameioambiente.sp.gov.br\/pgibt\/wp-json\/wp\/v2\/pages\/249"}],"wp:attachment":[{"href":"https:\/\/www.infraestruturameioambiente.sp.gov.br\/pgibt\/wp-json\/wp\/v2\/media?parent=646"}],"curies":[{"name":"wp","href":"https:\/\/api.w.org\/{rel}","templated":true}]}}