{"id":6423,"date":"2018-05-15T12:15:44","date_gmt":"2018-05-15T15:15:44","guid":{"rendered":"https:\/\/www.infraestruturameioambiente.sp.gov.br\/pgibt\/?page_id=6423"},"modified":"2018-05-15T12:16:04","modified_gmt":"2018-05-15T15:16:04","slug":"zedenil-rodrigues-mendes-ms","status":"publish","type":"page","link":"https:\/\/www.infraestruturameioambiente.sp.gov.br\/pgibt\/dissertacoesteses\/zedenil-rodrigues-mendes-ms\/","title":{"rendered":"Zedenil Rodrigues Mendes MS"},"content":{"rendered":"<h2 style=\"text-align: center\"><a href=\"arquivos.ambiente.sp.gov.br\/pgibt\/2015\/02\/faixapos6.jpg\"><img decoding=\"async\" loading=\"lazy\" class=\"aligncenter wp-image-3777 size-full\" style=\"border: 0px\" src=\"https:\/\/smastr16.blob.core.windows.net\/pgibt\/2015\/02\/faixapos6.jpg\" alt=\"faixapos6\" width=\"950\" height=\"163\" srcset=\"https:\/\/smastr16.blob.core.windows.net\/pgibt\/2015\/02\/faixapos6.jpg 950w, https:\/\/smastr16.blob.core.windows.net\/pgibt\/2015\/02\/faixapos6-768x131.jpg 768w\" sizes=\"(max-width: 950px) 100vw, 950px\" \/><\/a><\/h2>\n<hr align=\"center\" noshade=\"noshade\" size=\"1\" width=\"100%\" \/>\n<h2 style=\"text-align: center\">Zedenil Rodrigues Mendes<\/h2>\n<hr align=\"center\" noshade=\"noshade\" size=\"1\" width=\"100%\" \/>\n<p style=\"text-align: center\"><a href=\"https:\/\/smastr16.blob.core.windows.net\/pgibt\/2018\/05\/zedenil.jpg\"><img decoding=\"async\" loading=\"lazy\" class=\"alignnone wp-image-6424\" src=\"https:\/\/smastr16.blob.core.windows.net\/pgibt\/2018\/05\/zedenil.jpg\" alt=\"\" width=\"600\" height=\"158\" srcset=\"https:\/\/smastr16.blob.core.windows.net\/pgibt\/2018\/05\/zedenil.jpg 1118w, https:\/\/smastr16.blob.core.windows.net\/pgibt\/2018\/05\/zedenil-768x202.jpg 768w\" sizes=\"(max-width: 600px) 100vw, 600px\" \/><\/a><\/p>\n<p style=\"text-align: center\">No dia 14 de abril de 2016, o aluno do Programa de P\u00f3s-Gradua\u00e7\u00e3o em Biodiversidade Vegetal e Meio Ambiente do Instituto de Bot\u00e2nica de S\u00e3o Paulo\/IBt, Zedenil Rodrigues Mendes (bolsista CAPES), defendeu sua Disserta\u00e7\u00e3o de Mestrado intitulada \u201c<em>Contribui\u00e7\u00f5es da fam\u00edlia Cactaceae Juss. para a diversidade de aranhas na Reserva Biol\u00f3gica do Alto da Serra de Paranapiacaba, Santo Andr\u00e9, SP, Brasil<\/em>\u201d. A banca examinadora foi composta pela Dra. Maria das Gra\u00e7as Lapa Wanderley (Orientadora e Presidente\/IBt), Dr. Jo\u00e3o Vasconcellos-Neto (UNICAMP) e Dr. Alberto Jos\u00e9 Arabi Olavarrieta (UFABC).<\/p>\n<p style=\"text-align: center\">O projeto teve a colabora\u00e7\u00e3o da Dra. Maria Margarida Rocha Fiuza de Melo (IBt) e do Dr. Antonio Domingos Brescovit (Instituto Butantan). Este foi o primeiro estudo sobre intera\u00e7\u00e3o entre aranhas e plantas ep\u00edfitas realizado no Instituto e contribuiu com o aumento na listagem de aranhas da Reserva <em>Biol\u00f3gica do Alto da Serra de Paranapiacaba.<\/em><\/p>\n<hr align=\"center\" noshade=\"noshade\" size=\"1\" width=\"100%\" \/>\n<h3 style=\"text-align: center\">Contribui\u00e7\u00f5es da fam\u00edlia Cactaceae Juss. para a diversidade de aranhas na Reserva Biol\u00f3gica do Alto da Serra de Paranapiacaba, Santo Andr\u00e9, SP, Brasil<\/h3>\n<hr align=\"center\" noshade=\"noshade\" size=\"1\" width=\"100%\" \/>\n<h4 style=\"text-align: center\"><strong>ABSTRACT<\/strong><\/h4>\n<p style=\"text-align: justify\">The Cactaceae family is noteworthy as one of the most plentiful in preserved environments. Several specializations associated with high diversity of forms and habits contribute to the survival of Cactaceae in a wide range of climatic conditions being an important element for the survival of arthropods. In Alto da Serra de Paranapiacaba Biological Reserve (ASPBR) were described nine species of Cactaceae, all of them are epiphytes. Spiders (order Araneae) are the second largest animal group. The ASPBR is considered an area with one of the largest lists of species of spiders in the Atlantic Forest. The plant architecture provides sites used by spiders as hiding, foraging sites, mating and oviposition. This work aims to contribute to the knowledge of biodiversity in the canopy of Atlantic Forest, especially the relationship between cacti and spiders. To ensure the homogeneity of the sample units, areas were chosen belonging to phytophysiognomy High Forest which occupies 67% of the area of ASPBR. The methodology consisted of monthly collections of spiders found in Cactaceae. The morphology of plants can be divided into: cylindrical cladodes, flattened and mixed (in cylindrical and partly flattened). We expected to find more spiders weavers in plants with cylindrical cladodes and more hunting spiders in plants with flattened cladodes. In mixed cladodes, is expected to find weavers and hunting spiders in similar proportions. Twenty plants from each morphological type in each of the 12 sample units have been observed, which measure 200m by 40m and each of them was visited twice over a year. The plants included in this research are 30cm in length at least and they must be fixed in phorophyte up to 4m in height maximum. Between February 2014 and January 2015 were collected 1,599 spiders distributed in 21 families: two of these, Oxyopidae and Palpimanidae, had only young individuals collected; the other 19 were identified 61 species in 51 genera. The most abundant family was Araneidae (28.5%) and the richest one in species were Theridiidae (15). This research has shown that morphological variety of Cactaceae favors the colonization of distinct groups of spiders.<br \/>\n<strong>Keywords<\/strong>: Araneae, Cactaceae, Plant-animal interaction, Paranapiacaba<\/p>\n<h4 style=\"text-align: center\"><strong>RESUMO<\/strong><\/h4>\n<p style=\"text-align: justify\">A fam\u00edlia Cactaceae destaca-se como uma das mais abundantes em ambientes preservados. Diversas especializa\u00e7\u00f5es associadas \u00e0 alta diversidade de formas e h\u00e1bitos, contribuem para que as Cactaceae consigam sobreviver numa ampla gama de condi\u00e7\u00f5es clim\u00e1ticas, constituindo um elemento importante para a sobreviv\u00eancia de artr\u00f3podes. Na Reserva Biol\u00f3gica do Alto da Serra de Paranapiacaba (RBASP) foram descritas nove esp\u00e9cies de Cactaceae, todas epif\u00edticas. As aranhas (Ordem Araneae) representam o segundo maior grupo animal. A RBASP \u00e9 considerada uma \u00e1rea com uma das maiores listas de esp\u00e9cies de aranhas da Mata Atl\u00e2ntica. A arquitetura de plantas propicia locais usados por aranhas como esconderijos, locais de forrageamento, acasalamento e oviposi\u00e7\u00e3o. Este trabalho visa contribuir para o conhecimento da biodiversidade no dossel da Mata Atl\u00e2ntica, em especial a rela\u00e7\u00e3o entre cact\u00e1ceas e aranhas. Para garantir a homogeneidade das unidades amostrais, foram escolhidos trechos pertencentes \u00e0 fitofisionomia Floresta Alta que ocupa 67% da RBASP. A metodologia constou de coletas mensais de aranhas encontradas em Cactaceae. A morfologia das plantas pode ser dividida em: clad\u00f3dios cil\u00edndricos, aplanados e mistos (em parte cil\u00edndricos e em parte aplanados). Espera-se encontrar maior n\u00famero de aranhas tecel\u00e3s em plantas com clad\u00f3dios cil\u00edndricos e maior n\u00famero de aranhas ca\u00e7adoras em plantas com clad\u00f3dios aplanados. Nos clad\u00f3dios mistos, espera-se encontrar aranhas tecel\u00e3s e ca\u00e7adoras em propor\u00e7\u00f5es semelhantes. Foram observadas 20 plantas de cada tipo morfol\u00f3gico em cada uma das 12 unidades amostrais com 200m por 40m, cada uma visitada duas vezes ao longo de um ano. Foram inclu\u00eddas plantas com pelo menos 30cm de comprimento e que estivessem fixadas no m\u00e1ximo a 4m de altura no for\u00f3fito. Entre fevereiro de 2014 e janeiro de 2015 foram coletadas 1.599 aranhas distribu\u00eddas em 21 fam\u00edlias: duas destas tiveram apenas indiv\u00edduos jovens coletados, Oxyopidae e Palpimanidae; das outras 19, foram identificadas 61 esp\u00e9cies em 51 g\u00eaneros. A fam\u00edlia mais abundante foi Araneidae (28,5%) e a mais rica em esp\u00e9cies foi Theridiidae (15). A presente pesquisa tem demonstrado que a variedade morfol\u00f3gica de Cactaceae favorece a coloniza\u00e7\u00e3o de distintos grupos de aranhas.<br \/>\n<strong>Palavras-chave<\/strong>: Araneae, Cactaceae, Itera\u00e7\u00e3o planta-animal, Paranapiacaba<\/p>\n<h4 style=\"text-align: center\"><\/h4>\n<hr align=\"center\" noshade=\"noshade\" size=\"1\" width=\"100%\" \/>\n<p style=\"text-align: center\"><a href=\"https:\/\/smastr16.blob.core.windows.net\/pgibt\/2018\/05\/zedenil_rodrigues_mendes_ms.pdf\"><img decoding=\"async\" loading=\"lazy\" class=\"aligncenter\" src=\"https:\/\/smastr16.blob.core.windows.net\/pgibt\/2013\/09\/pdf_grande.gif\" alt=\"pdf_grande\" width=\"60\" height=\"60\" \/><\/a><span style=\"color: #000000\"><a style=\"color: #000000\" href=\"https:\/\/smastr16.blob.core.windows.net\/pgibt\/2018\/05\/zedenil_rodrigues_mendes_ms.pdf\">Zedenil Rodrigues Mendes<\/a><\/span><a href=\"https:\/\/smastr16.blob.core.windows.net\/pgibt\/2018\/05\/zedenil_rodrigues_mendes_ms.pdf\" target=\"_blank\" rel=\"noopener noreferrer\"><br \/>\n<span style=\"color: #000000\">Contribui\u00e7\u00f5es da fam\u00edlia Cactaceae Juss. para a diversidade de aranhas na Reserva Biol\u00f3gica do Alto da Serra de Paranapiacaba, Santo Andr\u00e9, SP, Brasil<\/span><\/a><\/p>\n<hr align=\"center\" noshade=\"noshade\" size=\"1\" width=\"100%\" \/>\n<p style=\"text-align: center\"><strong>\u00a0<a href=\"www.infraestruturameioambiente.sp.gov.br\/pgibt\/dissertacoesteses\/\">VOLTAR AS DISSERTA\u00c7\u00d5ES E TESES<\/a><\/strong><\/p>\n<hr align=\"center\" noshade=\"noshade\" size=\"1\" width=\"100%\" \/>\n","protected":false},"excerpt":{"rendered":"<p>Zedenil Rodrigues Mendes No dia 14 de abril de 2016, o aluno do Programa de P\u00f3s-Gradua\u00e7\u00e3o em Biodiversidade Vegetal e Meio Ambiente do Instituto de Bot\u00e2nica de S\u00e3o Paulo\/IBt, Zedenil Rodrigues Mendes (bolsista CAPES), defendeu sua Disserta\u00e7\u00e3o de Mestrado intitulada \u201cContribui\u00e7\u00f5es da fam\u00edlia Cactaceae Juss. para a diversidade de aranhas na Reserva Biol\u00f3gica do Alto [&hellip;]<\/p>\n","protected":false},"author":63,"featured_media":0,"parent":249,"menu_order":0,"comment_status":"closed","ping_status":"closed","template":"","meta":[],"_links":{"self":[{"href":"https:\/\/www.infraestruturameioambiente.sp.gov.br\/pgibt\/wp-json\/wp\/v2\/pages\/6423"}],"collection":[{"href":"https:\/\/www.infraestruturameioambiente.sp.gov.br\/pgibt\/wp-json\/wp\/v2\/pages"}],"about":[{"href":"https:\/\/www.infraestruturameioambiente.sp.gov.br\/pgibt\/wp-json\/wp\/v2\/types\/page"}],"author":[{"embeddable":true,"href":"https:\/\/www.infraestruturameioambiente.sp.gov.br\/pgibt\/wp-json\/wp\/v2\/users\/63"}],"replies":[{"embeddable":true,"href":"https:\/\/www.infraestruturameioambiente.sp.gov.br\/pgibt\/wp-json\/wp\/v2\/comments?post=6423"}],"version-history":[{"count":1,"href":"https:\/\/www.infraestruturameioambiente.sp.gov.br\/pgibt\/wp-json\/wp\/v2\/pages\/6423\/revisions"}],"predecessor-version":[{"id":6426,"href":"https:\/\/www.infraestruturameioambiente.sp.gov.br\/pgibt\/wp-json\/wp\/v2\/pages\/6423\/revisions\/6426"}],"up":[{"embeddable":true,"href":"https:\/\/www.infraestruturameioambiente.sp.gov.br\/pgibt\/wp-json\/wp\/v2\/pages\/249"}],"wp:attachment":[{"href":"https:\/\/www.infraestruturameioambiente.sp.gov.br\/pgibt\/wp-json\/wp\/v2\/media?parent=6423"}],"curies":[{"name":"wp","href":"https:\/\/api.w.org\/{rel}","templated":true}]}}