{"id":638,"date":"2013-09-16T15:39:44","date_gmt":"2013-09-16T18:39:44","guid":{"rendered":"https:\/\/www.infraestruturameioambiente.sp.gov.br\/pgibt\/?page_id=638"},"modified":"2013-09-16T15:39:44","modified_gmt":"2013-09-16T18:39:44","slug":"2005-renata-tavares","status":"publish","type":"page","link":"https:\/\/www.infraestruturameioambiente.sp.gov.br\/pgibt\/dissertacoesteses\/2005-renata-tavares\/","title":{"rendered":"Renata A. D&#8217;Agostino Tavares"},"content":{"rendered":"<p>&lt;h2 s<\/p>\n<h2 style=\"text-align: center\"><a href=\"https:\/\/smastr16.blob.core.windows.net\/pgibt\/2015\/02\/faixapos6.jpg\"><img decoding=\"async\" loading=\"lazy\" class=\"aligncenter size-full wp-image-3777\" style=\"border: 0px\" alt=\"faixapos6\" src=\"https:\/\/smastr16.blob.core.windows.net\/pgibt\/2015\/02\/faixapos6.jpg\" width=\"950\" height=\"163\" srcset=\"https:\/\/smastr16.blob.core.windows.net\/pgibt\/2015\/02\/faixapos6.jpg 950w, https:\/\/smastr16.blob.core.windows.net\/pgibt\/2015\/02\/faixapos6-768x131.jpg 768w\" sizes=\"(max-width: 950px) 100vw, 950px\" \/><\/a><\/h2>\n<hr align=\"center\" noshade=\"noshade\" size=\"1\" width=\"100%\" \/>\n<h2 style=\"text-align: center\">Renata A. D&#8217;Agostino Tavares<\/h2>\n<hr align=\"center\" noshade=\"noshade\" size=\"1\" width=\"100%\" \/>\n<h3 style=\"text-align: center\"><strong>Polui\u00e7\u00e3o atmosf\u00e9rica da cidade de S\u00e3o Paulo e a periderme caulinar em plantas jovens de pau-brasil<br \/>\n(<em>Caesalpinia echinata<\/em> Lam. Leguminosae\/Caesalpinioideae)<\/strong><\/h3>\n<hr align=\"center\" noshade=\"noshade\" size=\"1\" width=\"100%\" \/>\n<h4 style=\"text-align: center\"><strong>RESUMO<\/strong><\/h4>\n<p style=\"text-align: justify\">Polui\u00e7\u00e3o atmosf\u00e9rica da cidade de S\u00e3o Paulo e a periderme caulinar em plantas jovens de pau-brasil (<em>Caesalpinia echinata <\/em>Lam. Leguminosae\/Caesalpinioideae)<\/p>\n<p style=\"text-align: justify\">Foi seguida a metodologia usual em Liquenologia, contando com coleta, an\u00e1lise macro e microsc\u00f3pica dos esp\u00e9cimes e identifica\u00e7\u00e3o dos compostos qu\u00edmicos principais dos t\u00e1xons encontrados. Dois ambientes foram pesquisados, os barrancos, que englobam as margens das estradas, tanto de ro\u00e7a quanto rodovias, e as margens de rios e arroios, e os peraus, lugares \u00edngremes tamb\u00e9m conhecidos como precip\u00edcios, despenhadeiros ou encostas, que s\u00e3o locais com declividade bastante acentuada, muitas vezes terminando nos cursos de \u00e1gua.<\/p>\n<p style=\"text-align: justify\">O pau-brasil (<em>Caesalpinia echinata Lam.<\/em>), esp\u00e9cie nativa da Mata Atl\u00e2ntica, ainda sofre as conseq\u00fc\u00eancias da explora\u00e7\u00e3o desordenada iniciada pelos portugueses desde a \u00e9poca da coloniza\u00e7\u00e3o do Brasil, colocando-a entre as esp\u00e9cies em perigo de extin\u00e7\u00e3o. Atualmente, visando sua preserva\u00e7\u00e3o e utiliza\u00e7\u00e3o como ornamental em projetos de arboriza\u00e7\u00e3o urbana, estudos t\u00eam sido realizados quanto \u00e0 resist\u00eancia da esp\u00e9cie a condi\u00e7\u00f5es ambientais de grandes centros como a cidade de S\u00e3o Paulo. Al\u00e9m disso, as modifica\u00e7\u00f5es que a polui\u00e7\u00e3o exerce nas plantas, vis\u00edveis ou n\u00e3o, fornecem subs\u00eddios importantes para os programas de controle de qualidade do ar.<\/p>\n<p style=\"text-align: justify\">Os objetivos do trabalho consistiram em analisar a estrutura da periderme, tecido que substitui a epiderme em caules e ra\u00edzes em crescimento secund\u00e1rio, e diagnosticar se suas caracter\u00edsticas podem ou n\u00e3o conferir algum grau de adapta\u00e7\u00e3o a condi\u00e7\u00f5es atmosf\u00e9ricas espec\u00edficas.<\/p>\n<p style=\"text-align: justify\">Amostras de periderme caulinar, oriundas de esp\u00e9cimes jovens expostos por per\u00edodos de 12 e 24 meses \u00e0s condi\u00e7\u00f5es atmosf\u00e9ricas de quatro \u00e1reas com n\u00edveis e tipos de poluentes distintos da cidade, foram analisadas macro e microscopicamente. Esses aspectos inclu\u00edram espessura, organiza\u00e7\u00e3o, tipos de c\u00e9lulas que comp\u00f5em a periderme e, especialmente, distribui\u00e7\u00e3o e quantifica\u00e7\u00e3o de lenticelas e ac\u00faleos. Dentre os dados obtidos, pode-se constatar que os valores m\u00e9dios do n\u00famero de lenticelas.cm-2 na superf\u00edcie caulinar se apresentaram mais elevados em esp\u00e9cimes submetidos \u00e0 grande concentra\u00e7\u00e3o de polui\u00e7\u00e3o, refletindo o maior n\u00famero de \u00e1reas do felog\u00eanio com atividade de felog\u00eanio da lenticela, provavelmente devido ao etileno e sugerindo mudan\u00e7a no mecanismo de troca gasosa desse tecido com o meio. O mesmo n\u00e3o foi observado com o n\u00famero de ac\u00faleos.cm-2, cujo desenvolvimento n\u00e3o foi alterado nessas condi\u00e7\u00f5es.<\/p>\n<p style=\"text-align: justify\">As rela\u00e7\u00f5es entre lenho, casca e periderme mostram uma tend\u00eancia \u00e0 diminui\u00e7\u00e3o da produ\u00e7\u00e3o da periderme em esp\u00e9cimes expostos a altas concentra\u00e7\u00f5es de poluentes, refletindo uma diminui\u00e7\u00e3o na atividade do felog\u00eanio quando as plantas se encontram sob estresse. Les\u00f5es superficiais, alta incid\u00eancia de doen\u00e7as e invas\u00e3o de pat\u00f3genos, perda excessiva de \u00e1gua e da capacidade de reter umidade modificando, assim, os tipos de associa\u00e7\u00f5es com a esp\u00e9cie e, portanto, provocando altera\u00e7\u00f5es da estrutura flor\u00edstica no ecossistema. Al\u00e9m disso, altera\u00e7\u00f5es qualitativas, como a facilidade ao descamamento da periderme dos esp\u00e9cimes expostos \u00e0 polui\u00e7\u00e3o, tamb\u00e9m foram observadas no estudo.<\/p>\n<p style=\"text-align: justify\">Conforme os dados obtidos no presente trabalho, as altas concentra\u00e7\u00f5es de poluentes sugerem que as \u00e1reas de Congonhas, Ibirapuera e Pomar podem ser as causadoras desse aumento de lenticelas e do desequil\u00edbrio na produ\u00e7\u00e3o do lenho e da periderme, refletindo diferen\u00e7a nas atividades do c\u00e2mbio vascular e do felog\u00eanio, respectivamente. J\u00e1 que os dados referentes \u00e0s condi\u00e7\u00f5es clim\u00e1ticas dessas \u00e1reas, como dito anteriormente, foram muito semelhantes entre si.<\/p>\n<p style=\"text-align: justify\">Como a \u00e1rea do Ibirapuera mostrou os maiores valores totais e m\u00e9dios de lenticelas, bem como os menores valores de espessura de periderme, al\u00e9m de ser a \u00e1rea que apresenta as maiores m\u00e9dias de concentra\u00e7\u00e3o de oz\u00f4nio, pode ser que seja esse poluente gasoso que esteja interferindo do desenvolvimento da periderme do pau-brasil sob condi\u00e7\u00f5es estressantes.<\/p>\n<p style=\"text-align: justify\">Portanto, cultivar a esp\u00e9cie em ambiente urbano, cujas taxas de oz\u00f4nio s\u00e3o muito elevadas, poderia comprometer seu desenvolvimento e n\u00e3o colaborar com a preserva\u00e7\u00e3o da esp\u00e9cie nessas condi\u00e7\u00f5es.<\/p>\n<p style=\"text-align: center\"><a href=\"https:\/\/smastr16.blob.core.windows.net\/pgibt\/2013\/09\/renata4.jpg\"><img decoding=\"async\" loading=\"lazy\" class=\"aligncenter  wp-image-2878\" alt=\"renata4\" src=\"https:\/\/smastr16.blob.core.windows.net\/pgibt\/2013\/09\/renata4.jpg\" width=\"849\" height=\"200\" \/><\/a><\/p>\n<hr align=\"center\" noshade=\"noshade\" size=\"1\" width=\"100%\" \/>\n<p style=\"text-align: center\"><a href=\"https:\/\/smastr16.blob.core.windows.net\/pgibt\/2013\/09\/pdf_grande.gif\"><img decoding=\"async\" loading=\"lazy\" class=\"aligncenter size-full wp-image-2313\" style=\"border: 0px\" alt=\"pdf_grande\" src=\"https:\/\/smastr16.blob.core.windows.net\/pgibt\/2013\/09\/pdf_grande.gif\" width=\"60\" height=\"60\" \/><\/a><a href=\"https:\/\/smastr16.blob.core.windows.net\/pgibt\/2013\/09\/Renata_D_Agostino_Tavares_MS.pdf\">Renata A. D&#8217;Agostino Tavares<br \/>\nPolui\u00e7\u00e3o atmosf\u00e9rica da cidade de S\u00e3o Paulo e a periderme caulinar em plantas jovens de pau-brasil<br \/>\n(<em>Caesalpinia echinata<\/em> Lam. Leguminosae\/Caesalpinioideae)<\/a><\/p>\n<hr align=\"center\" noshade=\"noshade\" size=\"1\" width=\"100%\" \/>\n<p style=\"text-align: center\"><strong>\u00a0<a href=\"https:\/\/www.infraestruturameioambiente.sp.gov.br\/pgibt\/dissertacoesteses\/\">VOLTAR AS DISSERTA\u00c7\u00d5ES E TESES<\/a><\/strong><\/p>\n<hr align=\"center\" noshade=\"noshade\" size=\"1\" width=\"100%\" \/>\n<h1 style=\"text-align: center\"><\/h1>\n<p>&nbsp;<\/p>\n<p>&nbsp;<\/p>\n","protected":false},"excerpt":{"rendered":"<p>&lt;h2 s Renata A. D&#8217;Agostino Tavares Polui\u00e7\u00e3o atmosf\u00e9rica da cidade de S\u00e3o Paulo e a periderme caulinar em plantas jovens de pau-brasil (Caesalpinia echinata Lam. Leguminosae\/Caesalpinioideae) RESUMO Polui\u00e7\u00e3o atmosf\u00e9rica da cidade de S\u00e3o Paulo e a periderme caulinar em plantas jovens de pau-brasil (Caesalpinia echinata Lam. Leguminosae\/Caesalpinioideae) Foi seguida a metodologia usual em Liquenologia, contando [&hellip;]<\/p>\n","protected":false},"author":1,"featured_media":0,"parent":249,"menu_order":0,"comment_status":"closed","ping_status":"open","template":"fullpage.php","meta":[],"_links":{"self":[{"href":"https:\/\/www.infraestruturameioambiente.sp.gov.br\/pgibt\/wp-json\/wp\/v2\/pages\/638"}],"collection":[{"href":"https:\/\/www.infraestruturameioambiente.sp.gov.br\/pgibt\/wp-json\/wp\/v2\/pages"}],"about":[{"href":"https:\/\/www.infraestruturameioambiente.sp.gov.br\/pgibt\/wp-json\/wp\/v2\/types\/page"}],"author":[{"embeddable":true,"href":"https:\/\/www.infraestruturameioambiente.sp.gov.br\/pgibt\/wp-json\/wp\/v2\/users\/1"}],"replies":[{"embeddable":true,"href":"https:\/\/www.infraestruturameioambiente.sp.gov.br\/pgibt\/wp-json\/wp\/v2\/comments?post=638"}],"version-history":[{"count":0,"href":"https:\/\/www.infraestruturameioambiente.sp.gov.br\/pgibt\/wp-json\/wp\/v2\/pages\/638\/revisions"}],"up":[{"embeddable":true,"href":"https:\/\/www.infraestruturameioambiente.sp.gov.br\/pgibt\/wp-json\/wp\/v2\/pages\/249"}],"wp:attachment":[{"href":"https:\/\/www.infraestruturameioambiente.sp.gov.br\/pgibt\/wp-json\/wp\/v2\/media?parent=638"}],"curies":[{"name":"wp","href":"https:\/\/api.w.org\/{rel}","templated":true}]}}