{"id":636,"date":"2013-09-16T15:52:34","date_gmt":"2013-09-16T18:52:34","guid":{"rendered":"https:\/\/www.infraestruturameioambiente.sp.gov.br\/pgibt\/?page_id=636"},"modified":"2013-09-16T15:52:34","modified_gmt":"2013-09-16T18:52:34","slug":"2006-andrea-nunes-vaz-pedroso","status":"publish","type":"page","link":"https:\/\/www.infraestruturameioambiente.sp.gov.br\/pgibt\/dissertacoesteses\/2006-andrea-nunes-vaz-pedroso\/","title":{"rendered":"Andrea Nunes Vaz Pedroso MS"},"content":{"rendered":"<h2 style=\"text-align: center\"><a href=\"https:\/\/smastr16.blob.core.windows.net\/pgibt\/2015\/02\/faixapos6.jpg\"><img decoding=\"async\" loading=\"lazy\" class=\"aligncenter size-full wp-image-3777\" style=\"border: 0px\" alt=\"faixapos6\" src=\"https:\/\/smastr16.blob.core.windows.net\/pgibt\/2015\/02\/faixapos6.jpg\" width=\"950\" height=\"163\" srcset=\"https:\/\/smastr16.blob.core.windows.net\/pgibt\/2015\/02\/faixapos6.jpg 950w, https:\/\/smastr16.blob.core.windows.net\/pgibt\/2015\/02\/faixapos6-768x131.jpg 768w\" sizes=\"(max-width: 950px) 100vw, 950px\" \/><\/a><\/h2>\n<hr align=\"center\" noshade=\"noshade\" size=\"1\" width=\"100%\" \/>\n<h2 style=\"text-align: center\">Andrea Nunes Vaz Pedroso<\/h2>\n<hr align=\"center\" noshade=\"noshade\" size=\"1\" width=\"100%\" \/>\n<p style=\"text-align: center\">No dia 05 de maio de 2006, Andrea Nunes Vaz Pedroso, aluna de P\u00f3s-gradua\u00e7\u00e3o do Instituto de Bot\u00e2nica da Secretaria do Meio Ambiente do Estado de S\u00e3o Paulo, defendeu sua disserta\u00e7\u00e3o de Mestrado, intitulada<br \/>\n&#8220;Avalia\u00e7\u00e3o estrutural de\u00a0<em>Nicotiana tabacum `<\/em>Bel W3&#8242; sob diferentes n\u00edveis de contamina\u00e7\u00e3o atmosf\u00e9rica&#8221;.<\/p>\n<p style=\"text-align: center\">A banca examinadora foi composta pela sua orientadora Dra. Edenise Segala Alves (Se\u00e7\u00e3o de Anatomia e Morfologia\/IBt),<br \/>\npela Dra. Luzimar Campos Silva (Universidade Federal de Vi\u00e7osa) e pela Dra. Marisa Domingos (Se\u00e7\u00e3o de Ecologia\/IBt).<\/p>\n<p style=\"text-align: center\"><a href=\"https:\/\/smastr16.blob.core.windows.net\/pgibt\/2013\/09\/andrea.jpg\"><img decoding=\"async\" loading=\"lazy\" alt=\"Dra. Luzimar Campos Silva, Andrea N.V. Pedroso, Dra. Marisa Domingos e Dra. Edenise Segala Alves.\" src=\"https:\/\/smastr16.blob.core.windows.net\/pgibt\/2013\/09\/andrea-150x150.jpg\" width=\"150\" height=\"150\" \/><\/a><\/p>\n<p style=\"text-align: center\">Dra. Luzimar Campos Silva, Andrea N.V. Pedroso, Dra. Marisa Domingos e Dra. Edenise Segala Alves.<\/p>\n<hr align=\"center\" noshade=\"noshade\" size=\"1\" width=\"100%\" \/>\n<h2 style=\"text-align: center\">Avalia\u00e7\u00e3o estrutural de\u00a0<em>Nicotiana tabacum <\/em>`Bel W3&#8242;<br \/>\nsob diferentes n\u00edveis de contamina\u00e7\u00e3o atmosf\u00e9rica<\/h2>\n<hr align=\"center\" noshade=\"noshade\" size=\"1\" width=\"100%\" \/>\n<h4 style=\"text-align: center\"><strong>RESUMO<\/strong><\/h4>\n<p><em>Nicotiana tabacum `<\/em>Bel W3<em>&#8216;\u00a0<\/em>\u00e9 uma planta bioindicadora consagrada de oz\u00f4nio uma vez que, em contato com esse poluente, apresenta necroses foliares facilmente identific\u00e1veis.<\/p>\n<p>Este estudo teve como objetivos verificar se: a estrutura anat\u00f4mica dessa planta apresenta altera\u00e7\u00f5es estruturais que dificultem a entrada dos poluentes na planta, quais s\u00e3o os tecidos primeiramente afetados; relacionar par\u00e2metros anat\u00f4micos com a concentra\u00e7\u00e3o de poluentes, especialmente o oz\u00f4nio. Plantas foram expostas em diferentes pontos da Regi\u00e3o Metropolitana da cidade de S\u00e3o Paulo, locais esses monitorados pela CETESB, e sujeitos principalmente ao oz\u00f4nio, nos meses de outubro \u00e0 dezembro de 2003. Foram analisadas folhas com e sem necroses. Varia\u00e7\u00f5es quali e quantitativas foram observadas em folhas sem necroses. E, em folhas com necroses foram observadas altera\u00e7\u00f5es qualitativas tanto em microscopia fot\u00f4nica como em microscopia eletr\u00f4nica de varredura.<\/p>\n<p>Os resultados obtidos indicam que as folhas de tabaco Bel W3 sofrem altera\u00e7\u00f5es em sua estrutura, mesmo naquelas que n\u00e3o apresentam necrose, quando a planta \u00e9 submetida aos poluentes a\u00e9reos urbanos.<\/p>\n<h1 style=\"text-align: center\"><\/h1>\n<p style=\"text-align: center\"><img decoding=\"async\" loading=\"lazy\" class=\"alignnone size-full wp-image-643\" style=\"line-height: 1.5em\" title=\"Eletromicrografias de folhas com necroses de N. tabacum. \" alt=\"\" src=\"https:\/\/smastr16.blob.core.windows.net\/pgibt\/2013\/09\/andrea3.jpg\" width=\"238\" height=\"244\" srcset=\"https:\/\/smastr16.blob.core.windows.net\/pgibt\/2013\/09\/andrea3.jpg 238w, https:\/\/smastr16.blob.core.windows.net\/pgibt\/2013\/09\/andrea3-768x787.jpg 768w\" sizes=\"(max-width: 238px) 100vw, 238px\" \/><strong><br \/>\n<\/strong><\/p>\n<p style=\"text-align: center\"><a href=\"https:\/\/smastr16.blob.core.windows.net\/pgibt\/2013\/09\/andrea2.jpg\"><img decoding=\"async\" loading=\"lazy\" class=\"alignnone size-full wp-image-642\" title=\"Fotomicrografias de sec\u00e7\u00f5es transversaisde folhas sem necroses de N. tabacum.11 e 13. Material de refer\u00eancia. 12 e 14. Material do Ibirapuera (barras = 50mm). \" alt=\"\" src=\"https:\/\/smastr16.blob.core.windows.net\/pgibt\/2013\/09\/andrea2.jpg\" width=\"280\" height=\"225\" srcset=\"https:\/\/smastr16.blob.core.windows.net\/pgibt\/2013\/09\/andrea2.jpg 280w, https:\/\/smastr16.blob.core.windows.net\/pgibt\/2013\/09\/andrea2-768x617.jpg 768w\" sizes=\"(max-width: 280px) 100vw, 280px\" \/><\/a><\/p>\n<hr align=\"center\" noshade=\"noshade\" size=\"1\" width=\"100%\" \/>\n<p style=\"text-align: center\"><a href=\"https:\/\/smastr16.blob.core.windows.net\/pgibt\/2013\/09\/pdf_grande.gif\"><img decoding=\"async\" loading=\"lazy\" class=\"aligncenter size-full wp-image-2313\" style=\"border: 0px\" alt=\"pdf_grande\" src=\"https:\/\/smastr16.blob.core.windows.net\/pgibt\/2013\/09\/pdf_grande.gif\" width=\"60\" height=\"60\" \/><\/a><a href=\"https:\/\/smastr16.blob.core.windows.net\/pgibt\/2013\/09\/Andrea_Nunes_Vaz_Pedroso_MS.pdf\" target=\"_blank\">Andrea Nunes Vaz Pedroso<br \/>\nAvalia\u00e7\u00e3o estrutural de<em>\u00a0Nicotiana tabacum <\/em>`Bel W3&#8242;\u00a0sob diferentes n\u00edveis de contamina\u00e7\u00e3o atmosf\u00e9rica<\/a><\/p>\n<hr align=\"center\" noshade=\"noshade\" size=\"1\" width=\"100%\" \/>\n<p style=\"text-align: center\"><strong>\u00a0<a href=\"https:\/\/www.infraestruturameioambiente.sp.gov.br\/pgibt\/dissertacoesteses\/\">VOLTAR AS DISSERTA\u00c7\u00d5ES E TESES<\/a><\/strong><\/p>\n<hr align=\"center\" noshade=\"noshade\" size=\"1\" width=\"100%\" \/>\n","protected":false},"excerpt":{"rendered":"<p>Andrea Nunes Vaz Pedroso No dia 05 de maio de 2006, Andrea Nunes Vaz Pedroso, aluna de P\u00f3s-gradua\u00e7\u00e3o do Instituto de Bot\u00e2nica da Secretaria do Meio Ambiente do Estado de S\u00e3o Paulo, defendeu sua disserta\u00e7\u00e3o de Mestrado, intitulada &#8220;Avalia\u00e7\u00e3o estrutural de\u00a0Nicotiana tabacum `Bel W3&#8242; sob diferentes n\u00edveis de contamina\u00e7\u00e3o atmosf\u00e9rica&#8221;. A banca examinadora foi composta [&hellip;]<\/p>\n","protected":false},"author":1,"featured_media":0,"parent":249,"menu_order":0,"comment_status":"closed","ping_status":"open","template":"fullpage.php","meta":[],"_links":{"self":[{"href":"https:\/\/www.infraestruturameioambiente.sp.gov.br\/pgibt\/wp-json\/wp\/v2\/pages\/636"}],"collection":[{"href":"https:\/\/www.infraestruturameioambiente.sp.gov.br\/pgibt\/wp-json\/wp\/v2\/pages"}],"about":[{"href":"https:\/\/www.infraestruturameioambiente.sp.gov.br\/pgibt\/wp-json\/wp\/v2\/types\/page"}],"author":[{"embeddable":true,"href":"https:\/\/www.infraestruturameioambiente.sp.gov.br\/pgibt\/wp-json\/wp\/v2\/users\/1"}],"replies":[{"embeddable":true,"href":"https:\/\/www.infraestruturameioambiente.sp.gov.br\/pgibt\/wp-json\/wp\/v2\/comments?post=636"}],"version-history":[{"count":0,"href":"https:\/\/www.infraestruturameioambiente.sp.gov.br\/pgibt\/wp-json\/wp\/v2\/pages\/636\/revisions"}],"up":[{"embeddable":true,"href":"https:\/\/www.infraestruturameioambiente.sp.gov.br\/pgibt\/wp-json\/wp\/v2\/pages\/249"}],"wp:attachment":[{"href":"https:\/\/www.infraestruturameioambiente.sp.gov.br\/pgibt\/wp-json\/wp\/v2\/media?parent=636"}],"curies":[{"name":"wp","href":"https:\/\/api.w.org\/{rel}","templated":true}]}}