{"id":6346,"date":"2018-04-20T11:58:09","date_gmt":"2018-04-20T14:58:09","guid":{"rendered":"https:\/\/www.infraestruturameioambiente.sp.gov.br\/pgibt\/?page_id=6346"},"modified":"2018-04-20T12:02:21","modified_gmt":"2018-04-20T15:02:21","slug":"thiago-rodrigues-dos-santos-dr","status":"publish","type":"page","link":"https:\/\/www.infraestruturameioambiente.sp.gov.br\/pgibt\/dissertacoesteses\/thiago-rodrigues-dos-santos-dr\/","title":{"rendered":"Thiago Rodrigues dos Santos DR"},"content":{"rendered":"<h2 style=\"text-align: center\"><a href=\"arquivos.ambiente.sp.gov.br\/pgibt\/2015\/02\/faixapos6.jpg\"><img decoding=\"async\" loading=\"lazy\" class=\"aligncenter wp-image-3777 size-full\" style=\"border: 0px\" src=\"https:\/\/smastr16.blob.core.windows.net\/pgibt\/2015\/02\/faixapos6.jpg\" alt=\"faixapos6\" width=\"950\" height=\"163\" srcset=\"https:\/\/smastr16.blob.core.windows.net\/pgibt\/2015\/02\/faixapos6.jpg 950w, https:\/\/smastr16.blob.core.windows.net\/pgibt\/2015\/02\/faixapos6-768x131.jpg 768w\" sizes=\"(max-width: 950px) 100vw, 950px\" \/><\/a><\/h2>\n<hr align=\"center\" noshade=\"noshade\" size=\"1\" width=\"100%\" \/>\n<h2 style=\"text-align: center\">Thiago Rodrigues dos Santos<\/h2>\n<hr align=\"center\" noshade=\"noshade\" size=\"1\" width=\"100%\" \/>\n<p style=\"text-align: center\">Thiago Rodrigues dos Santos, aluno do Programa de P\u00f3s-Gradua\u00e7\u00e3o em Biodiversidade Vegetal e Meio Ambiente do Instituto de Bot\u00e2nica de S\u00e3o Paulo, defendeu, no dia 17 de fevereiro de 2017, sua tese de Doutorado intitulada: \u201cDin\u00e2mica da comunidade de algas planct\u00f4nicas, perif\u00edticas e metaf\u00edticas em reservat\u00f3rio tropical raso: um estudo observacional e experimental\u201d. A banca examinadora foi composta pelo seu orientador Dra. Carla Ferragut (Instituto de Bot\u00e2nica\/S\u00e3o Paulo, N\u00facleo de Pesquisa em Ecologia), Dr. Raoul henry (Unesp\/Botucatu), Dr. Jo\u00e3o Carlos Nabout (Universidade Federal de Goi\u00e1s), Dra. Liliana Rodrigues (UEM\/Maring\u00e1) e Dra. Andrea Tucci (Instituto de Bot\u00e2nica\/S\u00e3o Paulo, N\u00facleo de Pesquisa em Ficologia). A tese defendida teve como objetivo principal avaliar a din\u00e2mica das comunidades algais em condi\u00e7\u00f5es naturais e experimentais, e foi dividida em quatro cap\u00edtulos:<\/p>\n<p style=\"text-align: center\">Cap\u00edtulo 1: Din\u00e2mica da biomassa e abund\u00e2ncia algal no pl\u00e2ncton, epip\u00e9lon, epif\u00edton em diferentes estados limnol\u00f3gicos<\/p>\n<p style=\"text-align: center\">Capitulo 2: Din\u00e2mica da estrutura taxon\u00f4mica da comunidade de algas planct\u00f4nicas, epif\u00edticas e epip\u00e9licas em diferentes estados de equil\u00edbrio<\/p>\n<p style=\"text-align: center\">Cap\u00edtulo 3: Din\u00e2mica da inter-rela\u00e7\u00e3o da comunidade de algas planct\u00f4nicas, epif\u00edticas e epip\u00e9licas em diferentes estados de equil\u00edbrio<\/p>\n<p style=\"text-align: center\">Cap\u00edtulo 4: Efeito do potencial de limita\u00e7\u00e3o por N e P sobre o estado nutricional do perif\u00edton e biomassa das comunidades algais<\/p>\n<p style=\"text-align: center\">O presente estudo comparou de forma inovadora as comunidades algais na mesma unidade (\u00e1rea), permitindo compara\u00e7\u00f5es e possibilitando mostrar a import\u00e2ncia da comunidade epip\u00e9lica em n\u00edvel ecossist\u00eamico. Evidenciamos o importante papel do epip\u00e9lon na produ\u00e7\u00e3o de biomassa algal em ambientes com sedimento iluminado. Al\u00e9m disso, neste trabalho, a estrutura da comunidade de algas epip\u00e9licas foi avaliada pela primeira vez em ecossistema tropical, contribuindo para o aumento do conhecimento da biodiversidade de algas em reservat\u00f3rios\/lagos tropicais. A an\u00e1lise conjunta das comunidades algais evidenciou intensa inter-rela\u00e7\u00e3o entre os aut\u00f3trofos, o que tem reflexo direto sobre o funcionamento do ecossistema. Os resultados deste trabalho t\u00eam capacidade de auxiliar no gerenciamento e na elabora\u00e7\u00e3o de estrat\u00e9gias de conserva\u00e7\u00e3o de lagos\/reservat\u00f3rios rasos tropicais, pois evidenciou que a altera\u00e7\u00e3o de uma comunidade algal pode afetar a din\u00e2mica das demais comunidades algais devido \u00e0 forte inter-rela\u00e7\u00e3o entre os aut\u00f3trofos.<\/p>\n<hr align=\"center\" noshade=\"noshade\" size=\"1\" width=\"100%\" \/>\n<h3 style=\"text-align: center\">Din\u00e2mica da comunidade de algas planct\u00f4nicas, perif\u00edticas e metaf\u00edticas em reservat\u00f3rio tropical raso: um estudo observacional e experimental<\/h3>\n<hr align=\"center\" noshade=\"noshade\" size=\"1\" width=\"100%\" \/>\n<h4 style=\"text-align: center\"><strong>ABSTRACT<\/strong><\/h4>\n<p style=\"text-align: justify\">Shallow aquatic ecosystems can shift the equilibrium states of the algal community. This study aims to evaluate the dynamics of algal communities in natural and experimental conditions, searching to determine if biomass, taxonomic structure, diversity, similarity and chemical composition of algal communities reflect the changes in the limnological conditions. Monthly samplings and experimental studies, both experimental studies have been realized in open bottom mesocosm. The first experiment included a rooted macrophyte, <em>Nymphaea<\/em> spp., and constituted of 2 triplicate treatments (control and NP combined addition), lasted 35 days, being 15 days with daily enrichment and 20 days without enrichment. The samplings were performed in 7<sup>th<\/sup>, 10<sup>th<\/sup>, 15<sup>th<\/sup> and 35<sup>th<\/sup>. The second experiment without macrophytes was constituted of 4 treatments (control, NP combined and isolated addition) samples were taken on the 14<sup>th<\/sup> day. Climatological and limnological variables were determined. Chlorophyll-a, total density and biovolume, adaptive strategies, descriptors species, richness and diversity species, N and P content and N:P molar ratio variables were analyzed in the phytoplankton, epipelon, epiphyton and periphyton on artificial substrate. The biological variables were expressed in area. Summer and spring showed stratification of the water column, high nutrient concentration and macrophyte coverage, whereas in the autumn and winter showed mixing, low nutrient concentration and macrophyte coverage. Phytoplankton dominated to biomass production in the summer and epipelon in the winter. Flagellated algae, represented by <em>Chromulina elegans<\/em>, were dominant in the summer and spring, while non-flagellated algae, represented by <em>Discostella stelligera, Aphanocapsa grevillei <\/em>e <em>Frustulia crassinervia<\/em>, were dominant in the autumn and winter. The highest similarity in the species composition between algal communities was observed in winter and the greatest diversity in summer. Combined enrichment by N and P had a positive effect on all biological parameters evaluated. We concluded that the increase in nutrient concentration can have strong implications on biomass dynamic, taxonomic structure and similarity of the algal communities in a small and shallow tropical reservoir, where there is strong relationship among autotrophs.<br \/>\n<strong>Keywords<\/strong>: aquatic autotrophs, interrelation, nutrients, shallow reservoir, open bottom mesocosms<\/p>\n<h4 style=\"text-align: center\"><strong>RESUMO<\/strong><\/h4>\n<p style=\"text-align: justify\">Ecossistemas aqu\u00e1ticos rasos podem alternar os estados de equil\u00edbrio das comunidades algais. Este estudo visa avaliar a din\u00e2mica das comunidades algais em condi\u00e7\u00f5es naturais e experimentais, buscando determinar se a biomassa, estrutura taxon\u00f4mica, diversidade, similaridade de esp\u00e9cies e a composi\u00e7\u00e3o qu\u00edmica das comunidades algais refletem as mudan\u00e7as nas condi\u00e7\u00f5es limnol\u00f3gicas. Realizou-se estudo observacional com amostragens mensais e estudos experimentais, ambos estudos experimentais foram realizados em mesocosmos de fundo aberto para incluir o epip\u00e9lon. O primeiro experimento integrou a macr\u00f3fita enraizada <em>Nymphaea<\/em> spp. e constituiu-se de 2 tratamentos em tr\u00e9plica (controle, adi\u00e7\u00e3o combinada de N e P), durou 35 dias, sendo 15 dias com enriquecimento di\u00e1rio e 20 dias sem enriquecimento. As coletas ocorreram no 7\u00ba, 10\u00ba, 15\u00ba e 35\u00ba dia. O segundo experimento n\u00e3o incluiu macr\u00f3fitas e constituiu-se de 4 tratamentos em tr\u00e9plicas (controle, adi\u00e7\u00e3o combinada e isolada de N e P), sendo a amostragem realizada no 14\u00ba dia.\u00a0 As vari\u00e1veis climatol\u00f3gicas e limnol\u00f3gicas foram determinadas. Clorofila-a, densidade e biovolume total, estrat\u00e9gias adaptativas, esp\u00e9cies descritoras, riqueza e diversidade de esp\u00e9cies, conte\u00fado de N e P e raz\u00e3o molar N:P foram as vari\u00e1veis analisadas no fitopl\u00e2ncton, epip\u00e9lon, epif\u00edton e perif\u00edton sobre substrato artificial. As vari\u00e1veis biol\u00f3gicas foram expressas em \u00e1rea. O ver\u00e3o e a primavera caracterizaram-se pela estratifica\u00e7\u00e3o da coluna d\u2019\u00e1gua, maiores concentra\u00e7\u00f5es de nutrientes e de cobertura de macr\u00f3fitas, enquanto o outono e o inverno caracterizaram-se pela ocorr\u00eancia de mistura, menores concentra\u00e7\u00f5es de nutrientes e de cobertura de macr\u00f3fitas. O fitopl\u00e2ncton foi dominante na produ\u00e7\u00e3o de biomassa no ver\u00e3o e o epip\u00e9lon no inverno. Em todas as comunidades algais, as algas flageladas, representadas por <em>Chromulina elegans<\/em>, foram dominantes no ver\u00e3o e na primavera, enquanto algas n\u00e3o flageladas, representadas por <em>Discostella stelligera, Aphanocapsa grevillei <\/em>e <em>Frustulia crassinervia<\/em>, foram abundantes no outono e inverno. A maior similaridade entre as comunidades algais foi observada no inverno e a maior diversidade algal no ver\u00e3o. O enriquecimento combinado por N e P teve efeito positivo sobre todos os par\u00e2metros biol\u00f3gicos avaliados. Conclui-se que o aumento na concentra\u00e7\u00e3o de nutrientes pode ter fortes implica\u00e7\u00f5es sobre a din\u00e2mica da biomassa, estrutura taxon\u00f4mica e similaridade das comunidades algais em reservat\u00f3rio tropical pequeno e raso, onde h\u00e1 forte inter-rela\u00e7\u00e3o entre os aut\u00f3trofos.<br \/>\n<strong>Palavras-chave<\/strong>: aut\u00f3trofos aqu\u00e1ticos, inter-rela\u00e7\u00e3o, nutrientes, reservat\u00f3rio raso, mesocosmos fundo aberto<\/p>\n<hr align=\"center\" noshade=\"noshade\" size=\"1\" width=\"100%\" \/>\n<p style=\"text-align: center\"><a href=\"https:\/\/smastr16.blob.core.windows.net\/pgibt\/2018\/04\/thiago_rodrigues_santos.pdf\"><img decoding=\"async\" loading=\"lazy\" class=\"aligncenter\" src=\"https:\/\/smastr16.blob.core.windows.net\/pgibt\/2013\/09\/pdf_grande.gif\" alt=\"pdf_grande\" width=\"60\" height=\"60\" \/><\/a><span style=\"color: #000000\"><a style=\"color: #000000\" href=\"https:\/\/smastr16.blob.core.windows.net\/pgibt\/2018\/04\/thiago_rodrigues_santos.pdf\">Thiago Rodrigues dos Santos<br \/>\n<\/a><\/span><a href=\"https:\/\/smastr16.blob.core.windows.net\/pgibt\/2018\/04\/thiago_rodrigues_santos.pdf\">Din\u00e2mica da comunidade de algas planct\u00f4nicas, perif\u00edticas e metaf\u00edticas em reservat\u00f3rio tropical raso: um estudo observacional e experimental<\/a><\/p>\n<hr align=\"center\" noshade=\"noshade\" size=\"1\" width=\"100%\" \/>\n<p style=\"text-align: center\"><strong>\u00a0<a href=\"www.infraestruturameioambiente.sp.gov.br\/pgibt\/dissertacoesteses\/\">VOLTAR AS DISSERTA\u00c7\u00d5ES E TESES<\/a><\/strong><\/p>\n<hr align=\"center\" noshade=\"noshade\" size=\"1\" width=\"100%\" \/>\n","protected":false},"excerpt":{"rendered":"<p>Thiago Rodrigues dos Santos Thiago Rodrigues dos Santos, aluno do Programa de P\u00f3s-Gradua\u00e7\u00e3o em Biodiversidade Vegetal e Meio Ambiente do Instituto de Bot\u00e2nica de S\u00e3o Paulo, defendeu, no dia 17 de fevereiro de 2017, sua tese de Doutorado intitulada: \u201cDin\u00e2mica da comunidade de algas planct\u00f4nicas, perif\u00edticas e metaf\u00edticas em reservat\u00f3rio tropical raso: um estudo observacional [&hellip;]<\/p>\n","protected":false},"author":63,"featured_media":0,"parent":249,"menu_order":0,"comment_status":"closed","ping_status":"closed","template":"","meta":[],"_links":{"self":[{"href":"https:\/\/www.infraestruturameioambiente.sp.gov.br\/pgibt\/wp-json\/wp\/v2\/pages\/6346"}],"collection":[{"href":"https:\/\/www.infraestruturameioambiente.sp.gov.br\/pgibt\/wp-json\/wp\/v2\/pages"}],"about":[{"href":"https:\/\/www.infraestruturameioambiente.sp.gov.br\/pgibt\/wp-json\/wp\/v2\/types\/page"}],"author":[{"embeddable":true,"href":"https:\/\/www.infraestruturameioambiente.sp.gov.br\/pgibt\/wp-json\/wp\/v2\/users\/63"}],"replies":[{"embeddable":true,"href":"https:\/\/www.infraestruturameioambiente.sp.gov.br\/pgibt\/wp-json\/wp\/v2\/comments?post=6346"}],"version-history":[{"count":2,"href":"https:\/\/www.infraestruturameioambiente.sp.gov.br\/pgibt\/wp-json\/wp\/v2\/pages\/6346\/revisions"}],"predecessor-version":[{"id":6350,"href":"https:\/\/www.infraestruturameioambiente.sp.gov.br\/pgibt\/wp-json\/wp\/v2\/pages\/6346\/revisions\/6350"}],"up":[{"embeddable":true,"href":"https:\/\/www.infraestruturameioambiente.sp.gov.br\/pgibt\/wp-json\/wp\/v2\/pages\/249"}],"wp:attachment":[{"href":"https:\/\/www.infraestruturameioambiente.sp.gov.br\/pgibt\/wp-json\/wp\/v2\/media?parent=6346"}],"curies":[{"name":"wp","href":"https:\/\/api.w.org\/{rel}","templated":true}]}}