{"id":6337,"date":"2018-04-20T11:24:58","date_gmt":"2018-04-20T14:24:58","guid":{"rendered":"https:\/\/www.infraestruturameioambiente.sp.gov.br\/pgibt\/?page_id=6337"},"modified":"2018-04-20T11:28:16","modified_gmt":"2018-04-20T14:28:16","slug":"sonia-aragaki-dr","status":"publish","type":"page","link":"https:\/\/www.infraestruturameioambiente.sp.gov.br\/pgibt\/dissertacoesteses\/sonia-aragaki-dr\/","title":{"rendered":"Sonia Aragaki DR"},"content":{"rendered":"<h2 style=\"text-align: center\"><a href=\"arquivos.ambiente.sp.gov.br\/pgibt\/2015\/02\/faixapos6.jpg\"><img decoding=\"async\" loading=\"lazy\" class=\"aligncenter wp-image-3777 size-full\" style=\"border: 0px\" src=\"https:\/\/smastr16.blob.core.windows.net\/pgibt\/2015\/02\/faixapos6.jpg\" alt=\"faixapos6\" width=\"950\" height=\"163\" srcset=\"https:\/\/smastr16.blob.core.windows.net\/pgibt\/2015\/02\/faixapos6.jpg 950w, https:\/\/smastr16.blob.core.windows.net\/pgibt\/2015\/02\/faixapos6-768x131.jpg 768w\" sizes=\"(max-width: 950px) 100vw, 950px\" \/><\/a><\/h2>\n<hr align=\"center\" noshade=\"noshade\" size=\"1\" width=\"100%\" \/>\n<h2 style=\"text-align: center\">Sonia Aragaki<\/h2>\n<hr align=\"center\" noshade=\"noshade\" size=\"1\" width=\"100%\" \/>\n<p style=\"text-align: center\">Em 28 de junho de 2017, Sonia Aragaki, aluna de Doutorado do programa de P\u00f3s-Gradua\u00e7\u00e3o em Biodiversidade Vegetal e Meio Ambiente do Instituto de Bot\u00e2nica,\u00a0defendeu sua Tese de Doutorado intitulada, \u201cComposi\u00e7\u00e3o flor\u00edstica e estrutura de cinco fragmentos urbanos no munic\u00edpio de S\u00e3o Paulo (SP, Brasil)\u201d.<\/p>\n<p style=\"text-align: center\">A banca examinadora foi presidida pelo seu orientador, PqC. Dr. Eduardo Pereira Cabral Gomes (N\u00facleo de Pesquisa em Ecologia &#8211; IBt) e composta pela PqC. Dra. Nat\u00e1lia Macedo Ivanauskas (Se\u00e7\u00e3o de Ecologia Florestal \u2013 Instituto Florestal), PqC. Dr. Ricardo Jos\u00e9 Francischetti Garica (Herb\u00e1rio Municipal \u2013 Departamento de Parques e \u00c1reas Verdes &#8211; PMSP), PqC. Dr. Nelson Augusto dos Santos J\u00fanior (N\u00facleo de Pesquisa em Sementes \u2013 IBt\/SP) e PqC. Dra. Ros\u00e2ngela Bianchini (N\u00facleo de Pesquisa Curadoria do Herb\u00e1io SP \u2013 IBt\/SP).<\/p>\n<p style=\"text-align: center\">Este projeto contribui para o conhecimento sobre a composi\u00e7\u00e3o flor\u00edstica e estrutura de fragmentos florestais situadas em \u00e1reas urbanas. Foram selecionados cinco parques municipais com vegeta\u00e7\u00e3o remanescente: P. Trianon, P. Alfredo Volpi, P. Previd\u00eancia, P. Burle Marx e P. Santo Dias. Todos foram considerados pequenos e possuem tempo diferentes de isolamento e urbaniza\u00e7\u00e3o do entorno. As an\u00e1lises comparativas abordaram a riqueza de esp\u00e9cies, os \u00edndices de diversidade, a presen\u00e7a\/aus\u00eancia de esp\u00e9cies amea\u00e7adas de extin\u00e7\u00e3o e de esp\u00e9cies ex\u00f3ticas, e o hist\u00f3rico de perturba\u00e7\u00e3o da floresta. Al\u00e9m disso, os parques foram comparados com \u00e1reas com floresta maduras da regi\u00e3o metropolitana de S\u00e3o Paulo. O conjunto de informa\u00e7\u00f5es geradas poder\u00e3o subsidiar a\u00e7\u00f5es de manejo para conserva\u00e7\u00e3o da flora nativa dos parques. Numa paisagem com a vegeta\u00e7\u00e3o nativa t\u00e3o fragmentada como na cidade de S\u00e3o Paulo, conservar os parques com vegeta\u00e7\u00e3o remanescente torna-se fundamental para a manuten\u00e7\u00e3o da biodiversidade local. Os fragmentos florestais s\u00e3o reposit\u00f3rios de esp\u00e9cies nativas, fonte de recursos alimentares para a fauna e provedores de v\u00e1rios servi\u00e7os ambientais.<\/p>\n<hr align=\"center\" noshade=\"noshade\" size=\"1\" width=\"100%\" \/>\n<h3 style=\"text-align: center\">Composi\u00e7\u00e3o flor\u00edstica e estrutura de cinco fragmentos urbanos no munic\u00edpio de S\u00e3o Paulo (SP, Brasil)<\/h3>\n<hr align=\"center\" noshade=\"noshade\" size=\"1\" width=\"100%\" \/>\n<h4 style=\"text-align: center\"><strong>ABSTRACT<\/strong><\/h4>\n<p style=\"text-align: justify\">The main purpose of this project was to compare the floristic composition and the structure of five urban forest fragments located along a time of isolation and surrounding urbanization gradient. In addition, the conservation status of forest fragments (parks) was analyzed based on threatened flora and exotic species. Comparisons between were made the parks; three mature forest areas located in the metropolitan region of S\u00e3o Paulo and the State Park of Fontes do Ipiranga (PEFI). Treatened species were not restricted to a single forest fragment, suggesting the possibility of remaining in the region over time and serving as matrices for restoration of degraded areas. The threatened species <em>Guapira nitida <\/em>and<em> Virola bicuhyba<\/em> were indicative of more conserved areas. <em>Archontophoenix cunninghamiana, Coffea arabica <\/em>and<em> Eucalyptus <\/em>sp. were indicative of disturbed areas. The occurrence of species indicating antagonistic categories in the same area evidenced that mosaics of anthropic and natural disturbances form the urban forest fragments. Species richness followed the expected pattern along the time of isolation (surrounding urbanization); some unexpected situations were explained by the history of disturbance and by the management activities. NMDS ordination separated the mature forest areas (Cotia, Marsilac and Itapevi) from the parks (secondary forests). The larger urban fragment, PEFI, was in an intermediate situation. The Santo Dias Park was the most conserved and was always close to the PEFI in the different ordinations. There was a greater contribution of species from the initial stages of ecological succession only in P. Previd\u00eancia and P. Alfredo Volpi. The percentage of zoocoric species was high in all the analyzed areas, emphasizing the importance of the maintenance of urban fauna.<br \/>\n<strong>Keywords<\/strong>: urban forest, conservation, Atlantic Forest<\/p>\n<h4 style=\"text-align: center\"><strong>RESUMO<\/strong><\/h4>\n<p style=\"text-align: justify\">Este projeto teve como objetivo principal comparar a composi\u00e7\u00e3o flor\u00edstica e a estrutura de cinco fragmentos florestais urbanos situados ao longo de um gradiente de tempo de isolamento e urbaniza\u00e7\u00e3o do entorno. Al\u00e9m disso, o estado de conserva\u00e7\u00e3o dos fragmentos florestais (parques) foi analisado com base na flora amea\u00e7ada de extin\u00e7\u00e3o e nas esp\u00e9cies ex\u00f3ticas. Foram realizadas compara\u00e7\u00f5es entre os parques, tr\u00eas \u00e1reas com floresta madura situadas na regi\u00e3o metropolitana de S\u00e3o Paulo e com o Parque Estadual das Fontes do Ipiranga (PEFI). As esp\u00e9cies amea\u00e7adas de extin\u00e7\u00e3o n\u00e3o foram restritas a um \u00fanico fragmento florestal, sugerindo a possibilidade de permanecerem na regi\u00e3o ao longo do tempo e de servirem de matrizes para o enriquecimento e a restaura\u00e7\u00e3o de \u00e1reas degradadas. As esp\u00e9cies amea\u00e7adas <em>Guapira nitida <\/em>e<em> Virola bicuhyba <\/em>foram indicadoras de \u00e1reas mais conservadas. Dentre as ex\u00f3ticas, <em>Archontophoenix cunninghamiana<\/em>, <em>Coffea arabica<\/em> e<em> Eucalyptus <\/em>sp. foram indicadoras de \u00e1reas mais perturbadas. A ocorr\u00eancia de esp\u00e9cies indicadoras de categorias antag\u00f4nicas numa mesma \u00e1rea evidenciou que os fragmentos florestais urbanos s\u00e3o formados por mosaicos de perturba\u00e7\u00f5es antr\u00f3picas e naturais. A riqueza seguiu, em geral, o padr\u00e3o esperado ao longo do gradiente do tempo de isolamento (urbaniza\u00e7\u00e3o do entorno); algumas situa\u00e7\u00f5es fora do esperado foram explicadas pelo hist\u00f3rico de perturba\u00e7\u00e3o e pelas atividades de manejo. A ordena\u00e7\u00e3o por NMDS separou as \u00e1reas com florestas maduras (Cotia, Marsilac e Itapevi) dos parques (florestas secund\u00e1rias). O fragmento urbano maior, PEFI, ficou em situa\u00e7\u00e3o intermedi\u00e1ria. O P. Santo Dias foi considerado o mais conservado e sempre estava pr\u00f3ximo ao PEFI nas diferentes ordena\u00e7\u00f5es. Houve maior contribui\u00e7\u00e3o de esp\u00e9cies de est\u00e1gios iniciais da sucess\u00e3o ecol\u00f3gica somente nos P. Previd\u00eancia e P. Alfredo Volpi. O percentual de esp\u00e9cies zooc\u00f3ricas foi alta em todas as \u00e1reas analisadas, ressaltando a import\u00e2ncia da manuten\u00e7\u00e3o da fauna urbana.<br \/>\n<strong>Palavras-chave<\/strong>: floresta urbana, conserva\u00e7\u00e3o, Mata Atl\u00e2ntica.<\/p>\n<hr align=\"center\" noshade=\"noshade\" size=\"1\" width=\"100%\" \/>\n<p style=\"text-align: center\"><a href=\"https:\/\/smastr16.blob.core.windows.net\/pgibt\/2018\/04\/tese-sonia-aragaki-171211.pdf\"><img decoding=\"async\" loading=\"lazy\" class=\"aligncenter\" src=\"https:\/\/smastr16.blob.core.windows.net\/pgibt\/2013\/09\/pdf_grande.gif\" alt=\"pdf_grande\" width=\"60\" height=\"60\" \/><\/a><span style=\"color: #000000\"><a style=\"color: #000000\" href=\"https:\/\/smastr16.blob.core.windows.net\/pgibt\/2018\/04\/tese-sonia-aragaki-171211.pdf\">Sonia Aragaki<br \/>\n<\/a><\/span><a href=\"https:\/\/smastr16.blob.core.windows.net\/pgibt\/2018\/04\/tese-sonia-aragaki-171211.pdf\">Composi\u00e7\u00e3o flor\u00edstica e estrutura de cinco fragmentos urbanos no munic\u00edpio de S\u00e3o Paulo (SP, Brasil)<\/a><\/p>\n<hr align=\"center\" noshade=\"noshade\" size=\"1\" width=\"100%\" \/>\n<p style=\"text-align: center\"><strong>\u00a0<a href=\"www.infraestruturameioambiente.sp.gov.br\/pgibt\/dissertacoesteses\/\">VOLTAR AS DISSERTA\u00c7\u00d5ES E TESES<\/a><\/strong><\/p>\n<hr align=\"center\" noshade=\"noshade\" size=\"1\" width=\"100%\" \/>\n","protected":false},"excerpt":{"rendered":"<p>Sonia Aragaki Em 28 de junho de 2017, Sonia Aragaki, aluna de Doutorado do programa de P\u00f3s-Gradua\u00e7\u00e3o em Biodiversidade Vegetal e Meio Ambiente do Instituto de Bot\u00e2nica,\u00a0defendeu sua Tese de Doutorado intitulada, \u201cComposi\u00e7\u00e3o flor\u00edstica e estrutura de cinco fragmentos urbanos no munic\u00edpio de S\u00e3o Paulo (SP, Brasil)\u201d. A banca examinadora foi presidida pelo seu orientador, [&hellip;]<\/p>\n","protected":false},"author":63,"featured_media":0,"parent":249,"menu_order":0,"comment_status":"closed","ping_status":"closed","template":"","meta":[],"_links":{"self":[{"href":"https:\/\/www.infraestruturameioambiente.sp.gov.br\/pgibt\/wp-json\/wp\/v2\/pages\/6337"}],"collection":[{"href":"https:\/\/www.infraestruturameioambiente.sp.gov.br\/pgibt\/wp-json\/wp\/v2\/pages"}],"about":[{"href":"https:\/\/www.infraestruturameioambiente.sp.gov.br\/pgibt\/wp-json\/wp\/v2\/types\/page"}],"author":[{"embeddable":true,"href":"https:\/\/www.infraestruturameioambiente.sp.gov.br\/pgibt\/wp-json\/wp\/v2\/users\/63"}],"replies":[{"embeddable":true,"href":"https:\/\/www.infraestruturameioambiente.sp.gov.br\/pgibt\/wp-json\/wp\/v2\/comments?post=6337"}],"version-history":[{"count":2,"href":"https:\/\/www.infraestruturameioambiente.sp.gov.br\/pgibt\/wp-json\/wp\/v2\/pages\/6337\/revisions"}],"predecessor-version":[{"id":6342,"href":"https:\/\/www.infraestruturameioambiente.sp.gov.br\/pgibt\/wp-json\/wp\/v2\/pages\/6337\/revisions\/6342"}],"up":[{"embeddable":true,"href":"https:\/\/www.infraestruturameioambiente.sp.gov.br\/pgibt\/wp-json\/wp\/v2\/pages\/249"}],"wp:attachment":[{"href":"https:\/\/www.infraestruturameioambiente.sp.gov.br\/pgibt\/wp-json\/wp\/v2\/media?parent=6337"}],"curies":[{"name":"wp","href":"https:\/\/api.w.org\/{rel}","templated":true}]}}