{"id":6331,"date":"2018-04-19T12:13:59","date_gmt":"2018-04-19T15:13:59","guid":{"rendered":"https:\/\/www.infraestruturameioambiente.sp.gov.br\/pgibt\/?page_id=6331"},"modified":"2018-04-20T11:24:54","modified_gmt":"2018-04-20T14:24:54","slug":"gabriel-franco-goncalves-ms","status":"publish","type":"page","link":"https:\/\/www.infraestruturameioambiente.sp.gov.br\/pgibt\/dissertacoesteses\/gabriel-franco-goncalves-ms\/","title":{"rendered":"Gabriel Franco Gon\u00e7alves MS"},"content":{"rendered":"<h2 style=\"text-align: center\"><a href=\"arquivos.ambiente.sp.gov.br\/pgibt\/2015\/02\/faixapos6.jpg\"><img decoding=\"async\" loading=\"lazy\" class=\"aligncenter wp-image-3777 size-full\" style=\"border: 0px\" src=\"https:\/\/smastr16.blob.core.windows.net\/pgibt\/2015\/02\/faixapos6.jpg\" alt=\"faixapos6\" width=\"950\" height=\"163\" srcset=\"https:\/\/smastr16.blob.core.windows.net\/pgibt\/2015\/02\/faixapos6.jpg 950w, https:\/\/smastr16.blob.core.windows.net\/pgibt\/2015\/02\/faixapos6-768x131.jpg 768w\" sizes=\"(max-width: 950px) 100vw, 950px\" \/><\/a><\/h2>\n<hr align=\"center\" noshade=\"noshade\" size=\"1\" width=\"100%\" \/>\n<h2 style=\"text-align: center\">Gabriel Franco Gon\u00e7alves<\/h2>\n<hr align=\"center\" noshade=\"noshade\" size=\"1\" width=\"100%\" \/>\n<p style=\"text-align: center\">Gabriel Franco Gon\u00e7alves, aluno do Programa de P\u00f3s-Gradua\u00e7\u00e3o em Biodiversidade Vegetal e Meio Ambiente do Instituto de Bot\u00e2nica de S\u00e3o Paulo, defendeu, no dia 19 de abril de 2017, sua disserta\u00e7\u00e3o de Mestrado intitulada: \u201cRevis\u00e3o taxon\u00f4mica e filogenia do g\u00eanero\u00a0<em>Orleanesia <\/em>Barb. Rodr. (Orchidaceae: Laeliinae)\u201d.<\/p>\n<p style=\"text-align: center\">A banca examinadora foi composta pelo seu orientador Dr. F\u00e1bio de Barros (Instituto de Bot\u00e2nica\/S\u00e3o Paulo, N\u00facleo de Pesquisa Orquid\u00e1rio do Estado), Dra. Maria das Gra\u00e7as Lapa Wanderley (Instituto de Bot\u00e2nica\/S\u00e3o Paulo, N\u00facleo de Pesquisa Curadoria do Herb\u00e1rio) e Dra. Samantha Koehler (Universidade Estadual de Campinas).<\/p>\n<p style=\"text-align: center\">A tese defendida teve como objetivo principal apresentar a revis\u00e3o taxon\u00f4mica para o g\u00eanero\u00a0<em>Orleanesia<\/em>, tratando de todas as quest\u00f5es nomenclaturais e sua filogenia morfol\u00f3gica e molecular. Os resultados obtidos encontram-se organizados em tr\u00eas cap\u00edtulos:<\/p>\n<p style=\"text-align: center\">1) Novos sin\u00f4nimos e lectotipifica\u00e7\u00f5es em <em>Orleanesia <\/em>(Orchidaceae, Epidendroideae, Laeliinae). Traz o tratamento nomenclatural para as esp\u00e9cies de\u00a0<em>Orleanesia<\/em><em> apresentando 2 lectotipifica\u00e7\u00f5es e dois novos sin\u00f4nimos para o g\u00eanero.<\/em><\/p>\n<p style=\"text-align: center\">2) Revis\u00e3o taxon\u00f4mica do g\u00eanero <em>Orleanesia<\/em> (Orchidaceae, Epidendroideae, Laeliinae). Traz o tratamento taxon\u00f4mico para as esp\u00e9cies de <em>Orleanesia<\/em>, apresentando uma chave de identifica\u00e7\u00e3o para as esp\u00e9cies, descri\u00e7\u00f5es morfol\u00f3gicas, lista de material examinado, dados de distribui\u00e7\u00e3o geogr\u00e1fica, fenologia, <em>status <\/em>de conserva\u00e7\u00e3o al\u00e9m de ilustra\u00e7\u00f5es em nanquim, fotos e mapas de ocorr\u00eancia das mesmas.<\/p>\n<p style=\"text-align: center\">3)\u00a0Filogenia do g\u00eanero <em>Orleanesia<\/em> (Orchidaceae, Epidendroideae, Laeliinae).<strong>\u00a0<\/strong>Foram apresentados os dados obtidos atrav\u00e9s da an\u00e1lise molecular e morfol\u00f3gica do g\u00eanero <em>Orleanesia<\/em>, utilizando duas regi\u00f5es de DNA (<em>matK<\/em> plastidial e <em>ITS <\/em>nuclear) e 22 caracteres morfol\u00f3gicos, propondo uma hip\u00f3tese filogen\u00e9tica para o g\u00eanero e quanto ao seu posicionamento com rela\u00e7\u00e3o aos g\u00eaneros pr\u00f3ximos, comprovando o seu monofilestismo.<\/p>\n<hr align=\"center\" noshade=\"noshade\" size=\"1\" width=\"100%\" \/>\n<h3 style=\"text-align: center\">Revis\u00e3o taxon\u00f4mica e filogenia do g\u00eanero\u00a0<em>Orleanesia <\/em>Barb. Rodr. (Orchidaceae: Laeliinae)<\/h3>\n<hr align=\"center\" noshade=\"noshade\" size=\"1\" width=\"100%\" \/>\n<h4 style=\"text-align: center\"><strong>ABSTRACT<\/strong><\/h4>\n<p style=\"text-align: justify\">Orchidaceae is one of the largest families among the Angiosperms, showing a high number of genera and species, and morphologically varied flowers despite the uniformity of their structures. The family presents a great taxonomic complexity with many dubious and unclarified relationships among its members. <em>Orleanesia<\/em> Barb. Rodr. is a genus belonging to the subtribe Laeliinae, composed by epiphytic or rupiculous plants found predominantly in the Amazon, and about nine species that are widely distributed and difficult to collect. Due to limited researchs about the genus, little is known about its interspecific relationships and its position in relation to closely related genera, partially due to undergoing recent repositioning based on phylogenetic studies. The present research goals to performe a taxonomic revision of the genus <em>Orleanesia<\/em> and a study of its molecular and morphological phylogeny with the purpose of clarifying the interspecific relations within the genus, and reassess the position of the genus in relation to closely related genera. For the revision, the vouchers of the following herbaria were examined: HB, IAC, IAN, INPA, MBM, MG, R, RB, SP, SPF, SPSF, UEC, UFMT and UPCB, in addition to an analysis of digitized materials from: AMES, CAY, CEN, HERBAM, HUEFS, HUTO, K, MO, NY, RENZ, SEL, US and W. For the molecular phylogeny, the combination of fragments of the <em>matK<\/em> regions from the plastidial genome and the ITS spacer from the nuclear genome were amplified and sequenced, and for the morphological phylogeny, neomorphic and transformational characters were obtained and analyzed for their character states. Altogether, two lectotypifications and three new synonyms were proposed for the genus, and the final number of species was reduced to six.<br \/>\n<strong>Keywords<\/strong>: Orchidaceae, taxonomy, phylogeny, <em>Orleanesia<\/em><\/p>\n<h4 style=\"text-align: center\"><strong>RESUMO<\/strong><\/h4>\n<p style=\"text-align: justify\">A fam\u00edlia Orchidaceae \u00e9 uma das maiores entre as Angiospermas possuindo elevado n\u00famero de g\u00eaneros e esp\u00e9cies e flores de aspecto muito variado, apesar da uniformidade quanto \u00e0s suas estruturas. A fam\u00edlia apresenta grande complexidade taxon\u00f4mica, com muitas rela\u00e7\u00f5es duvidosas e pouco esclarecidas. <em>Orleanesia<\/em> Barb. Rodr. \u00e9 um g\u00eanero pertencente \u00e0 subtribo Laeliinae, composto por plantas ep\u00edfitas ou rup\u00edcolas de distribui\u00e7\u00e3o predominantemente amaz\u00f4nica, possuindo cerca de nove esp\u00e9cies amplamente distribu\u00eddas e de dif\u00edcil coleta. Devido \u00e0 limitada quantidade de estudos sobre o grupo, pouco se sabe sobre suas rela\u00e7\u00f5es interespec\u00edficas e seu posicionamento em rela\u00e7\u00e3o aos grupos pr\u00f3ximos, situa\u00e7\u00e3o, esta, controversa, devido aos recentes reposicionamentos a partir de estudos filogen\u00e9ticos. Este estudo teve como objetivo realizar uma revis\u00e3o taxon\u00f4mica do g\u00eanero <em>Orleanesia<\/em> e um estudo filogen\u00e9tico molecular e morfol\u00f3gico com a finalidade de esclarecer as rela\u00e7\u00f5es interespec\u00edficas dentro do g\u00eanero e reavaliar seu posicionamento em rela\u00e7\u00e3o aos g\u00eaneros pr\u00f3ximos. Para a revis\u00e3o foram examinadas as exsicatas dos seguintes herb\u00e1rios: HB, IAC, IAN, INPA, MBM, MG, R, RB, SP, SPF, SPSF, UEC, UFMT e UPCB, al\u00e9m da an\u00e1lise de materiais digitalizados dos herb\u00e1rios AMES, CAY, CEN, HERBAM, HUEFS, HUTO, K, MO, NY, RENZ, SEL, US e W. Para a filogenia molecular foram amplificadas e sequenciadas a combina\u00e7\u00e3o de fragmentos das regi\u00f5es <em>matK<\/em> do genoma plastidial e o espa\u00e7ador ITS do genoma nuclear, e para a filogenia morfol\u00f3gica foram obtidos caracteres neom\u00f3rficos e transformacionais que foram analisados quanto ao seu estado. Quanto \u00e0 taxonomia do g\u00eanero, foram propostas duas lectotipifica\u00e7\u00f5es e duas novas sinonimiza\u00e7\u00f5es, tendo o n\u00famero final de esp\u00e9cies sido reduzido a seis.<br \/>\n<strong>Palavras-chave<\/strong>: Orchidaceae, taxonomia, filogenia, <em>Orleanesia<\/em><\/p>\n<hr align=\"center\" noshade=\"noshade\" size=\"1\" width=\"100%\" \/>\n<p style=\"text-align: center\"><a href=\"https:\/\/smastr16.blob.core.windows.net\/pgibt\/2018\/04\/gabriel_franco_goncalves_ms.pdf\"><img decoding=\"async\" loading=\"lazy\" class=\"aligncenter\" src=\"https:\/\/smastr16.blob.core.windows.net\/pgibt\/2013\/09\/pdf_grande.gif\" alt=\"pdf_grande\" width=\"60\" height=\"60\" \/><\/a><span style=\"color: #000000\"><a style=\"color: #000000\" href=\"https:\/\/smastr16.blob.core.windows.net\/pgibt\/2018\/04\/gabriel_franco_goncalves_ms.pdf\">Gabriel Franco Gon\u00e7alves<br \/>\n<\/a><\/span><a href=\"https:\/\/smastr16.blob.core.windows.net\/pgibt\/2018\/04\/gabriel_franco_goncalves_ms.pdf\">Revis\u00e3o taxon\u00f4mica e filogenia do g\u00eanero\u00a0<em>Orleanesia <\/em>Barb. Rodr. (Orchidaceae: Laeliinae)<\/a><\/p>\n<hr align=\"center\" noshade=\"noshade\" size=\"1\" width=\"100%\" \/>\n<p style=\"text-align: center\"><strong>\u00a0<a href=\"www.infraestruturameioambiente.sp.gov.br\/pgibt\/dissertacoesteses\/\">VOLTAR AS DISSERTA\u00c7\u00d5ES E TESES<\/a><\/strong><\/p>\n<hr align=\"center\" noshade=\"noshade\" size=\"1\" width=\"100%\" \/>\n","protected":false},"excerpt":{"rendered":"<p>Gabriel Franco Gon\u00e7alves Gabriel Franco Gon\u00e7alves, aluno do Programa de P\u00f3s-Gradua\u00e7\u00e3o em Biodiversidade Vegetal e Meio Ambiente do Instituto de Bot\u00e2nica de S\u00e3o Paulo, defendeu, no dia 19 de abril de 2017, sua disserta\u00e7\u00e3o de Mestrado intitulada: \u201cRevis\u00e3o taxon\u00f4mica e filogenia do g\u00eanero\u00a0Orleanesia Barb. Rodr. (Orchidaceae: Laeliinae)\u201d. A banca examinadora foi composta pelo seu orientador [&hellip;]<\/p>\n","protected":false},"author":63,"featured_media":0,"parent":249,"menu_order":0,"comment_status":"closed","ping_status":"closed","template":"","meta":[],"_links":{"self":[{"href":"https:\/\/www.infraestruturameioambiente.sp.gov.br\/pgibt\/wp-json\/wp\/v2\/pages\/6331"}],"collection":[{"href":"https:\/\/www.infraestruturameioambiente.sp.gov.br\/pgibt\/wp-json\/wp\/v2\/pages"}],"about":[{"href":"https:\/\/www.infraestruturameioambiente.sp.gov.br\/pgibt\/wp-json\/wp\/v2\/types\/page"}],"author":[{"embeddable":true,"href":"https:\/\/www.infraestruturameioambiente.sp.gov.br\/pgibt\/wp-json\/wp\/v2\/users\/63"}],"replies":[{"embeddable":true,"href":"https:\/\/www.infraestruturameioambiente.sp.gov.br\/pgibt\/wp-json\/wp\/v2\/comments?post=6331"}],"version-history":[{"count":2,"href":"https:\/\/www.infraestruturameioambiente.sp.gov.br\/pgibt\/wp-json\/wp\/v2\/pages\/6331\/revisions"}],"predecessor-version":[{"id":6339,"href":"https:\/\/www.infraestruturameioambiente.sp.gov.br\/pgibt\/wp-json\/wp\/v2\/pages\/6331\/revisions\/6339"}],"up":[{"embeddable":true,"href":"https:\/\/www.infraestruturameioambiente.sp.gov.br\/pgibt\/wp-json\/wp\/v2\/pages\/249"}],"wp:attachment":[{"href":"https:\/\/www.infraestruturameioambiente.sp.gov.br\/pgibt\/wp-json\/wp\/v2\/media?parent=6331"}],"curies":[{"name":"wp","href":"https:\/\/api.w.org\/{rel}","templated":true}]}}