{"id":6313,"date":"2018-03-29T17:02:27","date_gmt":"2018-03-29T20:02:27","guid":{"rendered":"https:\/\/www.infraestruturameioambiente.sp.gov.br\/pgibt\/?page_id=6313"},"modified":"2018-03-29T17:02:27","modified_gmt":"2018-03-29T20:02:27","slug":"paulo-roberto-torres-ortiz-ms","status":"publish","type":"page","link":"https:\/\/www.infraestruturameioambiente.sp.gov.br\/pgibt\/dissertacoesteses\/paulo-roberto-torres-ortiz-ms\/","title":{"rendered":"Paulo Roberto Torres Ortiz MS"},"content":{"rendered":"<h2 style=\"text-align: center\"><a href=\"arquivos.ambiente.sp.gov.br\/pgibt\/2015\/02\/faixapos6.jpg\"><img decoding=\"async\" loading=\"lazy\" class=\"aligncenter wp-image-3777 size-full\" style=\"border: 0px\" src=\"https:\/\/smastr16.blob.core.windows.net\/pgibt\/2015\/02\/faixapos6.jpg\" alt=\"faixapos6\" width=\"950\" height=\"163\" srcset=\"https:\/\/smastr16.blob.core.windows.net\/pgibt\/2015\/02\/faixapos6.jpg 950w, https:\/\/smastr16.blob.core.windows.net\/pgibt\/2015\/02\/faixapos6-768x131.jpg 768w\" sizes=\"(max-width: 950px) 100vw, 950px\" \/><\/a><\/h2>\n<hr align=\"center\" noshade=\"noshade\" size=\"1\" width=\"100%\" \/>\n<h2 style=\"text-align: center\">Paulo Roberto Torres Ortiz<\/h2>\n<hr align=\"center\" noshade=\"noshade\" size=\"1\" width=\"100%\" \/>\n<p style=\"text-align: center\"><a href=\"https:\/\/smastr16.blob.core.windows.net\/pgibt\/2018\/03\/foto-paulo.jpg\"><img decoding=\"async\" loading=\"lazy\" class=\"alignnone wp-image-6314\" src=\"https:\/\/smastr16.blob.core.windows.net\/pgibt\/2018\/03\/foto-paulo.jpg\" alt=\"\" width=\"400\" height=\"533\" srcset=\"https:\/\/smastr16.blob.core.windows.net\/pgibt\/2018\/03\/foto-paulo.jpg 960w, https:\/\/smastr16.blob.core.windows.net\/pgibt\/2018\/03\/foto-paulo-768x1024.jpg 768w\" sizes=\"(max-width: 400px) 100vw, 400px\" \/><\/a><\/p>\n<p style=\"text-align: center\">No dia 29 de setembro de 2018, no Instituto de Bot\u00e2nica de S\u00e3o Paulo, foi realizada a defesa da disserta\u00e7\u00e3o de mestrado pelo aluno Paulo Roberto Torres Ortiz, intitulada \u201cMonitoramento de um reflorestamento com alta diversidade de esp\u00e9cies nativas, sob tr\u00eas condi\u00e7\u00f5es de adensamento de mudas, no Parque Estadual das Fontes do Ipiranga, S\u00e3o Paulo\/SP\u201d. O trabalho foi avaliado e aprovado pela banca examinadora composta pelo presidente e orientador Prof. Dr. Luiz Mauro Barbosa (Coordena\u00e7\u00e3o Especial de Restaura\u00e7\u00e3o de \u00c1reas Degradadas, Instituto de Bot\u00e2nica) e pelos pesquisadores Prof. Dr. Nelson Augusto dos Santos J\u00fanior (N\u00facleo de Pesquisa em Sementes &#8211;\u00a0 Instituto de Bot\u00e2nica) e Prof. Dr. Hilton Tadeu Zarate Couto (Departamento de Ci\u00eancias Florestais &#8211; Escola Superior de Agricultura &#8220;Luiz de Queiroz&#8221; \u2013 USP).<\/p>\n<hr align=\"center\" noshade=\"noshade\" size=\"1\" width=\"100%\" \/>\n<h3 style=\"text-align: center\">Monitoramento de um reflorestamento com alta diversidade de esp\u00e9cies nativas, sob tr\u00eas condi\u00e7\u00f5es de adensamento de mudas, no Parque Estadual das Fontes do Ipiranga, S\u00e3o Paulo\/SP<\/h3>\n<hr align=\"center\" noshade=\"noshade\" size=\"1\" width=\"100%\" \/>\n<h4 style=\"text-align: center\"><strong>ABSTRACT<\/strong><\/h4>\n<p style=\"text-align: justify\">In the last decades, studies on the development of ecological restoration techniques have provided the recovery of ecological processes and forest dynamics. Studies that provide support for these techniques, known as &#8220;Facilitating Tools&#8221;, are still required. The objective of this study is to verify the influence of spacing on the development of an implanted reforestation with high diversity of native species. In total, 900 seedlings belonging to 84 native species of local occurrence were evaluated in the &#8220;Parque Estadual das Fontes do Ipiranga&#8221; (PEFI), in S\u00e3o Paulo, SP. The seedlings were arranged in permanent plots of 50 cribs each. The treatments were implanted in spacings of 0.25 x 1 m, 2 x 1.5 m and 2 x 3 m, with six replications, systematically distributed to avoid neighboring parcels of the same treatment, totaling 18 plots. The height, diameter, soil height (DAS), basal area, and canopy projection were measured at 120 and 630 days after planting. Based on our results, high mortality was observed for the smallest spacing. When all the seedlings were evaluated, the mean height and crown projection did not show significant differences. The 2m x 1,5m spacing presented the highest values \u200b\u200bfor the basal area and crown and DAS projection, and the spacing of 0.25 x 1m showed the lowest values \u200b\u200bfor the same variables. When analyzed by succession classes, the pioneer species showed a significant difference for canopy projection, DAS and basal area. The non-pioneer species presented significant difference for total height, with the spacing 2&#215;1,5m exhibiting the highest averages. The results suggest that the extreme densification of seedlings impairs their development and vigor, as well as their survival.<br \/>\n<strong>Keywords<\/strong>: monitoring, reforestation, native species<\/p>\n<h4 style=\"text-align: center\"><strong>RESUMO<\/strong><\/h4>\n<p style=\"text-align: justify\">Nas \u00faltimas d\u00e9cadas, estudos no desenvolvimento de t\u00e9cnicas de restaura\u00e7\u00e3o ecol\u00f3gica tem proporcionado a recupera\u00e7\u00e3o de processos ecol\u00f3gicos e da din\u00e2mica florestal. Estudos que proporcionem suporte para essas t\u00e9cnicas, conhecidos como \u201cFerramentas Facilitadoras\u201d, ainda s\u00e3o requisitados. O objetivo desse estudo \u00e9 verificar a influ\u00eancia do espa\u00e7amento no desenvolvimento de um reflorestamento implantado com alta diversidade de esp\u00e9cies nativas. No total, foram avaliadas 900 mudas pertencentes a 84 esp\u00e9cies nativas de ocorr\u00eancia local no \u201cParque Estadual das Fontes do Ipiranga\u201d (PEFI), em S\u00e3o Paulo, SP. As mudas foram arranjadas em parcelas permanentes de 50 ber\u00e7os cada. Os tratamentos foram implantados em espa\u00e7amentos de: 0,25 x 1 m, 2 x 1,5 m e 2 x 3 m, com seis repeti\u00e7\u00f5es, distribu\u00eddas sistematicamente para evitar parcelas vizinhas de mesmo tratamento, totalizando 18 parcelas. A altura, di\u00e2metro a altura do solo (DAS), \u00e1rea basal, e proje\u00e7\u00e3o de copa, foram medidas aos 120 e 630 dias ap\u00f3s o plantio. Com base nos nossos resultados, alta mortalidade foi observada para o menor espa\u00e7amento. Quando avaliadas todas as mudas das parcelas, a altura m\u00e9dia e a proje\u00e7\u00e3o da copa n\u00e3o apresentaram diferen\u00e7as significativas. O espa\u00e7amento 2m x 1,5m apresentou os maiores valores para a \u00e1rea basal e a proje\u00e7\u00e3o de copa e DAS, e o espa\u00e7amento 0,25 x 1m demonstrou os menores valores para as mesmas vari\u00e1veis.\u00a0 Quando analisadas por classes sucessionais, as esp\u00e9cies pioneiras apresentaram diferen\u00e7a significativa para proje\u00e7\u00e3o de copa, DAS e \u00e1rea basal. As esp\u00e9cies n\u00e3o-pioneiras apresentaram diferen\u00e7a significativa para altura total, com o espa\u00e7amento 2&#215;1,5m exibindo as maiores m\u00e9dias. Os resultados sugerem que o extremo adensamento das mudas prejudica o desenvolvimento e o vigor das mesmas, assim como a sobreviv\u00eancia.<br \/>\n<strong>Palavras-chave<\/strong>: Monitoramento, Reflorestamento, Esp\u00e9cies Nativas<\/p>\n<h4 style=\"text-align: center\"><\/h4>\n<hr align=\"center\" noshade=\"noshade\" size=\"1\" width=\"100%\" \/>\n<p style=\"text-align: center\"><a href=\"https:\/\/smastr16.blob.core.windows.net\/pgibt\/2018\/03\/paulo-roberto-torres-ortiz-dissertacao-de-mestrado-versao-14-02-2018-1.pdf\"><img decoding=\"async\" loading=\"lazy\" class=\"aligncenter\" src=\"https:\/\/smastr16.blob.core.windows.net\/pgibt\/2013\/09\/pdf_grande.gif\" alt=\"pdf_grande\" width=\"60\" height=\"60\" \/><\/a><span style=\"color: #000000\"><a style=\"color: #000000\" href=\"https:\/\/smastr16.blob.core.windows.net\/pgibt\/2018\/03\/paulo-roberto-torres-ortiz-dissertacao-de-mestrado-versao-14-02-2018-1.pdf\">Paulo Roberto Torres Ortiz<\/a><\/span><a href=\"https:\/\/smastr16.blob.core.windows.net\/pgibt\/2018\/03\/paulo-roberto-torres-ortiz-dissertacao-de-mestrado-versao-14-02-2018-1.pdf\" target=\"_blank\" rel=\"noopener noreferrer\"><br \/>\nMonitoramento de um reflorestamento com alta diversidade de esp\u00e9cies nativas, sob tr\u00eas condi\u00e7\u00f5es de adensamento de mudas, no Parque Estadual das Fontes do Ipiranga, S\u00e3o Paulo\/SP<br \/>\n<\/a><\/p>\n<hr align=\"center\" noshade=\"noshade\" size=\"1\" width=\"100%\" \/>\n<p style=\"text-align: center\"><strong>\u00a0<a href=\"www.infraestruturameioambiente.sp.gov.br\/pgibt\/dissertacoesteses\/\">VOLTAR AS DISSERTA\u00c7\u00d5ES E TESES<\/a><\/strong><\/p>\n<hr align=\"center\" noshade=\"noshade\" size=\"1\" width=\"100%\" \/>\n","protected":false},"excerpt":{"rendered":"<p>Paulo Roberto Torres Ortiz No dia 29 de setembro de 2018, no Instituto de Bot\u00e2nica de S\u00e3o Paulo, foi realizada a defesa da disserta\u00e7\u00e3o de mestrado pelo aluno Paulo Roberto Torres Ortiz, intitulada \u201cMonitoramento de um reflorestamento com alta diversidade de esp\u00e9cies nativas, sob tr\u00eas condi\u00e7\u00f5es de adensamento de mudas, no Parque Estadual das Fontes [&hellip;]<\/p>\n","protected":false},"author":63,"featured_media":0,"parent":249,"menu_order":0,"comment_status":"closed","ping_status":"closed","template":"","meta":[],"_links":{"self":[{"href":"https:\/\/www.infraestruturameioambiente.sp.gov.br\/pgibt\/wp-json\/wp\/v2\/pages\/6313"}],"collection":[{"href":"https:\/\/www.infraestruturameioambiente.sp.gov.br\/pgibt\/wp-json\/wp\/v2\/pages"}],"about":[{"href":"https:\/\/www.infraestruturameioambiente.sp.gov.br\/pgibt\/wp-json\/wp\/v2\/types\/page"}],"author":[{"embeddable":true,"href":"https:\/\/www.infraestruturameioambiente.sp.gov.br\/pgibt\/wp-json\/wp\/v2\/users\/63"}],"replies":[{"embeddable":true,"href":"https:\/\/www.infraestruturameioambiente.sp.gov.br\/pgibt\/wp-json\/wp\/v2\/comments?post=6313"}],"version-history":[{"count":1,"href":"https:\/\/www.infraestruturameioambiente.sp.gov.br\/pgibt\/wp-json\/wp\/v2\/pages\/6313\/revisions"}],"predecessor-version":[{"id":6316,"href":"https:\/\/www.infraestruturameioambiente.sp.gov.br\/pgibt\/wp-json\/wp\/v2\/pages\/6313\/revisions\/6316"}],"up":[{"embeddable":true,"href":"https:\/\/www.infraestruturameioambiente.sp.gov.br\/pgibt\/wp-json\/wp\/v2\/pages\/249"}],"wp:attachment":[{"href":"https:\/\/www.infraestruturameioambiente.sp.gov.br\/pgibt\/wp-json\/wp\/v2\/media?parent=6313"}],"curies":[{"name":"wp","href":"https:\/\/api.w.org\/{rel}","templated":true}]}}