{"id":6266,"date":"2018-03-01T11:59:36","date_gmt":"2018-03-01T14:59:36","guid":{"rendered":"https:\/\/www.infraestruturameioambiente.sp.gov.br\/pgibt\/?page_id=6266"},"modified":"2023-04-06T13:36:27","modified_gmt":"2023-04-06T16:36:27","slug":"adenilsa-aparecida-rodrigues-lima-ms","status":"publish","type":"page","link":"https:\/\/www.infraestruturameioambiente.sp.gov.br\/pgibt\/dissertacoesteses\/adenilsa-aparecida-rodrigues-lima-ms\/","title":{"rendered":"Adenilsa Aparecida Rodrigues Lima MS"},"content":{"rendered":"<h2 style=\"text-align: center\"><a href=\"arquivos.ambiente.sp.gov.br\/pgibt\/2015\/02\/faixapos6.jpg\"><img decoding=\"async\" loading=\"lazy\" class=\"aligncenter wp-image-3777 size-full\" style=\"border: 0px\" src=\"https:\/\/smastr16.blob.core.windows.net\/pgibt\/2015\/02\/faixapos6.jpg\" alt=\"faixapos6\" width=\"950\" height=\"163\" srcset=\"https:\/\/smastr16.blob.core.windows.net\/pgibt\/2015\/02\/faixapos6.jpg 950w, https:\/\/smastr16.blob.core.windows.net\/pgibt\/2015\/02\/faixapos6-768x131.jpg 768w\" sizes=\"(max-width: 950px) 100vw, 950px\" \/><\/a><\/h2>\n<hr align=\"center\" noshade=\"noshade\" size=\"1\" width=\"100%\" \/>\n<h2 style=\"text-align: center\">Adenilsa Aparecida Rodrigues Lima<\/h2>\n<hr align=\"center\" noshade=\"noshade\" size=\"1\" width=\"100%\" \/>\n<p style=\"line-height: 15pt;background: white;margin: 0cm 0cm 15pt;text-align: center\"><span style=\"font-size: 10.0pt;font-family: 'Arial','sans-serif'\">No dia 28 de abril de 2017, a aluna do Programa de P\u00f3s-Gradua\u00e7\u00e3o em Biodiversidade Vegetal e Meio Ambiente do Instituto de Bot\u00e2nica de S\u00e3o Paulo\/IBt, Adenilsa Aparecida Rodrigues Lima, defendeu sua Disserta\u00e7\u00e3o de Mestrado intitulada \u201cConvolvulaceae do Parque Estadual Serra do Ouro Branco, Minas Gerais, Brasil. A banca examinadora foi composta pela Dra. Rosangela Sim\u00e3o Bianchini (Orientadora e Presidente\/IBt), Dra. Maria das Gra\u00e7as Lapa Wanderley e Dra. Lucia Rossi.<\/span><\/p>\n<p style=\"line-height: 15pt;background: white;margin: 0cm 0cm 15pt;text-align: center\"><span style=\"font-size: 10.0pt;font-family: 'Arial','sans-serif'\">O projeto teve a colabora\u00e7\u00e3o da Dra. Cintia Vieira da Silva. Este foi o primeiro estudo sobre Convolvulaceae no Parque Estadual Serra do Ouro Branco, e contribuiu com o conhecimento para a fam\u00edlia no Estado de Minas Gerais e para o Brasil.<\/span><\/p>\n<hr align=\"center\" noshade=\"noshade\" size=\"1\" width=\"100%\" \/>\n<h3 style=\"text-align: center\">Convolvulaceae do Parque Estadual Serra do Ouro Branco, Minas Gerais, Brasil<\/h3>\n<hr align=\"center\" noshade=\"noshade\" size=\"1\" width=\"100%\" \/>\n<h4 style=\"text-align: center\"><strong>ABSTRACT<\/strong><\/h4>\n<p style=\"text-align: justify\">The Brazilian Cerrado is the richest biome regarding the number of species of Convolvulaceae (260 spp.). Among the Brazilian states, Minas Gerais houses the largest number of species of this botanical family (224 spp.). The Serra do Ouro Branco State Park (PESOB) is located on the southern border of the Espinha\u00e7o Range and is currently under administration of IEF-Ouro Branco (State Institute of Forests) This park has a large wall locally known as \u201cSerra do Deus te livre\u201d, that stretches along the municipalities of Ouro Branco and Ouro Preto. A floristic and taxonomic survey of all Convolvulaceae in PESOB was carried in order to contribute with the knowledge about the composition of the local flora and distribution of the species in that area. This study was based on fieldwork expeditions for sampling from January 2015 to September 2016, and on the analysis of herbarium specimens. As a result, it is confirmed the occurrence of 7 genera and 25 species of Convolvulaceae in PESOB:<em> Cuscuta parviflora<\/em> Engelm., <em>Dichondra macrocalyx<\/em> Meisn., <strong>\u00a0<\/strong><em>Evolvulus aurigenius <\/em>Mart., <em>E. elegans <\/em>Moric., <em>E. lithospermoides <\/em>var.<em> martii <\/em>(Meisn.) Sim.-Bianch., <em>E. nummularius<\/em> (L.) L., <em>E. sericeus<\/em>\u00a0Sw., <em>E. stellariifolius<\/em> Ooststr, <em>Ipomoea aprica<\/em> <strong>\u00a0<\/strong>House, <em>I. cairica<\/em> (L.) Sweet, <em>I. cynanchifolia <\/em>Meisn., <em>I. delphinioides<\/em> Choisy, <em>I. monticola <\/em>(Meisn.) O\u2019Donell, <em>I. procumbens<\/em> Mart. ex Choisy,<em> I. purpurea <\/em>(L.) Roth, <em>I. regnellii <\/em>Meisn.,<em> I. saopaulista<\/em> O\u2019Donell, <em>Jacquemontia blanchetti<\/em> Moric., <em>J. prostrata<\/em> Choisy, <em>J. sphaerostigma<\/em> (Cav.) Rusby, <em>Merremia contorquens <\/em>(Choisy) Hallier f., <em>M. flagellaris<\/em> (Choisy) O\u2019Donell, <em>M. macrocalyx<\/em> (Ruiz &amp; Pav.) O\u2019Donell, <em>M. tomentosa<\/em> (Choisy) Hallier f. and <em>Odonellia eriocephala<\/em> (Moric.) K.R.Robertson. We provide identification keys for genera and species, morphological descriptions, illustrations, photographs and detailed comments for all taxa (Chapter 1). The photos obtained during field trips expeditions were used to elaborate a field guide for Convolvulaceae from PESOB (Chapter 2). To better understand and delimit the varieties of <em>E. aurigenius<\/em>, we carried a morphological study including samples from the entire distribution area of the species. As a result, we confirmed the occurrence of four varieties that can be distinguished by their different habit and indumentum. An identification key for these varieties is also included (Chapter 3). Finally, considering the large number of ruderal species in Convolvulaceae and aiming to contribute with studies on seed germination, we analyzed two species with tegument dormancy \u2013 one ruderal species, which presented higher dormancy values, and one native species, which presented lower dormancy values (Chapter 4).<br \/>\n<strong>Keywords<\/strong>: rocky grassland, species complex, floristic survey, seed dormancy breakdown, taxonomy<\/p>\n<h4 style=\"text-align: center\"><strong>RESUMO<\/strong><\/h4>\n<p style=\"text-align: justify\">O Cerrado brasileiro \u00e9 o bioma mais diverso em rela\u00e7\u00e3o ao n\u00famero de esp\u00e9cies de Convolvulaceae (260 spp.). Dentre todos os estados brasileiros, Minas Gerais abriga o maior n\u00famero de esp\u00e9cies dessa fam\u00edlia bot\u00e2nica (224 spp.). O Parque Estadual da Serra do Ouro Branco (PESOB) est\u00e1 localizado no limite sul da Cadeia do Espinha\u00e7o e \u00e9 atualmente administrado pelo IEF-Ouro Branco (Instituto Estadual de Florestas). Este parque possui um extenso pared\u00e3o localmente conhecido como \u201cSerra do Deus te livre\u201d, que se estende ao longo dos munic\u00edpios de Ouro Branco e Ouro Preto. Um estudo flor\u00edstico e taxon\u00f4mico com todas as esp\u00e9cies de Convolvulaceae do PESOB foi realizado com o objetivo de contribuir com o conhecimento sobre a composi\u00e7\u00e3o da flora local e com a distribui\u00e7\u00e3o das esp\u00e9cies na \u00e1rea. Este estudo foi baseado em expedi\u00e7\u00f5es de campo para amostragem, realizadas entre janeiro de 2015 e setembro de 2016, e na an\u00e1lise de coletas de materiais bot\u00e2nicos depositados em Herb\u00e1rio. Como resultado, confirma-se a ocorr\u00eancia de 7 g\u00eaneros e 25 esp\u00e9cies de Convolvulaceae para o PESOB: <em>Cuscuta parviflora<\/em> Engelm., <em>Dichondra macrocalyx<\/em> Meisn., <strong>\u00a0<\/strong><em>Evolvulus aurigenius <\/em>Mart., <em>E. elegans <\/em>Moric., <em>E. lithospermoides <\/em>var.<em> martii <\/em>(Meisn.) Sim.-Bianch., <em>E. nummularius<\/em> (L.) L., <em>E. sericeus<\/em>\u00a0Sw., <em>E. stellariifolius<\/em> Ooststr, <em>Ipomoea aprica<\/em> <strong>\u00a0<\/strong>House, <em>I. cairica<\/em> (L.) Sweet, <em>I. cynanchifolia <\/em>Meisn., <em>I. delphinioides<\/em> Choisy, <em>I. monticola <\/em>(Meisn.) O\u2019Donell, <em>I. procumbens<\/em> Mart. ex Choisy,<em> I. purpurea <\/em>(L.) Roth, <em>I. regnellii <\/em>Meisn.,<em> I. saopaulista<\/em> O\u2019Donell, <em>Jacquemontia blanchetti<\/em> Moric., <em>J. prostrata<\/em> Choisy, <em>J. sphaerostigma<\/em> (Cav.) Rusby, <em>Merremia contorquens <\/em>(Choisy) Hallier f., <em>M. flagellaris<\/em> (Choisy) O\u2019Donell, <em>M. macrocalyx<\/em> (Ruiz &amp; Pav.) O\u2019Donell, <em>M. tomentosa<\/em> (Choisy) Hallier f. e <em>Odonellia eriocephala<\/em> (Moric.) K.R.Robertson. S\u00e3o fornecidos chaves de identifica\u00e7\u00e3o para g\u00eaneros e esp\u00e9cies, descri\u00e7\u00f5es morfol\u00f3gicas, ilustra\u00e7\u00f5es, fotografias e coment\u00e1rios detalhados para todos os t\u00e1xons (Cap\u00edtulo 1). As fotografias obtidas durantes as expedi\u00e7\u00f5es de campo foram utilizadas para a elabora\u00e7\u00e3o de um guia de campo das Convolvulaceae do PESOB (Cap\u00edtulo 2). Para uma melhor compreens\u00e3o e delimita\u00e7\u00e3o das variedades de <em>E. aurigenius<\/em>, foi conduzido um estudo morfol\u00f3gico incluindo amostras de todas as \u00e1reas de ocorr\u00eancia da desta esp\u00e9cie. Como resultado, confirmou-se a ocorr\u00eancia de quarto variedades que podem ser distinguidas pelos diferentes h\u00e1bitos e indumento. Uma chave de identifica\u00e7\u00e3o para estas variedades tamb\u00e9m \u00e9 fornecida (Cap\u00edtulo 3). Finalmente, considerando o grande n\u00famero de esp\u00e9cies ruderais em Convolvulaceae e objetivando contribuir com os estudos sobre a germina\u00e7\u00e3o de sementes, foram analisadas duas esp\u00e9cies que apresentam dorm\u00eancia tegumentar \u2013 uma esp\u00e9cie ruderal, que apresentou maiores valores de dorm\u00eancia, e outra esp\u00e9cie nativa, que apresentou menores valores de dorm\u00eancia (Cap\u00edtulo 4).<br \/>\n<strong>Palavras-chave<\/strong>: Campo rupestre, complexo espec\u00edfico, flor\u00edstica, quebra de dorm\u00eancia, taxonomia<\/p>\n<h4 style=\"text-align: center\"><\/h4>\n<hr align=\"center\" noshade=\"noshade\" size=\"1\" width=\"100%\" \/>\n<p style=\"text-align: center\"><a href=\"https:\/\/smastr16.blob.core.windows.net\/pgibt\/2018\/03\/adenilsa_aparecida_rodrigues_lima_ms.pdf\"><img decoding=\"async\" loading=\"lazy\" class=\"aligncenter\" src=\"https:\/\/smastr16.blob.core.windows.net\/pgibt\/2013\/09\/pdf_grande.gif\" alt=\"pdf_grande\" width=\"60\" height=\"60\" \/><\/a><span style=\"color: #000000\"><a style=\"color: #000000\" href=\"https:\/\/smastr16.blob.core.windows.net\/pgibt\/2018\/03\/adenilsa_aparecida_rodrigues_lima_ms.pdf\">Adenilsa Aparecida Rodrigues Lima<\/a><\/span><a href=\"https:\/\/smastr16.blob.core.windows.net\/pgibt\/2018\/03\/adenilsa_aparecida_rodrigues_lima_ms.pdf\" target=\"_blank\" rel=\"noopener noreferrer\"><br \/>\nConvolvulaceae do Parque Estadual Serra do Ouro Branco, Minas Gerais, Brasil<br \/>\n<\/a><\/p>\n<hr align=\"center\" noshade=\"noshade\" size=\"1\" width=\"100%\" \/>\n<p style=\"text-align: center\"><strong>\u00a0<a href=\"www.infraestruturameioambiente.sp.gov.br\/pgibt\/dissertacoesteses\/\">VOLTAR AS DISSERTA\u00c7\u00d5ES E TESES<\/a><\/strong><\/p>\n<hr align=\"center\" noshade=\"noshade\" size=\"1\" width=\"100%\" \/>\n","protected":false},"excerpt":{"rendered":"<p>Adenilsa Aparecida Rodrigues Lima No dia 28 de abril de 2017, a aluna do Programa de P\u00f3s-Gradua\u00e7\u00e3o em Biodiversidade Vegetal e Meio Ambiente do Instituto de Bot\u00e2nica de S\u00e3o Paulo\/IBt, Adenilsa Aparecida Rodrigues Lima, defendeu sua Disserta\u00e7\u00e3o de Mestrado intitulada \u201cConvolvulaceae do Parque Estadual Serra do Ouro Branco, Minas Gerais, Brasil. A banca examinadora foi [&hellip;]<\/p>\n","protected":false},"author":95,"featured_media":0,"parent":249,"menu_order":0,"comment_status":"closed","ping_status":"closed","template":"","meta":[],"_links":{"self":[{"href":"https:\/\/www.infraestruturameioambiente.sp.gov.br\/pgibt\/wp-json\/wp\/v2\/pages\/6266"}],"collection":[{"href":"https:\/\/www.infraestruturameioambiente.sp.gov.br\/pgibt\/wp-json\/wp\/v2\/pages"}],"about":[{"href":"https:\/\/www.infraestruturameioambiente.sp.gov.br\/pgibt\/wp-json\/wp\/v2\/types\/page"}],"author":[{"embeddable":true,"href":"https:\/\/www.infraestruturameioambiente.sp.gov.br\/pgibt\/wp-json\/wp\/v2\/users\/95"}],"replies":[{"embeddable":true,"href":"https:\/\/www.infraestruturameioambiente.sp.gov.br\/pgibt\/wp-json\/wp\/v2\/comments?post=6266"}],"version-history":[{"count":2,"href":"https:\/\/www.infraestruturameioambiente.sp.gov.br\/pgibt\/wp-json\/wp\/v2\/pages\/6266\/revisions"}],"predecessor-version":[{"id":6271,"href":"https:\/\/www.infraestruturameioambiente.sp.gov.br\/pgibt\/wp-json\/wp\/v2\/pages\/6266\/revisions\/6271"}],"up":[{"embeddable":true,"href":"https:\/\/www.infraestruturameioambiente.sp.gov.br\/pgibt\/wp-json\/wp\/v2\/pages\/249"}],"wp:attachment":[{"href":"https:\/\/www.infraestruturameioambiente.sp.gov.br\/pgibt\/wp-json\/wp\/v2\/media?parent=6266"}],"curies":[{"name":"wp","href":"https:\/\/api.w.org\/{rel}","templated":true}]}}