{"id":609,"date":"2013-09-16T15:30:45","date_gmt":"2013-09-16T18:30:45","guid":{"rendered":"https:\/\/www.infraestruturameioambiente.sp.gov.br\/pgibt\/?page_id=609"},"modified":"2013-09-16T15:30:45","modified_gmt":"2013-09-16T18:30:45","slug":"2006-alexandra-lenk-gomes","status":"publish","type":"page","link":"https:\/\/www.infraestruturameioambiente.sp.gov.br\/pgibt\/dissertacoesteses\/2006-alexandra-lenk-gomes\/","title":{"rendered":"Alexandra Lenk Gomes MS"},"content":{"rendered":"<h2 style=\"text-align: center\"><a href=\"https:\/\/smastr16.blob.core.windows.net\/pgibt\/2015\/02\/faixapos6.jpg\"><img decoding=\"async\" loading=\"lazy\" class=\"aligncenter size-full wp-image-3777\" style=\"border: 0px\" alt=\"faixapos6\" src=\"https:\/\/smastr16.blob.core.windows.net\/pgibt\/2015\/02\/faixapos6.jpg\" width=\"950\" height=\"163\" srcset=\"https:\/\/smastr16.blob.core.windows.net\/pgibt\/2015\/02\/faixapos6.jpg 950w, https:\/\/smastr16.blob.core.windows.net\/pgibt\/2015\/02\/faixapos6-768x131.jpg 768w\" sizes=\"(max-width: 950px) 100vw, 950px\" \/><\/a><\/h2>\n<hr align=\"center\" noshade=\"noshade\" size=\"1\" width=\"100%\" \/>\n<h2 style=\"text-align: center\">Alexandra Lenk Gomes<\/h2>\n<hr align=\"center\" noshade=\"noshade\" size=\"1\" width=\"100%\" \/>\n<p style=\"text-align: center\">Alexandra Lenk Gomes, aluna do Programa de P\u00f3s-gradua\u00e7\u00e3o em Biodiversidade Vegetal e Meio Ambiente do Instituto de Bot\u00e2nica de S\u00e3o Paulo (IBt) e bolsista CNPq, defendeu, no dia 20 de mar\u00e7o de 2006, sua disserta\u00e7\u00e3o de mestrado com o t\u00edtulo:<br \/>\n&#8220;Diversidade de Oomycota da Reserva Biol\u00f3gica de Paranapiacaba, Santo Andr\u00e9, SP&#8221;.<\/p>\n<p style=\"text-align: center\">A banca examinadora foi composta pela sua orientadora Dra. Carmen L\u00eddia Amorim Pires-Zottarelli (Instituto de Bot\u00e2nica),<br \/>\npelo Dr. Adauto Ivo Milanez (Instituto de Bot\u00e2nica) e pela Dra. Sandra Farto Botelho Trufem (Universidade S\u00e3o Marcos).<\/p>\n<p><a href=\"https:\/\/smastr16.blob.core.windows.net\/pgibt\/2013\/09\/alexandra-lenk11.jpg\"><img decoding=\"async\" loading=\"lazy\" class=\"aligncenter size-full wp-image-2919\" alt=\"alexandra-lenk1\" src=\"https:\/\/smastr16.blob.core.windows.net\/pgibt\/2013\/09\/alexandra-lenk11.jpg\" width=\"245\" height=\"184\" \/><\/a><\/p>\n<hr align=\"center\" noshade=\"noshade\" size=\"1\" width=\"100%\" \/>\n<h3 style=\"text-align: center\">Diversidade de Oomycota da Reserva Biol\u00f3gica de Paranapiacaba, Santo Andr\u00e9, SP<\/h3>\n<hr align=\"center\" noshade=\"noshade\" size=\"1\" width=\"100%\" \/>\n<h4 style=\"text-align: center\"><strong>RESUMO<\/strong><\/h4>\n<p style=\"text-align: justify\">O trabalho consistiu num levantamento de representantes do filo Oomycota presentes na Reserva Biol\u00f3gica de Paranapiacaba, situada no munic\u00edpio de Santo Andr\u00e9. Para a iscagem destes representantes foram realizadas coletas de amostras de \u00e1gua e solo, al\u00e9m da utiliza\u00e7\u00e3o de frutos submersos como\u00a0<em>Malus sp.<\/em>\u00a0(ma\u00e7\u00e3) e\u00a0<em>Myrciaria sp.<\/em>\u00a0(jabuticaba). As amostras foram levadas ao laborat\u00f3rio e iscadas atrav\u00e9s da t\u00e9cnica de iscagem m\u00faltipla, que consiste na utiliza\u00e7\u00e3o de substratos queratinosos, quitinosos e celul\u00f3sicos. Os t\u00e1xons encontrados foram identificados atrav\u00e9s da an\u00e1lise morfol\u00f3gica das estruturas assexuadas e sexuadas, e ilustrados com o aux\u00edlio de c\u00e2mara clara acoplada ao microsc\u00f3pio.<\/p>\n<p style=\"text-align: justify\">Foram identificadas 35 esp\u00e9cies, sendo oito delas primeira cita\u00e7\u00e3o para o Brasil, duas primeira cita\u00e7\u00e3o para o estado de S\u00e3o Paulo e 20 primeira cita\u00e7\u00e3o para a reserva. Um banco de imagens dos fungos identificados na reserva est\u00e1 sendo confeccionado, e ser\u00e1 disponibilizado no site do Instituto de Bot\u00e2nica de S\u00e3o Paulo.<\/p>\n<p style=\"text-align: center\"><a href=\"https:\/\/smastr16.blob.core.windows.net\/pgibt\/2013\/09\/alexandra-lenk3.jpg\"><img decoding=\"async\" loading=\"lazy\" class=\"size-full wp-image-623 alignnone\" alt=\"alexandra-lenk3\" src=\"https:\/\/smastr16.blob.core.windows.net\/pgibt\/2013\/09\/alexandra-lenk3.jpg\" width=\"245\" height=\"184\" srcset=\"https:\/\/smastr16.blob.core.windows.net\/pgibt\/2013\/09\/alexandra-lenk3.jpg 245w, https:\/\/smastr16.blob.core.windows.net\/pgibt\/2013\/09\/alexandra-lenk3-768x576.jpg 768w\" sizes=\"(max-width: 245px) 100vw, 245px\" \/><\/a> <a href=\"https:\/\/smastr16.blob.core.windows.net\/pgibt\/2013\/09\/alexandra-lenk4.jpg\"><img decoding=\"async\" loading=\"lazy\" class=\"size-medium wp-image-624 alignnone\" alt=\"alexandra-lenk4\" src=\"https:\/\/smastr16.blob.core.windows.net\/pgibt\/2013\/09\/alexandra-lenk4.jpg\" width=\"245\" height=\"184\" srcset=\"https:\/\/smastr16.blob.core.windows.net\/pgibt\/2013\/09\/alexandra-lenk4.jpg 245w, https:\/\/smastr16.blob.core.windows.net\/pgibt\/2013\/09\/alexandra-lenk4-768x576.jpg 768w\" sizes=\"(max-width: 245px) 100vw, 245px\" \/><\/a><\/p>\n<hr align=\"center\" noshade=\"noshade\" size=\"1\" width=\"100%\" \/>\n<p style=\"text-align: center\"><a href=\"https:\/\/smastr16.blob.core.windows.net\/pgibt\/2013\/09\/pdf_grande.gif\"><img decoding=\"async\" loading=\"lazy\" class=\"aligncenter size-full wp-image-2313\" style=\"border: 0px\" alt=\"pdf_grande\" src=\"https:\/\/smastr16.blob.core.windows.net\/pgibt\/2013\/09\/pdf_grande.gif\" width=\"60\" height=\"60\" \/><\/a><a href=\"https:\/\/smastr16.blob.core.windows.net\/pgibt\/2013\/09\/Alexandra_Lenk_Gomes_MS.pdf\">Alexandra Lenk Gomes<br \/>\nDiversidade de Oomycota da Reserva Biol\u00f3gica de Paranapiacaba, Santo Andr\u00e9, SP<\/a><\/p>\n<hr align=\"center\" noshade=\"noshade\" size=\"1\" width=\"100%\" \/>\n<p style=\"text-align: center\"><strong>\u00a0<a href=\"https:\/\/www.infraestruturameioambiente.sp.gov.br\/pgibt\/dissertacoesteses\/\">VOLTAR AS DISSERTA\u00c7\u00d5ES E TESES<\/a><\/strong><\/p>\n<hr align=\"center\" noshade=\"noshade\" size=\"1\" width=\"100%\" \/>\n","protected":false},"excerpt":{"rendered":"<p>Alexandra Lenk Gomes Alexandra Lenk Gomes, aluna do Programa de P\u00f3s-gradua\u00e7\u00e3o em Biodiversidade Vegetal e Meio Ambiente do Instituto de Bot\u00e2nica de S\u00e3o Paulo (IBt) e bolsista CNPq, defendeu, no dia 20 de mar\u00e7o de 2006, sua disserta\u00e7\u00e3o de mestrado com o t\u00edtulo: &#8220;Diversidade de Oomycota da Reserva Biol\u00f3gica de Paranapiacaba, Santo Andr\u00e9, SP&#8221;. A [&hellip;]<\/p>\n","protected":false},"author":1,"featured_media":0,"parent":249,"menu_order":0,"comment_status":"closed","ping_status":"open","template":"fullpage.php","meta":[],"_links":{"self":[{"href":"https:\/\/www.infraestruturameioambiente.sp.gov.br\/pgibt\/wp-json\/wp\/v2\/pages\/609"}],"collection":[{"href":"https:\/\/www.infraestruturameioambiente.sp.gov.br\/pgibt\/wp-json\/wp\/v2\/pages"}],"about":[{"href":"https:\/\/www.infraestruturameioambiente.sp.gov.br\/pgibt\/wp-json\/wp\/v2\/types\/page"}],"author":[{"embeddable":true,"href":"https:\/\/www.infraestruturameioambiente.sp.gov.br\/pgibt\/wp-json\/wp\/v2\/users\/1"}],"replies":[{"embeddable":true,"href":"https:\/\/www.infraestruturameioambiente.sp.gov.br\/pgibt\/wp-json\/wp\/v2\/comments?post=609"}],"version-history":[{"count":0,"href":"https:\/\/www.infraestruturameioambiente.sp.gov.br\/pgibt\/wp-json\/wp\/v2\/pages\/609\/revisions"}],"up":[{"embeddable":true,"href":"https:\/\/www.infraestruturameioambiente.sp.gov.br\/pgibt\/wp-json\/wp\/v2\/pages\/249"}],"wp:attachment":[{"href":"https:\/\/www.infraestruturameioambiente.sp.gov.br\/pgibt\/wp-json\/wp\/v2\/media?parent=609"}],"curies":[{"name":"wp","href":"https:\/\/api.w.org\/{rel}","templated":true}]}}