{"id":606,"date":"2013-09-16T15:08:15","date_gmt":"2013-09-16T18:08:15","guid":{"rendered":"https:\/\/www.infraestruturameioambiente.sp.gov.br\/pgibt\/?page_id=606"},"modified":"2013-09-16T15:08:15","modified_gmt":"2013-09-16T18:08:15","slug":"2012-jessica-bordotti-nobre-esposito","status":"publish","type":"page","link":"https:\/\/www.infraestruturameioambiente.sp.gov.br\/pgibt\/dissertacoesteses\/2012-jessica-bordotti-nobre-esposito\/","title":{"rendered":"J\u00e9ssica Bordotti Nobre Esposito MS"},"content":{"rendered":"<h2 style=\"text-align: center\"><a href=\"https:\/\/smastr16.blob.core.windows.net\/pgibt\/2015\/02\/faixapos6.jpg\"><img decoding=\"async\" loading=\"lazy\" class=\"aligncenter size-full wp-image-3777\" style=\"border: 0px\" alt=\"faixapos6\" src=\"https:\/\/smastr16.blob.core.windows.net\/pgibt\/2015\/02\/faixapos6.jpg\" width=\"950\" height=\"163\" srcset=\"https:\/\/smastr16.blob.core.windows.net\/pgibt\/2015\/02\/faixapos6.jpg 950w, https:\/\/smastr16.blob.core.windows.net\/pgibt\/2015\/02\/faixapos6-768x131.jpg 768w\" sizes=\"(max-width: 950px) 100vw, 950px\" \/><\/a><\/h2>\n<hr align=\"center\" noshade=\"noshade\" size=\"1\" width=\"100%\" \/>\n<h2 style=\"text-align: center\">J\u00e9ssica Bordotti Nobre Esposito<\/h2>\n<hr align=\"center\" noshade=\"noshade\" size=\"1\" width=\"100%\" \/>\n<p style=\"text-align: center\">No dia 21 de setembro de 2012, a aluna J\u00e9ssica Bordotti Nobre Esposito, bolsista CAPES do Programa de P\u00f3s Gradua\u00e7\u00e3o em Biodiversidade Vegetal e Meio Ambiente defendeu sua disserta\u00e7\u00e3o de mestrado intitulada<br \/>\n\u201cInflu\u00eancia do MnDFB na toler\u00e2ncia ao estresse oxidativo em plantas de\u00a0<em>Glycine max<\/em>\u00a0expostas ao oz\u00f4nio e chuva \u00e1cida\u201d.<\/p>\n<p style=\"text-align: center\">A banca examinadora foi composta pela orientadora Dra. Silvia Ribeiro de Souza (N\u00facleo de Pesquisa em Ecologia \u2013 IBT),Prof. Dr. Renato Rodrigues Ferreira (Laborat\u00f3rio de Melhoramento de Plantas \u2013 CENA\/USP) e\u00a0Prof. Dr. Ra\u00fal Bonne Hernandez (Instituto de Ci\u00eancias Ambientais, Qu\u00edmicas e Farmac\u00eauticas &#8211; UNIFESP).<\/p>\n<hr align=\"center\" noshade=\"noshade\" size=\"1\" width=\"100%\" \/>\n<h3 style=\"text-align: center\"><strong>Influ\u00eancia do MnDFB na toler\u00e2ncia ao estresse oxidativo em plantas de Glycine max\u00a0<\/strong><strong>expostas ao oz\u00f4nio e chuva \u00e1cida<\/strong><\/h3>\n<hr align=\"center\" noshade=\"noshade\" size=\"1\" width=\"100%\" \/>\n<h4 style=\"text-align: center\"><strong>RESUMO<\/strong><\/h4>\n<p style=\"text-align: justify\">O oz\u00f4nio troposf\u00e9rico e a chuva \u00e1cida s\u00e3o poluentes capazes de induzir a forma\u00e7\u00e3o de esp\u00e9cies reativas (ERs) no meio celular que podem levar \u00e0 perda de produtividade no caso das esp\u00e9cies agr\u00edcolas. No Brasil, a soja Glycine max \u201cSamba\u00edba\u201d \u00e9 uma esp\u00e9cie de grande import\u00e2ncia econ\u00f4mica, por\u00e9m plantada em regi\u00f5es impactadas por estes poluentes.<\/p>\n<p style=\"text-align: justify\">A remo\u00e7\u00e3o do excesso de ERs \u00e9 realizada por diversos antioxidantes, dentre eles as enzimas super\u00f3xido dismutase (SOD). As SOD s\u00e3o uma fam\u00edlia de metaloprote\u00ednas que, em vegetais, est\u00e3o inseridas em diversas organelas e compartimentos celulares: mangan\u00eas SOD (MnSOD), ferroSOD (FeSOD) e cobre\/zincoSOD (Cu\/ZnSOD).<\/p>\n<p style=\"text-align: justify\">Testes in vitro mostraram que o complexo met\u00e1lico Mn(III)-desferrioxaminaB (MnDFB) exerce a mesma a\u00e7\u00e3o das SOD, sendo assim considerado um mim\u00e9tico. Por isso, a hip\u00f3tese desse estudo \u00e9 que plantas de soja Glycine max \u201cSamba\u00edba\u201d tratadas com MnDFB poderiam ser mais tolerantes ao estresse causado pela polui\u00e7\u00e3o atmosf\u00e9rica.\u00a0Para tal, determinou-se a dose de MnDFB\u00a0capaz de promover respostas de\u00a0toler\u00e2ncia em plantas sadias\u00a0e verificou-se se a dose do complexo aplicada poderia aumentar a resist\u00eancia de soja mantidas em condi\u00e7\u00f5es controladas de oz\u00f4nio (60ppb.h-1\/6h) ou chuva \u00e1cida (pH3,0) e, ainda\u00a0se uma solu\u00e7\u00e3o de sulfato de mangan\u00eas (MnSO4) teria efeito semelhante.<\/p>\n<p style=\"text-align: justify\">Cada experimento teve dura\u00e7\u00e3o de tr\u00eas dias e ao final foram avaliados \u00edndice de inj\u00faria foliar, taxa de crescimento relativo, concentra\u00e7\u00e3o de metais (ferro, mangan\u00eas e cobre) em folhas e ra\u00edzes, anatomia foliar e efici\u00eancia qu\u00e2ntica da fotoss\u00edntese (Fv\/Fm), atividade enzim\u00e1tica da ascorbato peroxidase e peroxida\u00e7\u00e3o lip\u00eddica. A atividade enzim\u00e1tica das super\u00f3xido dismutase foram avaliadas por ensaio colorim\u00e9trico (SOD total) e por eletroforese em gel (isoenzimas MnSOD, FeSOD e Cu;ZnSOD).<\/p>\n<p style=\"text-align: justify\">Evidenciou-se que as diferentes doses de MnDFB (2, 4, e 8 \uf06dM)\u00a0foram capazes de promover\u00a0aumento da atividade de Cu\/ZnSOD, MnSOD e FeSOD de plantas de soja e\u00a0foi observado\u00a0altera\u00e7\u00e3o na concentra\u00e7\u00e3o de Fe, Mn e Cu em folhas e ra\u00edzes, de forma que pode-se concluir que o MnDFB apresenta potencial para aumentar a toler\u00e2ncia ao estresse oxidativo, ativando as isoenzimas SOD e alterando a disponibilidade de metais co-fatores dessas isoenzimas.<\/p>\n<p style=\"text-align: justify\">O oz\u00f4nio ocasionou peroxida\u00e7\u00e3o lip\u00eddica em plantas tratadas com MnSO4 e controle, sendo o contr\u00e1rio observado com MnDFB.\u00a0A chuva \u00e1cida n\u00e3o promoveu altera\u00e7\u00e3o no mesofilo nas plantas tratadas com MnDFB como observado em MnSO4 e controle. O aumento na atividade das isoenzimas Cu\/ZnSOD e MnSOD nas plantas tratadas com MnDFB, sob estresse oxidativo,\u00a0indicam que o MnDFB atua sobre as isoenzimas de SOD. Por meio deste estudo, conclui-se que o MnDFB tem potencial para aumentar a toler\u00e2ncia de plantas expostas a 60ppb de oz\u00f4nio e chuva \u00e1cida \u00e0 pH 3,0, no per\u00edodo de exposi\u00e7\u00e3o estudado. Nessas mesmas condi\u00e7\u00f5es, a adi\u00e7\u00e3o de MnSO4 n\u00e3o \u00e9 efetiva como o complexo, indicando que n\u00e3o basta adicionar Mn2+ para o aumento da toler\u00e2ncia.<\/p>\n<p style=\"text-align: justify\">Palavras-chave: Glycine max; Desferrioxamina; Oz\u00f4nio; Chuva \u00e1cida<\/p>\n<div class=\"wc-gallery\"><div id='gallery-1' data-gutter-width='5' data-columns='2' class='gallery wc-gallery-captions-onhover gallery-link-file gallery-masonry galleryid-606 gallery-columns-2 gallery-size-thumbnail wc-gallery-bottomspace-default wc-gallery-clear'><div class='gallery-item gallery-item-position-1 gallery-item-attachment-617'>\n\t\t\t\t<div class='gallery-icon landscape'>\n\t\t\t\t\t<a href='https:\/\/smastr16.blob.core.windows.net\/pgibt\/2013\/09\/jessica2-1024x720.jpg' title='' target='_self'><img width=\"235\" height=\"164\" src=\"https:\/\/smastr16.blob.core.windows.net\/pgibt\/2013\/09\/jessica2-235x164.jpg\" class=\"attachment-thumbnail size-thumbnail\" alt=\"\" decoding=\"async\" loading=\"lazy\" srcset=\"https:\/\/smastr16.blob.core.windows.net\/pgibt\/2013\/09\/jessica2-235x164.jpg 235w, https:\/\/smastr16.blob.core.windows.net\/pgibt\/2013\/09\/jessica2-1024x720.jpg 1024w\" sizes=\"(max-width: 235px) 100vw, 235px\" \/><\/a>\n\t\t\t\t<\/div>\n\t\t\t\t\t<div class='wp-caption-text gallery-caption'>\n\t\t\t\t\t\t<p>\n\t\t\t\t\t\tPlantas de soja durante a exposi\u00e7\u00e3o ao oz\u00f4nio.  O sistema de c\u00e2maras, filtra\u00e7\u00e3o do ar, gera\u00e7\u00e3o e monitoramento de oz\u00f4nio est\u00e1 situado no Instituto de Bot\u00e2nica.\n\t\t\t\t\t\t<\/p>\n\t\t\t\t\t<\/div><\/div><div class='gallery-item gallery-item-position-2 gallery-item-attachment-618'>\n\t\t\t\t<div class='gallery-icon portrait'>\n\t\t\t\t\t<a href='https:\/\/smastr16.blob.core.windows.net\/pgibt\/2013\/09\/jessica1-1024x720.jpg' title='' target='_self'><img width=\"235\" height=\"164\" src=\"https:\/\/smastr16.blob.core.windows.net\/pgibt\/2013\/09\/jessica1-235x164.jpg\" class=\"attachment-thumbnail size-thumbnail\" alt=\"\" decoding=\"async\" loading=\"lazy\" srcset=\"https:\/\/smastr16.blob.core.windows.net\/pgibt\/2013\/09\/jessica1-235x164.jpg 235w, https:\/\/smastr16.blob.core.windows.net\/pgibt\/2013\/09\/jessica1-1024x720.jpg 1024w\" sizes=\"(max-width: 235px) 100vw, 235px\" \/><\/a>\n\t\t\t\t<\/div>\n\t\t\t\t\t<div class='wp-caption-text gallery-caption'>\n\t\t\t\t\t\t<p>\n\t\t\t\t\t\tPlantas de soja dentro das c\u00e2maras de simula\u00e7\u00e3o  de chuva situadas no Departamento de Bot\u00e2nica  da Universidade Federal de Vi\u00e7osa.\n\t\t\t\t\t\t<\/p>\n\t\t\t\t\t<\/div><\/div><\/div>\n<\/div>\n<p style=\"text-align: center\">\n<hr align=\"center\" noshade=\"noshade\" size=\"1\" width=\"100%\" \/>\n<p style=\"text-align: center\"><a href=\"https:\/\/smastr16.blob.core.windows.net\/pgibt\/2013\/09\/pdf_grande.gif\"><img decoding=\"async\" loading=\"lazy\" class=\"aligncenter size-full wp-image-2313\" style=\"border: 0px\" alt=\"pdf_grande\" src=\"https:\/\/smastr16.blob.core.windows.net\/pgibt\/2013\/09\/pdf_grande.gif\" width=\"60\" height=\"60\" \/><\/a><a href=\"https:\/\/smastr16.blob.core.windows.net\/pgibt\/2013\/09\/Jessica_Bordotti_Nobre_Esposito_MS.pdf\" target=\"_blank\">J\u00e9ssica Bordotti Nobre Esposito<br \/>\nInflu\u00eancia do MnDFB na toler\u00e2ncia ao estresse oxidativo em plantas de Glycine max expostas ao oz\u00f4nio e chuva \u00e1cida<\/a><\/p>\n<hr align=\"center\" noshade=\"noshade\" size=\"1\" width=\"100%\" \/>\n<p style=\"text-align: center\"><strong>\u00a0<a href=\"https:\/\/www.infraestruturameioambiente.sp.gov.br\/pgibt\/dissertacoesteses\/\">VOLTAR AS DISSERTA\u00c7\u00d5ES E TESES<\/a><\/strong><\/p>\n<hr align=\"center\" noshade=\"noshade\" size=\"1\" width=\"100%\" \/>\n","protected":false},"excerpt":{"rendered":"<p>J\u00e9ssica Bordotti Nobre Esposito No dia 21 de setembro de 2012, a aluna J\u00e9ssica Bordotti Nobre Esposito, bolsista CAPES do Programa de P\u00f3s Gradua\u00e7\u00e3o em Biodiversidade Vegetal e Meio Ambiente defendeu sua disserta\u00e7\u00e3o de mestrado intitulada \u201cInflu\u00eancia do MnDFB na toler\u00e2ncia ao estresse oxidativo em plantas de\u00a0Glycine max\u00a0expostas ao oz\u00f4nio e chuva \u00e1cida\u201d. A banca [&hellip;]<\/p>\n","protected":false},"author":1,"featured_media":0,"parent":249,"menu_order":0,"comment_status":"closed","ping_status":"closed","template":"fullpage.php","meta":[],"_links":{"self":[{"href":"https:\/\/www.infraestruturameioambiente.sp.gov.br\/pgibt\/wp-json\/wp\/v2\/pages\/606"}],"collection":[{"href":"https:\/\/www.infraestruturameioambiente.sp.gov.br\/pgibt\/wp-json\/wp\/v2\/pages"}],"about":[{"href":"https:\/\/www.infraestruturameioambiente.sp.gov.br\/pgibt\/wp-json\/wp\/v2\/types\/page"}],"author":[{"embeddable":true,"href":"https:\/\/www.infraestruturameioambiente.sp.gov.br\/pgibt\/wp-json\/wp\/v2\/users\/1"}],"replies":[{"embeddable":true,"href":"https:\/\/www.infraestruturameioambiente.sp.gov.br\/pgibt\/wp-json\/wp\/v2\/comments?post=606"}],"version-history":[{"count":0,"href":"https:\/\/www.infraestruturameioambiente.sp.gov.br\/pgibt\/wp-json\/wp\/v2\/pages\/606\/revisions"}],"up":[{"embeddable":true,"href":"https:\/\/www.infraestruturameioambiente.sp.gov.br\/pgibt\/wp-json\/wp\/v2\/pages\/249"}],"wp:attachment":[{"href":"https:\/\/www.infraestruturameioambiente.sp.gov.br\/pgibt\/wp-json\/wp\/v2\/media?parent=606"}],"curies":[{"name":"wp","href":"https:\/\/api.w.org\/{rel}","templated":true}]}}