{"id":604,"date":"2013-09-16T15:16:38","date_gmt":"2013-09-16T18:16:38","guid":{"rendered":"https:\/\/www.infraestruturameioambiente.sp.gov.br\/pgibt\/?page_id=604"},"modified":"2013-09-16T15:16:38","modified_gmt":"2013-09-16T18:16:38","slug":"2005-michel-navarro","status":"publish","type":"page","link":"https:\/\/www.infraestruturameioambiente.sp.gov.br\/pgibt\/dissertacoesteses\/2005-michel-navarro\/","title":{"rendered":"Michel Navarro Benatti MS"},"content":{"rendered":"<h2 style=\"text-align: center\"><a href=\"https:\/\/smastr16.blob.core.windows.net\/pgibt\/2015\/02\/faixapos6.jpg\"><img decoding=\"async\" loading=\"lazy\" class=\"aligncenter size-full wp-image-3777\" style=\"border: 0px\" alt=\"faixapos6\" src=\"https:\/\/smastr16.blob.core.windows.net\/pgibt\/2015\/02\/faixapos6.jpg\" width=\"950\" height=\"163\" srcset=\"https:\/\/smastr16.blob.core.windows.net\/pgibt\/2015\/02\/faixapos6.jpg 950w, https:\/\/smastr16.blob.core.windows.net\/pgibt\/2015\/02\/faixapos6-768x131.jpg 768w\" sizes=\"(max-width: 950px) 100vw, 950px\" \/><\/a><\/h2>\n<hr align=\"center\" noshade=\"noshade\" size=\"1\" width=\"100%\" \/>\n<h2 style=\"text-align: center\">Michel Navarro Benatti<\/h2>\n<hr align=\"center\" noshade=\"noshade\" size=\"1\" width=\"100%\" \/>\n<p style=\"text-align: center\">Michel Navarro Benatti, aluno do Programa de P\u00f3s-gradua\u00e7\u00e3o em Biodiversidade Vegetal e Meio Ambiente do Instituto de Bot\u00e2nica de S\u00e3o Paulo (IBt) e bolsista CNPq defendeu no dia 23 de setembro de 2005 sua disserta\u00e7\u00e3o de Mestrado, intitulada:<br \/>\n&#8220;Os G\u00eaneros<em>\u00a0Canomaculina, Parmotrema<\/em>\u00a0e\u00a0<em>Rimelia <\/em>(Parmeliaceae, Ascomycetes)\u00a0no litoral centro-sul do Estado de S\u00e3o Paulo&#8221;.<\/p>\n<p style=\"text-align: center\">A banca examinadora foi composta pelo seu orientador, Dr. Marcelo Pinto Marcelli (Instituto de Bot\u00e2nica), pelo Dr. Adauto Ivo Milanez (Instituto de Bot\u00e2nica)<br \/>\ne pela Dra. Vera L\u00facia Ramos Bononi (Universidade Presbiteriana Mackenzie).<\/p>\n<p style=\"text-align: center\"><a style=\"font-size: 1.5em;line-height: 1.5em\" href=\"https:\/\/smastr16.blob.core.windows.net\/pgibt\/2013\/09\/Michel1.jpg\"><img decoding=\"async\" loading=\"lazy\" class=\"aligncenter\" alt=\"Apresenta\u00e7\u00e3o\" src=\"https:\/\/smastr16.blob.core.windows.net\/pgibt\/2013\/09\/Michel1.jpg\" width=\"260\" height=\"195\" \/><\/a><\/p>\n<p>&nbsp;<\/p>\n<hr align=\"center\" noshade=\"noshade\" size=\"1\" width=\"100%\" \/>\n<h3 style=\"text-align: center\"><strong>Os G\u00eaneros\u00a0<em>Canomaculina, Parmotrema<\/em>\u00a0e\u00a0<em>Rimelia <\/em>(Parmeliaceae, Ascomycetes)<br \/>\nno litoral centro-sul do Estado de S\u00e3o Paulo<\/strong><\/h3>\n<hr align=\"center\" noshade=\"noshade\" size=\"1\" width=\"100%\" \/>\n<h4 style=\"text-align: center\"><strong>RESUMO<\/strong><\/h4>\n<p style=\"text-align: justify\">Este trabalho consiste no levantamento e descri\u00e7\u00e3o das esp\u00e9cies de Parmeliaceae (fungos liquenizados) pertencentes aos g\u00eaneros\u00a0<em>Canomaculina Elix &amp; Hale, Parmotrema Massalongo<\/em>\u00a0e<em>\u00a0Rimelia Hale &amp; Fletcher<\/em>\u00a0que ocorrem nos ecossistemas costeiros do litoral centro-sul do Estado de S\u00e3o Paulo, Brasil, em \u00e1reas de restingas, manguezais, cost\u00f5es rochosos e zonas urbanas, desde o munic\u00edpio de Bertioga (central) aos munic\u00edpio de Canan\u00e9ia e Ilha Comprida quase na divisa com o Estado do Paran\u00e1, por\u00e9m incluindo algum material coletado no litoral norte do estado. Foram encontradas ao todo 66 esp\u00e9cies pertencentes aos 3 g\u00eaneros:\u00a0<em>Canomaculina (6), Parmotrema (53), e Rimelia (7)<\/em>. Dezesseis das esp\u00e9cies encontradas (ca. 25% do total) s\u00e3o novas para a Ci\u00eancia, sendo uma de\u00a0<em>Canomaculina (C. subreparata Marcelli &amp; Benatti)<\/em>\u00a0e quinze de\u00a0<em>Parmotrema (P. anchietanum Marcelli &amp;Benatti, P. asperum Benatti &amp; Marcelli, P. columnatum Benatti &amp; Marcelli, P. conidioarcuatum Benatti &amp; Marcelli, P. damazioi Marcelli &amp; Benatti, P. eitenii Marcelli&amp; Benatti, P. eliasaroanum Benatti &amp; Marcelli, P. graniticum Benatti &amp; Marcelli, P. hyperlaciniatulum Benatti &amp; Marcelli, P. hypermaculatum Marcelli &amp; Benatti, P. milanezii Marcelli &amp; Benatti, P. neoperlatum Marcelli &amp; Benatti, P. pycnidiocarpum Benatti &amp;Marcelli, P. pseudodilatatum Benatti &amp; Marcelli e P. restingense Marcelli &amp; Benatti)<\/em>. Treze das esp\u00e9cies encontradas (ca. 20%) s\u00e3o novas cita\u00e7\u00f5es para o Estado de S\u00e3o Paulo\u00a0<em>(Parmotrema allardii, P. aurantiacoparvum, P. ciliiferum, P. cryptoxanthoides, P. eciliatum, P. expansum, P. indicum, P. neomellissii, P. rubifaciens, P. sorediosulphuratum, P. zicoi, Rimelia clavulifera e R. divaricatica); Canomaculina laciniella Ferraro &amp; Elix e Parmotrema merrillii (Vainio) Hale<\/em>\u00a0s\u00e3o duas novas cita\u00e7\u00f5es para o Brasil; e\u00a0<em>Parmotrema elacinulatum<\/em>\u00a0\u00e9 uma nova cita\u00e7\u00e3o para o continente americano. Somadas as esp\u00e9cies novas \u00e0s novas cita\u00e7\u00f5es,ao todo ca. 50 % das esp\u00e9cies deste trabalho consistem em novidades taxon\u00f4micas. S\u00e3o apresentadas neste trabalho chaves de identifica\u00e7\u00e3o, descri\u00e7\u00f5es, coment\u00e1rios e ilustra\u00e7\u00f5es para todas as esp\u00e9cies encontradas.<\/p>\n<p style=\"text-align: center\"><a href=\"https:\/\/smastr16.blob.core.windows.net\/pgibt\/2013\/09\/michel2.jpg\"><img decoding=\"async\" loading=\"lazy\" class=\"alignnone  wp-image-611\" alt=\"Parmotrema madilynae\" src=\"https:\/\/smastr16.blob.core.windows.net\/pgibt\/2013\/09\/michel2.jpg\" width=\"160\" height=\"119\" srcset=\"https:\/\/smastr16.blob.core.windows.net\/pgibt\/2013\/09\/michel2.jpg 242w, https:\/\/smastr16.blob.core.windows.net\/pgibt\/2013\/09\/michel2-768x574.jpg 768w\" sizes=\"(max-width: 160px) 100vw, 160px\" \/><\/a>\u00a0<a href=\"https:\/\/smastr16.blob.core.windows.net\/pgibt\/2013\/09\/michel3.jpg\"><img decoding=\"async\" loading=\"lazy\" class=\"alignnone  wp-image-612\" alt=\"Parmotrema dilatatum\" src=\"https:\/\/smastr16.blob.core.windows.net\/pgibt\/2013\/09\/michel3.jpg\" width=\"160\" height=\"119\" \/><\/a>\u00a0<a href=\"https:\/\/smastr16.blob.core.windows.net\/pgibt\/2013\/09\/michel4.jpg\"><img decoding=\"async\" loading=\"lazy\" class=\"alignnone  wp-image-613\" alt=\"Vista interna de restinga em Peru\u00edbe, S\u00e3o Paulo\" src=\"https:\/\/smastr16.blob.core.windows.net\/pgibt\/2013\/09\/michel4.jpg\" width=\"129\" height=\"187\" srcset=\"https:\/\/smastr16.blob.core.windows.net\/pgibt\/2013\/09\/michel4.jpg 195w, https:\/\/smastr16.blob.core.windows.net\/pgibt\/2013\/09\/michel4-768x1114.jpg 768w\" sizes=\"(max-width: 129px) 100vw, 129px\" \/><\/a>\u00a0<a href=\"https:\/\/smastr16.blob.core.windows.net\/pgibt\/2013\/09\/michel5.jpg\"><img decoding=\"async\" loading=\"lazy\" class=\"alignnone  wp-image-614\" alt=\"Vista interna de manguezal em Itanha\u00e9m, S\u00e3o Paulo\" src=\"https:\/\/smastr16.blob.core.windows.net\/pgibt\/2013\/09\/michel5.jpg\" width=\"129\" height=\"175\" srcset=\"https:\/\/smastr16.blob.core.windows.net\/pgibt\/2013\/09\/michel5.jpg 198w, https:\/\/smastr16.blob.core.windows.net\/pgibt\/2013\/09\/michel5-768x1043.jpg 768w\" sizes=\"(max-width: 129px) 100vw, 129px\" \/><\/a><\/p>\n<hr align=\"center\" noshade=\"noshade\" size=\"1\" width=\"100%\" \/>\n<p style=\"text-align: center\"><a href=\"https:\/\/smastr16.blob.core.windows.net\/pgibt\/2013\/09\/pdf_grande.gif\"><img decoding=\"async\" loading=\"lazy\" class=\"aligncenter size-full wp-image-2313\" style=\"border: 0px\" alt=\"pdf_grande\" src=\"https:\/\/smastr16.blob.core.windows.net\/pgibt\/2013\/09\/pdf_grande.gif\" width=\"60\" height=\"60\" \/><\/a><a href=\"https:\/\/smastr16.blob.core.windows.net\/pgibt\/2013\/09\/Michel_Navarro_Benatti_MS.pdf\" target=\"_blank\">Michel Navarro Benatti<br \/>\nOs G\u00eaneros\u00a0<em>Canomaculina, Parmotrema\u00a0<\/em>e\u00a0<em>Rimelia <\/em>(Parmeliaceae, Ascomycetes) no litoral centro-sul do Estado de S\u00e3o Paulo<\/a><\/p>\n<hr align=\"center\" noshade=\"noshade\" size=\"1\" width=\"100%\" \/>\n<p style=\"text-align: center\"><strong>\u00a0<a href=\"https:\/\/www.infraestruturameioambiente.sp.gov.br\/pgibt\/dissertacoesteses\/\">VOLTAR AS DISSERTA\u00c7\u00d5ES E TESES<\/a><\/strong><\/p>\n<hr align=\"center\" noshade=\"noshade\" size=\"1\" width=\"100%\" \/>\n","protected":false},"excerpt":{"rendered":"<p>Michel Navarro Benatti Michel Navarro Benatti, aluno do Programa de P\u00f3s-gradua\u00e7\u00e3o em Biodiversidade Vegetal e Meio Ambiente do Instituto de Bot\u00e2nica de S\u00e3o Paulo (IBt) e bolsista CNPq defendeu no dia 23 de setembro de 2005 sua disserta\u00e7\u00e3o de Mestrado, intitulada: &#8220;Os G\u00eaneros\u00a0Canomaculina, Parmotrema\u00a0e\u00a0Rimelia (Parmeliaceae, Ascomycetes)\u00a0no litoral centro-sul do Estado de S\u00e3o Paulo&#8221;. A banca [&hellip;]<\/p>\n","protected":false},"author":1,"featured_media":0,"parent":249,"menu_order":0,"comment_status":"closed","ping_status":"open","template":"fullpage.php","meta":[],"_links":{"self":[{"href":"https:\/\/www.infraestruturameioambiente.sp.gov.br\/pgibt\/wp-json\/wp\/v2\/pages\/604"}],"collection":[{"href":"https:\/\/www.infraestruturameioambiente.sp.gov.br\/pgibt\/wp-json\/wp\/v2\/pages"}],"about":[{"href":"https:\/\/www.infraestruturameioambiente.sp.gov.br\/pgibt\/wp-json\/wp\/v2\/types\/page"}],"author":[{"embeddable":true,"href":"https:\/\/www.infraestruturameioambiente.sp.gov.br\/pgibt\/wp-json\/wp\/v2\/users\/1"}],"replies":[{"embeddable":true,"href":"https:\/\/www.infraestruturameioambiente.sp.gov.br\/pgibt\/wp-json\/wp\/v2\/comments?post=604"}],"version-history":[{"count":0,"href":"https:\/\/www.infraestruturameioambiente.sp.gov.br\/pgibt\/wp-json\/wp\/v2\/pages\/604\/revisions"}],"up":[{"embeddable":true,"href":"https:\/\/www.infraestruturameioambiente.sp.gov.br\/pgibt\/wp-json\/wp\/v2\/pages\/249"}],"wp:attachment":[{"href":"https:\/\/www.infraestruturameioambiente.sp.gov.br\/pgibt\/wp-json\/wp\/v2\/media?parent=604"}],"curies":[{"name":"wp","href":"https:\/\/api.w.org\/{rel}","templated":true}]}}