{"id":595,"date":"2013-09-16T14:41:45","date_gmt":"2013-09-16T17:41:45","guid":{"rendered":"https:\/\/www.infraestruturameioambiente.sp.gov.br\/pgibt\/?page_id=595"},"modified":"2013-09-16T14:41:45","modified_gmt":"2013-09-16T17:41:45","slug":"2012-gisele-carolina-marquardt","status":"publish","type":"page","link":"https:\/\/www.infraestruturameioambiente.sp.gov.br\/pgibt\/dissertacoesteses\/2012-gisele-carolina-marquardt\/","title":{"rendered":"Gisele Carolina Marquardt MS"},"content":{"rendered":"<h2 style=\"text-align: center\"><a href=\"https:\/\/smastr16.blob.core.windows.net\/pgibt\/2015\/02\/faixapos6.jpg\"><img decoding=\"async\" loading=\"lazy\" class=\"aligncenter size-full wp-image-3777\" style=\"border: 0px\" alt=\"faixapos6\" src=\"https:\/\/smastr16.blob.core.windows.net\/pgibt\/2015\/02\/faixapos6.jpg\" width=\"950\" height=\"163\" srcset=\"https:\/\/smastr16.blob.core.windows.net\/pgibt\/2015\/02\/faixapos6.jpg 950w, https:\/\/smastr16.blob.core.windows.net\/pgibt\/2015\/02\/faixapos6-768x131.jpg 768w\" sizes=\"(max-width: 950px) 100vw, 950px\" \/><\/a><\/h2>\n<hr align=\"center\" noshade=\"noshade\" size=\"1\" width=\"100%\" \/>\n<h2 style=\"text-align: center\">Gisele Carolina Marquardt<\/h2>\n<hr align=\"center\" noshade=\"noshade\" size=\"1\" width=\"100%\" \/>\n<p style=\"text-align: center\">No dia 28 de setembro de 2012, a aluna Gisele Carolina Marquardt, do Programa de P\u00f3s Gradua\u00e7\u00e3o em Biodiversidade Vegetal e Meio Ambiente defendeu sua disserta\u00e7\u00e3o de mestrado intitulada \u201cA Ordem Cymbellales (Bacillariophyceae) no Estado de S\u00e3o Paulo: levantamento flor\u00edstico\u201d.<\/p>\n<p style=\"text-align: center\">Este trabalho contou com o apoio financeiro da Funda\u00e7\u00e3o de Amparo a Pesquisa do Estado de S\u00e3o Paulo (FAPESP &#8211; n\u00b0 2010\/1465-8).A banca examinadora foi composta pelo orientador,\u00a0Dr. Carlos Eduardo de Mattos Bicudo (N\u00facleo de Pesquisa em Ecologia\/IBt),\u00a0Dra. Lezilda Carvalho Torgan (FZB\/RS) e Dra. Fernanda Ferrari (UTFPR).<\/p>\n<hr align=\"center\" noshade=\"noshade\" size=\"1\" width=\"100%\" \/>\n<h3 style=\"text-align: center\"><strong>A Ordem Cymbellales (Bacillariophyceae) no Estado de S\u00e3o Paulo: levantamento flor\u00edstico<\/strong><\/h3>\n<hr align=\"center\" noshade=\"noshade\" size=\"1\" width=\"100%\" \/>\n<h4 style=\"text-align: center\"><strong>RESUMO<\/strong><\/h4>\n<p style=\"text-align: justify\">\u00c9 apresentado o levantamento flor\u00edstico da ordem Cymbellales (Bacillariophyceae) do estado de S\u00e3o Paulo com base na an\u00e1lise de 130 unidades amostrais coletadas de 75 munic\u00edpios do estado. Para o estudo, amostras de pl\u00e2ncton foram obtidas com aux\u00edlio de rede e as de perif\u00edton por coleta e remo\u00e7\u00e3o das diatom\u00e1ceas aderidas aos talos de macr\u00f3fitas aqu\u00e1ticas submersas. As amostras foram oxidadas e analisadas sobre microscopia de luz e microscopia eletr\u00f4nica de varredura. Seis g\u00eaneros e um total de 82 \u00e1xons foram identificados, descritos, ilustrados e comentados, quando necess\u00e1rio. Caracter\u00edsticas morfol\u00f3gicas e dimens\u00f5es das fr\u00fastulas foram providenciadas para todos os taxa registrados.\u00a0<em>Gomphonema<\/em>\u00a0e\u00a0<em>Placoneis<\/em>\u00a0foram os g\u00eaneros mais representativos no Estado de S\u00e3o Paulo por contribu\u00edrem, respectivamente, com 44,1% (37 t\u00e1xons) e 17,4% (13 t\u00e1xons) do total dos t\u00e1xons identificados.\u00a0<em>Encyonema<\/em>contribuiu, por sua vez, com 13,9% (12 t\u00e1xons) do total identificado,\u00a0<em>Encyonopsis\u00a0<\/em>com 11,6% (10 t\u00e1xons),\u00a0<em>Cymbella\u00a0<\/em>com 9,3% (8 t\u00e1xons) e\u00a0<em>Cymbopleura<\/em>\u00a0com 3,4% (3 t\u00e1xons). 29 t\u00e1xons apresentaram distribui\u00e7\u00e3o restrita nos ambientes estudados, pois foram registrados em apenas uma das amostras analisadas. 36 t\u00e1xons (45,3%) s\u00e3o novas cita\u00e7\u00f5es para o estado, sendo 13 delas representantes do g\u00eanero<em>Placoneis<\/em>. Ainda, 26 t\u00e1xons foram identificados apenas em n\u00edvel gen\u00e9rico devido \u00e0 aus\u00eancia de ilustra\u00e7\u00f5es ou descri\u00e7\u00f5es de indiv\u00edduos morfologicamente semelhantes na literatura cl\u00e1ssica dispon\u00edvel, sendo que, alguns deles foram de ocorr\u00eancia limitada nas amostras analisadas, dificultando a identifica\u00e7\u00e3o devendo, portanto ser alvo de estudos posteriores.\u00a0 Deste modo, este levantamento contribui tanto para o conhecimento da biodiversidade diatomol\u00f3gica do Estado de S\u00e3o Paulo quanto para a distribui\u00e7\u00e3o geogr\u00e1fica das esp\u00e9cies, al\u00e9m de fornecer dados para futuros estudos taxon\u00f4micos e ecol\u00f3gicos.<\/p>\n<p style=\"text-align: justify\"><strong>Palavras-chave:<\/strong>\u00a0Diatom\u00e1ceas, taxonomia, Cymbellales, S\u00e3o Paulo.<\/p>\n<hr align=\"center\" noshade=\"noshade\" size=\"1\" width=\"100%\" \/>\n<p style=\"text-align: center\"><a href=\"https:\/\/smastr16.blob.core.windows.net\/pgibt\/2013\/09\/pdf_grande.gif\"><img decoding=\"async\" loading=\"lazy\" class=\"aligncenter size-full wp-image-2313\" style=\"border: 0px\" alt=\"pdf_grande\" src=\"https:\/\/smastr16.blob.core.windows.net\/pgibt\/2013\/09\/pdf_grande.gif\" width=\"60\" height=\"60\" \/><\/a><a href=\"https:\/\/smastr16.blob.core.windows.net\/pgibt\/2013\/09\/Gisele_Carolina_Marquardt_MS.pdf\" target=\"_blank\">Gisele Carolina Marquardt<br \/>\nA Ordem Cymbellales (Bacillariophyceae) no Estado de S\u00e3o Paulo: levantamento flor\u00edstico<\/a><\/p>\n<hr align=\"center\" noshade=\"noshade\" size=\"1\" width=\"100%\" \/>\n<p style=\"text-align: center\"><strong>\u00a0<a href=\"https:\/\/www.infraestruturameioambiente.sp.gov.br\/pgibt\/dissertacoesteses\/\">VOLTAR AS DISSERTA\u00c7\u00d5ES E TESES<\/a><\/strong><\/p>\n<hr align=\"center\" noshade=\"noshade\" size=\"1\" width=\"100%\" \/>\n","protected":false},"excerpt":{"rendered":"<p>Gisele Carolina Marquardt No dia 28 de setembro de 2012, a aluna Gisele Carolina Marquardt, do Programa de P\u00f3s Gradua\u00e7\u00e3o em Biodiversidade Vegetal e Meio Ambiente defendeu sua disserta\u00e7\u00e3o de mestrado intitulada \u201cA Ordem Cymbellales (Bacillariophyceae) no Estado de S\u00e3o Paulo: levantamento flor\u00edstico\u201d. Este trabalho contou com o apoio financeiro da Funda\u00e7\u00e3o de Amparo a [&hellip;]<\/p>\n","protected":false},"author":1,"featured_media":0,"parent":249,"menu_order":0,"comment_status":"closed","ping_status":"closed","template":"fullpage.php","meta":[],"_links":{"self":[{"href":"https:\/\/www.infraestruturameioambiente.sp.gov.br\/pgibt\/wp-json\/wp\/v2\/pages\/595"}],"collection":[{"href":"https:\/\/www.infraestruturameioambiente.sp.gov.br\/pgibt\/wp-json\/wp\/v2\/pages"}],"about":[{"href":"https:\/\/www.infraestruturameioambiente.sp.gov.br\/pgibt\/wp-json\/wp\/v2\/types\/page"}],"author":[{"embeddable":true,"href":"https:\/\/www.infraestruturameioambiente.sp.gov.br\/pgibt\/wp-json\/wp\/v2\/users\/1"}],"replies":[{"embeddable":true,"href":"https:\/\/www.infraestruturameioambiente.sp.gov.br\/pgibt\/wp-json\/wp\/v2\/comments?post=595"}],"version-history":[{"count":0,"href":"https:\/\/www.infraestruturameioambiente.sp.gov.br\/pgibt\/wp-json\/wp\/v2\/pages\/595\/revisions"}],"up":[{"embeddable":true,"href":"https:\/\/www.infraestruturameioambiente.sp.gov.br\/pgibt\/wp-json\/wp\/v2\/pages\/249"}],"wp:attachment":[{"href":"https:\/\/www.infraestruturameioambiente.sp.gov.br\/pgibt\/wp-json\/wp\/v2\/media?parent=595"}],"curies":[{"name":"wp","href":"https:\/\/api.w.org\/{rel}","templated":true}]}}