{"id":5923,"date":"2017-04-13T11:52:53","date_gmt":"2017-04-13T14:52:53","guid":{"rendered":"https:\/\/www.infraestruturameioambiente.sp.gov.br\/pgibt\/?page_id=5923"},"modified":"2018-05-23T12:23:44","modified_gmt":"2018-05-23T15:23:44","slug":"2015-cecilia-hissami-kano-ms","status":"publish","type":"page","link":"https:\/\/www.infraestruturameioambiente.sp.gov.br\/pgibt\/dissertacoesteses\/2015-cecilia-hissami-kano-ms\/","title":{"rendered":"Cecilia Hissami Kano MS"},"content":{"rendered":"<h2 style=\"text-align: center\"><a href=\"https:\/\/smastr16.blob.core.windows.net\/pgibt\/2015\/02\/faixapos6.jpg\"><img decoding=\"async\" loading=\"lazy\" class=\"aligncenter size-full wp-image-3777\" style=\"border: 0px\" src=\"https:\/\/smastr16.blob.core.windows.net\/pgibt\/2015\/02\/faixapos6.jpg\" alt=\"faixapos6\" width=\"950\" height=\"163\" srcset=\"https:\/\/smastr16.blob.core.windows.net\/pgibt\/2015\/02\/faixapos6.jpg 950w, https:\/\/smastr16.blob.core.windows.net\/pgibt\/2015\/02\/faixapos6-768x131.jpg 768w\" sizes=\"(max-width: 950px) 100vw, 950px\" \/><\/a><\/h2>\n<hr align=\"center\" noshade=\"noshade\" size=\"1\" width=\"100%\" \/>\n<h2 style=\"text-align: center\">Cecilia Hissami Kano<\/h2>\n<hr align=\"center\" noshade=\"noshade\" size=\"1\" width=\"100%\" \/>\n<p style=\"text-align: center\">No dia 28 de abril de 2015, a aluna do Programa de P\u00f3s-Gradua\u00e7\u00e3o em Biodiversidade Vegetal e Meio Ambiente do Instituto de Bot\u00e2nica (IBt), Cecilia Hissami Kano (Bolsista CAPES), defendeu sua disserta\u00e7\u00e3o de mestrado intitulada \u201cDelesseriaceae (ceramiales, Rhodophyta) no sudeste brasileiro baseada em morfologia, DNA barcode e distribui\u00e7\u00e3o geogr\u00e1fica\u201d.<\/p>\n<p style=\"text-align: center\">O trabalho foi orientado pela Dra. Mutue Toyota Fujii, do N\u00facleo de Pesquisa em Ficologia do Instituto de Bot\u00e2nica. A banca examinadora foi composta pela Dra. Luciana Mutue Toyota Fujii, Dra. Val\u00e9ria Cassano (USP) e Dr. Jos\u00e9 Marcos de Castro Nunes.<\/p>\n<p style=\"text-align: center\">No presente estudo, foram identificadas 16 esp\u00e9cies de Delesseriaceae, constitu\u00eddas por oito g\u00eaneros: <em>Acrosorium<\/em>, <em>Apoglossum, Caloglossa, Cryptopleura, Haraldia, Hypoglossum, Nitophyllum <\/em>e <em>Taenioma.<\/em><\/p>\n<p style=\"text-align: center\"><em>Caloglossa<\/em> foi o g\u00eanero mais bem representado e atrav\u00e9s da an\u00e1lise de Neighbor Joining aplicado com prop\u00f3sito de barcodes corroborou com a identifica\u00e7\u00e3o de <em>Caloglossa rotundata<\/em>, pela primeira vez para o Brasil, e de nova ocorr\u00eancia de <em>Caloglossa confusa<\/em> para Piau\u00ed e Paran\u00e1.<\/p>\n<hr align=\"center\" noshade=\"noshade\" size=\"1\" width=\"100%\" \/>\n<h3 style=\"text-align: center\">Delesseriaceae (ceramiales, Rhodophyta) no sudeste brasileiro baseada em morfologia, DNA barcode e distribui\u00e7\u00e3o geogr\u00e1fica<\/h3>\n<hr align=\"center\" noshade=\"noshade\" size=\"1\" width=\"100%\" \/>\n<h4 style=\"text-align: center\"><strong>RESUMO<\/strong><\/h4>\n<p style=\"text-align: justify\">Delesseriaceae \u00e9 composta atualmente por 469 esp\u00e9cies amplamente distribu\u00eddas. Alguns crit\u00e9rios para o reconhecimento de g\u00eaneros e esp\u00e9cies tem se mostrado inconsistentes, tornando a delimita\u00e7\u00e3o taxon\u00f4mica uma tarefa dif\u00edcil. Muitos dos crit\u00e9rios para delimita\u00e7\u00e3o de esp\u00e9cies s\u00e3o baseados em estruturas reprodutivas, por\u00e9m h\u00e1 uma grande dificuldade em encontrar plantas f\u00e9rteis principalmente os gamet\u00f3fitos. Em vista disso, estudos morfol\u00f3gicos e moleculares foram realizados para auxiliar na identifica\u00e7\u00e3o das esp\u00e9cies estudadas. Entretanto, nem todas as esp\u00e9cies foram pass\u00edveis de acessar molecularmente devido ao seu tamanho reduzido e biomassa insuficiente, mesmo ap\u00f3s cultivar os exemplares coletados na natureza em laborat\u00f3rio. No Brasil, h\u00e1 refer\u00eancia de 26 esp\u00e9cies de Delesseriaceae, distribu\u00eddos em 15 g\u00eaneros. Assim, o objetivo deste trabalho foi estudar as esp\u00e9cies de Delesseriaceae no litoral sudeste do Brasil. No presente estudo, foram identificadas 16 esp\u00e9cies de Delesseriaceae, constitu\u00eddas por oito g\u00eaneros: <em>Acrosorium<\/em>, <em>Apoglossum, Caloglossa, Cryptopleura, Haraldia, Hypoglossum, Nitophyllum <\/em>e <em>Taenioma. Caloglossa<\/em> foi o g\u00eanero mais bem representado, com quarto esp\u00e9cies, seguido por <em>Cryptopleura <\/em>e <em>Hypoglossum, <\/em>com tr\u00eas esp\u00e9cies cada e <em>Nitophyllum <\/em>com duas; todos os demais g\u00eaneros foram representados por apenas uma esp\u00e9cie. Os agrupamentos das esp\u00e9cies obtidos com os marcadores plastidiais <em>rbc<\/em>L e UPA, atrav\u00e9s da an\u00e1lise de Neighbor Joining aplicado com prop\u00f3sito de barcodes corroborou com a identifica\u00e7\u00e3o de <em>Caloglossa rotundata<\/em>, pela primeira vez para o Brasil, e de nova ocorr\u00eancia de <em>Caloglossa confusa<\/em> para Piau\u00ed e Paran\u00e1. <em>Acrosorium ciliolatum<\/em> revelou estar intimamente relacionada \u00e0s esp\u00e9cies de <em>Cryptopleura<\/em>, sugerindo a necessidade de estudos mais amplos para o posicionamento correto desse t\u00e1xon. Ainda, os g\u00eaneros <em>Cryptopleura<\/em> e <em>Hypoglossum<\/em> n\u00e3o foram confirmados como monofil\u00e9ticos, necessitando de estudos mais aprofundados para esclarecer a posi\u00e7\u00e3o taxon\u00f4mica dessas esp\u00e9cies.<br \/>\n<strong>Palavras-chave<\/strong>:\u00a0<em>barcoding<\/em>, biodiversidade, morfologia, taxonomia, <em>rbc<\/em>L<\/p>\n<hr align=\"center\" noshade=\"noshade\" size=\"1\" width=\"100%\" \/>\n<p style=\"text-align: center\"><a href=\"https:\/\/smastr16.blob.core.windows.net\/pgibt\/2017\/04\/dissertacao-final-corrigido.pdf\"><img decoding=\"async\" loading=\"lazy\" class=\"aligncenter\" src=\"https:\/\/smastr16.blob.core.windows.net\/pgibt\/2013\/09\/pdf_grande.gif\" alt=\"pdf_grande\" width=\"60\" height=\"60\" \/><\/a><a href=\"https:\/\/smastr16.blob.core.windows.net\/pgibt\/2017\/04\/dissertacao-final-corrigido.pdf\">Cecilia Hissami Kano<br \/>\nDelesseriaceae (ceramiales, Rhodophyta) no sudeste brasileiro baseada em morfologia, DNA barcode e distribui\u00e7\u00e3o geogr\u00e1fica<br \/>\n<\/a><\/p>\n<hr align=\"center\" noshade=\"noshade\" size=\"1\" width=\"100%\" \/>\n<p style=\"text-align: center\"><strong> <a href=\"https:\/\/www.infraestruturameioambiente.sp.gov.br\/pgibt\/dissertacoesteses\/\">VOLTAR AS DISSERTA\u00c7\u00d5ES E TESES<\/a><\/strong><\/p>\n<hr align=\"center\" noshade=\"noshade\" size=\"1\" width=\"100%\" \/>\n","protected":false},"excerpt":{"rendered":"<p>Cecilia Hissami Kano No dia 28 de abril de 2015, a aluna do Programa de P\u00f3s-Gradua\u00e7\u00e3o em Biodiversidade Vegetal e Meio Ambiente do Instituto de Bot\u00e2nica (IBt), Cecilia Hissami Kano (Bolsista CAPES), defendeu sua disserta\u00e7\u00e3o de mestrado intitulada \u201cDelesseriaceae (ceramiales, Rhodophyta) no sudeste brasileiro baseada em morfologia, DNA barcode e distribui\u00e7\u00e3o geogr\u00e1fica\u201d. O trabalho foi [&hellip;]<\/p>\n","protected":false},"author":63,"featured_media":0,"parent":249,"menu_order":0,"comment_status":"closed","ping_status":"closed","template":"","meta":[],"_links":{"self":[{"href":"https:\/\/www.infraestruturameioambiente.sp.gov.br\/pgibt\/wp-json\/wp\/v2\/pages\/5923"}],"collection":[{"href":"https:\/\/www.infraestruturameioambiente.sp.gov.br\/pgibt\/wp-json\/wp\/v2\/pages"}],"about":[{"href":"https:\/\/www.infraestruturameioambiente.sp.gov.br\/pgibt\/wp-json\/wp\/v2\/types\/page"}],"author":[{"embeddable":true,"href":"https:\/\/www.infraestruturameioambiente.sp.gov.br\/pgibt\/wp-json\/wp\/v2\/users\/63"}],"replies":[{"embeddable":true,"href":"https:\/\/www.infraestruturameioambiente.sp.gov.br\/pgibt\/wp-json\/wp\/v2\/comments?post=5923"}],"version-history":[{"count":1,"href":"https:\/\/www.infraestruturameioambiente.sp.gov.br\/pgibt\/wp-json\/wp\/v2\/pages\/5923\/revisions"}],"predecessor-version":[{"id":6447,"href":"https:\/\/www.infraestruturameioambiente.sp.gov.br\/pgibt\/wp-json\/wp\/v2\/pages\/5923\/revisions\/6447"}],"up":[{"embeddable":true,"href":"https:\/\/www.infraestruturameioambiente.sp.gov.br\/pgibt\/wp-json\/wp\/v2\/pages\/249"}],"wp:attachment":[{"href":"https:\/\/www.infraestruturameioambiente.sp.gov.br\/pgibt\/wp-json\/wp\/v2\/media?parent=5923"}],"curies":[{"name":"wp","href":"https:\/\/api.w.org\/{rel}","templated":true}]}}