{"id":5893,"date":"2017-04-11T11:28:44","date_gmt":"2017-04-11T14:28:44","guid":{"rendered":"https:\/\/www.infraestruturameioambiente.sp.gov.br\/pgibt\/?page_id=5893"},"modified":"2017-04-11T11:28:44","modified_gmt":"2017-04-11T14:28:44","slug":"2015-livia-franco-da-costa-ms","status":"publish","type":"page","link":"https:\/\/www.infraestruturameioambiente.sp.gov.br\/pgibt\/dissertacoesteses\/2015-livia-franco-da-costa-ms\/","title":{"rendered":"L\u00edvia Franco da Costa MS"},"content":{"rendered":"<h2 style=\"text-align: center\"><a href=\"https:\/\/smastr16.blob.core.windows.net\/pgibt\/2015\/02\/faixapos6.jpg\"><img decoding=\"async\" loading=\"lazy\" class=\"aligncenter size-full wp-image-3777\" style=\"border: 0px\" src=\"https:\/\/smastr16.blob.core.windows.net\/pgibt\/2015\/02\/faixapos6.jpg\" alt=\"faixapos6\" width=\"950\" height=\"163\" srcset=\"https:\/\/smastr16.blob.core.windows.net\/pgibt\/2015\/02\/faixapos6.jpg 950w, https:\/\/smastr16.blob.core.windows.net\/pgibt\/2015\/02\/faixapos6-768x131.jpg 768w\" sizes=\"(max-width: 950px) 100vw, 950px\" \/><\/a><\/h2>\n<hr align=\"center\" noshade=\"noshade\" size=\"1\" width=\"100%\" \/>\n<h2 style=\"text-align: center\">L\u00edvia Franco da Costa<\/h2>\n<hr align=\"center\" noshade=\"noshade\" size=\"1\" width=\"100%\" \/>\n<p style=\"text-align: center\">No dia 15 de dezembro de 2015, \u00e0s 14:00, a aluna da p\u00f3s-gradua\u00e7\u00e3o em Biodiversidade Vegetal e Meio Ambiente do Instituto de Bot\u00e2nica, S\u00e3o Paulo (IBt), L\u00edvia Franco da Costa (bolsista FAPESP) defendeu sua disserta\u00e7\u00e3o de mestrado intitulada \u201cTaxonomia e ecologia de <em>Eunotia<\/em> (Bacillariophyceae) em represas das regi\u00f5es Sul e Sudeste do Estado de S\u00e3o Paulo\u201d. A banca examinadora foi composta pela Dra Denise de Campos Bicudo (orientadora\/Instituto de Bot\u00e2nica), Dr. Tarciso Filgueiras (Instituto de Bot\u00e2nica) e Dra Andr\u00e9a Tucci (Instituto de Bot\u00e2nica). O trabalho avaliou a biodiversidade, a distribui\u00e7\u00e3o e as prefer\u00eancias ecol\u00f3gicas de representantes do g\u00eanero de diatom\u00e1ceas <em>Eunotia<\/em> Ehrenberg de represas localizadas na Bacia do Alto Tiet\u00ea e bacias vizinhas, Estado de S\u00e3o Paulo. O estudo baseou-se na an\u00e1lise de 225 amostras incluindo material perif\u00edtico, fitoplanct\u00f4nico e de sedimento superficial. A an\u00e1lise taxon\u00f4mica foi feita a partir de microscopia fot\u00f4nica (MO) e eletr\u00f4nica de varredura (MEV). O g\u00eanero foi bastante diverso e foi representado por 85 t\u00e1xons espec\u00edficos e infraespec\u00edficos de <em>Eunotia<\/em> para a \u00e1rea de estudo, dentre eles 11 foram considerados esp\u00e9cies novas e 13 foram reportados pioneiramente para o pa\u00eds. A comunidade dos sedimentos superficiais apresentou-se como a mais diversa, seguida do perif\u00edton e fitopl\u00e2ncton. A prefer\u00eancia ecol\u00f3gica de <em>Eunotia<\/em> por ambientes oligo\/mesotr\u00f3ficos, \u00e1cidos a levemente \u00e1cidos e de baixa condutividade foi confirmada, contudo foi documentada pela primeira vez a prefer\u00eancia de duas esp\u00e9cies por condi\u00e7\u00f5es mais degradadas. O estudo contribuiu para ampliar e aprofundar o conhecimento taxon\u00f4mico e ecol\u00f3gico das esp\u00e9cies do g\u00eanero, fornecendo base mais consistente para o melhor conhecimento das popula\u00e7\u00f5es tropicais e de seu uso na bioindica\u00e7\u00e3o.<\/p>\n<hr align=\"center\" noshade=\"noshade\" size=\"1\" width=\"100%\" \/>\n<h3 style=\"text-align: center\">Taxonomia e ecologia de <em>Eunotia<\/em> (Bacillariophyceae) em represas das regi\u00f5es Sul e Sudeste do Estado de S\u00e3o Paulo<\/h3>\n<hr align=\"center\" noshade=\"noshade\" size=\"1\" width=\"100%\" \/>\n<h4 style=\"text-align: center\"><strong>RESUMO<\/strong><\/h4>\n<p style=\"text-align: justify\"><em>Eunotia<\/em> Ehrenberg representa um dos maiores g\u00eaneros de diatom\u00e1ceas existentes, caracterizando-se principalmente pela rafe curta restrita aos polos e pela presen\u00e7a de rimop\u00f3rtula. No Estado de S\u00e3o Paulo, estima-se que ao redor de 90 esp\u00e9cies\/variedades de <em>Eunotia <\/em>sejam conhecidas. Todavia, a maior parte das informa\u00e7\u00f5es n\u00e3o foi publicada. Ainda, informa\u00e7\u00f5es ecol\u00f3gicas sobre a distribui\u00e7\u00e3o das esp\u00e9cies deste g\u00eanero no pa\u00eds s\u00e3o praticamente inexistentes. Desta forma, esse trabalho visou ampliar o conhecimento taxon\u00f4mico e ecol\u00f3gico do g\u00eanero com base no estudo de popula\u00e7\u00f5es encontradas em 32 represas, distribu\u00eddas em cinco bacias hidrogr\u00e1ficas das regi\u00f5es sul e sudeste do Estado de S\u00e3o Paulo. O material estudado incluiu 225 l\u00e2minas permanentes, abrangendo amostras de distintos h\u00e1bitats (planct\u00f4nicas, perif\u00edticas e de sedimentos superficiais), \u00e9pocas do ano (ver\u00e3o\/inverno) e profundidades (local mais profundo e raso). O levantamento taxon\u00f4mico foi feito a partir da an\u00e1lise detalhada das popula\u00e7\u00f5es encontradas em microscopia de luz e eletr\u00f4nica de varredura. A delimita\u00e7\u00e3o das popula\u00e7\u00f5es levou em conta a circunscri\u00e7\u00e3o de materiais-tipo dispon\u00edveis em literatura. O avan\u00e7o ecol\u00f3gico sobre as prefer\u00eancias ecol\u00f3gicas das esp\u00e9cies\/variedades foi feito a partir da associa\u00e7\u00e3o da distribui\u00e7\u00e3o quantitativa (abund\u00e2ncia relativa) dos t\u00e1xons com vari\u00e1veis limnol\u00f3gicas (pH, condutividade, f\u00f3sforo e nitrog\u00eanio total) dispon\u00edveis no banco de dados do projeto maior em que se insere essa pesquisa (projeto AcquaSed). Para tanto foram consideradas apenas esp\u00e9cies que tiveram frequ\u00eancia de ocorr\u00eancia \u2265 10% em determinado h\u00e1bitat. Com isso, foram identificados 85 t\u00e1xons espec\u00edficos e infraespec\u00edficos de <em>Eunotia<\/em> para a \u00e1rea de estudo, dentre eles 11 foram considerados esp\u00e9cies novas e 13 foram reportados pioneiramente para o pa\u00eds. Todos os t\u00e1xons foram medidos, discutidos e ilustrados em microscopia de luz e eletr\u00f4nica sempre que poss\u00edvel. A comunidade dos sedimentos superficiais apresentou-se como a mais diversa, seguida do perif\u00edton e fitopl\u00e2ncton. O \u00f3timo ecol\u00f3gico foi calculado para 19 esp\u00e9cies, confirmando a prefer\u00eancia ecol\u00f3gica de <em>Eunotia<\/em> por ambientes oligo\/mesotr\u00f3ficos, \u00e1cidos a levemente \u00e1cidos e de baixa condutividade, contudo \u00e9 documentada pela primeira vez a prefer\u00eancia de duas esp\u00e9cies por condi\u00e7\u00f5es mais degradadas.<br \/>\n<strong>Palavras-chave<\/strong>:\u00a0diatom\u00e1ceas, fitopl\u00e2ncton, perif\u00edton, prefer\u00eancia ecol\u00f3gica, sedimentos superficiais<\/p>\n<hr align=\"center\" noshade=\"noshade\" size=\"1\" width=\"100%\" \/>\n<p style=\"text-align: center\"><a href=\"https:\/\/smastr16.blob.core.windows.net\/pgibt\/2017\/04\/livia_franco_costa_ms.pdf\"><img decoding=\"async\" loading=\"lazy\" class=\"aligncenter\" src=\"https:\/\/smastr16.blob.core.windows.net\/pgibt\/2013\/09\/pdf_grande.gif\" alt=\"pdf_grande\" width=\"60\" height=\"60\" \/><\/a><a href=\"https:\/\/smastr16.blob.core.windows.net\/pgibt\/2017\/04\/livia_franco_costa_ms.pdf\">L\u00edvia Franco da Costa<br \/>\nTaxonomia e ecologia de <em>Eunotia<\/em> (Bacillariophyceae) em represas das regi\u00f5es Sul e Sudeste do Estado de S\u00e3o Paulo<br \/>\n<\/a><\/p>\n<hr align=\"center\" noshade=\"noshade\" size=\"1\" width=\"100%\" \/>\n<p style=\"text-align: center\"><strong> <a href=\"https:\/\/www.infraestruturameioambiente.sp.gov.br\/pgibt\/dissertacoesteses\/\">VOLTAR AS DISSERTA\u00c7\u00d5ES E TESES<\/a><\/strong><\/p>\n<hr align=\"center\" noshade=\"noshade\" size=\"1\" width=\"100%\" \/>\n","protected":false},"excerpt":{"rendered":"<p>L\u00edvia Franco da Costa No dia 15 de dezembro de 2015, \u00e0s 14:00, a aluna da p\u00f3s-gradua\u00e7\u00e3o em Biodiversidade Vegetal e Meio Ambiente do Instituto de Bot\u00e2nica, S\u00e3o Paulo (IBt), L\u00edvia Franco da Costa (bolsista FAPESP) defendeu sua disserta\u00e7\u00e3o de mestrado intitulada \u201cTaxonomia e ecologia de Eunotia (Bacillariophyceae) em represas das regi\u00f5es Sul e Sudeste [&hellip;]<\/p>\n","protected":false},"author":63,"featured_media":0,"parent":249,"menu_order":0,"comment_status":"closed","ping_status":"closed","template":"","meta":[],"_links":{"self":[{"href":"https:\/\/www.infraestruturameioambiente.sp.gov.br\/pgibt\/wp-json\/wp\/v2\/pages\/5893"}],"collection":[{"href":"https:\/\/www.infraestruturameioambiente.sp.gov.br\/pgibt\/wp-json\/wp\/v2\/pages"}],"about":[{"href":"https:\/\/www.infraestruturameioambiente.sp.gov.br\/pgibt\/wp-json\/wp\/v2\/types\/page"}],"author":[{"embeddable":true,"href":"https:\/\/www.infraestruturameioambiente.sp.gov.br\/pgibt\/wp-json\/wp\/v2\/users\/63"}],"replies":[{"embeddable":true,"href":"https:\/\/www.infraestruturameioambiente.sp.gov.br\/pgibt\/wp-json\/wp\/v2\/comments?post=5893"}],"version-history":[{"count":0,"href":"https:\/\/www.infraestruturameioambiente.sp.gov.br\/pgibt\/wp-json\/wp\/v2\/pages\/5893\/revisions"}],"up":[{"embeddable":true,"href":"https:\/\/www.infraestruturameioambiente.sp.gov.br\/pgibt\/wp-json\/wp\/v2\/pages\/249"}],"wp:attachment":[{"href":"https:\/\/www.infraestruturameioambiente.sp.gov.br\/pgibt\/wp-json\/wp\/v2\/media?parent=5893"}],"curies":[{"name":"wp","href":"https:\/\/api.w.org\/{rel}","templated":true}]}}