{"id":5885,"date":"2017-04-10T12:03:07","date_gmt":"2017-04-10T15:03:07","guid":{"rendered":"https:\/\/www.infraestruturameioambiente.sp.gov.br\/pgibt\/?page_id=5885"},"modified":"2019-09-27T10:44:13","modified_gmt":"2019-09-27T13:44:13","slug":"2015-leonardo-kenji-fujita-ms","status":"publish","type":"page","link":"https:\/\/www.infraestruturameioambiente.sp.gov.br\/pgibt\/dissertacoesteses\/2015-leonardo-kenji-fujita-ms\/","title":{"rendered":"Leonardo Kenji Fujita MS"},"content":{"rendered":"<h2 style=\"text-align: center\"><a href=\"https:\/\/smastr16.blob.core.windows.net\/pgibt\/2015\/02\/faixapos6.jpg\"><img decoding=\"async\" loading=\"lazy\" class=\"aligncenter size-full wp-image-3777\" style=\"border: 0px\" src=\"https:\/\/smastr16.blob.core.windows.net\/pgibt\/2015\/02\/faixapos6.jpg\" alt=\"faixapos6\" width=\"950\" height=\"163\" srcset=\"https:\/\/smastr16.blob.core.windows.net\/pgibt\/2015\/02\/faixapos6.jpg 950w, https:\/\/smastr16.blob.core.windows.net\/pgibt\/2015\/02\/faixapos6-768x131.jpg 768w\" sizes=\"(max-width: 950px) 100vw, 950px\" \/><\/a><\/h2>\n<hr align=\"center\" noshade=\"noshade\" size=\"1\" width=\"100%\" \/>\n<h2 style=\"text-align: center\">Leonardo Kenji Fujita<\/h2>\n<hr align=\"center\" noshade=\"noshade\" size=\"1\" width=\"100%\" \/>\n<p><a href=\"https:\/\/smastr16.blob.core.windows.net\/pgibt\/2017\/04\/dra-adalgiza-fornaro-mestrando-leonardo-fujita-dr-arnaldo-cardoso-dra-marisa-domingos.jpg\" target=\"_blank\" rel=\"noopener noreferrer\"><img decoding=\"async\" loading=\"lazy\" class=\"aligncenter wp-image-5886 \" src=\"https:\/\/smastr16.blob.core.windows.net\/pgibt\/2017\/04\/dra-adalgiza-fornaro-mestrando-leonardo-fujita-dr-arnaldo-cardoso-dra-marisa-domingos.jpg\" alt=\"\" width=\"486\" height=\"274\" srcset=\"https:\/\/smastr16.blob.core.windows.net\/pgibt\/2017\/04\/dra-adalgiza-fornaro-mestrando-leonardo-fujita-dr-arnaldo-cardoso-dra-marisa-domingos.jpg 3264w, https:\/\/smastr16.blob.core.windows.net\/pgibt\/2017\/04\/dra-adalgiza-fornaro-mestrando-leonardo-fujita-dr-arnaldo-cardoso-dra-marisa-domingos-768x432.jpg 768w\" sizes=\"(max-width: 486px) 100vw, 486px\" \/><\/a><\/p>\n<p style=\"text-align: center\">Leonardo Kenji Fujita defendeu sua disserta\u00e7\u00e3o de mestrado em 24 de Abril de 2015 intitulada: &#8220;Deposi\u00e7\u00e3o atmosf\u00e9rica de \u00edons provenientes de atividades antr\u00f3picas em fragmentos florestais inseridos na regi\u00e3o metropolitana de Campinas, SP&#8221;.<\/p>\n<p style=\"text-align: center\">A banca examinadora foi composta pela sua orientadora Profa. Dra. Marisa Domingos, Dr. Jo\u00e3o Vicente de Assun\u00e7\u00e3o, Dra. Adalgiza Fornaro.<\/p>\n<hr align=\"center\" noshade=\"noshade\" size=\"1\" width=\"100%\" \/>\n<h3 style=\"text-align: center\">Deposi\u00e7\u00e3o atmosf\u00e9rica de \u00edons provenientes de atividades antr\u00f3picas em fragmentos florestais inseridos na regi\u00e3o metropolitana de Campinas, SP<\/h3>\n<hr align=\"center\" noshade=\"noshade\" size=\"1\" width=\"100%\" \/>\n<h4 style=\"text-align: center\"><strong>RESUMO<\/strong><\/h4>\n<p style=\"text-align: justify\">A polui\u00e7\u00e3o atmosf\u00e9rica \u00e9 um grande problema ambiental, que vem crescendo nos grandes centros urbanos, industriais e agr\u00edcolas. Poluentes afetam a fisiologia das plantas podendo causar diversos danos. Estudos demonstram que o material MP e os \u00edons nele presentes causam impacto no clima e nos ciclos biogeoqu\u00edmicos em ecossistemas, podendo afetar toda a biota. Assim, a amostragem de MP atmosf\u00e9rico e de \u00e1gua de chuva e sua caracteriza\u00e7\u00e3o qu\u00edmica s\u00e3o essenciais para avalia\u00e7\u00e3o dos impactos potenciais que afetam a qualidade do ar e os ecossistemas. Neste estudo, objetivou-se monitorar a deposi\u00e7\u00e3o dos principais \u00edons presentes na deposi\u00e7\u00e3o seca e \u00famida em uma regi\u00e3o do Estado de S\u00e3o Paulo afetada por emiss\u00f5es antr\u00f3picas. O estudo foi realizado 05 munic\u00edpios da regi\u00e3o metropolitana de Campinas (RMC), que cont\u00e9m fragmentos de Floresta Estacional Semidecidual. As amostragens de MP total foram realizadas entre janeiro\/13 e janeiro\/14, em sete locais pr\u00f3ximos a esses fragmentos. Os eventos de \u00e1gua de chuva e MP total foram amostrados durante os per\u00edodos seco e \u00famido\/2013, em 2 locais distintos quanto \u00e0s fontes emissoras de poluentes, utilizando um coletor de deposi\u00e7\u00e3o atmosf\u00e9rica modelo APS. Os \u00edons contidos no MP foram solubilizados, filtradas e o pH e condutividade medidos. As concentra\u00e7\u00f5es i\u00f4nicas em todas as amostras foram determinadas por cromatografia l\u00edquida de alta performance. A correla\u00e7\u00e3o entre as concentra\u00e7\u00f5es semanais de MP e os da CETESB foi positiva e significante (R2 = 0,63; p&lt;0,001).\u00a0 As maiores concentra\u00e7\u00f5es foram medidas em Cosm\u00f3polis, ultrapassando180 mg\/m<sup>3<\/sup>. A propor\u00e7\u00e3o entre c\u00e1tions e \u00e2nions foi similar em todos os locais, com exce\u00e7\u00e3o de Paul\u00ednia (\u00e1rea industrial-I), cujo aporte cati\u00f4nico foi maior. A concentra\u00e7\u00e3o de \u00edons no MP foi maior durante o per\u00edodo seco, sendo Na<sup>+<\/sup>, Ca<sup>+<\/sup>, NH<sub>4<\/sub><sup>+<\/sup>, NO<sub>3<\/sub><sup>&#8211;<\/sup> e SO<sub>4<\/sub><sup>2-<\/sup> os \u00edons preponderantes. A an\u00e1lise fatorial apontou similaridade entre na composi\u00e7\u00e3o do MP no local Campinas, Jaguari\u00fana e Paul\u00ednia (cultivo de <em>Citrus<\/em>) e entre Holambra, Paul\u00ednia (I) e Paul\u00ednia (\u00e1rea urbana-U). An\u00e1lises de cluster indicaram o solo, combust\u00e3o e a aplica\u00e7\u00e3o de fertilizantes como uma importante fonte de \u00edons. O maior n\u00famero de amostras enriquecidas com \u00edons ocorreu em Paul\u00ednia (I), Paul\u00ednia (U) e em Jaguari\u00fana. A quantidade de \u00e1gua de chuva foi menor no per\u00edodo seco (medianas de 15 mm e 6,5 mm em Paul\u00ednia (I) e Campinas, respectivamente) do que no \u00famido (medianas de 16 mm e 36 mm). O pH variou entre 5,0-7,4. Os resultados mostram uma forte influ\u00eancia sazonal no aporte da deposi\u00e7\u00e3o. A via principal de entrada de \u00edons \u00e9 pela \u00e1gua de chuva. As fontes emissoras industriais, urbanas e agr\u00edcolas se sobrep\u00f5em sendo a regi\u00e3o mais influenciada pelas ressuspens\u00e3o do solo e emiss\u00f5es agr\u00edcolas que as emiss\u00f5es industriais e urbanas.<br \/>\n<strong>Palavras-chave<\/strong>: polui\u00e7\u00e3o atmosf\u00e9rica, material particulado, monitoramento ambiental<\/p>\n<hr align=\"center\" noshade=\"noshade\" size=\"1\" width=\"100%\" \/>\n<p style=\"text-align: center\"><a href=\"https:\/\/smastr16.blob.core.windows.net\/pgibt\/2017\/04\/fujita_2015_dissertacao.pdf\"><img decoding=\"async\" loading=\"lazy\" class=\"aligncenter\" src=\"https:\/\/smastr16.blob.core.windows.net\/pgibt\/2013\/09\/pdf_grande.gif\" alt=\"pdf_grande\" width=\"60\" height=\"60\" \/><\/a><a href=\"https:\/\/smastr16.blob.core.windows.net\/pgibt\/2017\/04\/fujita_2015_dissertacao.pdf\">Leonardo Kenji Fujita<br \/>\nDeposi\u00e7\u00e3o atmosf\u00e9rica de \u00edons provenientes de atividades antr\u00f3picas em fragmentos florestais inseridos na regi\u00e3o metropolitana de Campinas, SP<br \/>\n<\/a><\/p>\n<hr align=\"center\" noshade=\"noshade\" size=\"1\" width=\"100%\" \/>\n<p style=\"text-align: center\"><strong> <a href=\"https:\/\/www.infraestruturameioambiente.sp.gov.br\/pgibt\/dissertacoesteses\/\">VOLTAR AS DISSERTA\u00c7\u00d5ES E TESES<\/a><\/strong><\/p>\n<hr align=\"center\" noshade=\"noshade\" size=\"1\" width=\"100%\" \/>\n","protected":false},"excerpt":{"rendered":"<p>Leonardo Kenji Fujita Leonardo Kenji Fujita defendeu sua disserta\u00e7\u00e3o de mestrado em 24 de Abril de 2015 intitulada: &#8220;Deposi\u00e7\u00e3o atmosf\u00e9rica de \u00edons provenientes de atividades antr\u00f3picas em fragmentos florestais inseridos na regi\u00e3o metropolitana de Campinas, SP&#8221;. A banca examinadora foi composta pela sua orientadora Profa. Dra. Marisa Domingos, Dr. Jo\u00e3o Vicente de Assun\u00e7\u00e3o, Dra. Adalgiza [&hellip;]<\/p>\n","protected":false},"author":95,"featured_media":0,"parent":249,"menu_order":0,"comment_status":"closed","ping_status":"closed","template":"","meta":[],"_links":{"self":[{"href":"https:\/\/www.infraestruturameioambiente.sp.gov.br\/pgibt\/wp-json\/wp\/v2\/pages\/5885"}],"collection":[{"href":"https:\/\/www.infraestruturameioambiente.sp.gov.br\/pgibt\/wp-json\/wp\/v2\/pages"}],"about":[{"href":"https:\/\/www.infraestruturameioambiente.sp.gov.br\/pgibt\/wp-json\/wp\/v2\/types\/page"}],"author":[{"embeddable":true,"href":"https:\/\/www.infraestruturameioambiente.sp.gov.br\/pgibt\/wp-json\/wp\/v2\/users\/95"}],"replies":[{"embeddable":true,"href":"https:\/\/www.infraestruturameioambiente.sp.gov.br\/pgibt\/wp-json\/wp\/v2\/comments?post=5885"}],"version-history":[{"count":1,"href":"https:\/\/www.infraestruturameioambiente.sp.gov.br\/pgibt\/wp-json\/wp\/v2\/pages\/5885\/revisions"}],"predecessor-version":[{"id":7152,"href":"https:\/\/www.infraestruturameioambiente.sp.gov.br\/pgibt\/wp-json\/wp\/v2\/pages\/5885\/revisions\/7152"}],"up":[{"embeddable":true,"href":"https:\/\/www.infraestruturameioambiente.sp.gov.br\/pgibt\/wp-json\/wp\/v2\/pages\/249"}],"wp:attachment":[{"href":"https:\/\/www.infraestruturameioambiente.sp.gov.br\/pgibt\/wp-json\/wp\/v2\/media?parent=5885"}],"curies":[{"name":"wp","href":"https:\/\/api.w.org\/{rel}","templated":true}]}}