{"id":586,"date":"2013-09-16T14:19:58","date_gmt":"2013-09-16T17:19:58","guid":{"rendered":"https:\/\/www.infraestruturameioambiente.sp.gov.br\/pgibt\/?page_id=586"},"modified":"2013-09-16T14:19:58","modified_gmt":"2013-09-16T17:19:58","slug":"2012-felipe-de-alva-escuredo-dorazio","status":"publish","type":"page","link":"https:\/\/www.infraestruturameioambiente.sp.gov.br\/pgibt\/dissertacoesteses\/2012-felipe-de-alva-escuredo-dorazio\/","title":{"rendered":"Felipe de Alva Escuredo D\u2019Orazio MS"},"content":{"rendered":"<h2 style=\"text-align: center\"><a href=\"https:\/\/smastr16.blob.core.windows.net\/pgibt\/2015\/02\/faixapos6.jpg\"><img decoding=\"async\" loading=\"lazy\" class=\"aligncenter size-full wp-image-3777\" style=\"border: 0px\" alt=\"faixapos6\" src=\"https:\/\/smastr16.blob.core.windows.net\/pgibt\/2015\/02\/faixapos6.jpg\" width=\"950\" height=\"163\" srcset=\"https:\/\/smastr16.blob.core.windows.net\/pgibt\/2015\/02\/faixapos6.jpg 950w, https:\/\/smastr16.blob.core.windows.net\/pgibt\/2015\/02\/faixapos6-768x131.jpg 768w\" sizes=\"(max-width: 950px) 100vw, 950px\" \/><\/a><\/h2>\n<hr align=\"center\" noshade=\"noshade\" size=\"1\" width=\"100%\" \/>\n<h2 style=\"text-align: center\">Felipe de Alva Escuredo D\u2019Orazio<\/h2>\n<hr align=\"center\" noshade=\"noshade\" size=\"1\" width=\"100%\" \/>\n<p style=\"text-align: center\">No dia 28 de setembro de 2012, o aluno Felipe de Alva Escuredo D\u2019Orazio (bolsista cnpq), do Programa de P\u00f3s Gradua\u00e7\u00e3o em Biodiversidade Vegetal e<br \/>\nMeio Ambiente defendeu sua disserta\u00e7\u00e3o de mestrado intitulada<br \/>\n\u201cComposi\u00e7\u00e3o e estrutura de florestas aluviais do M\u00e9dio Vale Superior do Rio Para\u00edba do Sul, SP\u201d.<\/p>\n<p style=\"text-align: center\">A banca examinadora foi composta pelo Prof. Dr. Eduardo Luis Martins Catharino (N\u00facleo de Pesquisa Curadoria do Herb\u00e1rio SP\/IBt-SP),<br \/>\nProfa. Dra. Nath\u00e1lia Macedo Ivanauskas (Instituto Florestal do Estado de S\u00e3o Paulo\/IF-SP) e o\u00a0Prof. Dr. Waldir Mantovani (Universidade de S\u00e3o Paulo &#8211; USP).<\/p>\n<p style=\"text-align: center\">O interesse apresentado pelos membros da banca fundamentou-se na quantidade e qualidade de dados in\u00e9ditos, reflexo da falta de estudos realizados nesta regi\u00e3o, principalmente das forma\u00e7\u00f5es florestais analisadas nesta disserta\u00e7\u00e3o. \u00a0Foram dadas sugest\u00f5es e cr\u00edticas que possibilitaram o refinamento deste trabalho, j\u00e1 que os avaliadores presentes possuem experi\u00eancia nesta \u00e1rea de estudo comprovada atrav\u00e9s de publica\u00e7\u00f5es constantemente citadas em outros estudos do g\u00eanero.<br \/>\nAs florestas aluviais da regi\u00e3o do Vale do Para\u00edba come\u00e7am a se revelar mais detalhadas a partir desta disserta\u00e7\u00e3o,<br \/>\nque servir\u00e1 no direcionamento de novos estudos para o aumento do conhecimento da biodiversidade local.<\/p>\n<hr align=\"center\" noshade=\"noshade\" size=\"1\" width=\"100%\" \/>\n<h3 style=\"text-align: center\"><strong>Composi\u00e7\u00e3o e estrutura de florestas aluviais do M\u00e9dio Vale Superior do Rio Para\u00edba do Sul, SP<\/strong><\/h3>\n<hr align=\"center\" noshade=\"noshade\" size=\"1\" width=\"100%\" \/>\n<h4 style=\"text-align: center\"><strong>RESUMO<\/strong><\/h4>\n<p style=\"text-align: justify\">As florestas do Vale do Para\u00edba em S\u00e3o Paulo foram v\u00edtimas do ciclo hist\u00f3rico do caf\u00e9, das atividades agropecu\u00e1rias e nas \u00faltimas d\u00e9cadas tornaram-se alvo das mineradoras de areia. Para o exerc\u00edcio desta \u00faltima exigi-se o reflorestamento como medida compensat\u00f3ria do impacto causado, por\u00e9m, a sele\u00e7\u00e3o das esp\u00e9cies para plantios \u00e9 aleat\u00f3ria, inclu\u00edndo ess\u00eancias ex\u00f3ticas, reflexo do desconhecimento das forma\u00e7\u00f5es originais e remanescentes naturais da regi\u00e3o. A plan\u00edcie aluvial que forma o vale possui fragmentos de florestas submetidas a alagamentos de periodicidade vari\u00e1vel e que influenciam a composi\u00e7\u00e3o flor\u00edstica que \u00e9 circundada por Floresta Ombr\u00f3fila Densa e Estacional, e Cerrado. Para tra\u00e7ar um panorama inicial destas forma\u00e7\u00f5es vegetais e colaborar com os projetos de reflorestamentos locais, al\u00e9m de refor\u00e7ar o conhecimento sobre as peculiaridades das florestas aluviais, foram caracterizadas as estruturas e flora de dois fragmentos localizados na v\u00e1rzea inund\u00e1vel do rio Para\u00edba do Sul no subdistrito de Eug\u00eanio de Melo, no munic\u00edpio de S\u00e3o Jos\u00e9 dos Campos, e em Trememb\u00e9. Em cada um destes foram alocadas duas parcelas (50&#215;20 m) subdivididas em dez blocos de 100 m\u00b2 (10&#215;10 m) onde foram inclu\u00eddas \u00e1rvores com per\u00edmetro a altura do peito (1,30 m) igual ou superior a 15 cm (DAP &gt; 4,7 cm). Foi realizada a identifica\u00e7\u00e3o de material f\u00e9rtil coletado no interior e entorno dos fragmentos e a diversidade foi estimada pelo \u00edndice de Shannon-Weiner (H\u2019), com base neperiana, diversidade Simpson (S\u2019) e equabilidade de Pielou (E).\u00a0Foram realizadas an\u00e1lises de similaridade atrav\u00e9s do \u00edndice de Jaccard e dendrogramas pelo m\u00e9todo UPGMA e DCA da listagem de esp\u00e9cimes arb\u00f3reos obtidida comparada a outras 29 listagens de 25 estudos realizados em florestas aluviais no estado de S\u00e3o Paulo. O levantamento flor\u00edstico resultou na identifica\u00e7\u00e3o de 89 esp\u00e9cies (15 indeterminadas), 70 g\u00eaneros, 37 fam\u00edlias (58 \u00e1rvores, 14 lianas, 8 arbustos e 5 ep\u00edfitas). Os resultados estruturais em EM foram: 353 indiv\u00edduos, 12 esp\u00e9cies (12 g\u00eaneros e 8 fam\u00edlias), 13 m de altura m\u00e1xima, indiv\u00edduos ramificados 49,9%, \u00e1rea basal total de 5,584 m\u00b2\/ha, (H\u2019) = 1,742 e (E) 0,701. Foi obtido em TR = 367 indiv\u00edduos, 49 esp\u00e9cies, altura m\u00e1xima de 18 m, indiv\u00edduos ramificados 4,6%, \u00e1rea basal total de 4,965 m\u00b2\/ha, (H\u2019) = 3,251 e (E) = 0,835. A diferen\u00e7a nos dados estruturais pode estar relacionada aos est\u00e1dios sucessionais distintos e\/ou varia\u00e7\u00f5es quanto ao n\u00edvel de encharcamento do solo, enquanto os resultados da flor\u00edsticas indicam que EM \u00e9 um subgrupo da forma\u00e7\u00e3o de TR. A listagem de esp\u00e9cies arb\u00f3reas apresentou maior similaridade com o levantamento de Ivanauskas et al., (1997), Sanchez et al. (1998) e Toniato (1996). Os agrupamentos obtidos apresentaram tend\u00eancia \u00e0 aproxima\u00e7\u00e3o pela influ\u00eancia do dom\u00ednio florestal circundante e n\u00edvel de encharcamento.<\/p>\n<p style=\"text-align: justify\">Palavras-chave: Mata ciliar; Rip\u00e1ria; Floresta higr\u00f3fila.<\/p>\n<hr align=\"center\" noshade=\"noshade\" size=\"1\" width=\"100%\" \/>\n<p style=\"text-align: center\"><a href=\"https:\/\/smastr16.blob.core.windows.net\/pgibt\/2013\/09\/pdf_grande.gif\"><img decoding=\"async\" loading=\"lazy\" class=\"aligncenter size-full wp-image-2313\" style=\"border: 0px\" alt=\"pdf_grande\" src=\"https:\/\/smastr16.blob.core.windows.net\/pgibt\/2013\/09\/pdf_grande.gif\" width=\"60\" height=\"60\" \/><\/a><a href=\"https:\/\/smastr16.blob.core.windows.net\/pgibt\/2013\/09\/Felipe_de_Alva_Escuredo_DOrazio_MS.pdf\" target=\"_blank\">Felipe de Alva Escuredo D&#8217;Orazio<br \/>\nComposi\u00e7\u00e3o e estrutura de florestas aluviais do M\u00e9dio Vale Superior do Rio Para\u00edba do Sul, SP<\/a><\/p>\n<hr align=\"center\" noshade=\"noshade\" size=\"1\" width=\"100%\" \/>\n<p style=\"text-align: center\"><strong>\u00a0<a href=\"https:\/\/www.infraestruturameioambiente.sp.gov.br\/pgibt\/dissertacoesteses\/\">VOLTAR AS DISSERTA\u00c7\u00d5ES E TESES<\/a><\/strong><\/p>\n<hr align=\"center\" noshade=\"noshade\" size=\"1\" width=\"100%\" \/>\n","protected":false},"excerpt":{"rendered":"<p>Felipe de Alva Escuredo D\u2019Orazio No dia 28 de setembro de 2012, o aluno Felipe de Alva Escuredo D\u2019Orazio (bolsista cnpq), do Programa de P\u00f3s Gradua\u00e7\u00e3o em Biodiversidade Vegetal e Meio Ambiente defendeu sua disserta\u00e7\u00e3o de mestrado intitulada \u201cComposi\u00e7\u00e3o e estrutura de florestas aluviais do M\u00e9dio Vale Superior do Rio Para\u00edba do Sul, SP\u201d. A [&hellip;]<\/p>\n","protected":false},"author":1,"featured_media":0,"parent":249,"menu_order":0,"comment_status":"closed","ping_status":"closed","template":"fullpage.php","meta":[],"_links":{"self":[{"href":"https:\/\/www.infraestruturameioambiente.sp.gov.br\/pgibt\/wp-json\/wp\/v2\/pages\/586"}],"collection":[{"href":"https:\/\/www.infraestruturameioambiente.sp.gov.br\/pgibt\/wp-json\/wp\/v2\/pages"}],"about":[{"href":"https:\/\/www.infraestruturameioambiente.sp.gov.br\/pgibt\/wp-json\/wp\/v2\/types\/page"}],"author":[{"embeddable":true,"href":"https:\/\/www.infraestruturameioambiente.sp.gov.br\/pgibt\/wp-json\/wp\/v2\/users\/1"}],"replies":[{"embeddable":true,"href":"https:\/\/www.infraestruturameioambiente.sp.gov.br\/pgibt\/wp-json\/wp\/v2\/comments?post=586"}],"version-history":[{"count":0,"href":"https:\/\/www.infraestruturameioambiente.sp.gov.br\/pgibt\/wp-json\/wp\/v2\/pages\/586\/revisions"}],"up":[{"embeddable":true,"href":"https:\/\/www.infraestruturameioambiente.sp.gov.br\/pgibt\/wp-json\/wp\/v2\/pages\/249"}],"wp:attachment":[{"href":"https:\/\/www.infraestruturameioambiente.sp.gov.br\/pgibt\/wp-json\/wp\/v2\/media?parent=586"}],"curies":[{"name":"wp","href":"https:\/\/api.w.org\/{rel}","templated":true}]}}