{"id":5758,"date":"2017-02-24T11:41:50","date_gmt":"2017-02-24T14:41:50","guid":{"rendered":"https:\/\/www.infraestruturameioambiente.sp.gov.br\/pgibt\/?page_id=5758"},"modified":"2018-04-25T12:11:17","modified_gmt":"2018-04-25T15:11:17","slug":"2016-gabrielle-joanne-medeiros-araujo-dr","status":"publish","type":"page","link":"https:\/\/www.infraestruturameioambiente.sp.gov.br\/pgibt\/dissertacoesteses\/2016-gabrielle-joanne-medeiros-araujo-dr\/","title":{"rendered":"Gabrielle Joanne Medeiros Ara\u00fajo DR"},"content":{"rendered":"<h2 style=\"text-align: center\"><a href=\"https:\/\/smastr16.blob.core.windows.net\/pgibt\/2015\/02\/faixapos6.jpg\"><img decoding=\"async\" loading=\"lazy\" class=\"aligncenter size-full wp-image-3777\" style=\"border: 0px\" src=\"https:\/\/smastr16.blob.core.windows.net\/pgibt\/2015\/02\/faixapos6.jpg\" alt=\"faixapos6\" width=\"950\" height=\"163\" srcset=\"https:\/\/smastr16.blob.core.windows.net\/pgibt\/2015\/02\/faixapos6.jpg 950w, https:\/\/smastr16.blob.core.windows.net\/pgibt\/2015\/02\/faixapos6-768x131.jpg 768w\" sizes=\"(max-width: 950px) 100vw, 950px\" \/><\/a><\/h2>\n<hr align=\"center\" noshade=\"noshade\" size=\"1\" width=\"100%\" \/>\n<h2 style=\"text-align: center\">Gabrielle Joanne Medeiros Araujo<\/h2>\n<hr align=\"center\" noshade=\"noshade\" size=\"1\" width=\"100%\" \/>\n<p style=\"text-align: center\"><a href=\"https:\/\/smastr16.blob.core.windows.net\/pgibt\/2017\/02\/foto-gabrielle.jpg\"><img decoding=\"async\" loading=\"lazy\" class=\"alignnone wp-image-5760\" src=\"https:\/\/smastr16.blob.core.windows.net\/pgibt\/2017\/02\/foto-gabrielle.jpg\" alt=\"\" width=\"400\" height=\"294\" srcset=\"https:\/\/smastr16.blob.core.windows.net\/pgibt\/2017\/02\/foto-gabrielle.jpg 1386w, https:\/\/smastr16.blob.core.windows.net\/pgibt\/2017\/02\/foto-gabrielle-768x564.jpg 768w\" sizes=\"(max-width: 400px) 100vw, 400px\" \/><\/a><\/p>\n<p style=\"text-align: center\">Gabrielle Joanne Medeiros Araujo, aluna do Programa de P\u00f3s-Gradua\u00e7\u00e3o em Biodiversidade Vegetal e Meio Ambiente do Instituto de Bot\u00e2nica de S\u00e3o Paulo, bolsista FAPESP, defendeu no dia 26 de fevereiro de 2016, a Tese de Doutorado intitulada \u201cEuglenophyta de \u00e1guas continentais do Estado de S\u00e3o Paulo: invent\u00e1rio taxon\u00f4mico\u201d. A banca examinadora foi composta pelo orientador o Prof. Dr. Carlos Eduardo de Mattos Bicudo (Instituto de Bot\u00e2nica de S\u00e3o Paulo, IBt), pela Profa. Dra.\u00a0Mari\u00e2ngela Menezes (Universidade Federal do Rio de Janeiro, UFRJ), pela Profa. Dra. Marta Cond\u00e9 Lamparelli (Companhia Ambiental do Estado de S\u00e3o Paulo, CETESB), pela Profa. Dra. Cristina Souza Freire Nordi (Universidade Federal de S\u00e3o Paulo, UNIFESP) e pela Prof. Dr. Andrea Tucci (Instituto de Bot\u00e2nica de S\u00e3o Paulo, IBt).<\/p>\n<p style=\"text-align: center\">A tese defendida faz parte do Programa BIOTA\/FAPESP e, mais especificamente, do Projeto Tem\u00e1tico \u201cFlora Ficol\u00f3gica do Estado de S\u00e3o Paulo\u201d e teve como objetivo principal providenciar o levantamento dos g\u00eaneros, esp\u00e9cies, variedades e formas taxon\u00f4micas de Euglenophyta pigmentadas e incolores que ocorrem no estado. O presente levantamento flor\u00edstico teve como base a an\u00e1lise de 107 unidades amostrais tombadas no Herb\u00e1rio Cient\u00edfico do Estado \u201cMaria Eneyda P. Kauffmann Fidalgo\u201d (SP) e de trabalhos j\u00e1 publicados que apresentaram possibilidade de reidentifica\u00e7\u00e3o dos t\u00e1xons. Trata-se de uma contribui\u00e7\u00e3o ao conhecimento da Divis\u00e3o Euglenophyta de consider\u00e1vel relev\u00e2ncia para o Estado de S\u00e3o Paulo por tr\u00eas raz\u00f5es principais: (1) abrang\u00eancia geogr\u00e1fica, uma vez que os estudos pr\u00e9vios deste grupo estavam restritos a um n\u00famero muito limitado de munic\u00edpios; (2) atualiza\u00e7\u00e3o nomenclatural, visto que a quase totalidade da literatura especializada apresentou nomenclatura desatualizada em rela\u00e7\u00e3o \u00e0s mudan\u00e7as propostas pelos trabalhos filogen\u00e9ticos e morfol\u00f3gicos recentes; e (3) abrang\u00eancia taxon\u00f4mica, levando em considera\u00e7\u00e3o que incluiu materiais de toda a Divis\u00e3o Euglenophyta, tanto dos t\u00e1xons constitu\u00eddos por organismos pigmentados quanto por organismos despigmentados (incolores).<\/p>\n<hr align=\"center\" noshade=\"noshade\" size=\"1\" width=\"100%\" \/>\n<h3 style=\"text-align: center\">Euglenophyta de \u00e1guas continentais do Estado de S\u00e3o Paulo: invent\u00e1rio taxon\u00f4mico<\/h3>\n<hr align=\"center\" noshade=\"noshade\" size=\"1\" width=\"100%\" \/>\n<h4 style=\"text-align: center\"><strong>ABSTRACT<\/strong><\/h4>\n<p style=\"text-align: justify\">Division Euglenophyta is part of an ancestral and diversified eukaryotic lineage of free-swimming flagellate protists. Despite having a broad geographical distribution worldwide, its taxonomy still is subject to rich discussion. During the last decades over 60 papers were published using molecular biology techniques to elucidate taxonomical and phylogenetical questions in the group and bringing pronounced changes in its taxonomy and nomenclature. In this context, the main objective of the present study was the taxonomic survey of both pigmented and non pigmented euglenid flagellates occurring in the state of S\u00e3o Paulo, based on the classic morphologic criteria, however, updating according to proposals of the recently published phylogenetic papers. The identification and the description of the components of the Euglenophyta were carried out from the analysis of 107 sampling units deposited at the Herb\u00e1rio Cient\u00edfico do Estado \u201cMaria Eneyda P. Kauffmann Fidalgo\u201d (SP), as well as on the already published material with possibility of reidentification. Presence of euglenid flagellates was detected in 90 sampling units that correponded to 89 municipalities in the state of S\u00e3o Paulo. One hundred forty seven taxa between species and infraspecific taxa were identified, which were distributed in 21 genera, 112 species, 41 varieties that are not the typical of their respective species, and two taxonomic formae that are also not the typical but of their respective varieties. From these, 51 are new citations of their occurrence for the state of S\u00e3o Paulo, 30 for the Southeast region of the country, and five for Brazil. Genus <em>Rhabdomonas <\/em>Fresenius was reported for the first time for the state S\u00e3o Paulo and <em>Calycimonas<\/em> Christen for Brazil. Four materials are possibly new species or taxonomic varieties. The specialized literature including description and illustration of the euglenids documented, up to the present, the occurrence of these algae in just seven municipalities of the State. Including the present floristic survey, 92 municipalities included descriptions of representatives of Euglenophyta, what corresponds to a remarkable increase of 13 times in the distribution of the group in the state S\u00e3o Paulo. Therefore, the present study is a contribution of considerable significance for the State due to its substantial geographical scope, for making possible the updating of the nomenclature and, mostly, in its taxonomic scope, considering that both pigmented and colorless representatives of the Euglenophyta were considered.<br \/>\n<strong>Keywords:<\/strong>\u00a0Euglenophyta, floristic survey, S\u00e3o Paulo State<\/p>\n<h4 style=\"text-align: center\"><strong>RESUMO<\/strong><\/h4>\n<p style=\"text-align: justify\">A Divis\u00e3o Euglenophyta \u00e9 parte de uma linhagem eucari\u00f3tica antiga e diversificada de protistas flagelados livre-natantes. Embora os euglen\u00eddeos possuam ampla distribui\u00e7\u00e3o geogr\u00e1fica em n\u00edvel mundial, sua taxonomia ainda \u00e9 assunto de bastante discuss\u00e3o. Nas \u00faltimas d\u00e9cadas foram publicados mais de 60 trabalhos utilizando t\u00e9cnicas da biologia molecular no intuito de elucidar quest\u00f5es taxon\u00f4micas e filogen\u00e9ticas no grupo resultando em grandes mudan\u00e7as em sua taxonomia e nomenclatura. Neste contexto, o objetivo do presente estudo foi fazer o levantamento taxon\u00f4mico dos euglen\u00eddeos pigmentados e incolores que ocorrem no Estado de S\u00e3o Paulo, tomando como base os crit\u00e9rios propostos a partir dos estudos cl\u00e1ssicos de morfologia, por\u00e9m, atualizados de acordo com as propostas dos trabalhos filogen\u00e9ticos recentes. Foram providenciadas a identifica\u00e7\u00e3o e a descri\u00e7\u00e3o da fl\u00f3rula de algas da Divis\u00e3o Euglenophyta a partir da an\u00e1lise de 107 unidades amostrais tombadas no Herb\u00e1rio Cient\u00edfico do Estado \u201cMaria Eneyda P. Kauffmann Fidalgo\u201d (SP) e dos materiais j\u00e1 publicados com possibilidade de reidentifica\u00e7\u00e3o. Observou-se a presen\u00e7a de euglen\u00eddeos em 90 unidades amostrais que corresponderam a 89 munic\u00edpios distintos do Estado de S\u00e3o Paulo. Foram identificados 147 t\u00e1xons espec\u00edficos e infraespec\u00edficos distribu\u00eddos em 21 g\u00eaneros, 112 esp\u00e9cies, 41 variedades que n\u00e3o s\u00e3o as t\u00edpicas de suas respectivas esp\u00e9cies e duas formas taxon\u00f4micas igualmente n\u00e3o t\u00edpicas, por\u00e9m, de suas variedades. Destes, 51 constituem nova cita\u00e7\u00e3o de ocorr\u00eancia no Estado de S\u00e3o Paulo, 30 na Regi\u00e3o Sudeste e cinco no Brasil. O g\u00eanero <em>Rhabdomonas <\/em>Fresenius foi descrito pela primeira vez para o Estado de S\u00e3o Paulo e o g\u00eanero <em>Calycimonas<\/em> Christen para o Brasil. Quatro t\u00e1xons constituem poss\u00edveis esp\u00e9cies ou variedades novas para a Ci\u00eancia. A literatura especializada que apresenta descri\u00e7\u00e3o e ilustra\u00e7\u00e3o dos t\u00e1xons documentou, at\u00e9 o presente, a ocorr\u00eancia de euglen\u00eddeos em apenas sete munic\u00edpios do Estado. Com o presente levantamento flor\u00edstico, 92 munic\u00edpios passaram a ter descri\u00e7\u00f5es de representantes da Divis\u00e3o Euglenophyta, o que corresponde a um aumento expressivo na distribui\u00e7\u00e3o do grupo no Estado de S\u00e3o Paulo, da ordem de 13 vezes. O presente estudo \u00e9 uma contribui\u00e7\u00e3o, portanto, de consider\u00e1vel relev\u00e2ncia para o Estado gra\u00e7as \u00e0 sua significativa abrang\u00eancia geogr\u00e1fica, por possibilitar a atualiza\u00e7\u00e3o nomenclatural dos t\u00e1xons e, principalmente, pela abrang\u00eancia taxon\u00f4mica, levando em considera\u00e7\u00e3o que foram abordados materiais de toda a Divis\u00e3o Euglenophyta.<br \/>\n<strong>Palavras-chave:<\/strong> Euglenophyta, Estado de S\u00e3o Paulo, levantamento flor\u00edstico<\/p>\n<hr align=\"center\" noshade=\"noshade\" size=\"1\" width=\"100%\" \/>\n<p style=\"text-align: center\"><a href=\"https:\/\/smastr16.blob.core.windows.net\/pgibt\/2017\/02\/gabrielle_joanne_medeiros_-araujo_dr.pdf\"><img decoding=\"async\" loading=\"lazy\" class=\"aligncenter\" src=\"https:\/\/smastr16.blob.core.windows.net\/pgibt\/2013\/09\/pdf_grande.gif\" alt=\"pdf_grande\" width=\"60\" height=\"60\" \/><\/a><a href=\"https:\/\/smastr16.blob.core.windows.net\/pgibt\/2017\/02\/gabrielle_joanne_medeiros_-araujo_dr.pdf\">Gabrielle Joanne Medeiros Araujo<br \/>\nEuglenophyta de \u00e1guas continentais do Estado de S\u00e3o Paulo: invent\u00e1rio taxon\u00f4mico<\/a><\/p>\n<hr align=\"center\" noshade=\"noshade\" size=\"1\" width=\"100%\" \/>\n<p style=\"text-align: center\"><strong> <a href=\"https:\/\/www.infraestruturameioambiente.sp.gov.br\/pgibt\/dissertacoesteses\/\">VOLTAR AS DISSERTA\u00c7\u00d5ES E TESES<\/a><\/strong><\/p>\n<hr align=\"center\" noshade=\"noshade\" size=\"1\" width=\"100%\" \/>\n","protected":false},"excerpt":{"rendered":"<p>Gabrielle Joanne Medeiros Araujo Gabrielle Joanne Medeiros Araujo, aluna do Programa de P\u00f3s-Gradua\u00e7\u00e3o em Biodiversidade Vegetal e Meio Ambiente do Instituto de Bot\u00e2nica de S\u00e3o Paulo, bolsista FAPESP, defendeu no dia 26 de fevereiro de 2016, a Tese de Doutorado intitulada \u201cEuglenophyta de \u00e1guas continentais do Estado de S\u00e3o Paulo: invent\u00e1rio taxon\u00f4mico\u201d. A banca examinadora [&hellip;]<\/p>\n","protected":false},"author":63,"featured_media":0,"parent":249,"menu_order":0,"comment_status":"closed","ping_status":"closed","template":"","meta":[],"_links":{"self":[{"href":"https:\/\/www.infraestruturameioambiente.sp.gov.br\/pgibt\/wp-json\/wp\/v2\/pages\/5758"}],"collection":[{"href":"https:\/\/www.infraestruturameioambiente.sp.gov.br\/pgibt\/wp-json\/wp\/v2\/pages"}],"about":[{"href":"https:\/\/www.infraestruturameioambiente.sp.gov.br\/pgibt\/wp-json\/wp\/v2\/types\/page"}],"author":[{"embeddable":true,"href":"https:\/\/www.infraestruturameioambiente.sp.gov.br\/pgibt\/wp-json\/wp\/v2\/users\/63"}],"replies":[{"embeddable":true,"href":"https:\/\/www.infraestruturameioambiente.sp.gov.br\/pgibt\/wp-json\/wp\/v2\/comments?post=5758"}],"version-history":[{"count":1,"href":"https:\/\/www.infraestruturameioambiente.sp.gov.br\/pgibt\/wp-json\/wp\/v2\/pages\/5758\/revisions"}],"predecessor-version":[{"id":6391,"href":"https:\/\/www.infraestruturameioambiente.sp.gov.br\/pgibt\/wp-json\/wp\/v2\/pages\/5758\/revisions\/6391"}],"up":[{"embeddable":true,"href":"https:\/\/www.infraestruturameioambiente.sp.gov.br\/pgibt\/wp-json\/wp\/v2\/pages\/249"}],"wp:attachment":[{"href":"https:\/\/www.infraestruturameioambiente.sp.gov.br\/pgibt\/wp-json\/wp\/v2\/media?parent=5758"}],"curies":[{"name":"wp","href":"https:\/\/api.w.org\/{rel}","templated":true}]}}