{"id":5681,"date":"2017-01-12T11:47:34","date_gmt":"2017-01-12T13:47:34","guid":{"rendered":"https:\/\/www.infraestruturameioambiente.sp.gov.br\/pgibt\/?page_id=5681"},"modified":"2018-05-07T12:13:05","modified_gmt":"2018-05-07T15:13:05","slug":"2016-simone-wengrat-dr","status":"publish","type":"page","link":"https:\/\/www.infraestruturameioambiente.sp.gov.br\/pgibt\/dissertacoesteses\/2016-simone-wengrat-dr\/","title":{"rendered":"Simone Wengrat DR"},"content":{"rendered":"<h2 style=\"text-align: center\"><a href=\"arquivos.ambiente.sp.gov.br\/pgibt\/2015\/02\/faixapos6.jpg\"><img decoding=\"async\" loading=\"lazy\" class=\"aligncenter wp-image-3777 size-full\" style=\"border: 0px\" src=\"https:\/\/smastr16.blob.core.windows.net\/pgibt\/2015\/02\/faixapos6.jpg\" alt=\"faixapos6\" width=\"950\" height=\"163\" srcset=\"https:\/\/smastr16.blob.core.windows.net\/pgibt\/2015\/02\/faixapos6.jpg 950w, https:\/\/smastr16.blob.core.windows.net\/pgibt\/2015\/02\/faixapos6-768x131.jpg 768w\" sizes=\"(max-width: 950px) 100vw, 950px\" \/><\/a><\/h2>\n<hr align=\"center\" noshade=\"noshade\" size=\"1\" width=\"100%\" \/>\n<h2 style=\"text-align: center\"><span style=\"color: #003300\">Simone Wengrat<\/span><\/h2>\n<hr align=\"center\" noshade=\"noshade\" size=\"1\" width=\"100%\" \/>\n<p style=\"text-align: center\"><a href=\"https:\/\/smastr16.blob.core.windows.net\/pgibt\/2017\/01\/foto-simone-wengrat.jpg\"><img decoding=\"async\" loading=\"lazy\" class=\"aligncenter wp-image-5682\" src=\"https:\/\/smastr16.blob.core.windows.net\/pgibt\/2017\/01\/foto-simone-wengrat.jpg\" alt=\"\" width=\"400\" height=\"300\" srcset=\"https:\/\/smastr16.blob.core.windows.net\/pgibt\/2017\/01\/foto-simone-wengrat.jpg 1600w, https:\/\/smastr16.blob.core.windows.net\/pgibt\/2017\/01\/foto-simone-wengrat-768x576.jpg 768w\" sizes=\"(max-width: 400px) 100vw, 400px\" \/><\/a><\/p>\n<p style=\"text-align: center\">No dia 29 de fevereiro de 2016, \u00e0s 13:30, a aluna da p\u00f3s-gradua\u00e7\u00e3o em Biodiversidade Vegetal e Meio Ambiente do Instituto de Bot\u00e2nica, S\u00e3o Paulo (IBt), Simone Wengrat (bolsista FAPESP) defendeu sua Tese de Doutorado intitulada \u201cAvalia\u00e7\u00e3o das altera\u00e7\u00f5es da biodiversidade de diatom\u00e1ceas recentes e pret\u00e9ritas em reservat\u00f3rios com diferentes estados tr\u00f3ficos (\u00e1reas de mananciais da RMSP e arredores, SP)\u201d. A banca examinadora foi composta pela Dra. Denise de Campos Bicudo (orientadora\/Instituto de Bot\u00e2nica), Dra. Carla Ferragut (Instituto de Bot\u00e2nica), Dra Luciane Fontana (Universidade Federal Fluminense), Dr. D\u00e9cio Luis Semensatto (Universidade Federal de S\u00e3o Paulo) e<br \/>\nDr. Raoul Henry (Universidade Estadual Paulista).<\/p>\n<p style=\"text-align: center\">O trabalho avaliou a hist\u00f3ria ambiental de cinco represas ao longo de 50 a 100 anos, que variaram de oligotr\u00f3ficas a eutr\u00f3ficas. Com base na geoqu\u00edmica org\u00e2nica (COT, NT, PT, C\/N), is\u00f3topos est\u00e1veis (\u03b413C, \u03b4 15N) e diatom\u00e1ceas, os principais objetivos foram: i) reconstruir e comparar as principais mudan\u00e7as paleolimnol\u00f3gicas, ii) avaliar se a eutrofiza\u00e7\u00e3o leva \u00e0 homogeneiza\u00e7\u00e3o das diatom\u00e1ceas em represas tropicais e iii) levantar a biodiversidade de diatom\u00e1ceas desde a constru\u00e7\u00e3o das represas at\u00e9 o per\u00edodo atual. O hist\u00f3rico das altera\u00e7\u00f5es ambientais seguiu o gradiente de altera\u00e7\u00f5es do estado tr\u00f3fico (no tempo e no espa\u00e7o), sendo poss\u00edvel identificar esp\u00e9cies de diatom\u00e1ceas bioindicadoras de ambientes degradados a n\u00e3o degradados. Os dados permitiram inferir que a represa Ribeir\u00e3o do Campo permanece oligotr\u00f3fica desde sua origem; Itupararanga e Paineiras permanecem mesotr\u00f3ficas e que a represa Salto Grande foi eutr\u00f3fica desde sua constru\u00e7\u00e3o em 1949. Na represa Rio Grande, a eutrofiza\u00e7\u00e3o teve in\u00edcio na d\u00e9cada de 50, apresentando leve melhoria ap\u00f3s sua separa\u00e7\u00e3o da Billings, seguida de perda de qualidade a partir de ~2001. A diversidade beta diminuiu significativamente ao longo dos anos nas represas eutr\u00f3ficas, indicando que a eutrofiza\u00e7\u00e3o leva \u00e0 homogeneiza\u00e7\u00e3o bi\u00f3tica, muito provavelmente mediada pela sele\u00e7\u00e3o de nicho. Este \u00e9 o primeiro estudo paleolimnol\u00f3gico realizado no Brasil que considera represas com diferentes estados tr\u00f3ficos. Fornece novas informa\u00e7\u00f5es sobre a variabilidade natural de ecossistemas n\u00e3o degradados, sobre ambientes j\u00e1 degradados desde sua origem, bem como contribui com a caracteriza\u00e7\u00e3o de condi\u00e7\u00f5es de refer\u00eancia (pr\u00e9-eutrofiza\u00e7\u00e3o).<\/p>\n<hr align=\"center\" noshade=\"noshade\" size=\"1\" width=\"100%\" \/>\n<h3 style=\"text-align: center\">Avalia\u00e7\u00e3o das altera\u00e7\u00f5es da biodiversidade de diatom\u00e1ceas recentes e pret\u00e9ritas em reservat\u00f3rios com diferentes estados tr\u00f3ficos (\u00e1reas de mananciais da RMSP e arredores, SP)<\/h3>\n<hr align=\"center\" noshade=\"noshade\" size=\"1\" width=\"100%\" \/>\n<h4 style=\"text-align: center\"><strong>ABSTRACT<\/strong><\/h4>\n<p style=\"text-align: justify\">We studied the environmental history of five reservoirs with different productivities, ranging from oligotrophic to eutrophic, over ~50 to 100 years. Analyzing organic geochemistry (TOC, TN, TP, C \/ N), stable isotopes (\u03b4<sup>13<\/sup>C, \u03b4 <sup>15<\/sup>N) and diatoms, our main objectives are: i) reconstruct and compare the major paleolimnological changes ii) evaluate if eutrophication leads to homogenization of diatom communities and the mechanisms involved in this process iii) evaluate diatom biodiversity since the reservoirs\u2019s construction until the present. The history of the environmental changes was specific for each reservoir. It followed the trophic status gradient (space and time), reflecting local and\/or regional stressors. Geochemical results mostly followed the diatoms shifts and supported the ecological interpretations, particularly the main organic matter sources and non-treated sewage inputs. Diatoms associations were identified according to the trophic state regardless of space and time. Several benthic species with low abundances, indicator of oligotrophic and acidic waters, mainly <em>Eunotia <\/em>and <em>Brachysira<\/em>, characterized the oligotrophic environments (reservoir or phases). The mesotrophic environments were associated with four main species (<em>Aulacoseira ambigua, A. tenella, Discostella stelligera <\/em>e <em>Spicaticriba rudis<\/em>), and the eutrophic with five taxa (<em>Cyclotella meneghiniana<\/em>,<em> A. granulata<\/em> var. <em>granulata<\/em>,<em> A. granulata <\/em>var. <em>angustissima<\/em> e <em>A. ambigua<\/em> var. <em>japonica<\/em>). We inferred that Ribeir\u00e3o do Campo reservoir remains oligotrophic since its construction, Itupararanga and Paineiras remain mesotrophic, and Salto Grande has been eutrophic since its construction in 1949. In Rio Grande reservoir eutrophication began in the 50s, with a slight improvement after its separation from Billings, followed by the decrease in quality since ~2001. The use of the dissimilarity coefficient SCD (squared chord distance) to evaluate the extent of biological change required to achieve good ecological quality is adequate for reservoirs with major ecological changes, as Rio Grande reservoir. The similarity of diatom communities has significantly increased over the years in the eutrophic reservoirs, which indicates that eutrophication leads to biotic homogenization, and probably mediated by niche selection. This work is the first paleolimnological study considering reservoirs with different productivity in Brazil. It provides information about the pre-eutrophication conditions, the natural variability of non-degraded ecosystems and about the systems already degraded since its origin. Present findings reinforce the use of paleolimnology as an important tool, sometimes the unique available, to track the environmental history of reservoirs. This study contributes to a better understanding of the eutrophication process, and provides useful information for the management of tropical reservoirs vulnerable to anthropogenic pressure.<br \/>\n<strong>Keywords<\/strong>: biodiversity, biotic homogenization, eutrophication, organic chemistry, paleolimnology<\/p>\n<h4 style=\"text-align: center\"><strong>RESUMO<\/strong><\/h4>\n<p style=\"text-align: justify\">Estudamos a hist\u00f3ria ambiental de cinco represas com diferentes produtividades, variando de oligotr\u00f3ficas a eutr\u00f3ficas, ao longo de aproximadamente 50 a 100 anos. Com base na geoqu\u00edmica org\u00e2nica (COT, NT, PT, C\/N), is\u00f3topos est\u00e1veis (\u03b4<sup>13<\/sup>C, \u03b4<sup> 15<\/sup>N) e diatom\u00e1ceas, nossos principais objetivos foram: i) reconstruir e comparar as principais mudan\u00e7as paleolimnol\u00f3gicas, ii) avaliar se a eutrofiza\u00e7\u00e3o leva \u00e0 homogeneiza\u00e7\u00e3o das diatom\u00e1ceas em represas tropicais e iii) levantar a biodiversidade de diatom\u00e1ceas desde a constru\u00e7\u00e3o das represas at\u00e9 o per\u00edodo atual. O hist\u00f3rico das altera\u00e7\u00f5es ambientais foi represa-espec\u00edfico e seguiu o gradiente de altera\u00e7\u00f5es do estado tr\u00f3fico (no tempo e no espa\u00e7o), refletindo estressores locais e\/ou regionais. As altera\u00e7\u00f5es na geoqu\u00edmica org\u00e2nica acompanharam, em grande parte, as mudan\u00e7as observadas nas diatom\u00e1ceas e auxiliaram as interpreta\u00e7\u00f5es ecol\u00f3gicas, principalmente sobre as principais fontes de mat\u00e9ria org\u00e2nica e aportes de esgotos n\u00e3o tratados. Associa\u00e7\u00f5es de diatom\u00e1ceas foram identificadas em fun\u00e7\u00e3o do estado tr\u00f3fico independentemente do tempo e espa\u00e7o. Os ambientes (ou fases) oligotr\u00f3ficos pret\u00e9ritos e recentes foram caracterizados por v\u00e1rias esp\u00e9cies bent\u00f4nicas de baixa abund\u00e2ncia, indicadoras de \u00e1guas \u00e1cidas e oligotr\u00f3ficas, principalmente do g\u00eanero <em>Eunotia<\/em> e <em>Brachysira<\/em>. Os ambientes mesotr\u00f3ficos (ou fases) apresentaram associa\u00e7\u00e3o de quatro esp\u00e9cies principais (<em>Aulacoseira ambigua<\/em>,<em> A. tenella<\/em>,<em> Discostella stelligera <\/em>e <em>Spicaticriba rudis<\/em>), e os eutr\u00f3ficos, associa\u00e7\u00e3o de quatro t\u00e1xons principais (<em>Cyclotella meneghiniana<\/em>,<em> A. granulata<\/em> var. <em>granulata<\/em>,<em> A. granulata <\/em>var. <em>angustissima<\/em> e <em>A. ambigua<\/em> var. <em>japonica<\/em>). Os dados permitiram inferir que a represa Ribeir\u00e3o do Campo permanece oligotr\u00f3fica desde sua origem, Itupararanga e Paineiras permanecem mesotr\u00f3ficas e que a represa Salto Grande foi eutr\u00f3fica desde sua constru\u00e7\u00e3o em 1949. Na represa Rio Grande, a eutrofiza\u00e7\u00e3o teve in\u00edcio na d\u00e9cada de 50, apresentando leve melhoria ap\u00f3s sua separa\u00e7\u00e3o da Billings, seguida de perda de qualidade a partir de ~2001. O uso do coeficiente de dissimilaridade SCD (<em>squared chord distance<\/em>) para avaliar a extens\u00e3o da mudan\u00e7a biol\u00f3gica requerida para atingir boa qualidade ecol\u00f3gica \u00e9 indicado especialmente para represas que apresentaram grandes altera\u00e7\u00f5es ecol\u00f3gicas, como em Rio Grande. A similaridade da comunidade de diatom\u00e1ceas aumentou significativamente ao longo dos anos nas represas eutr\u00f3ficas, indicando que a eutrofiza\u00e7\u00e3o leva \u00e0 homogeneiza\u00e7\u00e3o bi\u00f3tica, muito provavelmente mediada pela sele\u00e7\u00e3o de nicho. Este \u00e9 o primeiro estudo paleolimnol\u00f3gico realizado no Brasil que considera represas com diferentes estados tr\u00f3ficos. Fornece novas informa\u00e7\u00f5es sobre a variabilidade natural de ecossistemas n\u00e3o degradados, sobre ambientes j\u00e1 degradados desde sua origem, bem como contribui com a caracteriza\u00e7\u00e3o de condi\u00e7\u00f5es pr\u00e9-eutrofiza\u00e7\u00e3o. Os resultados refor\u00e7am a paleolimnologia como ferramenta importante, at\u00e9 mesmo \u00fanica, para resgatar o hist\u00f3rico ambiental de represas. Contribuem para a melhor compreens\u00e3o do processo da eutrofiza\u00e7\u00e3o, fornecendo informa\u00e7\u00f5es \u00fateis para o gerenciamento de represas tropicais vulner\u00e1veis \u00e0 press\u00e3o antropog\u00eanica.<br \/>\n<strong>Palavras-chave<\/strong>: biodiversidade, eutrofiza\u00e7\u00e3o, geoqu\u00edmica org\u00e2nica, homogeneiza\u00e7\u00e3o bi\u00f3tica, paleolimnologia<\/p>\n<hr align=\"center\" noshade=\"noshade\" size=\"1\" width=\"100%\" \/>\n<p style=\"text-align: center\"><a href=\"https:\/\/smastr16.blob.core.windows.net\/pgibt\/2017\/01\/simone_wengrat_dr.pdf\"><img decoding=\"async\" loading=\"lazy\" class=\"aligncenter\" src=\"https:\/\/smastr16.blob.core.windows.net\/pgibt\/2013\/09\/pdf_grande.gif\" alt=\"pdf_grande\" width=\"60\" height=\"60\" \/><\/a><span style=\"color: #000000\"><a style=\"color: #000000\" href=\"https:\/\/smastr16.blob.core.windows.net\/pgibt\/2017\/01\/simone_wengrat_dr.pdf\">Simone Wengrat<\/a><\/span><a href=\"arquivos.ambiente.sp.gov.br\/pgibt\/2016\/12\/Zedenil_Rodrigues_Mendes_MS_tamanho-reduzido.pdf\" target=\"_blank\" rel=\"noopener noreferrer\"><br \/>\n<\/a><span style=\"color: #000000\"><a style=\"color: #000000\" href=\"https:\/\/smastr16.blob.core.windows.net\/pgibt\/2017\/01\/simone_wengrat_dr.pdf\">Avalia\u00e7\u00e3o das altera\u00e7\u00f5es da biodiversidade de diatom\u00e1ceas recentes e pret\u00e9ritas em reservat\u00f3rios com<br \/>\ndiferentes estados tr\u00f3ficos (\u00e1reas de mananciais da RMSP e arredores, SP)<\/a><\/span><a href=\"arquivos.ambiente.sp.gov.br\/pgibt\/2016\/12\/Zedenil_Rodrigues_Mendes_MS_tamanho-reduzido.pdf\" target=\"_blank\" rel=\"noopener noreferrer\"><br \/>\n<\/a><\/p>\n<hr align=\"center\" noshade=\"noshade\" size=\"1\" width=\"100%\" \/>\n<p style=\"text-align: center\"><strong>\u00a0<a href=\"www.infraestruturameioambiente.sp.gov.br\/pgibt\/dissertacoesteses\/\">VOLTAR AS DISSERTA\u00c7\u00d5ES E TESES<\/a><\/strong><\/p>\n<hr align=\"center\" noshade=\"noshade\" size=\"1\" width=\"100%\" \/>\n","protected":false},"excerpt":{"rendered":"<p>Simone Wengrat No dia 29 de fevereiro de 2016, \u00e0s 13:30, a aluna da p\u00f3s-gradua\u00e7\u00e3o em Biodiversidade Vegetal e Meio Ambiente do Instituto de Bot\u00e2nica, S\u00e3o Paulo (IBt), Simone Wengrat (bolsista FAPESP) defendeu sua Tese de Doutorado intitulada \u201cAvalia\u00e7\u00e3o das altera\u00e7\u00f5es da biodiversidade de diatom\u00e1ceas recentes e pret\u00e9ritas em reservat\u00f3rios com diferentes estados tr\u00f3ficos (\u00e1reas [&hellip;]<\/p>\n","protected":false},"author":1,"featured_media":0,"parent":249,"menu_order":0,"comment_status":"closed","ping_status":"closed","template":"","meta":[],"_links":{"self":[{"href":"https:\/\/www.infraestruturameioambiente.sp.gov.br\/pgibt\/wp-json\/wp\/v2\/pages\/5681"}],"collection":[{"href":"https:\/\/www.infraestruturameioambiente.sp.gov.br\/pgibt\/wp-json\/wp\/v2\/pages"}],"about":[{"href":"https:\/\/www.infraestruturameioambiente.sp.gov.br\/pgibt\/wp-json\/wp\/v2\/types\/page"}],"author":[{"embeddable":true,"href":"https:\/\/www.infraestruturameioambiente.sp.gov.br\/pgibt\/wp-json\/wp\/v2\/users\/1"}],"replies":[{"embeddable":true,"href":"https:\/\/www.infraestruturameioambiente.sp.gov.br\/pgibt\/wp-json\/wp\/v2\/comments?post=5681"}],"version-history":[{"count":2,"href":"https:\/\/www.infraestruturameioambiente.sp.gov.br\/pgibt\/wp-json\/wp\/v2\/pages\/5681\/revisions"}],"predecessor-version":[{"id":6406,"href":"https:\/\/www.infraestruturameioambiente.sp.gov.br\/pgibt\/wp-json\/wp\/v2\/pages\/5681\/revisions\/6406"}],"up":[{"embeddable":true,"href":"https:\/\/www.infraestruturameioambiente.sp.gov.br\/pgibt\/wp-json\/wp\/v2\/pages\/249"}],"wp:attachment":[{"href":"https:\/\/www.infraestruturameioambiente.sp.gov.br\/pgibt\/wp-json\/wp\/v2\/media?parent=5681"}],"curies":[{"name":"wp","href":"https:\/\/api.w.org\/{rel}","templated":true}]}}