{"id":5674,"date":"2017-01-11T11:44:14","date_gmt":"2017-01-11T13:44:14","guid":{"rendered":"https:\/\/www.infraestruturameioambiente.sp.gov.br\/pgibt\/?page_id=5674"},"modified":"2025-06-13T07:57:49","modified_gmt":"2025-06-13T10:57:49","slug":"2016-camila-correia-de-araujo-ms","status":"publish","type":"page","link":"https:\/\/www.infraestruturameioambiente.sp.gov.br\/pgibt\/dissertacoesteses\/2016-camila-correia-de-araujo-ms\/","title":{"rendered":"Camila Correia de Ara\u00fajo MS"},"content":{"rendered":"<h2 style=\"text-align: center\"><a href=\"arquivos.ambiente.sp.gov.br\/pgibt\/2015\/02\/faixapos6.jpg\"><img decoding=\"async\" loading=\"lazy\" class=\"aligncenter wp-image-3777 size-full\" style=\"border: 0px\" src=\"https:\/\/smastr16.blob.core.windows.net\/pgibt\/2015\/02\/faixapos6.jpg\" alt=\"faixapos6\" width=\"950\" height=\"163\" srcset=\"https:\/\/smastr16.blob.core.windows.net\/pgibt\/2015\/02\/faixapos6.jpg 950w, https:\/\/smastr16.blob.core.windows.net\/pgibt\/2015\/02\/faixapos6-768x131.jpg 768w\" sizes=\"(max-width: 950px) 100vw, 950px\" \/><\/a><\/h2>\n<hr align=\"center\" noshade=\"noshade\" size=\"1\" width=\"100%\" \/>\n<h2 style=\"text-align: center\"><span style=\"color: #003300\">Camila Correia de Ara\u00fajo<\/span><\/h2>\n<hr align=\"center\" noshade=\"noshade\" size=\"1\" width=\"100%\" \/>\n<p style=\"text-align: center\">Aos 15 de abril de 2016, na sala de aula do N\u00facleo de Pesquisa em Palinologia do Instituto de Bot\u00e2nica de S\u00e3o Paulo (IBt), a aluna da P\u00f3s-Gradua\u00e7\u00e3o em Biodiversidade Vegetal e Meio Ambiente do Instituto de Bot\u00e2nica de S\u00e3o Paulo (IBt), Camila Correia de Ara\u00fajo (Bolsista CNPQ 134249\/2014-3), defendeu a sua Disserta\u00e7\u00e3o de Mestrado intitulada \u201cBromeliaceae Juss. no<br \/>\nDistrito Federal (Brasil)\u201d.<\/p>\n<p style=\"text-align: center\">A banca examinadora foi composta pela Dra. Maria das Gra\u00e7as Lapa Wanderley (orientadora\/IBt), Dr. Tarciso de Sousa Filgueiras (IBt) e Dr. Leonardo de Melo Versieux (Universidade Federal do Rio Grande do Norte).<\/p>\n<hr align=\"center\" noshade=\"noshade\" size=\"1\" width=\"100%\" \/>\n<h3 style=\"text-align: center\"><strong>Bromeliaceae Juss. no Distrito Federal (Brasil)<\/strong><\/h3>\n<hr align=\"center\" noshade=\"noshade\" size=\"1\" width=\"100%\" \/>\n<h4 style=\"text-align: center\"><strong>ABSTRACT<\/strong><\/h4>\n<p style=\"text-align: justify\">Bromeliaceae is represented by 58 genera and approximately 3,250 species in the Neotropics, and only one species in Africa. 44 genera and 1,343 species occur in Brazil, from which 265 are found in Cerrado, the biome responsible for one third of Brazilian plant diversity. Distrito Federal is located in the center of the Cerrado, representing the many phytophysiognomies of this biome. It has been subject of several phytophysiognomical studies, even though Bromeliaceae registers are still scarce. For these reasons, the need of study the diversity of Bromeliaceae in this region is imperative. For this purpose, three field expeditions were performed in the Distrito Federal and to the Chapada dos Veadeiros National Park (Goi\u00e1s), comprehending 26 localities and 32 days in the field. Material collected was herborized and included in SP herbarium, with duplicates in CEN, HEPH, IBGE and UB herbaria. In addition to the fieldwork, the collections from SP, IBGE, UB, CEN, HEPH, RB and R herbaria were consulted. Species identification was based on morphological characters, using identification keys, specialized bibliography for Bromeliaceae and comparisons to type material and field observations. Twenty six species of Bromeliaceae were registered to Distrito Federal: <em>Aechmea bromeliifolia, Ananas ananassoides, A. bracteatus, Billbergia porteana, Bromelia balansae, B. exigua, B. glaziovii, B. goyazensis, Dyckia brasiliana, D. burchellii, D. machrisiana, Encholirium luxor, Pitcairnia burchellii, P. ulei, Tillandsia copynii, T. gardneri, T. geminiflora, T. loliacea, T. lorentziana, T. pohliana, T. polystachia, T. recurvata, T. streptocarpa, T. stricta, T. tenuifolia e Vriesea friburgensis<\/em>, the latter species representing a new occurrence of the area. We present the taxonomic treatment for the family, genera and species, as well as identification keys to the genera and species, illustrations and comments about the species, geographical distribution, and photographs. Besides contributing to the knowledge of the biodiversity of Bromeliaceae for the Distrito Federal, the present work also expand the floristic data for the family in the Cerrado.<br \/>\n<strong>Keywords:<\/strong> Cerrado, Floristics, <em>Pitcairnia ulei<\/em><\/p>\n<h4 style=\"text-align: center\"><strong>RESUMO<\/strong><\/h4>\n<p style=\"text-align: justify\">Bromeliaceae est\u00e1 representada por 58 g\u00eaneros e cerca de 3.250 esp\u00e9cies, distribu\u00eddas pelo Neotr\u00f3pico, exceto por uma esp\u00e9cie que ocorre no continente africano. No Brasil, ocorrem 44 g\u00eaneros e 1.343 esp\u00e9cies, das quais 265 ocorrem no Cerrado, bioma que \u00e9 respons\u00e1vel pela manuten\u00e7\u00e3o de um ter\u00e7o da biodiversidade brasileira. Devido ao Distrito Federal estar localizado na regi\u00e3o central da distribui\u00e7\u00e3o geogr\u00e1fica do Cerrado, representando bem as fitofisionomias deste bioma e por ter sido alvo de diversos trabalhos fitofision\u00f4micos e mesmo assim os registros para a fam\u00edlia Bromeliaceae se mostrarem escassos, tornou-se imperativo a necessidade de estudar a diversidade da fam\u00edlia nesta regi\u00e3o. Este trabalho teve como objetivo principal produzir a monografia de Bromeliaceae para a Flora do Distrito Federal. Para isso, foram realizadas tr\u00eas expedi\u00e7\u00f5es de coleta ao Distrito Federal e Parque Nacional Chapada dos Veadeiros (Goi\u00e1s), que abrangeram 26 localidades, em 32 dias de trabalho de campo. O material coletado foi herborizado e inclu\u00eddo na cole\u00e7\u00e3o SP, com duplicatas para os herb\u00e1rios CEN, HEPH, IBGE e UB. Al\u00e9m do trabalho de campo, foram feitas consultas aos acervos dos herb\u00e1rios SP, IBGE, UB, CEN, HEPH, RB e R. A determina\u00e7\u00e3o das esp\u00e9cies foi realizada atrav\u00e9s da an\u00e1lise de caracteres morfol\u00f3gicos, o uso de chaves de identifica\u00e7\u00e3o e da bibliografia especializada na fam\u00edlia, compara\u00e7\u00e3o com o material tipo e observa\u00e7\u00f5es em campo. Foram registradas 26 esp\u00e9cies de Bromeliaceae para o Distrito Federal: <em>Aechmea bromeliifolia<\/em>,<em> Ananas ananassoides<\/em>,<em> A. bracteatus<\/em>,<em> Billbergia porteana<\/em>,<em> Bromelia balansae<\/em>,<em> B. exigua<\/em>,<em> B. glaziovii<\/em>,<em> B. goyazensis<\/em>,<em> Dyckia brasiliana<\/em>,<em> D. burchellii<\/em>,<em> D. machrisiana<\/em>,<em> Encholirium luxor<\/em>,<em> Pitcairnia burchellii<\/em>,<em> P. ulei<\/em>,<em> Tillandsia copynii<\/em>,<em> T. gardneri<\/em>,<em> T. geminiflora<\/em>,<em> T. loliacea<\/em>,<em> T. lorentziana<\/em>,<em> T. pohliana<\/em>,<em> T. polystachia<\/em>,<em> T. recurvata<\/em>,<em> T. streptocarpa<\/em>,<em> T. stricta<\/em>,<em> T. tenuifolia <\/em>e<em> Vriesea friburgensis<\/em>, sendo esta \u00faltima uma nova ocorr\u00eancia para esta Unidade da Federa\u00e7\u00e3o. S\u00e3o apresentados o tratamento taxon\u00f4mico para a fam\u00edlia, g\u00eanero e esp\u00e9cies, assim como as chaves de identifica\u00e7\u00e3o para os g\u00eaneros e as esp\u00e9cies, ilustra\u00e7\u00f5es e coment\u00e1rios sobre esp\u00e9cies registradas, distribui\u00e7\u00e3o geogr\u00e1fica, pranchas de ilustra\u00e7\u00f5es e de fotos. Al\u00e9m de contribuir para o conhecimento da biodiversidade de Bromeliaceae para o Distrito Federal, o presente trabalho tamb\u00e9m amplia os dados flor\u00edsticos da fam\u00edlia para o Cerrado.<br \/>\n<strong>Palavras-chave:<\/strong> Cerrado, Flor\u00edstica, <em>Pitcairnia ulei<\/em><\/p>\n<hr align=\"center\" noshade=\"noshade\" size=\"1\" width=\"100%\" \/>\n<p style=\"text-align: center\"><a href=\"https:\/\/smastr16.blob.core.windows.net\/pgibt\/2017\/02\/camila_correia_de_araujo_ms.pdf\"><img decoding=\"async\" loading=\"lazy\" class=\"aligncenter wp-image-2313 size-full\" style=\"border: 0px\" src=\"https:\/\/smastr16.blob.core.windows.net\/pgibt\/2013\/09\/pdf_grande.gif\" alt=\"pdf_grande\" width=\"60\" height=\"60\" \/><\/a><a href=\"https:\/\/smastr16.blob.core.windows.net\/pgibt\/2017\/02\/camila_correia_de_araujo_ms.pdf\">Camila Correia de Ara\u00fajo<\/a><a href=\"arquivos.ambiente.sp.gov.br\/pgibt\/2016\/12\/Zedenil_Rodrigues_Mendes_MS_tamanho-reduzido.pdf\" target=\"_blank\" rel=\"noopener noreferrer\"><br \/>\n<\/a><a href=\"https:\/\/smastr16.blob.core.windows.net\/pgibt\/2017\/02\/camila_correia_de_araujo_ms.pdf\">Bromeliaceae Juss. no Distrito Federal (Brasil)<\/a><\/p>\n<hr align=\"center\" noshade=\"noshade\" size=\"1\" width=\"100%\" \/>\n<p style=\"text-align: center\"><strong>\u00a0<a href=\"www.infraestruturameioambiente.sp.gov.br\/pgibt\/dissertacoesteses\/\">VOLTAR AS DISSERTA\u00c7\u00d5ES E TESES<\/a><\/strong><\/p>\n<hr align=\"center\" noshade=\"noshade\" size=\"1\" width=\"100%\" \/>\n","protected":false},"excerpt":{"rendered":"<p>Camila Correia de Ara\u00fajo Aos 15 de abril de 2016, na sala de aula do N\u00facleo de Pesquisa em Palinologia do Instituto de Bot\u00e2nica de S\u00e3o Paulo (IBt), a aluna da P\u00f3s-Gradua\u00e7\u00e3o em Biodiversidade Vegetal e Meio Ambiente do Instituto de Bot\u00e2nica de S\u00e3o Paulo (IBt), Camila Correia de Ara\u00fajo (Bolsista CNPQ 134249\/2014-3), defendeu a [&hellip;]<\/p>\n","protected":false},"author":1,"featured_media":0,"parent":249,"menu_order":0,"comment_status":"closed","ping_status":"closed","template":"","meta":[],"_links":{"self":[{"href":"https:\/\/www.infraestruturameioambiente.sp.gov.br\/pgibt\/wp-json\/wp\/v2\/pages\/5674"}],"collection":[{"href":"https:\/\/www.infraestruturameioambiente.sp.gov.br\/pgibt\/wp-json\/wp\/v2\/pages"}],"about":[{"href":"https:\/\/www.infraestruturameioambiente.sp.gov.br\/pgibt\/wp-json\/wp\/v2\/types\/page"}],"author":[{"embeddable":true,"href":"https:\/\/www.infraestruturameioambiente.sp.gov.br\/pgibt\/wp-json\/wp\/v2\/users\/1"}],"replies":[{"embeddable":true,"href":"https:\/\/www.infraestruturameioambiente.sp.gov.br\/pgibt\/wp-json\/wp\/v2\/comments?post=5674"}],"version-history":[{"count":3,"href":"https:\/\/www.infraestruturameioambiente.sp.gov.br\/pgibt\/wp-json\/wp\/v2\/pages\/5674\/revisions"}],"predecessor-version":[{"id":9666,"href":"https:\/\/www.infraestruturameioambiente.sp.gov.br\/pgibt\/wp-json\/wp\/v2\/pages\/5674\/revisions\/9666"}],"up":[{"embeddable":true,"href":"https:\/\/www.infraestruturameioambiente.sp.gov.br\/pgibt\/wp-json\/wp\/v2\/pages\/249"}],"wp:attachment":[{"href":"https:\/\/www.infraestruturameioambiente.sp.gov.br\/pgibt\/wp-json\/wp\/v2\/media?parent=5674"}],"curies":[{"name":"wp","href":"https:\/\/api.w.org\/{rel}","templated":true}]}}