{"id":5638,"date":"2017-01-06T11:55:32","date_gmt":"2017-01-06T13:55:32","guid":{"rendered":"https:\/\/www.infraestruturameioambiente.sp.gov.br\/pgibt\/?page_id=5638"},"modified":"2018-05-07T12:05:42","modified_gmt":"2018-05-07T15:05:42","slug":"2016-roseli-betoni-bragante-dr","status":"publish","type":"page","link":"https:\/\/www.infraestruturameioambiente.sp.gov.br\/pgibt\/dissertacoesteses\/2016-roseli-betoni-bragante-dr\/","title":{"rendered":"Roseli Betoni Bragante DR"},"content":{"rendered":"<h2 style=\"text-align: center\"><a href=\"arquivos.ambiente.sp.gov.br\/pgibt\/2015\/02\/faixapos6.jpg\"><img decoding=\"async\" loading=\"lazy\" class=\"aligncenter wp-image-3777 size-full\" style=\"border: 0px\" src=\"https:\/\/smastr16.blob.core.windows.net\/pgibt\/2015\/02\/faixapos6.jpg\" alt=\"faixapos6\" width=\"950\" height=\"163\" srcset=\"https:\/\/smastr16.blob.core.windows.net\/pgibt\/2015\/02\/faixapos6.jpg 950w, https:\/\/smastr16.blob.core.windows.net\/pgibt\/2015\/02\/faixapos6-768x131.jpg 768w\" sizes=\"(max-width: 950px) 100vw, 950px\" \/><\/a><\/h2>\n<hr align=\"center\" noshade=\"noshade\" size=\"1\" width=\"100%\" \/>\n<h2 style=\"text-align: center\"><span style=\"color: #003300\">Roseli Betoni Bragante<\/span><\/h2>\n<hr align=\"center\" noshade=\"noshade\" size=\"1\" width=\"100%\" \/>\n<p style=\"text-align: center\"><a href=\"https:\/\/smastr16.blob.core.windows.net\/pgibt\/2017\/01\/foto-roseli-betoni-bragante.png\"><img decoding=\"async\" loading=\"lazy\" class=\"aligncenter wp-image-5640\" src=\"https:\/\/smastr16.blob.core.windows.net\/pgibt\/2017\/01\/foto-roseli-betoni-bragante.png\" alt=\"\" width=\"400\" height=\"251\" srcset=\"https:\/\/smastr16.blob.core.windows.net\/pgibt\/2017\/01\/foto-roseli-betoni-bragante.png 1232w, https:\/\/smastr16.blob.core.windows.net\/pgibt\/2017\/01\/foto-roseli-betoni-bragante-768x482.png 768w\" sizes=\"(max-width: 400px) 100vw, 400px\" \/><\/a><\/p>\n<p style=\"text-align: center\">Em 10 de junho de 2016, Roseli Betoni Bragante, aluna de Doutorado do programa de P\u00f3s-Gradua\u00e7\u00e3o em Biodiversidade Vegetal e Meio Ambiente do Instituto de Bot\u00e2nica,\u00a0bolsista CNPq, defendeu sua Disserta\u00e7\u00e3o de Mestrado intitulada,<br \/>\n&#8220;Metabolismo e potencial de armazenamento de sementes de Leguminosas Nativas&#8221;.<\/p>\n<p>A banca examinadora foi presidida pela sua orientadora, PqC. Dra Rita de C\u00e1ssia Leone Figueiredo Ribeiro (IBt) e composta pelo \u00a0PqC. Dr. Antonio Salatino (Instituto de Bioci\u00eancias USP), PqC. Dra M\u00e1rcia Braga (IBt), PqC. Dr. Nelson Augusto dos Santos J\u00fanior (N\u00facleo de Pesquisa em Sementes \u2013 IBt\/SP) e PqC. Dra.Marina C.M.Martins Soldi (CTBE-Campinas) al\u00e9m do Co-orientador\u00a0 PqC. Dr. Claudio Jos\u00e9 Barbedo (N\u00facleo de Pesquisa em Sementes \u2013 IBt\/SP).<\/p>\n<p style=\"text-align: center\">O projeto desenvolvido buscou verificar a exist\u00eancia de um gradiente cont\u00ednuo na toler\u00e2ncia a desseca\u00e7\u00e3o de sementes, desde as mais tolerantes (ortodoxas) at\u00e9 as mais sens\u00edveis (recalcitrantes). A redu\u00e7\u00e3o do teor de \u00e1gua e da temperatura \u00e9 t\u00e9cnica comumente empregada para armazenamento, mas \u00e9 dependente do grau de toler\u00e2ncia \u00e0 desseca\u00e7\u00e3o das sementes que, em algumas esp\u00e9cies, \u00e9 extremamente baixo.\u00a0 Alguns autores consideram que tal variabilidade pode ser decorrente do grau de matura\u00e7\u00e3o das sementes no momento de seu desligamento da planta-m\u00e3e, uma vez que a toler\u00e2ncia \u00e0 desseca\u00e7\u00e3o \u00e9 adquirida progressivamente durante a matura\u00e7\u00e3o. O estudo comparado de esp\u00e9cies taxonomicamente pr\u00f3ximas e com comportamentos contrastantes poder\u00e1 ajudar a compreender o envolvimento do processo de toler\u00e2ncia \u00e0 desseca\u00e7\u00e3o com o comportamento de sementes durante o armazenamento. Dentre as Leguminosas,<em> Libidibia ferrea<\/em> (pau-ferro) apresenta sementes ortodoxas cl\u00e1ssicas e taxonomicamente \u00e9 pr\u00f3xima de pau-brasil. O objetivo desse trabalho foi analisar comparativamente sementes de <em>Caesalpinia echinata <\/em>e <em>Libidibia ferrea<\/em> em diferentes est\u00e1dios de matura\u00e7\u00e3o (imatura e madura) e condi\u00e7\u00f5es de armazenamento (-18 \u00b0C e 25 \u00b0C por diferentes per\u00edodos, na presen\u00e7a e aus\u00eancia de luz), a fim de avaliar o efeito de fatores f\u00edsicos (temperatura e luz) como condicionantes das taxas de deteriora\u00e7\u00e3o das sementes durante o armazenamento, e sua rela\u00e7\u00e3o com o metabolismo respirat\u00f3rio e perfil metab\u00f3lico. Os resultados encontrados neste trabalho confirmam a hip\u00f3tese de que as diferen\u00e7as entre sementes ortodoxas e recalcitrantes decorrem do grau de matura\u00e7\u00e3o das mesmas no momento do desligamento da planta-m\u00e3e.<\/p>\n<hr align=\"center\" noshade=\"noshade\" size=\"1\" width=\"100%\" \/>\n<h3 style=\"text-align: center\">Metabolismo e potencial de armazenamento de sementes de Leguminosas Nativas<\/h3>\n<hr align=\"center\" noshade=\"noshade\" size=\"1\" width=\"100%\" \/>\n<h4 style=\"text-align: center\"><strong>ABSTRACT<\/strong><\/h4>\n<p style=\"text-align: justify\">The overexploitation of <em>Caesalpinia echinata<\/em> Lam. (Brazilwood) to dye (Brazil colony) and use of wood (later), led to its inclusion among the native endangered species. Therefore, the seed bank may be an important strategy for the conservation of this species. However, the use of seed banks is dependent on the storage potential, and longevity of seeds. The reduction of the water content and temperature are commonly employed to store tree seeds, but depends on the degree of desiccation tolerance of seeds that, in some species, is extremely low. It is believed to be a continuous gradient of tolerance, from the most tolerant seeds (orthodox) to the most sensitive ones (recalcitrant). Some authors consider even that this variability may be due to the degree of maturation of seeds at shedding time from the mother plant, since desiccation tolerance is gradually acquired during maturation. Brazilwood seeds tolerate drying up water levels close to 7%, and may be stored for up to five years in freezing temperatures (-5 \u00b0 C to -18 \u00b0 C) without losing viability; if kept at room temperature, even when dry, they lose their ability to germinate in about three months. Recently it was observed that during storage, these seeds have a higher O<sub>2<\/sub> consumption without a corresponding release of CO<sub>2<\/sub>, suggesting that the respiratory metabolism and\/or oxidative processes affect the speed of deterioration. However, the physiological and metabolic processes involved in the rapid loss of viability during storage are still uncertain. Such seeds, present, therefore, an intermediate behavior between orthodox and recalcitrant, having advanced the maturation process enough to acquire tolerance to desiccation, but not enough to fully develop the antioxidant systems. The comparative study of taxonomically close species with contrasting behavior may help to understand the involvement of the process of desiccation tolerance with seed behavior during storage. Among Leguminosae, <em>Libidibia ferrea<\/em> (ironwood) features classic orthodox seeds and taxonomically is close to Brazil wood. Therefore, the study of the respiratory behavior of different seeds during the maturation process may extend knowledge about the metabolism of stored seeds and contribute to the conservation of these species. The aim of this work was analyze <em>Caesalpinia echinata <\/em>and<em> Libidibia ferrea<\/em> seeds at different stages of maturation (immature and mature) and storage conditions (-18 \u00b0C and 25 \u00b0C for different periods in the presence and absence of light), the to assess the effect of physical factors (temperature and light) affecting deterioration rates of the seeds during storage, and its relationship with their respiratory metabolism and metabolic profiles. The results showed that immature seeds of <em>C. echinata<\/em> and mature seeds of <em>L. ferrea<\/em> could be stored for at least 1 year at -18 \u00b0C. The primary metabolism of <em>C. echinata<\/em> seeds is reduced during maturation, but not as observed in mature seeds of <em>L. ferrea<\/em>. Comparing the behavior of both seeds to those described for the recalcitrant <em>Inga vera<\/em> and the orthodox <em>Erythrina speciosa<\/em> seeds it is possible to verify a metabolic gradient on which the seeds with lower water content at dispersion exhibit reduced metabolic activity. Thus, the metabolic profile of these seeds reinforces the idea that the differences between orthodox and recalcitrant seeds arise from its degree of maturation at the time of shedding.<br \/>\n<strong>Keywords<\/strong>: storage, metabolism, brazilwood, ironwood, respiration<\/p>\n<h4 style=\"text-align: center\"><strong>RESUMO<\/strong><\/h4>\n<p style=\"text-align: justify\">A super explora\u00e7\u00e3o de <em>Caesalpinia echinata<\/em> Lam. (pau-brasil) para tintura (Brasil col\u00f4nia) e para uso da madeira (mais recente), colocaram-na entre as esp\u00e9cies nativas amea\u00e7adas de extin\u00e7\u00e3o, podendo o banco de sementes ser uma estrat\u00e9gia importante para a conserva\u00e7\u00e3o da esp\u00e9cie. Entretanto, o uso de bancos de sementes depende do potencial de armazenamento e da longevidade das sementes. A redu\u00e7\u00e3o do teor de \u00e1gua e da temperatura \u00e9 t\u00e9cnica comumente empregada para armazenamento, mas \u00e9 dependente do grau de toler\u00e2ncia \u00e0 desseca\u00e7\u00e3o das sementes que, em algumas esp\u00e9cies, \u00e9 extremamente baixo. H\u00e1 a possibilidade de existir um gradiente cont\u00ednuo nessa toler\u00e2ncia, desde as sementes mais tolerantes (ortodoxas) at\u00e9 as mais sens\u00edveis (recalcitrantes). Alguns autores consideram que tal variabilidade pode ser decorrente do grau de matura\u00e7\u00e3o das sementes no momento de seu desligamento da planta-m\u00e3e, uma vez que a toler\u00e2ncia \u00e0 desseca\u00e7\u00e3o \u00e9 adquirida progressivamente durante a matura\u00e7\u00e3o. Sementes de pau-brasil toleram secagem at\u00e9 teores de \u00e1gua pr\u00f3ximos a 7%, podendo ser armazenadas por at\u00e9 cinco anos em temperaturas de congelamento (-5 \u00b0C a -18 \u00b0C) sem perderem a viabilidade; se mantidas \u00e0 temperatura ambiente, mesmo quando secas, perdem a capacidade germinativa em cerca de tr\u00eas meses. Recentemente foi observado que, durante o armazenamento, essas sementes apresentam elevado consumo de O<sub>2<\/sub> sem a correspondente libera\u00e7\u00e3o de CO<sub>2<\/sub>, sugerindo que o metabolismo respirat\u00f3rio e\/ou oxidativo possam condicionar a sua velocidade de deteriora\u00e7\u00e3o. Contudo, os processos fisiol\u00f3gicos e metab\u00f3licos envolvidos na r\u00e1pida perda de viabilidade durante o armazenamento ainda permanecem incertos. Tais sementes situariam-se, dessa forma, em posi\u00e7\u00e3o intermedi\u00e1ria entre ortodoxas e recalcitrantes, tendo avan\u00e7ado o processo de matura\u00e7\u00e3o o suficiente para adquirir a toler\u00e2ncia \u00e0 desseca\u00e7\u00e3o, mas n\u00e3o o suficiente para desenvolver plenamente os sistemas antioxidantes. O estudo comparado de esp\u00e9cies taxonomicamente pr\u00f3ximas e com comportamentos contrastantes poder\u00e1 ajudar a compreender o envolvimento do processo de toler\u00e2ncia \u00e0 desseca\u00e7\u00e3o com o comportamento de sementes durante o armazenamento. Dentre as Leguminosas,<em> Libidibia ferrea<\/em> (pau-ferro) apresenta sementes ortodoxas cl\u00e1ssicas e taxonomicamente \u00e9 pr\u00f3xima de pau-brasil. O objetivo desse trabalho foi analisar comparativamente sementes de <em>Caesalpinia echinata <\/em>e <em>Libidibia ferrea<\/em> em diferentes est\u00e1dios de matura\u00e7\u00e3o (imatura e madura) e condi\u00e7\u00f5es de armazenamento (-18 \u00b0C e 25 \u00b0C por diferentes per\u00edodos, na presen\u00e7a e aus\u00eancia de luz), a fim de avaliar o efeito de fatores f\u00edsicos (temperatura e luz) como condicionantes das taxas de deteriora\u00e7\u00e3o das sementes durante o armazenamento, e sua rela\u00e7\u00e3o com o metabolismo respirat\u00f3rio e perfil metab\u00f3lico. Os resultados permitiram verificar que sementes imaturas e maduras de <em>Caesalpinia echinata <\/em>e <em>Libidibia ferrea <\/em>podem ser armazenadas por pelo menos 1 ano a -18 \u00b0C. O metabolismo prim\u00e1rio das sementes de <em>C. echinata<\/em> \u00e9 reduzido na matura\u00e7\u00e3o, mas n\u00e3o como o observado em sementes maduras de <em>L. ferrea<\/em>. Comparando-se o comportamento das sementes das duas esp\u00e9cies estudadas aos descritos para sementes de outras Leguminosas arb\u00f3reas, como as recalcitrantes de <em>Inga vera<\/em> e as ortodoxas de <em>Erythrina speciosa<\/em> foi poss\u00edvel constatar um gradiente metab\u00f3lico no qual sementes com menor teor de \u00e1gua apresentaram menor atividade metab\u00f3lica. Dessa forma, os resultados encontrados neste trabalho confirmam a hip\u00f3tese de que as diferen\u00e7as entre sementes ortodoxas e recalcitrantes decorrem do grau de matura\u00e7\u00e3o das mesmas no momento do desligamento da planta-m\u00e3e.<br \/>\n<strong>Palavras-chave<\/strong>: armazenamento, metabolismo,pau-brasil<em>, <\/em>pau-ferro, respira\u00e7\u00e3o<\/p>\n<hr align=\"center\" noshade=\"noshade\" size=\"1\" width=\"100%\" \/>\n<p style=\"text-align: center\"><a href=\"https:\/\/smastr16.blob.core.windows.net\/pgibt\/2017\/01\/roseli_betoni_bragante_dr.pdf\"><img decoding=\"async\" loading=\"lazy\" class=\"aligncenter\" src=\"https:\/\/smastr16.blob.core.windows.net\/pgibt\/2013\/09\/pdf_grande.gif\" alt=\"pdf_grande\" width=\"60\" height=\"60\" \/><\/a><a href=\"https:\/\/smastr16.blob.core.windows.net\/pgibt\/2017\/01\/roseli_betoni_bragante_dr.pdf\">Roseli Betoni Bragante<\/a><a href=\"arquivos.ambiente.sp.gov.br\/pgibt\/2016\/12\/Zedenil_Rodrigues_Mendes_MS_tamanho-reduzido.pdf\" target=\"_blank\" rel=\"noopener noreferrer\"><br \/>\n<\/a><a href=\"https:\/\/smastr16.blob.core.windows.net\/pgibt\/2017\/01\/roseli_betoni_bragante_dr.pdf\">Metabolismo e potencial de armazenamento de sementes de Leguminosas Nativas<\/a><\/p>\n<hr align=\"center\" noshade=\"noshade\" size=\"1\" width=\"100%\" \/>\n<p style=\"text-align: center\"><strong>\u00a0<a href=\"www.infraestruturameioambiente.sp.gov.br\/pgibt\/dissertacoesteses\/\">VOLTAR AS DISSERTA\u00c7\u00d5ES E TESES<\/a><\/strong><\/p>\n<hr align=\"center\" noshade=\"noshade\" size=\"1\" width=\"100%\" \/>\n","protected":false},"excerpt":{"rendered":"<p>Roseli Betoni Bragante Em 10 de junho de 2016, Roseli Betoni Bragante, aluna de Doutorado do programa de P\u00f3s-Gradua\u00e7\u00e3o em Biodiversidade Vegetal e Meio Ambiente do Instituto de Bot\u00e2nica,\u00a0bolsista CNPq, defendeu sua Disserta\u00e7\u00e3o de Mestrado intitulada, &#8220;Metabolismo e potencial de armazenamento de sementes de Leguminosas Nativas&#8221;. A banca examinadora foi presidida pela sua orientadora, PqC. [&hellip;]<\/p>\n","protected":false},"author":1,"featured_media":0,"parent":249,"menu_order":0,"comment_status":"closed","ping_status":"closed","template":"","meta":[],"_links":{"self":[{"href":"https:\/\/www.infraestruturameioambiente.sp.gov.br\/pgibt\/wp-json\/wp\/v2\/pages\/5638"}],"collection":[{"href":"https:\/\/www.infraestruturameioambiente.sp.gov.br\/pgibt\/wp-json\/wp\/v2\/pages"}],"about":[{"href":"https:\/\/www.infraestruturameioambiente.sp.gov.br\/pgibt\/wp-json\/wp\/v2\/types\/page"}],"author":[{"embeddable":true,"href":"https:\/\/www.infraestruturameioambiente.sp.gov.br\/pgibt\/wp-json\/wp\/v2\/users\/1"}],"replies":[{"embeddable":true,"href":"https:\/\/www.infraestruturameioambiente.sp.gov.br\/pgibt\/wp-json\/wp\/v2\/comments?post=5638"}],"version-history":[{"count":2,"href":"https:\/\/www.infraestruturameioambiente.sp.gov.br\/pgibt\/wp-json\/wp\/v2\/pages\/5638\/revisions"}],"predecessor-version":[{"id":6403,"href":"https:\/\/www.infraestruturameioambiente.sp.gov.br\/pgibt\/wp-json\/wp\/v2\/pages\/5638\/revisions\/6403"}],"up":[{"embeddable":true,"href":"https:\/\/www.infraestruturameioambiente.sp.gov.br\/pgibt\/wp-json\/wp\/v2\/pages\/249"}],"wp:attachment":[{"href":"https:\/\/www.infraestruturameioambiente.sp.gov.br\/pgibt\/wp-json\/wp\/v2\/media?parent=5638"}],"curies":[{"name":"wp","href":"https:\/\/api.w.org\/{rel}","templated":true}]}}