{"id":562,"date":"2013-09-16T11:36:21","date_gmt":"2013-09-16T14:36:21","guid":{"rendered":"https:\/\/www.infraestruturameioambiente.sp.gov.br\/pgibt\/?page_id=562"},"modified":"2013-09-16T11:36:21","modified_gmt":"2013-09-16T14:36:21","slug":"2012-cibelle-ferreira-francoso","status":"publish","type":"page","link":"https:\/\/www.infraestruturameioambiente.sp.gov.br\/pgibt\/dissertacoesteses\/2012-cibelle-ferreira-francoso\/","title":{"rendered":"Cibelle Ferreira Fran\u00e7oso MS"},"content":{"rendered":"<h2 style=\"text-align: center\"><a href=\"https:\/\/smastr16.blob.core.windows.net\/pgibt\/2015\/02\/faixapos6.jpg\"><img decoding=\"async\" loading=\"lazy\" class=\"aligncenter size-full wp-image-3777\" style=\"border: 0px\" alt=\"faixapos6\" src=\"https:\/\/smastr16.blob.core.windows.net\/pgibt\/2015\/02\/faixapos6.jpg\" width=\"950\" height=\"163\" srcset=\"https:\/\/smastr16.blob.core.windows.net\/pgibt\/2015\/02\/faixapos6.jpg 950w, https:\/\/smastr16.blob.core.windows.net\/pgibt\/2015\/02\/faixapos6-768x131.jpg 768w\" sizes=\"(max-width: 950px) 100vw, 950px\" \/><\/a><\/h2>\n<hr align=\"center\" noshade=\"noshade\" size=\"1\" width=\"100%\" \/>\n<h2 style=\"text-align: center\">Cibelle Ferreira Fran\u00e7oso<\/h2>\n<hr align=\"center\" noshade=\"noshade\" size=\"1\" width=\"100%\" \/>\n<p style=\"text-align: center\">No dia 16 de agosto de 2012 a aluna Cibelle Ferreira Fran\u00e7oso (bolsista Capes), do curso de P\u00f3s-Gradua\u00e7\u00e3o\u00a0em Biodiversidade Vegetal e Meio Ambiente do Instituto de Bot\u00e2nica (IBt), defendeu sua disserta\u00e7\u00e3o de mestrado<br \/>\n\u201cTratamentos t\u00e9rmicos e osm\u00f3ticos para controle de fungos associados a sementes\u00a0de\u00a0<em>Eugenia brasiliensis\u00a0<\/em>e\u00a0<em>Eugenia uniflora\u201d<\/em>.<\/p>\n<p style=\"text-align: center\">A banca examinadora foi presidida por seu orientador Dr. Claudio Jos\u00e9 Barbedo e contou com a participa\u00e7\u00e3o\u00a0do<br \/>\nProf. Dr. Jos\u00e9 Ot\u00e1vio Machado Menten (ESALQ) e da Dra. Christiane Ceriani Aparecido (Instituto Biol\u00f3gico).<\/p>\n<hr align=\"center\" noshade=\"noshade\" size=\"1\" width=\"100%\" \/>\n<h3 style=\"text-align: center\"><strong>Tratamentos t\u00e9rmicos e osm\u00f3ticos para controle de fungos associados\u00a0a sementes de<br \/>\n<em>Eugenia brasiliensis\u00a0<\/em>e\u00a0<em>Eugenia uniflora<\/em>.<\/strong><\/h3>\n<hr align=\"center\" noshade=\"noshade\" size=\"1\" width=\"100%\" \/>\n<h4 style=\"text-align: center\"><strong>RESUMO<\/strong><\/h4>\n<p style=\"text-align: justify\">Sementes intolerantes \u00e0 desseca\u00e7\u00e3o necessitam ser armazenadas com elevado teor de \u00e1gua para sua conserva\u00e7\u00e3o, o que favorece a prolifera\u00e7\u00e3o de microrganismos, principalmente os fungos, que podem acelerar consideravelmente a velocidade de deteriora\u00e7\u00e3o dessas sementes. O tratamento de sementes com o uso de fungicidas pode gerar toxicidade \u00e0s pr\u00f3prias sementes e ao ambiente, tornando necess\u00e1rio o estudo de m\u00e9todos alternativos para o controle dos fungos, como os tratamentos t\u00e9rmicos e osm\u00f3ticos. Por\u00e9m, a prote\u00e7\u00e3o residual contra os pat\u00f3genos ao longo do armazenamento, que \u00e9 conferida ao utilizar fungicidas, n\u00e3o existe nesses tratamentos alternativos, o que representa uma grande limita\u00e7\u00e3o. Sendo assim, no presente trabalho objetivou-se avaliar o efeito de tratamentos t\u00e9rmicos e osm\u00f3ticos, quando aplicados isolados e associados, no controle dos fungos e na manuten\u00e7\u00e3o da qualidade fisiol\u00f3gica de sementes intolerantes a desseca\u00e7\u00e3o, de\u00a0<em>Eugenia brasiliensis\u00a0<\/em>(grumixameira) e\u00a0<em>Eugenia uniflora\u00a0<\/em>(pitangueira), e tamb\u00e9m avaliar os efeitos da reaplica\u00e7\u00e3o desses tratamentos sobre o potencial de armazenamento dessas sementes. Os resultados demonstraram que o tratamento t\u00e9rmico reduz a incid\u00eancia da maioria dos fungos presentes em sementes de\u00a0<em>Eugenia<\/em>, por\u00e9m ele apresenta baixo ou nenhum controle sobre a incid\u00eancia de\u00a0<em>Penicillium\u00a0<\/em>sp. e\u00a0<em>Fusarium\u00a0<\/em>sp., que foram melhor controlados com o tratamento osm\u00f3tico. Este tamb\u00e9m apresentou efici\u00eancia no controle da micota e resultou em menores preju\u00edzos sobre a qualidade fisiol\u00f3gica das sementes. A associa\u00e7\u00e3o dos tratamentos aparentemente produziu resultados mais favor\u00e1veis, devendo ser melhor explorada em trabalhos futuros. A reaplica\u00e7\u00e3o dos tratamentos pode diminuir a defici\u00eancia causada pela falta do efeito residual e ampliar o controle dos fungos ao longo do armazenamento. Por\u00e9m, a decis\u00e3o de aplicar\/reaplicar ou n\u00e3o um tratamento deve estar associada \u00e0 an\u00e1lise inicial da micota presente nas sementes, para se avaliar o melhor tratamento, durante o armazenamento, para manter o controle da micota.<\/p>\n<p style=\"text-align: justify\"><strong>Palavras-chave:<\/strong>\u00a0armazenamento de sementes; sementes recalcitrantes; tratamento t\u00e9rmico; tratamento osm\u00f3tico;\u00a0<em>Penicillium\u00a0<\/em>sp;\u00a0<em>Fusarium\u00a0<\/em>sp.<\/p>\n<hr align=\"center\" noshade=\"noshade\" size=\"1\" width=\"100%\" \/>\n<p style=\"text-align: center\"><a href=\"https:\/\/smastr16.blob.core.windows.net\/pgibt\/2013\/09\/pdf_grande.gif\"><img decoding=\"async\" loading=\"lazy\" class=\"aligncenter size-full wp-image-2313\" style=\"border: 0px\" alt=\"pdf_grande\" src=\"https:\/\/smastr16.blob.core.windows.net\/pgibt\/2013\/09\/pdf_grande.gif\" width=\"60\" height=\"60\" \/><\/a><a href=\"https:\/\/smastr16.blob.core.windows.net\/pgibt\/2013\/09\/Cibelle_Ferreira_Francoso_MS.pdf\" target=\"_blank\">Cibelle Ferreira Fran\u00e7oso<br \/>\nTratamentos t\u00e9rmicos e osm\u00f3ticos para controle de fungos associados a sementes de<br \/>\n<em>Eugenia brasiliensis<\/em> e <em>Eugenia uniflora<\/em>.<\/a><\/p>\n<hr align=\"center\" noshade=\"noshade\" size=\"1\" width=\"100%\" \/>\n<p style=\"text-align: center\"><strong>\u00a0<a href=\"https:\/\/www.infraestruturameioambiente.sp.gov.br\/pgibt\/dissertacoesteses\/\">VOLTAR AS DISSERTA\u00c7\u00d5ES E TESES<\/a><\/strong><\/p>\n<hr align=\"center\" noshade=\"noshade\" size=\"1\" width=\"100%\" \/>\n<p>&nbsp;<\/p>\n","protected":false},"excerpt":{"rendered":"<p>Cibelle Ferreira Fran\u00e7oso No dia 16 de agosto de 2012 a aluna Cibelle Ferreira Fran\u00e7oso (bolsista Capes), do curso de P\u00f3s-Gradua\u00e7\u00e3o\u00a0em Biodiversidade Vegetal e Meio Ambiente do Instituto de Bot\u00e2nica (IBt), defendeu sua disserta\u00e7\u00e3o de mestrado \u201cTratamentos t\u00e9rmicos e osm\u00f3ticos para controle de fungos associados a sementes\u00a0de\u00a0Eugenia brasiliensis\u00a0e\u00a0Eugenia uniflora\u201d. A banca examinadora foi presidida por [&hellip;]<\/p>\n","protected":false},"author":1,"featured_media":0,"parent":249,"menu_order":0,"comment_status":"closed","ping_status":"closed","template":"fullpage.php","meta":[],"_links":{"self":[{"href":"https:\/\/www.infraestruturameioambiente.sp.gov.br\/pgibt\/wp-json\/wp\/v2\/pages\/562"}],"collection":[{"href":"https:\/\/www.infraestruturameioambiente.sp.gov.br\/pgibt\/wp-json\/wp\/v2\/pages"}],"about":[{"href":"https:\/\/www.infraestruturameioambiente.sp.gov.br\/pgibt\/wp-json\/wp\/v2\/types\/page"}],"author":[{"embeddable":true,"href":"https:\/\/www.infraestruturameioambiente.sp.gov.br\/pgibt\/wp-json\/wp\/v2\/users\/1"}],"replies":[{"embeddable":true,"href":"https:\/\/www.infraestruturameioambiente.sp.gov.br\/pgibt\/wp-json\/wp\/v2\/comments?post=562"}],"version-history":[{"count":0,"href":"https:\/\/www.infraestruturameioambiente.sp.gov.br\/pgibt\/wp-json\/wp\/v2\/pages\/562\/revisions"}],"up":[{"embeddable":true,"href":"https:\/\/www.infraestruturameioambiente.sp.gov.br\/pgibt\/wp-json\/wp\/v2\/pages\/249"}],"wp:attachment":[{"href":"https:\/\/www.infraestruturameioambiente.sp.gov.br\/pgibt\/wp-json\/wp\/v2\/media?parent=562"}],"curies":[{"name":"wp","href":"https:\/\/api.w.org\/{rel}","templated":true}]}}