{"id":5579,"date":"2017-01-02T11:53:54","date_gmt":"2017-01-02T13:53:54","guid":{"rendered":"https:\/\/www.infraestruturameioambiente.sp.gov.br\/pgibt\/?page_id=5579"},"modified":"2018-05-15T12:02:29","modified_gmt":"2018-05-15T15:02:29","slug":"2016-stefano-zorzal-de-almeida-dr","status":"publish","type":"page","link":"https:\/\/www.infraestruturameioambiente.sp.gov.br\/pgibt\/dissertacoesteses\/2016-stefano-zorzal-de-almeida-dr\/","title":{"rendered":"St\u00e9fano Zorzal de Almeida DR"},"content":{"rendered":"<h2 style=\"text-align: center\"><a href=\"arquivos.ambiente.sp.gov.br\/pgibt\/2015\/02\/faixapos6.jpg\"><img decoding=\"async\" loading=\"lazy\" class=\"aligncenter wp-image-3777 size-full\" style=\"border: 0px\" src=\"https:\/\/smastr16.blob.core.windows.net\/pgibt\/2015\/02\/faixapos6.jpg\" alt=\"faixapos6\" width=\"950\" height=\"163\" srcset=\"https:\/\/smastr16.blob.core.windows.net\/pgibt\/2015\/02\/faixapos6.jpg 950w, https:\/\/smastr16.blob.core.windows.net\/pgibt\/2015\/02\/faixapos6-768x131.jpg 768w\" sizes=\"(max-width: 950px) 100vw, 950px\" \/><\/a><\/h2>\n<hr align=\"center\" noshade=\"noshade\" size=\"1\" width=\"100%\" \/>\n<h2 style=\"text-align: center\"><span style=\"color: #003300\">St\u00e9fano Zorzal de Almeida<\/span><\/h2>\n<hr align=\"center\" noshade=\"noshade\" size=\"1\" width=\"100%\" \/>\n<p>St\u00e9fano Zorzal de Almeida, aluno do Programa de P\u00f3s-Gradua\u00e7\u00e3o em Biodiversidade Vegetal e Meio Ambiente do Instituto de Bot\u00e2nica de S\u00e3o Paulo, defendeu, no dia 27 de julho de 2016, sua tese de Doutorado intitulada: \u201cBiodiversidade e distribui\u00e7\u00e3o das diatom\u00e1ceas em represas do Estado de S\u00e3o Paulo com \u00eanfase na bacia do rio Piracicaba e do Sistema Cantareira\u201d. A banca examinadora foi composta pelo seu orientador Dr\u00aa. Denise de Campos Bicudo (Instituto de Bot\u00e2nica\/S\u00e3o Paulo, N\u00facleo de Pesquisa em Ecologia), Dr. Raoul henry (Unesp\/Botucatu), Dr. D\u00e9cio Luis Semensatto Junior (Universidade Federal do ABC), Dr. Tadeu Siqueira de Barros (Unesp\/Rio Claro) e Dr\u00aa. Carla Ferragut (Instituto de Bot\u00e2nica\/S\u00e3o Paulo, N\u00facleo de Pesquisa em Ecologia). A tese defendida teve como objetivo principal de avaliar os principais fatores que direcionam a distribui\u00e7\u00e3o das diatom\u00e1ceas em represas de ambientes tropicais, e foi dividida em tr\u00eas cap\u00edtulos:<\/p>\n<p style=\"text-align: center\">1) Land use and ecological quality of tropical reservoirs in southeastern Brazil: relationships at local and watershed scales. \u00a0Neste cap\u00edtulo foram avaliadas as rela\u00e7\u00f5es entre o uso do solo (na escala de entorno e de bacia hidrogr\u00e1fica) e as caracter\u00edsticas das \u00e1guas e dos sedimentos superficiais das represas estudadas. Ainda, foi considerada a depend\u00eancia espacial dessas rela\u00e7\u00f5es, incluindo a conectividade entre as esta\u00e7\u00f5es amostrais.<\/p>\n<p style=\"text-align: center\">2) Unravelling the key drivers of diatom species and trait variation in tropical reservoirs. O segundo cap\u00edtulo teve como objetivo avaliar os principais fatores determinantes da distribui\u00e7\u00e3o das diatom\u00e1ceas (pl\u00e2ncton e sedimento superficial) nas represas, avaliando a import\u00e2ncia das vari\u00e1veis abi\u00f3ticas locais, a conectividade entre as esta\u00e7\u00f5es amostrais, e o uso do solo.<\/p>\n<p style=\"text-align: center\">3)\u00a0Beta diversity of diatoms is driven by environmental heterogeneity, spatial extent and productivity. O \u00faltimo cap\u00edtulo apresenta um modelo de determina\u00e7\u00e3o da diversidade beta de diatom\u00e1ceas em represas tropicais. A varia\u00e7\u00e3o da diversidade beta foi modelada em fun\u00e7\u00e3o da heterogeneidade ambiental, produtividade, extens\u00e3o espacial e estabilidade da represa.<\/p>\n<p style=\"text-align: center\">A presente tese traz contribui\u00e7\u00f5es in\u00e9ditas (em n\u00edvel mundial e de Brasil) nas rela\u00e7\u00f5es da distribui\u00e7\u00e3o de diatom\u00e1ceas em represas tropicais.<\/p>\n<hr align=\"center\" noshade=\"noshade\" size=\"1\" width=\"100%\" \/>\n<h3 style=\"text-align: center\">Biodiversidade e distribui\u00e7\u00e3o das diatom\u00e1ceas em represas do Estado de S\u00e3o Paulo com \u00eanfase na bacia do rio Piracicaba e do Sistema Cantareira<\/h3>\n<hr align=\"center\" noshade=\"noshade\" size=\"1\" width=\"100%\" \/>\n<h4 style=\"text-align: center\"><strong>ABSTRACT<\/strong><\/h4>\n<p style=\"text-align: justify\">Freshwater ecosystems are important hot spots of global biodiversity, supporting a large number of species in a relatively small area. Diatoms are important components of these ecosystems, being the basis for many food webs, with a large number of species. This thesis aimed to evaluate the key factors that control biodiversity and distribution of diatoms in tropical reservoirs. Seven reservoirs were sampled in Piracicaba river basin and Cantareira System (31 sampling sites), located in the northeast of S\u00e3o Paulo State. Water samples (summer and winter) and surface sediment (winter) were collected for analysis of the reservoir\u201fs environmental characteristics and the diatom community. In addition, we used database (abiotic and diatomaceous) from the thematic project <em>AcquaSed <\/em>for the analysis of beta diversity. Ordination analysis and correlations were used to determine land use relationships with limnological characteristics and between diatom and environment, in the seven reservoirs of the Piracicaba river basin and Cantareira System. Generalized least\u00a0 squares models were used to assess the relationship of beta diversity with the\u00a0 morpho- limnetic features of 23 reservoir in S\u00e3o Paulo State. Results showed that water and surface sediment characteristics are dependent of the land use, responding similarly when it is evaluated in buffer zone and watershed scales. Connectivity between sampling stations is also an important factor in determining the characteristics of the reservoirs. In fact, the effects of land use are probably spatially-structured by connectivity. Similarly, the distribution of\u00a0 diatom community (plankton and sediment surface) is driven by connectivity. However, diatoms respond primarily to local environmental characteristics (trophic gradient and light availability). Furthermore, differences among diatom communities within reservoirs (beta diversity) are dependent of heterogeneous environment, productivity and spatial extent. Knowing the processes that drive aquatic communities, including diatoms, is a basic requirement to improve actions towards protection of aquatic biodiversity and management of water sources.<br \/>\n<strong>Keywords<\/strong>: beta diversity; connectivity; plankton; reservoirs; surface sediment; land use<\/p>\n<h4 style=\"text-align: center\"><strong>RESUMO<\/strong><\/h4>\n<p style=\"text-align: justify\">Ecossistemas aqu\u00e1ticos continentais s\u00e3o importantes <em>hot spots<\/em> da biodiversidade mundial, suportando uma grande quantidade de esp\u00e9cies em uma \u00e1rea relativamente pequena. As diatom\u00e1ceas s\u00e3o importantes componentes desses ecossistemas, sendo a base de diversas cadeias tr\u00f3ficas e contando com um grande n\u00famero de esp\u00e9cies. A presente tese teve como principal objetivo avaliar os principais fatores que controlam a biodiversidade e distribui\u00e7\u00e3o das diatom\u00e1ceas em represas tropicais. Sete represas foram amostradas na bacia do rio Piracicaba e Sistema Cantareira (31 esta\u00e7\u00f5es amostrais), localizadas no nordeste do Estado de S\u00e3o Paulo. Amostras de \u00e1gua (ver\u00e3o e inverno) e de sedimento superficial (inverno) foram coletadas para an\u00e1lise das caracter\u00edsticas ambientais das represas e da comunidade de diatom\u00e1ceas. Al\u00e9m disso, foi utilizado o banco de dados (abi\u00f3ticos e de diatom\u00e1ceas) do projeto tem\u00e1tico <em>AcquaSed<\/em> para a an\u00e1lise da diversidade beta. An\u00e1lises de ordena\u00e7\u00e3o e correla\u00e7\u00f5es foram utilizadas na determina\u00e7\u00e3o das rela\u00e7\u00f5es uso do solo com as caracter\u00edsticas limnol\u00f3gicas e das rela\u00e7\u00f5es diatom\u00e1ceas-ambiente, nas sete represas da bacia do rio Piracicaba e Sistema Cantareira. Modelos de m\u00ednimos quadrados generalizados foram utilizados para a avalia\u00e7\u00e3o da rela\u00e7\u00e3o da diversidade beta com as caracter\u00edsticas morfo-limn\u00e9ticas em 23 represas do Estado de S\u00e3o Paulo. Os resultados mostraram que as caracter\u00edsticas da \u00e1gua e do sedimento superficial das represas s\u00e3o dependentes do uso do solo, respondendo de forma similar quando este \u00e9 avaliado na escala de entorno da represa e na de bacia hidrogr\u00e1fica. A conectividade entre as esta\u00e7\u00f5es amostrais tamb\u00e9m \u00e9 um fator importante da determina\u00e7\u00e3o das caracter\u00edsticas dos reservat\u00f3rios. De fato, os efeitos do uso do solo s\u00e3o muito provavelmente espacialmente estruturados pela conectividade. Da mesma forma, a distribui\u00e7\u00e3o da comunidade de diatom\u00e1ceas (pl\u00e2ncton e sedimento superficial) \u00e9 direcionada pela conectividade. Contudo, as diatom\u00e1ceas respondem primariamente \u00e0s caracter\u00edsticas locais do ambiente (gradiente tr\u00f3fico e disponibilidade de luz). Ainda, a diferen\u00e7a entre as comunidades de diatom\u00e1ceas (diversidade beta) em uma mesma represa \u00e9 dependente da sua heterogeneidade ambiental, produtividade e extens\u00e3o espacial. Conhecer os processos direcionadores da organiza\u00e7\u00e3o das comunidades aqu\u00e1ticas, incluindo diatom\u00e1ceas, \u00e9 requisito b\u00e1sico para a\u00e7\u00f5es para a prote\u00e7\u00e3o da biodiversidade aqu\u00e1tica e processos de manejo dos mananciais.<br \/>\n<strong>Palavras-chave<\/strong>: beta diversidade; conectividade; pl\u00e2ncton; represas; sedimento superficial; uso do solo<\/p>\n<hr align=\"center\" noshade=\"noshade\" size=\"1\" width=\"100%\" \/>\n<p style=\"text-align: center\"><a href=\"https:\/\/smastr16.blob.core.windows.net\/pgibt\/2017\/01\/stefano_zorzal_de_almeida_dr.pdf\"><img decoding=\"async\" loading=\"lazy\" class=\"alignnone\" src=\"https:\/\/smastr16.blob.core.windows.net\/pgibt\/2013\/09\/pdf_grande.gif\" alt=\"pdf_grande\" width=\"60\" height=\"60\" \/><\/a><\/p>\n<p style=\"text-align: center\"><a href=\"https:\/\/smastr16.blob.core.windows.net\/pgibt\/2017\/01\/stefano_zorzal_de_almeida_dr.pdf\">St\u00e9fano Zorzal de Almeida<\/a><br \/>\n<a href=\"https:\/\/smastr16.blob.core.windows.net\/pgibt\/2017\/01\/stefano_zorzal_de_almeida_dr.pdf\">Biodiversidade e distribui\u00e7\u00e3o das diatom\u00e1ceas em represas do Estado de S\u00e3o Paulo com \u00eanfase na bacia do<\/a><br \/>\n<a href=\"https:\/\/smastr16.blob.core.windows.net\/pgibt\/2017\/01\/stefano_zorzal_de_almeida_dr.pdf\">rio Piracicaba e do Sistema Cantareira<\/a><\/p>\n<hr align=\"center\" noshade=\"noshade\" size=\"1\" width=\"100%\" \/>\n<p style=\"text-align: center\"><strong> <a href=\"www.infraestruturameioambiente.sp.gov.br\/pgibt\/dissertacoesteses\/\">VOLTAR AS DISSERTA\u00c7\u00d5ES E TESES<\/a><\/strong><\/p>\n<hr align=\"center\" noshade=\"noshade\" size=\"1\" width=\"100%\" \/>\n","protected":false},"excerpt":{"rendered":"<p>St\u00e9fano Zorzal de Almeida St\u00e9fano Zorzal de Almeida, aluno do Programa de P\u00f3s-Gradua\u00e7\u00e3o em Biodiversidade Vegetal e Meio Ambiente do Instituto de Bot\u00e2nica de S\u00e3o Paulo, defendeu, no dia 27 de julho de 2016, sua tese de Doutorado intitulada: \u201cBiodiversidade e distribui\u00e7\u00e3o das diatom\u00e1ceas em represas do Estado de S\u00e3o Paulo com \u00eanfase na bacia [&hellip;]<\/p>\n","protected":false},"author":1,"featured_media":0,"parent":249,"menu_order":0,"comment_status":"closed","ping_status":"closed","template":"","meta":[],"_links":{"self":[{"href":"https:\/\/www.infraestruturameioambiente.sp.gov.br\/pgibt\/wp-json\/wp\/v2\/pages\/5579"}],"collection":[{"href":"https:\/\/www.infraestruturameioambiente.sp.gov.br\/pgibt\/wp-json\/wp\/v2\/pages"}],"about":[{"href":"https:\/\/www.infraestruturameioambiente.sp.gov.br\/pgibt\/wp-json\/wp\/v2\/types\/page"}],"author":[{"embeddable":true,"href":"https:\/\/www.infraestruturameioambiente.sp.gov.br\/pgibt\/wp-json\/wp\/v2\/users\/1"}],"replies":[{"embeddable":true,"href":"https:\/\/www.infraestruturameioambiente.sp.gov.br\/pgibt\/wp-json\/wp\/v2\/comments?post=5579"}],"version-history":[{"count":2,"href":"https:\/\/www.infraestruturameioambiente.sp.gov.br\/pgibt\/wp-json\/wp\/v2\/pages\/5579\/revisions"}],"predecessor-version":[{"id":6418,"href":"https:\/\/www.infraestruturameioambiente.sp.gov.br\/pgibt\/wp-json\/wp\/v2\/pages\/5579\/revisions\/6418"}],"up":[{"embeddable":true,"href":"https:\/\/www.infraestruturameioambiente.sp.gov.br\/pgibt\/wp-json\/wp\/v2\/pages\/249"}],"wp:attachment":[{"href":"https:\/\/www.infraestruturameioambiente.sp.gov.br\/pgibt\/wp-json\/wp\/v2\/media?parent=5579"}],"curies":[{"name":"wp","href":"https:\/\/api.w.org\/{rel}","templated":true}]}}