{"id":554,"date":"2013-09-16T11:25:51","date_gmt":"2013-09-16T14:25:51","guid":{"rendered":"https:\/\/www.infraestruturameioambiente.sp.gov.br\/pgibt\/?page_id=554"},"modified":"2013-09-16T11:25:51","modified_gmt":"2013-09-16T14:25:51","slug":"2005-luciana-rufino","status":"publish","type":"page","link":"https:\/\/www.infraestruturameioambiente.sp.gov.br\/pgibt\/dissertacoesteses\/2005-luciana-rufino\/","title":{"rendered":"Luciana Rufino Godinho MS"},"content":{"rendered":"<h2 style=\"text-align: center\"><a href=\"https:\/\/smastr16.blob.core.windows.net\/pgibt\/2015\/02\/faixapos6.jpg\"><img decoding=\"async\" loading=\"lazy\" class=\"aligncenter size-full wp-image-3777\" style=\"border: 0px\" alt=\"faixapos6\" src=\"https:\/\/smastr16.blob.core.windows.net\/pgibt\/2015\/02\/faixapos6.jpg\" width=\"950\" height=\"163\" srcset=\"https:\/\/smastr16.blob.core.windows.net\/pgibt\/2015\/02\/faixapos6.jpg 950w, https:\/\/smastr16.blob.core.windows.net\/pgibt\/2015\/02\/faixapos6-768x131.jpg 768w\" sizes=\"(max-width: 950px) 100vw, 950px\" \/><\/a><\/h2>\n<hr align=\"center\" noshade=\"noshade\" size=\"1\" width=\"100%\" \/>\n<h2 style=\"text-align: center\">Luciana Rufino Godinho<\/h2>\n<hr align=\"center\" noshade=\"noshade\" size=\"1\" width=\"100%\" \/>\n<p style=\"text-align: center\">Luciana Rufino Godinho, aluna do programa de p\u00f3s-gradua\u00e7\u00e3o em biodiversidade vegetal e meio ambiente do Instituto de Bot\u00e2nica de S\u00e3o Paulo (Ibt) e bolsista FAPESP defendeu no dia 19 de dezembro de 2005 sua disserta\u00e7\u00e3o de Mestrado intitulada,<br \/>\n&#8220;O G\u00eanero\u00a0<em>Staurodesmus <\/em>(Zygnemaphyceae)\u00a0no estado de S\u00e3o Paulo: levantamento flor\u00edstico&#8221;.<\/p>\n<p style=\"text-align: center\">A banca examinadora foi composta pelo seu orientador, Dr. Carlos Eduardo de Mattos Bicudo (Instituto de Bot\u00e2nica),<br \/>\npela Dr. Mutue Toyota Fujii (Instituto de Bot\u00e2nica) e pela Dr. Mari\u00e2ngela Menezes (Museu Nacional do Rio de Janeiro).<\/p>\n<hr align=\"center\" noshade=\"noshade\" size=\"1\" width=\"100%\" \/>\n<h3 style=\"text-align: center\"><strong>O G\u00eanero\u00a0<em>Staurodesmus<\/em> (Zygnemaphyceae)\u00a0no estado de S\u00e3o Paulo: levantamento flor\u00edstico<\/strong><\/h3>\n<hr align=\"center\" noshade=\"noshade\" size=\"1\" width=\"100%\" \/>\n<h4 style=\"text-align: center\"><strong>RESUMO<\/strong><\/h4>\n<p style=\"text-align: justify\">O trabalho que foi realizado utilizando material coletado nos \u00faltimos 40 anos, consistiu no levantamento das esp\u00e9cies de Desmidiaceae (pertencente ao g\u00eanero Staurodesmus). O levantamento flor\u00edstico dos representantes do g\u00eanero no estado de S\u00e3o Paulo est\u00e1 baseado no estudo de 103 unidades amostrais depositadas no Herb\u00e1rio Cientifico do Instituto de Bot\u00e2nica.<\/p>\n<p style=\"text-align: justify\">Foram examinados materiais de 78 munic\u00edpios e em 20 deles foram documentados esp\u00e9cimes de<em>\u00a0Staurodesmus<\/em>. Foi utilizada a metodologia cl\u00e1ssica em algas, com a utiliza\u00e7\u00e3o de microscopia \u00f3ptica e a partir do estudo de popula\u00e7\u00f5es, com base nas caracter\u00edsticas morfol\u00f3gicas, mer\u00edsticas e m\u00e9tricas cl\u00e1ssicas da c\u00e9lula, a fim de avaliar o que fossem varia\u00e7\u00f5es infra e inter populacionais. Ambientes tanto l\u00eanticos quanto l\u00f3ticos foram pesquisados, e tanto material fitoplanct\u00f4nico quanto de\u00a0<em>perif\u00edton<\/em>\u00a0foram examinados. Foram encontrados 54 t\u00e1xons que representam 34 esp\u00e9cies , 23 variedades e 6 formas taxon\u00f4micas. Sendo que, 2 poss\u00edveis novas esp\u00e9cies para a Ci\u00eancia, e 4 formas das quais ao que tudo indica, s\u00e3o novas para a Ci\u00eancia. Dos 54 t\u00e1xons que foram citados, 20 s\u00e3o cita\u00e7\u00f5es pioneiras para o estado de S\u00e3o Paulo.<\/p>\n<p style=\"text-align: center\"><a href=\"https:\/\/smastr16.blob.core.windows.net\/pgibt\/2013\/09\/lugodinho5.jpg\"><img decoding=\"async\" loading=\"lazy\" class=\"alignnone  wp-image-555\" alt=\"Luciana Godinho\" src=\"https:\/\/smastr16.blob.core.windows.net\/pgibt\/2013\/09\/lugodinho5.jpg\" width=\"200\" height=\"150\" srcset=\"https:\/\/smastr16.blob.core.windows.net\/pgibt\/2013\/09\/lugodinho5.jpg 228w, https:\/\/smastr16.blob.core.windows.net\/pgibt\/2013\/09\/lugodinho5-768x576.jpg 768w\" sizes=\"(max-width: 200px) 100vw, 200px\" \/><\/a> <a href=\"https:\/\/smastr16.blob.core.windows.net\/pgibt\/2013\/09\/lugodinho1.jpg\"><img decoding=\"async\" loading=\"lazy\" class=\"alignnone  wp-image-556\" alt=\"Luciana Godinho\" src=\"https:\/\/smastr16.blob.core.windows.net\/pgibt\/2013\/09\/lugodinho1.jpg\" width=\"200\" height=\"150\" \/><\/a> <a href=\"https:\/\/smastr16.blob.core.windows.net\/pgibt\/2013\/09\/lugodinho2.jpg\"><img decoding=\"async\" loading=\"lazy\" class=\"alignnone  wp-image-557\" alt=\"Luciana Godinho\" src=\"https:\/\/smastr16.blob.core.windows.net\/pgibt\/2013\/09\/lugodinho2.jpg\" width=\"200\" height=\"150\" srcset=\"https:\/\/smastr16.blob.core.windows.net\/pgibt\/2013\/09\/lugodinho2.jpg 237w, https:\/\/smastr16.blob.core.windows.net\/pgibt\/2013\/09\/lugodinho2-768x580.jpg 768w\" sizes=\"(max-width: 200px) 100vw, 200px\" \/><\/a> <a href=\"https:\/\/smastr16.blob.core.windows.net\/pgibt\/2013\/09\/lugodinho3.jpg\"><img decoding=\"async\" loading=\"lazy\" class=\"alignnone  wp-image-558\" alt=\"Luciana Godinho\" src=\"https:\/\/smastr16.blob.core.windows.net\/pgibt\/2013\/09\/lugodinho3.jpg\" width=\"200\" height=\"150\" \/><\/a> <a href=\"https:\/\/smastr16.blob.core.windows.net\/pgibt\/2013\/09\/lugodinho4.jpg\"><img decoding=\"async\" loading=\"lazy\" class=\"alignnone  wp-image-559\" alt=\"Luciana Godinho\" src=\"https:\/\/smastr16.blob.core.windows.net\/pgibt\/2013\/09\/lugodinho4.jpg\" width=\"200\" height=\"150\" \/><\/a><\/p>\n<hr align=\"center\" noshade=\"noshade\" size=\"1\" width=\"100%\" \/>\n<p style=\"text-align: center\"><a href=\"https:\/\/smastr16.blob.core.windows.net\/pgibt\/2013\/09\/pdf_grande.gif\"><img decoding=\"async\" loading=\"lazy\" class=\"aligncenter size-full wp-image-2313\" style=\"border: 0px\" alt=\"pdf_grande\" src=\"https:\/\/smastr16.blob.core.windows.net\/pgibt\/2013\/09\/pdf_grande.gif\" width=\"60\" height=\"60\" \/><\/a><br \/>\n<a href=\"https:\/\/smastr16.blob.core.windows.net\/pgibt\/2013\/09\/Luciana_Rufino_Godinho_MS.pdf\" target=\"_blank\">Luciana Rufino Godinho<br \/>\nO G\u00eanero\u00a0<em>Staurodesmus <\/em>(Zygnemaphyceae)\u00a0no estado de S\u00e3o Paulo: levantamento flor\u00edstico<\/a><\/p>\n<hr align=\"center\" noshade=\"noshade\" size=\"1\" width=\"100%\" \/>\n<p style=\"text-align: center\"><strong>\u00a0<a href=\"https:\/\/www.infraestruturameioambiente.sp.gov.br\/pgibt\/dissertacoesteses\/\">VOLTAR AS DISSERTA\u00c7\u00d5ES E TESES<\/a><\/strong><\/p>\n<hr align=\"center\" noshade=\"noshade\" size=\"1\" width=\"100%\" \/>\n<h1 style=\"text-align: center\"><\/h1>\n","protected":false},"excerpt":{"rendered":"<p>Luciana Rufino Godinho Luciana Rufino Godinho, aluna do programa de p\u00f3s-gradua\u00e7\u00e3o em biodiversidade vegetal e meio ambiente do Instituto de Bot\u00e2nica de S\u00e3o Paulo (Ibt) e bolsista FAPESP defendeu no dia 19 de dezembro de 2005 sua disserta\u00e7\u00e3o de Mestrado intitulada, &#8220;O G\u00eanero\u00a0Staurodesmus (Zygnemaphyceae)\u00a0no estado de S\u00e3o Paulo: levantamento flor\u00edstico&#8221;. A banca examinadora foi composta [&hellip;]<\/p>\n","protected":false},"author":1,"featured_media":0,"parent":249,"menu_order":0,"comment_status":"closed","ping_status":"open","template":"fullpage.php","meta":[],"_links":{"self":[{"href":"https:\/\/www.infraestruturameioambiente.sp.gov.br\/pgibt\/wp-json\/wp\/v2\/pages\/554"}],"collection":[{"href":"https:\/\/www.infraestruturameioambiente.sp.gov.br\/pgibt\/wp-json\/wp\/v2\/pages"}],"about":[{"href":"https:\/\/www.infraestruturameioambiente.sp.gov.br\/pgibt\/wp-json\/wp\/v2\/types\/page"}],"author":[{"embeddable":true,"href":"https:\/\/www.infraestruturameioambiente.sp.gov.br\/pgibt\/wp-json\/wp\/v2\/users\/1"}],"replies":[{"embeddable":true,"href":"https:\/\/www.infraestruturameioambiente.sp.gov.br\/pgibt\/wp-json\/wp\/v2\/comments?post=554"}],"version-history":[{"count":0,"href":"https:\/\/www.infraestruturameioambiente.sp.gov.br\/pgibt\/wp-json\/wp\/v2\/pages\/554\/revisions"}],"up":[{"embeddable":true,"href":"https:\/\/www.infraestruturameioambiente.sp.gov.br\/pgibt\/wp-json\/wp\/v2\/pages\/249"}],"wp:attachment":[{"href":"https:\/\/www.infraestruturameioambiente.sp.gov.br\/pgibt\/wp-json\/wp\/v2\/media?parent=554"}],"curies":[{"name":"wp","href":"https:\/\/api.w.org\/{rel}","templated":true}]}}