{"id":547,"date":"2013-09-16T11:10:00","date_gmt":"2013-09-16T14:10:00","guid":{"rendered":"https:\/\/www.infraestruturameioambiente.sp.gov.br\/pgibt\/?page_id=547"},"modified":"2013-09-16T11:10:00","modified_gmt":"2013-09-16T14:10:00","slug":"2012-camila-pereira-de-carvalho","status":"publish","type":"page","link":"https:\/\/www.infraestruturameioambiente.sp.gov.br\/pgibt\/dissertacoesteses\/2012-camila-pereira-de-carvalho\/","title":{"rendered":"Camila Pereira de Carvalho MS"},"content":{"rendered":"<h2 style=\"text-align: center\"><a href=\"https:\/\/smastr16.blob.core.windows.net\/pgibt\/2015\/02\/faixapos6.jpg\"><img decoding=\"async\" loading=\"lazy\" class=\"aligncenter size-full wp-image-3777\" style=\"border: 0px\" alt=\"faixapos6\" src=\"https:\/\/smastr16.blob.core.windows.net\/pgibt\/2015\/02\/faixapos6.jpg\" width=\"950\" height=\"163\" srcset=\"https:\/\/smastr16.blob.core.windows.net\/pgibt\/2015\/02\/faixapos6.jpg 950w, https:\/\/smastr16.blob.core.windows.net\/pgibt\/2015\/02\/faixapos6-768x131.jpg 768w\" sizes=\"(max-width: 950px) 100vw, 950px\" \/><\/a><\/h2>\n<hr align=\"center\" noshade=\"noshade\" size=\"1\" width=\"100%\" \/>\n<h2 style=\"text-align: center\">Camila Pereira de Carvalho<\/h2>\n<hr align=\"center\" noshade=\"noshade\" size=\"1\" width=\"100%\" \/>\n<p style=\"text-align: center\">No dia 26 de setembro de 2012, Camila Pereira de Carvalho, aluna de P\u00f3s-gradua\u00e7\u00e3o do Instituto de Bot\u00e2nica da Secretaria\u00a0do Meio Ambiente do Estado de S\u00e3o Paulo, bolsista do CNPq, sob orienta\u00e7\u00e3o da\u00a0Dra. Catarina Carvalho Nievola, defendeu sua disserta\u00e7\u00e3o de Mestrado intitulada:<br \/>\n\u201cInflu\u00eancias de baixas temperaturas no crescimento, conte\u00fado de carboidratos e<br \/>\naclimatiza\u00e7\u00e3o da\u00a0brom\u00e9lia end\u00eamica\u00a0<em>Nidularium minutum\u00a0<\/em>Mez. cultivada\u00a0<em>in vitro<\/em>\u201d.<\/p>\n<p style=\"text-align: center\">A banca examinadora foi composta pela Dra. Ana Paula Artimonte Vaz (Embrapa &#8211; Transfer\u00eancia de Tecnologia),<br \/>\nDr. Diego Demarco (Instituo de Bioci\u00eancias \u2013 USP) e<br \/>\nDra. Catarina Carvalho Nievola (Orientadora, N\u00facleo de Pesquisa em Plantas Ornamentais \u2013 IBt).<\/p>\n<div id=\"attachment_548\" style=\"width: 457px\" class=\"wp-caption aligncenter\"><a href=\"https:\/\/smastr16.blob.core.windows.net\/pgibt\/2013\/09\/Camila_Pereira.jpg\"><img aria-describedby=\"caption-attachment-548\" decoding=\"async\" loading=\"lazy\" class=\"size-full wp-image-548\" alt=\"Dra. Ana Paula Artimonte Vaz, Dra. Catarina Carvalho Nievola, aluna Camila Pereira de Carvalho e Dr. Diego Demarco.\" src=\"https:\/\/smastr16.blob.core.windows.net\/pgibt\/2013\/09\/Camila_Pereira.jpg\" width=\"447\" height=\"260\" \/><\/a><p id=\"caption-attachment-548\" class=\"wp-caption-text\">Dra. Ana Paula Artimonte Vaz, Dra. Catarina Carvalho Nievola, aluna Camila Pereira de Carvalho e Dr. Diego Demarco.<\/p><\/div>\n<hr align=\"center\" noshade=\"noshade\" size=\"1\" width=\"100%\" \/>\n<h3 style=\"text-align: center\">Influ\u00eancias de baixas temperaturas no crescimento, conte\u00fado de carboidratos e aclimatiza\u00e7\u00e3o da\u00a0brom\u00e9lia end\u00eamica<br \/>\n<em>Nidularium minutum\u00a0<\/em>Mez. cultivada\u00a0<em>in vitro<\/em><\/h3>\n<hr align=\"center\" noshade=\"noshade\" size=\"1\" width=\"100%\" \/>\n<h4 style=\"text-align: center\"><strong>RESUMO<\/strong><\/h4>\n<p style=\"text-align: justify\">O desenvolvimento de estrat\u00e9gias de preserva\u00e7\u00e3o \u00e9 importante para esp\u00e9cies amea\u00e7adas como \u00e9 o caso da brom\u00e9lia end\u00eamica<em>Nidularium minutum\u00a0<\/em>Mez. Dentre as metodologias utilizadas, por meio do uso de temperaturas baixas \u00e9 poss\u00edvel a forma\u00e7\u00e3o de cole\u00e7\u00f5es\u00a0<em>in vitro<\/em>\u00a0de crescimento lento, reduzindo os subcultivos. Tendo em vista o potencial ornamental dessa esp\u00e9cie<em>,<\/em>\u00a0\u00e9 importante avaliar a retomada do crescimento das plantas da cole\u00e7\u00e3o quando transferidas para cultivo\u00a0<em>ex vitro\u00a0<\/em>(aclimatiza\u00e7\u00e3o). O objetivo desse trabalho foi identificar a condi\u00e7\u00e3o de cultivo\u00a0<em>in vitro,\u00a0<\/em>em baixa temperatura, que induza o menor crescimento de plantas de\u00a0<em>N. minutum<\/em>, mas a partir da qual seja poss\u00edvel a sobreviv\u00eancia quando aclimatizadas. Para isto, foram investigados par\u00e2metros associados \u00e0 adapta\u00e7\u00e3o ao frio como an\u00e1lise de carboidratos, clorofila e anatomia. Plantas de\u00a0<em>N. minutum\u00a0<\/em>germinadas\u00a0<em>in vitro<\/em>\u00a0em meio de cultura Murashige &amp; Skoog (1962) com a metade da concentra\u00e7\u00e3o dos macronutrientes foram transferidas para c\u00e2maras de germina\u00e7\u00e3o nas temperaturas de 5\u00baC, 10\u00baC, 15\u00baC, 20\u00baC e 25\u00baC. Ap\u00f3s tr\u00eas (T3) e seis meses (T6) foram avaliados par\u00e2metros biom\u00e9tricos, anat\u00f4micos, pigmentos fotossint\u00e9ticos e conte\u00fado de carboidratos das plantas mantidas\u00a0<em>in vitro.\u00a0<\/em>Posteriormente foi acompanhado o crescimento durante a aclimatiza\u00e7\u00e3o. As plantas mantidas a 5\u00b0C n\u00e3o sobreviveram e houve uma redu\u00e7\u00e3o do crescimento nas plantas cultivadas a 10 e 15\u00b0C, sendo que estas plantas apresentaram maior espessura do par\u00eanquima aqu\u00edfero e ac\u00famulo de carboidratos, menor conte\u00fado de clorofila e colora\u00e7\u00e3o verde clara nas folhas, em rela\u00e7\u00e3o \u00e0quelas mantidas a 25\u00b0C. Em T6, o teor de clorofilas das plantas crescidas a 15\u00b0C atingiu valores iguais aos daquelas mantidas a 25\u00b0C. Foi poss\u00edvel aclimatizar as plantas provenientes de todos os tratamentos t\u00e9rmicos. Entretanto, aquelas oriundas de 10\u00b0C apresentaram taxas de sobreviv\u00eancia menores que as demais. Para a forma\u00e7\u00e3o de uma cole\u00e7\u00e3o\u00a0<em>in vitro\u00a0<\/em>de crescimento lento dessa esp\u00e9cie a temperatura ideal foi de 15\u00b0C, pois houve a redu\u00e7\u00e3o do crescimento e a sobreviv\u00eancia durante a aclimatiza\u00e7\u00e3o. As plantas obtidas por esse m\u00e9todo podem ser utilizadas para o repovoamento ou disponibilizadas para o mercado de plantas ornamentais, reduzindo, indiretamente, a procura por exemplares na natureza.<\/p>\n<p style=\"text-align: justify\"><strong>Palavras-chave:\u00a0<\/strong>Bromeliaceae, cole\u00e7\u00e3o\u00a0<em>in vitro\u00a0<\/em>de crescimento lento, condi\u00e7\u00f5es\u00a0<em>ex vitro<\/em>, pectinas, par\u00eanquima aqu\u00edfero, clorofila.<\/p>\n<div id=\"attachment_551\" style=\"width: 235px\" class=\"wp-caption aligncenter\"><a href=\"https:\/\/smastr16.blob.core.windows.net\/pgibt\/2013\/09\/Camila_Pereira1.jpg\"><img aria-describedby=\"caption-attachment-551\" decoding=\"async\" loading=\"lazy\" class=\"size-full wp-image-551\" alt=\"Influ\u00eancias de baixas temperaturas no crescimento, conte\u00fado de carboidratos e aclimatiza\u00e7\u00e3o da  brom\u00e9lia end\u00eamica Nidularium minutum Mez. cultivada in vitro \" src=\"https:\/\/smastr16.blob.core.windows.net\/pgibt\/2013\/09\/Camila_Pereira1.jpg\" width=\"225\" height=\"237\" \/><\/a><p id=\"caption-attachment-551\" class=\"wp-caption-text\">Influ\u00eancias de baixas temperaturas no crescimento, conte\u00fado de carboidratos e aclimatiza\u00e7\u00e3o da<br \/>brom\u00e9lia end\u00eamica <em>Nidularium minutum<\/em> Mez. cultivada in vitro<\/p><\/div>\n<hr align=\"center\" noshade=\"noshade\" size=\"1\" width=\"100%\" \/>\n<p style=\"text-align: center\"><a href=\"https:\/\/smastr16.blob.core.windows.net\/pgibt\/2013\/09\/pdf_grande.gif\"><img decoding=\"async\" loading=\"lazy\" class=\"aligncenter size-full wp-image-2313\" style=\"border: 0px\" alt=\"pdf_grande\" src=\"https:\/\/smastr16.blob.core.windows.net\/pgibt\/2013\/09\/pdf_grande.gif\" width=\"60\" height=\"60\" \/><\/a><a href=\"https:\/\/smastr16.blob.core.windows.net\/pgibt\/2013\/09\/Camila_Pereira_de_Carvalho_MS.pdf\" target=\"_blank\">Influ\u00eancias de baixas temperaturas no crescimento, conte\u00fado de carboidratos e aclimatiza\u00e7\u00e3o da brom\u00e9lia end\u00eamica<br \/>\n<em>Nidularium minutum<\/em> Mez. cultivada in vitro<\/a><\/p>\n<hr align=\"center\" noshade=\"noshade\" size=\"1\" width=\"100%\" \/>\n<p style=\"text-align: center\"><strong>\u00a0<a href=\"https:\/\/www.infraestruturameioambiente.sp.gov.br\/pgibt\/dissertacoesteses\/\">VOLTAR AS DISSERTA\u00c7\u00d5ES E TESES<\/a><\/strong><\/p>\n<hr align=\"center\" noshade=\"noshade\" size=\"1\" width=\"100%\" \/>\n","protected":false},"excerpt":{"rendered":"<p>Camila Pereira de Carvalho No dia 26 de setembro de 2012, Camila Pereira de Carvalho, aluna de P\u00f3s-gradua\u00e7\u00e3o do Instituto de Bot\u00e2nica da Secretaria\u00a0do Meio Ambiente do Estado de S\u00e3o Paulo, bolsista do CNPq, sob orienta\u00e7\u00e3o da\u00a0Dra. Catarina Carvalho Nievola, defendeu sua disserta\u00e7\u00e3o de Mestrado intitulada: \u201cInflu\u00eancias de baixas temperaturas no crescimento, conte\u00fado de carboidratos [&hellip;]<\/p>\n","protected":false},"author":1,"featured_media":0,"parent":249,"menu_order":0,"comment_status":"closed","ping_status":"closed","template":"fullpage.php","meta":[],"_links":{"self":[{"href":"https:\/\/www.infraestruturameioambiente.sp.gov.br\/pgibt\/wp-json\/wp\/v2\/pages\/547"}],"collection":[{"href":"https:\/\/www.infraestruturameioambiente.sp.gov.br\/pgibt\/wp-json\/wp\/v2\/pages"}],"about":[{"href":"https:\/\/www.infraestruturameioambiente.sp.gov.br\/pgibt\/wp-json\/wp\/v2\/types\/page"}],"author":[{"embeddable":true,"href":"https:\/\/www.infraestruturameioambiente.sp.gov.br\/pgibt\/wp-json\/wp\/v2\/users\/1"}],"replies":[{"embeddable":true,"href":"https:\/\/www.infraestruturameioambiente.sp.gov.br\/pgibt\/wp-json\/wp\/v2\/comments?post=547"}],"version-history":[{"count":0,"href":"https:\/\/www.infraestruturameioambiente.sp.gov.br\/pgibt\/wp-json\/wp\/v2\/pages\/547\/revisions"}],"up":[{"embeddable":true,"href":"https:\/\/www.infraestruturameioambiente.sp.gov.br\/pgibt\/wp-json\/wp\/v2\/pages\/249"}],"wp:attachment":[{"href":"https:\/\/www.infraestruturameioambiente.sp.gov.br\/pgibt\/wp-json\/wp\/v2\/media?parent=547"}],"curies":[{"name":"wp","href":"https:\/\/api.w.org\/{rel}","templated":true}]}}