{"id":5467,"date":"2017-02-16T11:46:23","date_gmt":"2017-02-16T13:46:23","guid":{"rendered":"https:\/\/www.infraestruturameioambiente.sp.gov.br\/pgibt\/?page_id=5467"},"modified":"2018-04-25T12:08:52","modified_gmt":"2018-04-25T15:08:52","slug":"2016-danilo-reis-goncalves-ms","status":"publish","type":"page","link":"https:\/\/www.infraestruturameioambiente.sp.gov.br\/pgibt\/dissertacoesteses\/2016-danilo-reis-goncalves-ms\/","title":{"rendered":"Danilo Reis Gon\u00e7alves MS"},"content":{"rendered":"<h2 style=\"text-align: center\"><a href=\"https:\/\/smastr16.blob.core.windows.net\/pgibt\/2015\/02\/faixapos6.jpg\"><img decoding=\"async\" loading=\"lazy\" class=\"aligncenter size-full wp-image-3777\" style=\"border: 0px\" src=\"https:\/\/smastr16.blob.core.windows.net\/pgibt\/2015\/02\/faixapos6.jpg\" alt=\"faixapos6\" width=\"950\" height=\"163\" srcset=\"https:\/\/smastr16.blob.core.windows.net\/pgibt\/2015\/02\/faixapos6.jpg 950w, https:\/\/smastr16.blob.core.windows.net\/pgibt\/2015\/02\/faixapos6-768x131.jpg 768w\" sizes=\"(max-width: 950px) 100vw, 950px\" \/><\/a><\/h2>\n<hr align=\"center\" noshade=\"noshade\" size=\"1\" width=\"100%\" \/>\n<h2 style=\"text-align: center\">Danilo Reis Gon\u00e7alves<\/h2>\n<hr align=\"center\" noshade=\"noshade\" size=\"1\" width=\"100%\" \/>\n<p style=\"text-align: center\"><a href=\"https:\/\/smastr16.blob.core.windows.net\/pgibt\/2017\/02\/imagem-danilo.jpg\"><img decoding=\"async\" loading=\"lazy\" class=\"alignnone wp-image-5469\" src=\"https:\/\/smastr16.blob.core.windows.net\/pgibt\/2017\/02\/imagem-danilo-1024x720.jpg\" alt=\"\" width=\"400\" height=\"225\" srcset=\"https:\/\/smastr16.blob.core.windows.net\/pgibt\/2017\/02\/imagem-danilo-768x431.jpg 768w, https:\/\/smastr16.blob.core.windows.net\/pgibt\/2017\/02\/imagem-danilo.jpg 1280w\" sizes=\"(max-width: 400px) 100vw, 400px\" \/><\/a><\/p>\n<p style=\"text-align: center\">Em 29 de mar\u00e7o de 2016, no anfiteatro do Instituto de Bot\u00e2nica (IBt), o aluno de Mestrado do Programa de P\u00f3s-Gradua\u00e7\u00e3o em Biodiversidade Vegetal e Meio Ambiente Danilo Reis Gon\u00e7alves (Bolsista FAPESP), defendeu a sua disserta\u00e7\u00e3o intitulada \u201cLevantamento de esp\u00e9cies de <em>Pythium sensu lato<\/em> de sistemas hidrop\u00f4nicos da regi\u00e3o metropolitana de S\u00e3o Paulo\u201d. A banca examinadora foi composta pela Dra. Carmen Lidia Amorim Pires-Zottarelli (orientadora\/IBt), Dra. Fl\u00e1via Rodrigues Alves Patr\u00edcio (IB-SP) e Dr. Matheus Aparecido Pereira Cipriano (UNIFESP).<\/p>\n<hr align=\"center\" noshade=\"noshade\" size=\"1\" width=\"100%\" \/>\n<h3 style=\"text-align: center\">Levantamento de esp\u00e9cies de <em>Pythium sensu lato<\/em> de sistemas hidrop\u00f4nicos da regi\u00e3o metropolitana de S\u00e3o Paulo<\/h3>\n<hr align=\"center\" noshade=\"noshade\" size=\"1\" width=\"100%\" \/>\n<h4 style=\"text-align: center\"><strong>ABSTRACT<\/strong><\/h4>\n<p style=\"text-align: justify\"><em>Pythium sensu lato <\/em>is considered of great importance due the potential of many species as plant pathogens in hydroponics crops. Considering the economic importance of hydroponics production for S\u00e3o Paulo metropolitan region, studies that contributes to the development of this sector become essential nowadays. From March\/2014 to March\/2015, different samples (water from artesian\/semi-artesian well, nutrient solution, substrate and crops roots) were collected in hydroponic systems localized at the S\u00e3o Paulo metropolitan region and cities nearby. At the laboratory, the samples in triplicate of substrate (5 g), water from artesian and semi-artesian well and nutrient solution (30 mL) were baited with <em>Sorghum<\/em> sp. seeds and onion skins (<em>Allium cepa<\/em>). In the case of the crops collected, five roots fragments were cut and placed in CMA (cornmeal \u00e1gar) culture medium with the antibiotics nystatin, ampicillin, rifampicin and miconazole. After 3-4 days of incubation, the specimens obtained were purified and identified through the morphology and sequencing of the ITS rDNA and COI mDNA regions. It was possible to isolate specimens of <em>Pythium sensu lato<\/em> from all type of samples collected, being the majority of the isolates from roots of hydroponic crops and nutrient solution. Six species of <em>Pythium<\/em> (<em>P. kashmirense, P. middletonii, P. oopapillum<\/em>, <em>P. periplocum<\/em>, <em>P. segnitium <\/em>and <em>Pythium<\/em> sp.1) and two species of <em>Phytopythium <\/em>(<em>Py. helicoides<\/em> e <em>Py. vexans<\/em>), besides the isolates of <em>Pythium<\/em> from Group F and others oomycetes (<em>Achlya hypogyna<\/em>, <em>Saprolegnia ferax<\/em> and <em>S. semihypogyna<\/em>) were obtained. The <em>in vitro<\/em> pathogenicity of some species were tested showing that <em>P. periplocum<\/em> and <em>Py. helicoides<\/em> can cause death of hydroponics crops seedlings. From all farms visited, the most produced crops are <em>Lactuca sativa<\/em>, <em>Eruca sativa<\/em> and <em>Lepidium sativum<\/em>. Also, 96% of the growers reported that losses in the production caused by <em>Pythium s. l.<\/em> have occurred, mainly during the warm seasons. It was concluded that avoiding the entrance of <em>Pythium<\/em> spp. in the systems is essential to prevent future outbreaks in the production, being the producers responsible to use substrates and water of good quality.<br \/>\n<strong>Keywords:<\/strong> hydroponics, Oomycota, taxonomy<\/p>\n<h4 style=\"text-align: center\"><strong>RESUMO<\/strong><\/h4>\n<p style=\"text-align: justify\"><em>Pythium sensu lato <\/em>\u00e9 considerado de grande import\u00e2ncia devido ao potencial paras\u00edtico de muitas de suas esp\u00e9cies em cultivos hidrop\u00f4nicos. Devido a import\u00e2ncia econ\u00f4mica da hidroponia para a regi\u00e3o metropolitana de S\u00e3o Paulo, estudos que contribuam para o desenvolvimento deste setor s\u00e3o fundamentais. Em vista disto, de mar\u00e7o\/2014 a mar\u00e7o\/2015, foram realizadas coletas de diferentes amostras (\u00e1gua de po\u00e7o artesiano\/semi-artesiano, solu\u00e7\u00e3o nutritiva, substrato e ra\u00edzes de hortali\u00e7as) em sistemas hidrop\u00f4nicos localizados na regi\u00e3o metropolitana de S\u00e3o Paulo e cidades vizinhas. No laborat\u00f3rio, as amostras, em triplicata, de substrato (5g), \u00e1gua de po\u00e7o artesiano\/semi-artesiano e solu\u00e7\u00e3o nutritiva (30 mL) foram iscadas com sementes de <em>Sorghum<\/em> sp. e epiderme de <em>Allium cepa<\/em> (cebola). No caso das hortali\u00e7as, cinco fragmentos de ra\u00edzes foram cortados e depositados em meio de cultura CMA (\u201ccornmeal\u201d \u00e1gar) acrescido dos antibi\u00f3ticos nistatina, ampicilina, rifampicina e miconazol. Ap\u00f3s a incuba\u00e7\u00e3o por 3-4 dias, os esp\u00e9cimes obtidos foram purificados e identificados morfologicamente e molecularmente por meio do sequenciamento das regi\u00f5es ITS do rDNA e COI do mDNA. Foi poss\u00edvel isolar esp\u00e9cimes de <em>Pythium sensu lato<\/em> de todos os tipos de amostras coletadas, sendo a maioria destes provenientes de amostras de ra\u00edzes de hortali\u00e7as e solu\u00e7\u00e3o nutritiva. Seis esp\u00e9cies de <em>Pythium <\/em>(<em>P. kashmirense, P. middletonii, P. oopapillum<\/em>, <em>P. periplocum<\/em>, <em>P. segnitium <\/em>e <em>Pythium<\/em> sp.1) e duas esp\u00e9cies de <em>Phytopythium <\/em>(<em>Py. helicoides<\/em> e <em>Py. vexans<\/em>), foram identificadas, al\u00e9m de isolados de <em>Pythium<\/em> pertencentes ao Grupo F, bem como outros oomicetos (<em>Achlya hypogyna<\/em>,<em> Saprolegnia ferax<\/em> e <em>S. semihypogyna<\/em>). A patogenicidade <em>in vitro<\/em> de cinco esp\u00e9cies foi testada demonstrando que <em>P. periplocum<\/em> e <em>Py. helicoides<\/em>, isolados de substratos, podem causar morte de pl\u00e2ntulas de hortali\u00e7as hidrop\u00f4nicas. De todas as propriedades visitadas foi constatado que as culturas mais produzidas s\u00e3o a alface (<em>Lactuca sativa), <\/em>r\u00facula (<em>Eruca sativa<\/em>) e agri\u00e3o (<em>Lepidium sativum<\/em>). Al\u00e9m disso, 96% dos produtores visitados relataram que j\u00e1 tiveram perdas na produ\u00e7\u00e3o causadas por <em>Pythium s. l.,<\/em> principalmente nas \u00e9pocas mais quentes do ano. Pode-se concluir que a preven\u00e7\u00e3o da entrada de <em>Pythium<\/em> spp. nos sistemas hidrop\u00f4nicos \u00e9 fundamental para evitar futuros surtos de podrid\u00e3o de raiz, devendo o produtor se atentar \u00e0 qualidade do substrato utilizado na produ\u00e7\u00e3o das mudas e \u00e0 \u00e1gua utilizada para abastecimento dos sistemas.<br \/>\n<strong>Palavras-chave:<\/strong> hidroponia, Oomycota, taxonomia<\/p>\n<hr align=\"center\" noshade=\"noshade\" size=\"1\" width=\"100%\" \/>\n<p style=\"text-align: center\"><a href=\"https:\/\/smastr16.blob.core.windows.net\/pgibt\/2017\/02\/danilo_goncalves_ms2016.pdf\"><img decoding=\"async\" loading=\"lazy\" class=\"aligncenter\" src=\"https:\/\/smastr16.blob.core.windows.net\/pgibt\/2013\/09\/pdf_grande.gif\" alt=\"pdf_grande\" width=\"60\" height=\"60\" \/><\/a><a href=\"https:\/\/smastr16.blob.core.windows.net\/pgibt\/2017\/02\/danilo_goncalves_ms2016.pdf\">Danilo Reis Gon\u00e7alves<br \/>\nLevantamento de esp\u00e9cies de <em>Pythium sensu lato<\/em> de sistemas hidrop\u00f4nicos da regi\u00e3o metropolitana de S\u00e3o Paulo<\/a><\/p>\n<hr align=\"center\" noshade=\"noshade\" size=\"1\" width=\"100%\" \/>\n<p style=\"text-align: center\"><strong> <a href=\"https:\/\/www.infraestruturameioambiente.sp.gov.br\/pgibt\/dissertacoesteses\/\">VOLTAR AS DISSERTA\u00c7\u00d5ES E TESES<\/a><\/strong><\/p>\n<hr align=\"center\" noshade=\"noshade\" size=\"1\" width=\"100%\" \/>\n","protected":false},"excerpt":{"rendered":"<p>Danilo Reis Gon\u00e7alves Em 29 de mar\u00e7o de 2016, no anfiteatro do Instituto de Bot\u00e2nica (IBt), o aluno de Mestrado do Programa de P\u00f3s-Gradua\u00e7\u00e3o em Biodiversidade Vegetal e Meio Ambiente Danilo Reis Gon\u00e7alves (Bolsista FAPESP), defendeu a sua disserta\u00e7\u00e3o intitulada \u201cLevantamento de esp\u00e9cies de Pythium sensu lato de sistemas hidrop\u00f4nicos da regi\u00e3o metropolitana de S\u00e3o [&hellip;]<\/p>\n","protected":false},"author":63,"featured_media":0,"parent":249,"menu_order":0,"comment_status":"closed","ping_status":"closed","template":"","meta":[],"_links":{"self":[{"href":"https:\/\/www.infraestruturameioambiente.sp.gov.br\/pgibt\/wp-json\/wp\/v2\/pages\/5467"}],"collection":[{"href":"https:\/\/www.infraestruturameioambiente.sp.gov.br\/pgibt\/wp-json\/wp\/v2\/pages"}],"about":[{"href":"https:\/\/www.infraestruturameioambiente.sp.gov.br\/pgibt\/wp-json\/wp\/v2\/types\/page"}],"author":[{"embeddable":true,"href":"https:\/\/www.infraestruturameioambiente.sp.gov.br\/pgibt\/wp-json\/wp\/v2\/users\/63"}],"replies":[{"embeddable":true,"href":"https:\/\/www.infraestruturameioambiente.sp.gov.br\/pgibt\/wp-json\/wp\/v2\/comments?post=5467"}],"version-history":[{"count":2,"href":"https:\/\/www.infraestruturameioambiente.sp.gov.br\/pgibt\/wp-json\/wp\/v2\/pages\/5467\/revisions"}],"predecessor-version":[{"id":6390,"href":"https:\/\/www.infraestruturameioambiente.sp.gov.br\/pgibt\/wp-json\/wp\/v2\/pages\/5467\/revisions\/6390"}],"up":[{"embeddable":true,"href":"https:\/\/www.infraestruturameioambiente.sp.gov.br\/pgibt\/wp-json\/wp\/v2\/pages\/249"}],"wp:attachment":[{"href":"https:\/\/www.infraestruturameioambiente.sp.gov.br\/pgibt\/wp-json\/wp\/v2\/media?parent=5467"}],"curies":[{"name":"wp","href":"https:\/\/api.w.org\/{rel}","templated":true}]}}