{"id":535,"date":"2013-09-16T11:06:24","date_gmt":"2013-09-16T14:06:24","guid":{"rendered":"https:\/\/www.infraestruturameioambiente.sp.gov.br\/pgibt\/?page_id=535"},"modified":"2017-02-20T10:46:48","modified_gmt":"2017-02-20T13:46:48","slug":"2005-karin-ferraz","status":"publish","type":"page","link":"https:\/\/www.infraestruturameioambiente.sp.gov.br\/pgibt\/dissertacoesteses\/2005-karin-ferraz\/","title":{"rendered":"Karin Ferraz Biesemeyer MS"},"content":{"rendered":"<h2 style=\"text-align: center;\"><a href=\"https:\/\/smastr16.blob.core.windows.net\/pgibt\/2015\/02\/faixapos6.jpg\"><img decoding=\"async\" loading=\"lazy\" class=\"aligncenter size-full wp-image-3777\" style=\"border: 0px;\" src=\"https:\/\/smastr16.blob.core.windows.net\/pgibt\/2015\/02\/faixapos6.jpg\" alt=\"faixapos6\" width=\"950\" height=\"163\" srcset=\"https:\/\/smastr16.blob.core.windows.net\/pgibt\/2015\/02\/faixapos6.jpg 950w, https:\/\/smastr16.blob.core.windows.net\/pgibt\/2015\/02\/faixapos6-768x131.jpg 768w\" sizes=\"(max-width: 950px) 100vw, 950px\" \/><\/a><\/h2>\n<hr align=\"center\" noshade=\"noshade\" size=\"1\" width=\"100%\" \/>\n<h2 style=\"text-align: center;\">Karin Ferraz Biesemeyer<\/h2>\n<hr align=\"center\" noshade=\"noshade\" size=\"1\" width=\"100%\" \/>\n<p style=\"text-align: center;\">Dia 4 de julho de 2005, a aluna Karin Ferraz Biesemeyer defendeu a disserta\u00e7\u00e3o de mestrado intitulada<br \/>\n&#8220;Varia\u00e7\u00e3o nictemeral da estrutura e din\u00e2mica da comunidade fitoplanct\u00f4nica em fun\u00e7\u00e3o da temperatura da \u00e1gua nas \u00e9pocas de seca e chuva em reservat\u00f3rio urbano raso mesotr\u00f3fico (Lago das Ninf\u00e9ias), Parque Estadual das Fontes do Ipiranga, S\u00e3o Paulo&#8221;<br \/>\ncom orienta\u00e7\u00e3o do pesquisador do instituto Dr. Carlos Eduardo de Mattos Bicudo.\u00a0A banca foi composta pelos pesquisadores:<br \/>\nDra Andr\u00e9a Tucci, Sec\u00e7\u00e3o Ficologia IBt\/SP, Dr. Carlos Eduardo de Mattos Bicudo da Se\u00e7\u00e3o de Ecologia IBt\/SP e<br \/>\nProf. Dr. Raul Henry, da Universidade Estadual Paulista (Unesp) de Botucatu\/SP.<\/p>\n<h2><a href=\"https:\/\/smastr16.blob.core.windows.net\/pgibt\/2013\/09\/karin2.jpg\"><img decoding=\"async\" loading=\"lazy\" class=\"aligncenter\" src=\"https:\/\/smastr16.blob.core.windows.net\/pgibt\/2013\/09\/karin2.jpg\" alt=\"\" width=\"284\" height=\"217\" \/><\/a><\/h2>\n<hr align=\"center\" noshade=\"noshade\" size=\"1\" width=\"100%\" \/>\n<h3 style=\"text-align: center;\"><strong>Varia\u00e7\u00e3o nictemeral da estrutura e din\u00e2mica da comunidade fitoplanct\u00f4nica em fun\u00e7\u00e3o da\u00a0temperatura da \u00e1gua nas \u00e9pocas de seca e chuva em reservat\u00f3rio urbano raso mesotr\u00f3fico\u00a0(Lago das Ninf\u00e9ias),<br \/>\nParque Estadual das Fontes do Ipiranga, S\u00e3o Paulo<\/strong><\/h3>\n<hr align=\"center\" noshade=\"noshade\" size=\"1\" width=\"100%\" \/>\n<h4 style=\"text-align: center;\"><strong>RESUMO<\/strong><\/h4>\n<p style=\"text-align: justify;\">Lago das Ninf\u00e9ias est\u00e1 situado no interior do Parque Estadual das Fontes do Ipiranga (PEFI) e se caracteriza por ser raso, mesotr\u00f3fico e densamente povoado por macr\u00f3fitas aqu\u00e1ticas enraizadas. O trabalho pretendeu entender as intera\u00e7\u00f5es entre o perfil t\u00e9rmico da coluna d&#8217;\u00e1gua e suas caracter\u00edsticas f\u00edsicas, qu\u00edmicas e biol\u00f3gicas num per\u00edodo de 24 horas nas esta\u00e7\u00f5es mais marcantes da regi\u00e3o (seca e chuva). As amostras foram coletadas a cada tr\u00eas horas, come\u00e7ando \u00e0s 7 h de um dia e terminando \u00e0s 7 h do dia seguinte. Antes de cada coleta, foi identificado o perfil t\u00e9rmico da coluna d&#8217;\u00e1gua para determinar as profundidades de amostragem sendo elas: camada superior (<em>epil\u00edmnio<\/em>), camada m\u00e9dia (<em>metal\u00edmnio<\/em>) e camada inferior (<em>hipol\u00edmnio<\/em>). As caracter\u00edsticas f\u00edsicas e qu\u00edmicas analisadas foram: perfil \u00f3ptico, perfil t\u00e9rmico, condutividade, pH, g\u00e1s carb\u00f4nico, bicarbonato, formas de nitrog\u00eanio, f\u00f3sforo e ortossilicato. Al\u00e9m de aspectos qualitativos e quantitativos da comunidade fitoplanct\u00f4nica. No primeiro cap\u00edtulo da disserta\u00e7\u00e3o. Os resultados foram divididos e dois cap\u00edtulos que seguem abaixo:<\/p>\n<p style=\"text-align: justify;\">O primeiro tratou da varia\u00e7\u00e3o vertical e nictemeral das caracter\u00edsticas abi\u00f3ticas com detalhamento do comportamento t\u00e9rmico nos dois per\u00edodos estudados. A estratifica\u00e7\u00f5es t\u00e9rmicas ocorreram nos nas duas esta\u00e7\u00f5es e duraram as 24 horas analisadas. No per\u00edodo seco observou-se delimita\u00e7\u00e3o dos estratos\u00a0<em>epil\u00edmnio, metal\u00edmnio<\/em>\u00a0e\u00a0<em>hipol\u00edmnio<\/em>. No per\u00edodo chuvoso n\u00e3o foi verificado o estrato hipol\u00edmnio. Estratifica\u00e7\u00f5es t\u00e9rmicas superficiais e tempor\u00e1rias ocorreram nos hor\u00e1rios mais quentes do dia e a profundidade da zona de mistura variou entre 0,10 m e 1 m. Estratifica\u00e7\u00f5es qu\u00edmicas foram verificadas no per\u00edodo chuvoso com elevados teores de nutrientes no fundo e elevados teores de OD na superf\u00edcie, al\u00e9m disso, neste per\u00edodo ocorreu anoxia no fundo do reservat\u00f3rio.<\/p>\n<p style=\"text-align: justify;\">O segundo cap\u00edtulo tratou da varia\u00e7\u00e3o nictemeral e vertical da estrutura da comunidade fitoplanct\u00f4nica e clorofila a. A densidade fitoplanct\u00f4nica no per\u00edodo seco foi mais elevada do que no chuvoso, por\u00e9m, a riqueza maior de esp\u00e9cies foi verificada no per\u00edodo chuvoso. As esp\u00e9cies Mallomonas sp, Dinobyon bavaricum var. bavaricum e, Chrysochromulina cf. breviturrita representaram aproximadamente 60% da densidade total no per\u00edodo seco. As esp\u00e9cies nanoplanct\u00f4nicas e flageladas foram numerosas e ocorreram em maior densidade nos dois per\u00edodos. A an\u00e1lise de ordena\u00e7\u00e3o de Correspond\u00eancia Can\u00f4nica (ACC) mostrou que a temperatura da \u00e1gua foi a vari\u00e1vel de maior peso na ordena\u00e7\u00e3o das unidades amostrais que as separou em dois per\u00edodos. Ao longo de 24 horas nos per\u00edodos seco e chuvoso a coluna d&#8217;\u00e1gua esteve estratificada termicamente. Entretanto, a influ\u00eancia da estratifica\u00e7\u00e3o foi diferente entre per\u00edodos. No per\u00edodo seco ocorreu estratifica\u00e7\u00e3o apenas de oxig\u00eanio dissolvido e no chuvoso, estratifica\u00e7\u00e3o tamb\u00e9m dos nutrientes. Conseq\u00fcentemente, apenas no per\u00edodo chuvoso ocorreu distribui\u00e7\u00e3o vertical heterog\u00eanea do fitopl\u00e2ncton, especificamente de cinco esp\u00e9cies:\u00a0<em>Aphanocapsa elachista, Chlorella vulgaris, Cryptomonas erosa\u00a0<\/em>e<em>\u00a0Spiniferomonas sp<\/em>\u00a0associadas aos baixos teores de NT e CO2, que ocorreram nas unidades amostrais da superf\u00edcie e\u00a0<em>Hormotilopsis sp<\/em>. com as unidades amostrais do fundo associada com os elevados teores de NT e CO2.<\/p>\n<p style=\"text-align: justify;\">Em suma, ao longo de 24 horas nos per\u00edodos seco e chuvoso a coluna d&#8217;\u00e1gua esteve estratificada termicamente. Entretanto, a influ\u00eancia da estratifica\u00e7\u00e3o foi diferente entre per\u00edodos. No per\u00edodo seco ocorreu estratifica\u00e7\u00e3o apenas de oxig\u00eanio dissolvido e no chuvoso, estratifica\u00e7\u00e3o tamb\u00e9m dos nutrientes. Conseq\u00fcentemente, apenas no per\u00edodo chuvoso ocorreu distribui\u00e7\u00e3o vertical heterog\u00eanea do fitopl\u00e2ncton.<br \/>\nAl\u00e9m disso, as escala temporal sazonal (seca e chuva), seguida pela escala espacial vertical foram mais importantes para explicar a variabilidade limnol\u00f3gica do sistema do que as varia\u00e7\u00f5es nictemerais.<\/p>\n<p style=\"text-align: center;\">\u00a0\u00a0<a href=\"https:\/\/smastr16.blob.core.windows.net\/pgibt\/2013\/09\/karin1.jpg\"><img decoding=\"async\" loading=\"lazy\" class=\"alignnone wp-image-542\" src=\"https:\/\/smastr16.blob.core.windows.net\/pgibt\/2013\/09\/karin1.jpg\" alt=\"Lago das Ninf\u00e9ias\" width=\"237\" height=\"175\" srcset=\"https:\/\/smastr16.blob.core.windows.net\/pgibt\/2013\/09\/karin1.jpg 260w, https:\/\/smastr16.blob.core.windows.net\/pgibt\/2013\/09\/karin1-768x567.jpg 768w\" sizes=\"(max-width: 237px) 100vw, 237px\" \/><\/a>\u00a0\u00a0<a href=\"https:\/\/smastr16.blob.core.windows.net\/pgibt\/2013\/09\/karin3.jpg\"><img decoding=\"async\" loading=\"lazy\" class=\"alignnone wp-image-543\" src=\"https:\/\/smastr16.blob.core.windows.net\/pgibt\/2013\/09\/karin3.jpg\" alt=\"Almo\u00e7o de comemora\u00e7\u00e3o com os estagi\u00e1rios, fam\u00edlia e componentes da banca no Jardim Bot\u00e2nico de S\u00e3o Paulo\" width=\"243\" height=\"175\" srcset=\"https:\/\/smastr16.blob.core.windows.net\/pgibt\/2013\/09\/karin3.jpg 315w, https:\/\/smastr16.blob.core.windows.net\/pgibt\/2013\/09\/karin3-768x551.jpg 768w\" sizes=\"(max-width: 243px) 100vw, 243px\" \/><\/a>\u00a0\u00a0<img decoding=\"async\" loading=\"lazy\" class=\"alignnone wp-image-540\" src=\"https:\/\/smastr16.blob.core.windows.net\/pgibt\/2013\/09\/karin4.jpg\" alt=\"Cap\u00edtulo 1: Perfil t\u00e9rmico nos per\u00edodos seco e chuvoso ao longo de 24 h oras. As varia\u00e7\u00f5es ocorreram no 1\u00ba. Metro de profundidade. Observou um perfil menos heterog\u00eaneo no per\u00edodo da manh\u00e3 e noite (c\u00edrculos vermelho) e outro mais heterog\u00eaneo \u00e0 tarde\" width=\"234\" height=\"175\" srcset=\"https:\/\/smastr16.blob.core.windows.net\/pgibt\/2013\/09\/karin4.jpg 304w, https:\/\/smastr16.blob.core.windows.net\/pgibt\/2013\/09\/karin4-768x576.jpg 768w\" sizes=\"(max-width: 234px) 100vw, 234px\" \/>\u00a0<a href=\"https:\/\/smastr16.blob.core.windows.net\/pgibt\/2013\/09\/karin5.jpg\"><img decoding=\"async\" loading=\"lazy\" class=\"alignnone wp-image-541\" src=\"https:\/\/smastr16.blob.core.windows.net\/pgibt\/2013\/09\/karin5.jpg\" alt=\"Cap\u00edlulo 2: Ordena\u00e7\u00e3o pela ACC das unidades amostrais nos per\u00edodos seco ( o ) e chuvoso ( ? ), a partir de 5 vari\u00e1veis ambientais e 24 esp\u00e9cies.Temp (temperatura), RTR (resist\u00eancia t\u00e9rmica relativa), CO2 (g\u00e1s carb\u00f4nico livre), PT (f\u00f3sforo total), NT (nitrog\u00eanio total)\" width=\"241\" height=\"175\" srcset=\"https:\/\/smastr16.blob.core.windows.net\/pgibt\/2013\/09\/karin5.jpg 463w, https:\/\/smastr16.blob.core.windows.net\/pgibt\/2013\/09\/karin5-768x555.jpg 768w\" sizes=\"(max-width: 241px) 100vw, 241px\" \/><\/a><\/p>\n<hr align=\"center\" noshade=\"noshade\" size=\"1\" width=\"100%\" \/>\n<p style=\"text-align: center;\"><a href=\"https:\/\/smastr16.blob.core.windows.net\/pgibt\/2013\/09\/pdf_grande.gif\"><img decoding=\"async\" loading=\"lazy\" class=\"aligncenter size-full wp-image-2313\" style=\"border: 0px;\" src=\"https:\/\/smastr16.blob.core.windows.net\/pgibt\/2013\/09\/pdf_grande.gif\" alt=\"pdf_grande\" width=\"60\" height=\"60\" \/><\/a><br \/>\n<a href=\"https:\/\/smastr16.blob.core.windows.net\/pgibt\/2013\/09\/Karin_Ferraz_Biesemeyer_MS.pdf\" target=\"_blank\"> Karin Ferraz Biesemeyer<br \/>\nVaria\u00e7\u00e3o nictemeral da estrutura e din\u00e2mica da comunidade fitoplanct\u00f4nica em fun\u00e7\u00e3o da temperatura da \u00e1gua nas \u00e9pocas de seca e chuva em reservat\u00f3rio urbano raso mesotr\u00f3fico (Lago das Ninf\u00e9ias), Parque Estadual das Fontes do Ipiranga, S\u00e3o Paulo<\/a><\/p>\n<hr align=\"center\" noshade=\"noshade\" size=\"1\" width=\"100%\" \/>\n<p style=\"text-align: center;\"><strong>\u00a0<a href=\"https:\/\/www.infraestruturameioambiente.sp.gov.br\/pgibt\/dissertacoesteses\/\">VOLTAR AS DISSERTA\u00c7\u00d5ES E TESES<\/a><\/strong><\/p>\n<hr align=\"center\" noshade=\"noshade\" size=\"1\" width=\"100%\" \/>\n","protected":false},"excerpt":{"rendered":"<p>Karin Ferraz Biesemeyer Dia 4 de julho de 2005, a aluna Karin Ferraz Biesemeyer defendeu a disserta\u00e7\u00e3o de mestrado intitulada &#8220;Varia\u00e7\u00e3o nictemeral da estrutura e din\u00e2mica da comunidade fitoplanct\u00f4nica em fun\u00e7\u00e3o da temperatura da \u00e1gua nas \u00e9pocas de seca e chuva em reservat\u00f3rio urbano raso mesotr\u00f3fico (Lago das Ninf\u00e9ias), Parque Estadual das Fontes do Ipiranga, [&hellip;]<\/p>\n","protected":false},"author":1,"featured_media":0,"parent":249,"menu_order":0,"comment_status":"closed","ping_status":"closed","template":"","meta":[],"_links":{"self":[{"href":"https:\/\/www.infraestruturameioambiente.sp.gov.br\/pgibt\/wp-json\/wp\/v2\/pages\/535"}],"collection":[{"href":"https:\/\/www.infraestruturameioambiente.sp.gov.br\/pgibt\/wp-json\/wp\/v2\/pages"}],"about":[{"href":"https:\/\/www.infraestruturameioambiente.sp.gov.br\/pgibt\/wp-json\/wp\/v2\/types\/page"}],"author":[{"embeddable":true,"href":"https:\/\/www.infraestruturameioambiente.sp.gov.br\/pgibt\/wp-json\/wp\/v2\/users\/1"}],"replies":[{"embeddable":true,"href":"https:\/\/www.infraestruturameioambiente.sp.gov.br\/pgibt\/wp-json\/wp\/v2\/comments?post=535"}],"version-history":[{"count":1,"href":"https:\/\/www.infraestruturameioambiente.sp.gov.br\/pgibt\/wp-json\/wp\/v2\/pages\/535\/revisions"}],"predecessor-version":[{"id":5729,"href":"https:\/\/www.infraestruturameioambiente.sp.gov.br\/pgibt\/wp-json\/wp\/v2\/pages\/535\/revisions\/5729"}],"up":[{"embeddable":true,"href":"https:\/\/www.infraestruturameioambiente.sp.gov.br\/pgibt\/wp-json\/wp\/v2\/pages\/249"}],"wp:attachment":[{"href":"https:\/\/www.infraestruturameioambiente.sp.gov.br\/pgibt\/wp-json\/wp\/v2\/media?parent=535"}],"curies":[{"name":"wp","href":"https:\/\/api.w.org\/{rel}","templated":true}]}}