{"id":527,"date":"2013-09-16T10:46:37","date_gmt":"2013-09-16T13:46:37","guid":{"rendered":"https:\/\/www.infraestruturameioambiente.sp.gov.br\/pgibt\/?page_id=527"},"modified":"2013-09-16T10:46:37","modified_gmt":"2013-09-16T13:46:37","slug":"2012-bruna-felippetti-abondanza","status":"publish","type":"page","link":"https:\/\/www.infraestruturameioambiente.sp.gov.br\/pgibt\/dissertacoesteses\/2012-bruna-felippetti-abondanza\/","title":{"rendered":"Bruna Felippetti Abondanza MS"},"content":{"rendered":"<h2 style=\"text-align: center\"><a href=\"https:\/\/smastr16.blob.core.windows.net\/pgibt\/2015\/02\/faixapos6.jpg\"><img decoding=\"async\" loading=\"lazy\" class=\"aligncenter size-full wp-image-3777\" style=\"border: 0px\" alt=\"faixapos6\" src=\"https:\/\/smastr16.blob.core.windows.net\/pgibt\/2015\/02\/faixapos6.jpg\" width=\"950\" height=\"163\" srcset=\"https:\/\/smastr16.blob.core.windows.net\/pgibt\/2015\/02\/faixapos6.jpg 950w, https:\/\/smastr16.blob.core.windows.net\/pgibt\/2015\/02\/faixapos6-768x131.jpg 768w\" sizes=\"(max-width: 950px) 100vw, 950px\" \/><\/a><\/h2>\n<hr align=\"center\" noshade=\"noshade\" size=\"1\" width=\"100%\" \/>\n<h2 style=\"text-align: center\">Bruna Felippetti Abondanza<\/h2>\n<hr align=\"center\" noshade=\"noshade\" size=\"1\" width=\"100%\" \/>\n<p style=\"text-align: center\">No dia 12 de abril de 2012, a aluna Bruna Felippetti Abondanza (bolsista CAPES\/PNADB) do\u00a0Programa de P\u00f3s Gradua\u00e7\u00e3o em Biodiversidade Vegetal e Meio Ambiente defendeu sua disserta\u00e7\u00e3o de mestrado intitulada\u00a0\u201cEstudos populacionais do complexo\u00a0<em>Aechmea coelestis<\/em>\u00a0(k.Koch) E. Morren (Bromeliaceae)\u201d.<\/p>\n<div id=\"attachment_536\" style=\"width: 419px\" class=\"wp-caption aligncenter\"><a href=\"https:\/\/smastr16.blob.core.windows.net\/pgibt\/2013\/09\/Bruna1.jpg\"><img aria-describedby=\"caption-attachment-536\" decoding=\"async\" loading=\"lazy\" class=\" wp-image-536 \" alt=\"echmea organensis Wawra A banca examinadora foi composta pela orientadora, Dra. Maria das Gra\u00e7as Lapa Wanderley (N\u00facleo de Pesquisa Curadoria do Herb\u00e1rio SP, IBt), pelo Dr. F\u00e1bio Pinheiro (N\u00facleo de Pesquisa \u2013 Orquid\u00e1rio do Estado, IBt)  e Dra. Tania Wendt (Universidade Federal do Rio de Janeiro, UFRJ) \" src=\"https:\/\/smastr16.blob.core.windows.net\/pgibt\/2013\/09\/Bruna1.jpg\" width=\"409\" height=\"303\" \/><\/a><p id=\"caption-attachment-536\" class=\"wp-caption-text\">Aechmea organensis Wawra<br \/>A banca examinadora foi composta pela orientadora, Dra. Maria das Gra\u00e7as Lapa Wanderley (N\u00facleo de Pesquisa Curadoria do Herb\u00e1rio SP, IBt), pelo Dr. F\u00e1bio Pinheiro (N\u00facleo de Pesquisa \u2013 Orquid\u00e1rio do Estado, IBt)<br \/>e Dra. Tania Wendt (Universidade Federal do Rio de Janeiro, UFRJ)<\/p><\/div>\n<hr align=\"center\" noshade=\"noshade\" size=\"1\" width=\"100%\" \/>\n<h3 style=\"text-align: center\"><strong>Estudos populacionais do complexo <em>Aechmea coelestis<\/em> (k.Koch) E. Morren (Bromeliaceae).<\/strong><\/h3>\n<hr align=\"center\" noshade=\"noshade\" size=\"1\" width=\"100%\" \/>\n<h4 style=\"text-align: center\"><strong>RESUMO<\/strong><\/h4>\n<p style=\"text-align: justify\">Bromeliaceae \u00e9 a maior fam\u00edlia exclusivamente neotropical de angiospermas com mais de 3000 esp\u00e9cies.\u00a0<em>Aechmea,<\/em>\u00a0um dos maiores g\u00eaneros da fam\u00edlia, possui cerca de 250 esp\u00e9cies distribu\u00eddas desde o M\u00e9xico at\u00e9 o sul da Argentina. No Brasil, ocorre a maior diversidade de esp\u00e9cies deste g\u00eanero.\u00a0<em>Aechmea coelestis\u00a0<\/em>(K. Koch) E. Morren \u00e9 encontrada na Floresta Atl\u00e2ntica da regi\u00e3o Sul e Sudeste do Brasil, juntamente com\u00a0<em>A. gracilis\u00a0<\/em>Lindm.e\u00a0<em>A. organensis<\/em>\u00a0Wawra. Estes t\u00e1xons se apresentam como um complexo de esp\u00e9cies de dif\u00edcil delimita\u00e7\u00e3o morfol\u00f3gica. A grande varia\u00e7\u00e3o morfol\u00f3gica, tanto inter quanto intrapopulacional observada nestes t\u00e1xons e a\u00a0sobreposi\u00e7\u00e3o de caracteres entre eles, levantaram a hip\u00f3tese que poderia se tratar de um \u00fanico t\u00e1xon com grande polimorfismo.\u00a0Dessa forma, os objetivos deste estudo s\u00e3o: 1)\u00a0descrever a varia\u00e7\u00e3o morfol\u00f3gica existente entre popula\u00e7\u00f5es das esp\u00e9cies do complexo, por meio do estudo de caracteres morfol\u00f3gicos; e 2) descrever a estrutura gen\u00e9tica das popula\u00e7\u00f5es do complexo\u00a0<em>Aechmea coelestis,\u00a0<\/em>por meio de marcadores moleculares do tipo microssat\u00e9lites nucleares. As duas abordagens se complementam, visando o melhor embasamento na delimita\u00e7\u00e3o desses t\u00e1xons.\u00a0Foram examinadas as exsicatas, incluindo observa\u00e7\u00e3o mais detalhadas de algumas caracter\u00edsticas, como tricomas, m\u00facron apical de s\u00e9palas e br\u00e1cteas e morfologia das flores. Foram realizadas medi\u00e7\u00f5es e compara\u00e7\u00f5es com a diagnose e o material tipo, quando dispon\u00edvel. A\u00a0an\u00e1lise gen\u00e9tica foi feita com sete marcadores moleculares microssat\u00e9lites (SSR) multil\u00f3cus aplicados ao n\u00edvel populacional. Os resultados dessas an\u00e1lises\u00a0revelaram alta diversidade gen\u00e9tica em todas as popula\u00e7\u00f5es analisadas (m\u00e9dia H<sub>e<\/sub>\u00a0= 0,703) e estrutura populacional moderada\/alta (F<sub>ST<\/sub>\u00a0= 0,168) em\u00a0<em>Aechmea coelestis<\/em>. Os altos \u00edndices de coeficiente de endocruzamento (F<sub>IS<\/sub>= 295) indicam que a esp\u00e9cie possui altos \u00edndices de endogamia\u00a0e\/ou subdivis\u00e3o entre as\u00a0popula\u00e7\u00f5es. N\u00e3o existem evid\u00eancias gen\u00e9ticas para a considera\u00e7\u00e3o de esp\u00e9cies distintas, j\u00e1 que foi observada baixa diferencia\u00e7\u00e3o dos grupos (5%).<em>Aechmea coelestis<\/em>\u00a0apresenta amplo polimorfismo de caracteres florais e vegetativos, o que levou os especialistas a considerarem tr\u00eas esp\u00e9cies distintas. Entretanto, com a revis\u00e3o taxon\u00f4mica deste grupo, verificou-se que se trata de uma \u00fanica esp\u00e9cie, sendo aqui propostos dois novos sin\u00f4nimos em\u00a0<em>A. coelestis<\/em>\u00a0(<em>A. gracilis<\/em>\u00a0e\u00a0<em>A. organensis<\/em>). Os dados morfol\u00f3gicos e gen\u00e9ticos corroboram o novo conceito para\u00a0<em>Aechmea coelestis.<\/em><\/p>\n<p style=\"text-align: justify\"><strong>Palavras-chave:<\/strong>\u00a0Bromeliaceae, Mata Atl\u00e2ntica, gen\u00e9tica de popula\u00e7\u00f5es, taxonomia, microssat\u00e9lites.<\/p>\n<hr align=\"center\" noshade=\"noshade\" size=\"1\" width=\"100%\" \/>\n<p style=\"text-align: center\"><a href=\"https:\/\/smastr16.blob.core.windows.net\/pgibt\/2013\/09\/pdf_grande.gif\"><img decoding=\"async\" loading=\"lazy\" class=\"aligncenter size-full wp-image-2313\" style=\"border: 0px\" alt=\"pdf_grande\" src=\"https:\/\/smastr16.blob.core.windows.net\/pgibt\/2013\/09\/pdf_grande.gif\" width=\"60\" height=\"60\" \/><\/a><a href=\"https:\/\/smastr16.blob.core.windows.net\/pgibt\/2013\/09\/Bruna_Felippetti_Abondanza_MS.pdf\">Bruna Felippetti Abondanza<br \/>\nEstudos populacionais do complexo Aechmea coelestis (k.Koch) E. Morren (Bromeliaceae).<\/a><\/p>\n<hr align=\"center\" noshade=\"noshade\" size=\"1\" width=\"100%\" \/>\n<p style=\"text-align: center\"><strong>\u00a0<a href=\"https:\/\/www.infraestruturameioambiente.sp.gov.br\/pgibt\/dissertacoesteses\/\">VOLTAR AS DISSERTA\u00c7\u00d5ES E TESES<\/a><\/strong><\/p>\n<hr align=\"center\" noshade=\"noshade\" size=\"1\" width=\"100%\" \/>\n","protected":false},"excerpt":{"rendered":"<p>Bruna Felippetti Abondanza No dia 12 de abril de 2012, a aluna Bruna Felippetti Abondanza (bolsista CAPES\/PNADB) do\u00a0Programa de P\u00f3s Gradua\u00e7\u00e3o em Biodiversidade Vegetal e Meio Ambiente defendeu sua disserta\u00e7\u00e3o de mestrado intitulada\u00a0\u201cEstudos populacionais do complexo\u00a0Aechmea coelestis\u00a0(k.Koch) E. Morren (Bromeliaceae)\u201d. Estudos populacionais do complexo Aechmea coelestis (k.Koch) E. Morren (Bromeliaceae). RESUMO Bromeliaceae \u00e9 a maior [&hellip;]<\/p>\n","protected":false},"author":1,"featured_media":0,"parent":249,"menu_order":0,"comment_status":"closed","ping_status":"closed","template":"fullpage.php","meta":[],"_links":{"self":[{"href":"https:\/\/www.infraestruturameioambiente.sp.gov.br\/pgibt\/wp-json\/wp\/v2\/pages\/527"}],"collection":[{"href":"https:\/\/www.infraestruturameioambiente.sp.gov.br\/pgibt\/wp-json\/wp\/v2\/pages"}],"about":[{"href":"https:\/\/www.infraestruturameioambiente.sp.gov.br\/pgibt\/wp-json\/wp\/v2\/types\/page"}],"author":[{"embeddable":true,"href":"https:\/\/www.infraestruturameioambiente.sp.gov.br\/pgibt\/wp-json\/wp\/v2\/users\/1"}],"replies":[{"embeddable":true,"href":"https:\/\/www.infraestruturameioambiente.sp.gov.br\/pgibt\/wp-json\/wp\/v2\/comments?post=527"}],"version-history":[{"count":0,"href":"https:\/\/www.infraestruturameioambiente.sp.gov.br\/pgibt\/wp-json\/wp\/v2\/pages\/527\/revisions"}],"up":[{"embeddable":true,"href":"https:\/\/www.infraestruturameioambiente.sp.gov.br\/pgibt\/wp-json\/wp\/v2\/pages\/249"}],"wp:attachment":[{"href":"https:\/\/www.infraestruturameioambiente.sp.gov.br\/pgibt\/wp-json\/wp\/v2\/media?parent=527"}],"curies":[{"name":"wp","href":"https:\/\/api.w.org\/{rel}","templated":true}]}}